{"id":2862,"date":"2020-08-24T07:39:03","date_gmt":"2020-08-24T06:39:03","guid":{"rendered":"https:\/\/greatpeopleinside.com\/spain\/?page_id=2862"},"modified":"2022-01-20T19:29:44","modified_gmt":"2022-01-20T18:29:44","slug":"implementacion-especializada-de-gpi","status":"publish","type":"page","link":"https:\/\/greatpeopleinside.com\/spain\/implementacion-especializada-de-gpi\/","title":{"rendered":"Implementaci\u00f3n especializada de GPI"},"content":{"rendered":"\t\t<div data-elementor-type=\"wp-page\" data-elementor-id=\"2862\" class=\"elementor elementor-2862\" data-elementor-settings=\"[]\">\n\t\t\t\t\t\t<div class=\"elementor-inner\">\n\t\t\t\t\t\t\t<div class=\"elementor-section-wrap\">\n\t\t\t\t\t\t\t<section class=\"elementor-section elementor-top-section elementor-element elementor-element-6ec7f68 elementor-section-full_width elementor-section-height-min-height elementor-section-height-default elementor-section-items-middle\" data-id=\"6ec7f68\" data-element_type=\"section\" data-settings=\"{&quot;background_background&quot;:&quot;classic&quot;}\">\n\t\t\t\t\t\t\t<div class=\"elementor-background-overlay\"><\/div>\n\t\t\t\t\t\t\t<div class=\"elementor-container elementor-column-gap-no\">\n\t\t\t\t\t\t\t<div class=\"elementor-row\">\n\t\t\t\t\t<div class=\"elementor-column elementor-col-100 elementor-top-column elementor-element elementor-element-b990e18\" data-id=\"b990e18\" data-element_type=\"column\">\n\t\t\t<div class=\"elementor-column-wrap elementor-element-populated\">\n\t\t\t\t\t\t\t<div class=\"elementor-widget-wrap\">\n\t\t\t\t\t\t<div class=\"elementor-element elementor-element-5187a10 elementor-widget elementor-widget-heading\" data-id=\"5187a10\" data-element_type=\"widget\" data-widget_type=\"heading.default\">\n\t\t\t\t<div class=\"elementor-widget-container\">\n\t\t\t<h2 class=\"elementor-heading-title elementor-size-default\">IMPLEMENTACI\u00d3N ESPECIALIZADA DE GPI<\/h2>\t\t<\/div>\n\t\t\t\t<\/div>\n\t\t\t\t\t\t<\/div>\n\t\t\t\t\t<\/div>\n\t\t<\/div>\n\t\t\t\t\t\t\t\t<\/div>\n\t\t\t\t\t<\/div>\n\t\t<\/section>\n\t\t\t\t<section class=\"elementor-section elementor-top-section elementor-element elementor-element-47b9c71 elementor-section-boxed elementor-section-height-default elementor-section-height-default\" data-id=\"47b9c71\" data-element_type=\"section\" data-settings=\"{&quot;background_background&quot;:&quot;classic&quot;}\">\n\t\t\t\t\t\t<div class=\"elementor-container elementor-column-gap-default\">\n\t\t\t\t\t\t\t<div class=\"elementor-row\">\n\t\t\t\t\t<div class=\"elementor-column elementor-col-100 elementor-top-column elementor-element elementor-element-7d20ed0\" data-id=\"7d20ed0\" data-element_type=\"column\">\n\t\t\t<div class=\"elementor-column-wrap elementor-element-populated\">\n\t\t\t\t\t\t\t<div class=\"elementor-widget-wrap\">\n\t\t\t\t\t\t<div class=\"elementor-element elementor-element-ccd6b7e elementor-widget elementor-widget-heading\" data-id=\"ccd6b7e\" data-element_type=\"widget\" data-widget_type=\"heading.default\">\n\t\t\t\t<div class=\"elementor-widget-container\">\n\t\t\t<h2 class=\"elementor-heading-title elementor-size-default\">Llevamos la gesti\u00f3n de tu Capital Humano al m\u00e1s alto nivel.<\/h2>\t\t<\/div>\n\t\t\t\t<\/div>\n\t\t\t\t<div class=\"elementor-element elementor-element-e7c688d elementor-widget elementor-widget-heading\" data-id=\"e7c688d\" data-element_type=\"widget\" data-widget_type=\"heading.default\">\n\t\t\t\t<div class=\"elementor-widget-container\">\n\t\t\t<h3 class=\"elementor-heading-title elementor-size-default\">Gesti\u00f3n de Personas 4.0<\/h3>\t\t<\/div>\n\t\t\t\t<\/div>\n\t\t\t\t\t\t<\/div>\n\t\t\t\t\t<\/div>\n\t\t<\/div>\n\t\t\t\t\t\t\t\t<\/div>\n\t\t\t\t\t<\/div>\n\t\t<\/section>\n\t\t\t\t<section class=\"elementor-section elementor-top-section elementor-element elementor-element-3a23f4d elementor-section-boxed elementor-section-height-default elementor-section-height-default\" data-id=\"3a23f4d\" data-element_type=\"section\">\n\t\t\t\t\t\t<div class=\"elementor-container elementor-column-gap-default\">\n\t\t\t\t\t\t\t<div class=\"elementor-row\">\n\t\t\t\t\t<div class=\"elementor-column elementor-col-100 elementor-top-column elementor-element elementor-element-a66be62\" data-id=\"a66be62\" data-element_type=\"column\">\n\t\t\t<div class=\"elementor-column-wrap elementor-element-populated\">\n\t\t\t\t\t\t\t<div class=\"elementor-widget-wrap\">\n\t\t\t\t\t\t<div class=\"elementor-element elementor-element-0c81172 palabra-azul elementor-widget elementor-widget-text-editor\" data-id=\"0c81172\" data-element_type=\"widget\" data-widget_type=\"text-editor.default\">\n\t\t\t\t<div class=\"elementor-widget-container\">\n\t\t\t\t\t<div class=\"elementor-text-editor elementor-clearfix\"><p>\u00bfQuieres demostrar el valor que aporta la gesti\u00f3n de personas <span class=\"palabra-azul\">en tu cuenta de resultados<\/span>?<\/p><p>\u00bfTe gustar\u00eda establecer <span class=\"palabra-azul\">procesos efectivos<\/span> basados en informaci\u00f3n objetiva y predictiva?<\/p><p>\u00bfSabes que tomar decisiones y acciones que maximicen el rendimiento de cada persona conlleva <span class=\"palabra-azul\">un fuerte impacto positivo<\/span> en los resultados de tu organizaci\u00f3n?<\/p><p>\u00bfSabes c\u00f3mo desarrollar un <span class=\"palabra-azul\">liderazgo efectivo<\/span> en tus directivos y gerentes?<\/p><p>\u00bfQuieres identificar a tus colaboradores de <span class=\"palabra-azul\">Alto Potencial<\/span>?<\/p><p>\u00bfQuieres <span class=\"palabra-azul\">desarrollar<\/span> a tus equipos y <span class=\"palabra-azul\">profesionalizarlos<\/span>?<\/p><p>\u00bfTe gustar\u00eda ser reconocida como una <span class=\"palabra-azul\">excelente Marca Empleadora<\/span>?<\/p><p>\u00bfTe interesa posicionar la gesti\u00f3n de personas en un <span class=\"palabra-azul\">nivel estrat\u00e9gico<\/span> para tu empresa?<\/p><\/div>\n\t\t\t\t<\/div>\n\t\t\t\t<\/div>\n\t\t\t\t\t\t<\/div>\n\t\t\t\t\t<\/div>\n\t\t<\/div>\n\t\t\t\t\t\t\t\t<\/div>\n\t\t\t\t\t<\/div>\n\t\t<\/section>\n\t\t\t\t<section class=\"elementor-section elementor-top-section elementor-element elementor-element-ebc543b elementor-section-boxed elementor-section-height-default elementor-section-height-default\" data-id=\"ebc543b\" data-element_type=\"section\" data-settings=\"{&quot;background_background&quot;:&quot;classic&quot;}\">\n\t\t\t\t\t\t<div class=\"elementor-container elementor-column-gap-default\">\n\t\t\t\t\t\t\t<div class=\"elementor-row\">\n\t\t\t\t\t<div class=\"elementor-column elementor-col-100 elementor-top-column elementor-element elementor-element-a08f13d\" data-id=\"a08f13d\" data-element_type=\"column\">\n\t\t\t<div class=\"elementor-column-wrap elementor-element-populated\">\n\t\t\t\t\t\t\t<div class=\"elementor-widget-wrap\">\n\t\t\t\t\t\t<div class=\"elementor-element elementor-element-649dfe5 elementor-widget elementor-widget-heading\" data-id=\"649dfe5\" data-element_type=\"widget\" data-widget_type=\"heading.default\">\n\t\t\t\t<div class=\"elementor-widget-container\">\n\t\t\t<p class=\"elementor-heading-title elementor-size-default\">Si tu respuesta es S\u00cd, te ofrecemos la soluci\u00f3n para conseguirlo.<\/p>\t\t<\/div>\n\t\t\t\t<\/div>\n\t\t\t\t<div class=\"elementor-element elementor-element-c557e13 elementor-widget elementor-widget-heading\" data-id=\"c557e13\" data-element_type=\"widget\" data-widget_type=\"heading.default\">\n\t\t\t\t<div class=\"elementor-widget-container\">\n\t\t\t<p class=\"elementor-heading-title elementor-size-default\">\u00bfC\u00d3MO?<\/p>\t\t<\/div>\n\t\t\t\t<\/div>\n\t\t\t\t\t\t<\/div>\n\t\t\t\t\t<\/div>\n\t\t<\/div>\n\t\t\t\t\t\t\t\t<\/div>\n\t\t\t\t\t<\/div>\n\t\t<\/section>\n\t\t\t\t<section class=\"elementor-section elementor-top-section elementor-element elementor-element-3ef33d1 elementor-section-height-min-height elementor-section-boxed elementor-section-height-default elementor-section-items-middle\" data-id=\"3ef33d1\" data-element_type=\"section\" data-settings=\"{&quot;background_background&quot;:&quot;classic&quot;}\">\n\t\t\t\t\t\t\t<div class=\"elementor-background-overlay\"><\/div>\n\t\t\t\t\t\t\t<div class=\"elementor-container elementor-column-gap-default\">\n\t\t\t\t\t\t\t<div class=\"elementor-row\">\n\t\t\t\t\t<div class=\"elementor-column elementor-col-100 elementor-top-column elementor-element elementor-element-f2dc841\" data-id=\"f2dc841\" data-element_type=\"column\">\n\t\t\t<div class=\"elementor-column-wrap elementor-element-populated\">\n\t\t\t\t\t\t\t<div class=\"elementor-widget-wrap\">\n\t\t\t\t\t\t<div class=\"elementor-element elementor-element-5c4fa9b elementor-widget elementor-widget-image\" data-id=\"5c4fa9b\" data-element_type=\"widget\" data-settings=\"{&quot;motion_fx_motion_fx_scrolling&quot;:&quot;yes&quot;,&quot;motion_fx_translateY_effect&quot;:&quot;yes&quot;,&quot;motion_fx_translateY_direction&quot;:&quot;negative&quot;,&quot;motion_fx_translateY_speed&quot;:{&quot;unit&quot;:&quot;px&quot;,&quot;size&quot;:1.5,&quot;sizes&quot;:[]},&quot;motion_fx_translateY_affectedRange&quot;:{&quot;unit&quot;:&quot;%&quot;,&quot;size&quot;:&quot;&quot;,&quot;sizes&quot;:{&quot;start&quot;:0,&quot;end&quot;:50}},&quot;motion_fx_devices&quot;:[&quot;desktop&quot;,&quot;tablet&quot;,&quot;mobile&quot;]}\" data-widget_type=\"image.default\">\n\t\t\t\t<div class=\"elementor-widget-container\">\n\t\t\t\t\t<div class=\"elementor-image\">\n\t\t\t\t\t\t\t\t\t\t<img width=\"424\" height=\"190\" src=\"https:\/\/greatpeopleinside.com\/spain\/wp-content\/uploads\/2019\/07\/GPI-logo-blanco-trnsp.png\"  alt=\"Great People Inside logo\" srcset=\"https:\/\/greatpeopleinside.com\/spain\/wp-content\/uploads\/2019\/07\/GPI-logo-blanco-trnsp.png 424w, https:\/\/greatpeopleinside.com\/spain\/wp-content\/uploads\/2019\/07\/GPI-logo-blanco-trnsp-300x134.png 300w\" sizes=\"(max-width: 424px) 100vw, 424px\" class=\"attachment-full size-full no-lazyload\" \/>\t\t\t\t\t\t\t\t\t\t\t<\/div>\n\t\t\t\t<\/div>\n\t\t\t\t<\/div>\n\t\t\t\t<div class=\"elementor-element elementor-element-1e4981d elementor-widget elementor-widget-heading\" data-id=\"1e4981d\" data-element_type=\"widget\" data-settings=\"{&quot;motion_fx_motion_fx_scrolling&quot;:&quot;yes&quot;,&quot;motion_fx_translateY_effect&quot;:&quot;yes&quot;,&quot;motion_fx_translateY_speed&quot;:{&quot;unit&quot;:&quot;px&quot;,&quot;size&quot;:1.5,&quot;sizes&quot;:[]},&quot;motion_fx_translateY_affectedRange&quot;:{&quot;unit&quot;:&quot;%&quot;,&quot;size&quot;:&quot;&quot;,&quot;sizes&quot;:{&quot;start&quot;:0,&quot;end&quot;:70}},&quot;motion_fx_devices&quot;:[&quot;desktop&quot;,&quot;tablet&quot;,&quot;mobile&quot;]}\" data-widget_type=\"heading.default\">\n\t\t\t\t<div class=\"elementor-widget-container\">\n\t\t\t<p class=\"elementor-heading-title elementor-size-default\">IMPLEMENTA GPI EN TUS PROCESOS DE GESTI\u00d3N DE PERSONAS.<\/p>\t\t<\/div>\n\t\t\t\t<\/div>\n\t\t\t\t\t\t<\/div>\n\t\t\t\t\t<\/div>\n\t\t<\/div>\n\t\t\t\t\t\t\t\t<\/div>\n\t\t\t\t\t<\/div>\n\t\t<\/section>\n\t\t\t\t<section class=\"elementor-section elementor-top-section elementor-element elementor-element-dea5c23 elementor-section-height-min-height elementor-section-items-stretch elementor-section-boxed elementor-section-height-default\" data-id=\"dea5c23\" data-element_type=\"section\" data-settings=\"{&quot;background_background&quot;:&quot;classic&quot;}\">\n\t\t\t\t\t\t<div class=\"elementor-container elementor-column-gap-wider\">\n\t\t\t\t\t\t\t<div class=\"elementor-row\">\n\t\t\t\t\t<div class=\"elementor-column elementor-col-50 elementor-top-column elementor-element elementor-element-2634060 animated-slow elementor-invisible\" data-id=\"2634060\" data-element_type=\"column\" data-settings=\"{&quot;background_background&quot;:&quot;classic&quot;,&quot;animation&quot;:&quot;fadeIn&quot;,&quot;animation_delay&quot;:750}\">\n\t\t\t<div class=\"elementor-column-wrap elementor-element-populated\">\n\t\t\t\t\t\t\t<div class=\"elementor-widget-wrap\">\n\t\t\t\t\t\t<div class=\"elementor-element elementor-element-68410b6 elementor-hidden-desktop elementor-hidden-tablet elementor-widget elementor-widget-spacer\" data-id=\"68410b6\" data-element_type=\"widget\" data-widget_type=\"spacer.default\">\n\t\t\t\t<div class=\"elementor-widget-container\">\n\t\t\t\t\t<div class=\"elementor-spacer\">\n\t\t\t<div class=\"elementor-spacer-inner\"><\/div>\n\t\t<\/div>\n\t\t\t\t<\/div>\n\t\t\t\t<\/div>\n\t\t\t\t\t\t<\/div>\n\t\t\t\t\t<\/div>\n\t\t<\/div>\n\t\t\t\t<div class=\"elementor-column elementor-col-50 elementor-top-column elementor-element elementor-element-3ce114d elementor-invisible\" data-id=\"3ce114d\" data-element_type=\"column\" data-settings=\"{&quot;animation&quot;:&quot;fadeIn&quot;}\">\n\t\t\t<div class=\"elementor-column-wrap elementor-element-populated\">\n\t\t\t\t\t\t\t<div class=\"elementor-widget-wrap\">\n\t\t\t\t\t\t<div class=\"elementor-element elementor-element-f8deae0 elementor-widget elementor-widget-heading\" data-id=\"f8deae0\" data-element_type=\"widget\" data-widget_type=\"heading.default\">\n\t\t\t\t<div class=\"elementor-widget-container\">\n\t\t\t<h2 class=\"elementor-heading-title elementor-size-default\">\u00bfEn qu\u00e9 consiste?<\/h2>\t\t<\/div>\n\t\t\t\t<\/div>\n\t\t\t\t<div class=\"elementor-element elementor-element-099f51f lista-imple elementor-widget elementor-widget-text-editor\" data-id=\"099f51f\" data-element_type=\"widget\" data-widget_type=\"text-editor.default\">\n\t\t\t\t<div class=\"elementor-widget-container\">\n\t\t\t\t\t<div class=\"elementor-text-editor elementor-clearfix\"><p>Te ofrecemos una soluci\u00f3n llave en mano, contrastada, ajustada a tus necesidades, eficiente en costes y con las herramientas necesarias para mejorar tus procesos y resultados desde el primer d\u00eda, obteniendo y demostrando un alto retorno de la inversi\u00f3n.<\/p><p>La implementaci\u00f3n de GPI, te permitir\u00e1:<\/p><ul><li>Analizar los puestos de tu organizaci\u00f3n, identificando de forma precisa las caracter\u00edsticas necesarias para tener un alto rendimiento en el desarrollo de las funciones asignadas.<\/li><li>Establecer el sistema de medici\u00f3n que ser\u00e1 aplicado en los procesos de selecci\u00f3n, promoci\u00f3n y desarrollo con el objetivo de tomar las decisiones y llevar acabo las acciones que catapulten los resultados.<\/li><li>Identificar las competencias y valores diferenciadoras de tu empresa para desarrollar un liderazgo alineado con las mismas, generando coherencia y consistencia.<\/li><\/ul><\/div>\n\t\t\t\t<\/div>\n\t\t\t\t<\/div>\n\t\t\t\t\t\t<\/div>\n\t\t\t\t\t<\/div>\n\t\t<\/div>\n\t\t\t\t\t\t\t\t<\/div>\n\t\t\t\t\t<\/div>\n\t\t<\/section>\n\t\t\t\t<section class=\"elementor-section elementor-top-section elementor-element elementor-element-4f5bf44 elementor-section-height-min-height elementor-section-items-stretch elementor-reverse-mobile elementor-section-boxed elementor-section-height-default\" data-id=\"4f5bf44\" data-element_type=\"section\" data-settings=\"{&quot;background_background&quot;:&quot;classic&quot;}\">\n\t\t\t\t\t\t<div class=\"elementor-container elementor-column-gap-wider\">\n\t\t\t\t\t\t\t<div class=\"elementor-row\">\n\t\t\t\t\t<div class=\"elementor-column elementor-col-50 elementor-top-column elementor-element elementor-element-b728682 animated-slow elementor-invisible\" data-id=\"b728682\" data-element_type=\"column\" data-settings=\"{&quot;animation&quot;:&quot;fadeIn&quot;,&quot;animation_delay&quot;:750}\">\n\t\t\t<div class=\"elementor-column-wrap elementor-element-populated\">\n\t\t\t\t\t\t\t<div class=\"elementor-widget-wrap\">\n\t\t\t\t\t\t<div class=\"elementor-element elementor-element-9b93cb8 elementor-widget elementor-widget-heading\" data-id=\"9b93cb8\" data-element_type=\"widget\" data-widget_type=\"heading.default\">\n\t\t\t\t<div class=\"elementor-widget-container\">\n\t\t\t<h2 class=\"elementor-heading-title elementor-size-default\">\u00bfC\u00d3MO LO HACEMOS?<\/h2>\t\t<\/div>\n\t\t\t\t<\/div>\n\t\t\t\t<div class=\"elementor-element elementor-element-da84bbe lista-imple elementor-widget elementor-widget-text-editor\" data-id=\"da84bbe\" data-element_type=\"widget\" data-widget_type=\"text-editor.default\">\n\t\t\t\t<div class=\"elementor-widget-container\">\n\t\t\t\t\t<div class=\"elementor-text-editor elementor-clearfix\"><ul><li>Creamos una Plataforma Personalizada para tu empresa.<\/li><li>Activamos un contrato de uso ilimitado.<\/li><li>Revisamos o creamos las Descripciones de Puestos de Trabajo (ADPT) de la organizaci\u00f3n y su adecuaci\u00f3n con las exigencias competenciales.<\/li><li>Reestructuramos el ADPT a la Estrategia definida y las necesidades organizaciones, para colocar a cada uno d\u00f3nde mejor se pueda desempe\u00f1ar.<\/li><li>Analizamos y establecemos los perfiles a evaluar, en cantidad y profundidad de dimensiones.<\/li><li>Creamos los perfiles comparativos y parametrizamos el rango de medici\u00f3n de las dimensiones, asegurando la correcta adecuaci\u00f3n de competencias a los puestos y perfiles.<\/li><li>Formamos al equipo de gesti\u00f3n e incorporamos nuestra plataforma y metodolog\u00eda predictiva en los procesos de gesti\u00f3n de personas.<\/li><li>Analizamos resultados globales y brindamos ratios e indicadores por perfil, para reflexionar sobre acciones a implementar<\/li><\/ul><\/div>\n\t\t\t\t<\/div>\n\t\t\t\t<\/div>\n\t\t\t\t\t\t<\/div>\n\t\t\t\t\t<\/div>\n\t\t<\/div>\n\t\t\t\t<div class=\"elementor-column elementor-col-50 elementor-top-column elementor-element elementor-element-ed403a9 animated-slow elementor-invisible\" data-id=\"ed403a9\" data-element_type=\"column\" data-settings=\"{&quot;background_background&quot;:&quot;classic&quot;,&quot;animation&quot;:&quot;fadeIn&quot;,&quot;animation_delay&quot;:750}\">\n\t\t\t<div class=\"elementor-column-wrap elementor-element-populated\">\n\t\t\t\t\t\t\t<div class=\"elementor-widget-wrap\">\n\t\t\t\t\t\t<div class=\"elementor-element elementor-element-01ad2f6 elementor-hidden-desktop elementor-hidden-tablet elementor-widget elementor-widget-spacer\" data-id=\"01ad2f6\" data-element_type=\"widget\" data-widget_type=\"spacer.default\">\n\t\t\t\t<div class=\"elementor-widget-container\">\n\t\t\t\t\t<div class=\"elementor-spacer\">\n\t\t\t<div class=\"elementor-spacer-inner\"><\/div>\n\t\t<\/div>\n\t\t\t\t<\/div>\n\t\t\t\t<\/div>\n\t\t\t\t\t\t<\/div>\n\t\t\t\t\t<\/div>\n\t\t<\/div>\n\t\t\t\t\t\t\t\t<\/div>\n\t\t\t\t\t<\/div>\n\t\t<\/section>\n\t\t\t\t<section class=\"elementor-section elementor-top-section elementor-element elementor-element-f777af1 elementor-section-height-min-height elementor-section-items-stretch elementor-section-boxed elementor-section-height-default\" data-id=\"f777af1\" data-element_type=\"section\" data-settings=\"{&quot;background_background&quot;:&quot;classic&quot;}\">\n\t\t\t\t\t\t<div class=\"elementor-container elementor-column-gap-wider\">\n\t\t\t\t\t\t\t<div class=\"elementor-row\">\n\t\t\t\t\t<div class=\"elementor-column elementor-col-50 elementor-top-column elementor-element elementor-element-fac7c35 animated-slow elementor-invisible\" data-id=\"fac7c35\" data-element_type=\"column\" data-settings=\"{&quot;background_background&quot;:&quot;classic&quot;,&quot;animation&quot;:&quot;fadeIn&quot;,&quot;animation_delay&quot;:750}\">\n\t\t\t<div class=\"elementor-column-wrap elementor-element-populated\">\n\t\t\t\t\t\t\t<div class=\"elementor-widget-wrap\">\n\t\t\t\t\t\t<div class=\"elementor-element elementor-element-58c77cb elementor-hidden-desktop elementor-hidden-tablet elementor-widget elementor-widget-spacer\" data-id=\"58c77cb\" data-element_type=\"widget\" data-widget_type=\"spacer.default\">\n\t\t\t\t<div class=\"elementor-widget-container\">\n\t\t\t\t\t<div class=\"elementor-spacer\">\n\t\t\t<div class=\"elementor-spacer-inner\"><\/div>\n\t\t<\/div>\n\t\t\t\t<\/div>\n\t\t\t\t<\/div>\n\t\t\t\t\t\t<\/div>\n\t\t\t\t\t<\/div>\n\t\t<\/div>\n\t\t\t\t<div class=\"elementor-column elementor-col-50 elementor-top-column elementor-element elementor-element-451e1ab elementor-invisible\" data-id=\"451e1ab\" data-element_type=\"column\" data-settings=\"{&quot;animation&quot;:&quot;fadeIn&quot;}\">\n\t\t\t<div class=\"elementor-column-wrap elementor-element-populated\">\n\t\t\t\t\t\t\t<div class=\"elementor-widget-wrap\">\n\t\t\t\t\t\t<div class=\"elementor-element elementor-element-d2b802c elementor-widget elementor-widget-heading\" data-id=\"d2b802c\" data-element_type=\"widget\" data-widget_type=\"heading.default\">\n\t\t\t\t<div class=\"elementor-widget-container\">\n\t\t\t<h2 class=\"elementor-heading-title elementor-size-default\">\u00bfCU\u00c1NTO DEBO INVERTIR?<\/h2>\t\t<\/div>\n\t\t\t\t<\/div>\n\t\t\t\t<div class=\"elementor-element elementor-element-82931e2 lista-imple elementor-widget elementor-widget-text-editor\" data-id=\"82931e2\" data-element_type=\"widget\" data-widget_type=\"text-editor.default\">\n\t\t\t\t<div class=\"elementor-widget-container\">\n\t\t\t\t\t<div class=\"elementor-text-editor elementor-clearfix\"><p>Buena pregunta, pero antes de responderla queremos que pienses en el coste que tiene o que podr\u00eda tener el no adaptar los procesos de gesti\u00f3n de personas ante el escenario presente y futuro.<\/p><p>Piensa en el posible coste de la fuga de talento, de tener personas con un rendimiento o motivaci\u00f3n baja, de tomar decisiones err\u00f3neas en tus selecciones y promociones.<\/p><p>\u00bfCuentas con esta informaci\u00f3n? \u00bfTe gustar\u00eda contar con ella?<\/p><p>Dependiendo del n\u00famero de empleados de tu organizaci\u00f3n, puedes implementar GPI <span class=\"palabra-azul\">desde 614 \u20ac al mes (desde 25 empleados &#8211; contrato de 12 meses).<\/span> Ten en cuenta que un solo error en selecci\u00f3n o tener una persona de bajo rendimiento te cuesta miles de euros al a\u00f1o.<\/p><\/div>\n\t\t\t\t<\/div>\n\t\t\t\t<\/div>\n\t\t\t\t<div class=\"elementor-element elementor-element-3b9e49b elementor-widget elementor-widget-heading\" data-id=\"3b9e49b\" data-element_type=\"widget\" data-widget_type=\"heading.default\">\n\t\t\t\t<div class=\"elementor-widget-container\">\n\t\t\t<p class=\"elementor-heading-title elementor-size-default\">Te aseguramos y te demostramos con cifras que la implementaci\u00f3n de GPI no te costar\u00e1 dinero, todo lo contrario, ayudar\u00e1 a tu empresa a generarlo.<\/p>\t\t<\/div>\n\t\t\t\t<\/div>\n\t\t\t\t\t\t<\/div>\n\t\t\t\t\t<\/div>\n\t\t<\/div>\n\t\t\t\t\t\t\t\t<\/div>\n\t\t\t\t\t<\/div>\n\t\t<\/section>\n\t\t\t\t<section class=\"elementor-section elementor-top-section elementor-element elementor-element-0bdf19b elementor-section-boxed elementor-section-height-default elementor-section-height-default\" data-id=\"0bdf19b\" data-element_type=\"section\" data-settings=\"{&quot;background_background&quot;:&quot;classic&quot;}\">\n\t\t\t\t\t\t<div class=\"elementor-container elementor-column-gap-default\">\n\t\t\t\t\t\t\t<div class=\"elementor-row\">\n\t\t\t\t\t<div class=\"elementor-column elementor-col-100 elementor-top-column elementor-element elementor-element-e3cf873\" data-id=\"e3cf873\" data-element_type=\"column\">\n\t\t\t<div class=\"elementor-column-wrap elementor-element-populated\">\n\t\t\t\t\t\t\t<div class=\"elementor-widget-wrap\">\n\t\t\t\t\t\t<div class=\"elementor-element elementor-element-1865efe animated-slow elementor-invisible elementor-widget elementor-widget-heading\" data-id=\"1865efe\" data-element_type=\"widget\" data-settings=\"{&quot;_animation&quot;:&quot;fadeIn&quot;,&quot;_animation_delay&quot;:750}\" data-widget_type=\"heading.default\">\n\t\t\t\t<div class=\"elementor-widget-container\">\n\t\t\t<h2 class=\"elementor-heading-title elementor-size-default\">Queremos ayudarte a transformar personas y a potenciar tu organizaci\u00f3n.<\/h2>\t\t<\/div>\n\t\t\t\t<\/div>\n\t\t\t\t<div class=\"elementor-element elementor-element-e095011 animated-slow elementor-invisible elementor-widget elementor-widget-image\" data-id=\"e095011\" data-element_type=\"widget\" data-settings=\"{&quot;_animation&quot;:&quot;fadeIn&quot;,&quot;_animation_delay&quot;:1000}\" data-widget_type=\"image.default\">\n\t\t\t\t<div class=\"elementor-widget-container\">\n\t\t\t\t\t<div class=\"elementor-image\">\n\t\t\t\t\t\t\t\t\t\t<img width=\"424\" height=\"190\" src=\"https:\/\/greatpeopleinside.com\/spain\/wp-content\/uploads\/2019\/07\/GPI-logo-blanco-trnsp.png\"  alt=\"Great People Inside logo\" srcset=\"https:\/\/greatpeopleinside.com\/spain\/wp-content\/uploads\/2019\/07\/GPI-logo-blanco-trnsp.png 424w, https:\/\/greatpeopleinside.com\/spain\/wp-content\/uploads\/2019\/07\/GPI-logo-blanco-trnsp-300x134.png 300w\" sizes=\"(max-width: 424px) 100vw, 424px\" class=\"attachment-large size-large no-lazyload\" \/>\t\t\t\t\t\t\t\t\t\t\t<\/div>\n\t\t\t\t<\/div>\n\t\t\t\t<\/div>\n\t\t\t\t\t\t<\/div>\n\t\t\t\t\t<\/div>\n\t\t<\/div>\n\t\t\t\t\t\t\t\t<\/div>\n\t\t\t\t\t<\/div>\n\t\t<\/section>\n\t\t\t\t\t\t<\/div>\n\t\t\t\t\t\t<\/div>\n\t\t\t\t\t<\/div>\n\t\t","protected":false},"excerpt":{"rendered":"<p>IMPLEMENTACI\u00d3N ESPECIALIZADA DE GPI Llevamos la gesti\u00f3n de tu Capital Humano al m\u00e1s alto nivel. Gesti\u00f3n de Personas 4.0 \u00bfQuieres demostrar el valor que aporta la gesti\u00f3n de personas en tu cuenta de resultados? \u00bfTe gustar\u00eda establecer procesos efectivos basados en informaci\u00f3n objetiva y predictiva? \u00bfSabes que tomar decisiones y acciones que maximicen el rendimiento &#8230; <a title=\"Implementaci\u00f3n especializada de GPI\" class=\"read-more\" href=\"https:\/\/greatpeopleinside.com\/spain\/implementacion-especializada-de-gpi\/\" aria-label=\"M\u00e1s en Implementaci\u00f3n especializada de GPI\">Leer m\u00e1s<\/a><\/p>\n","protected":false},"author":4,"featured_media":0,"parent":0,"menu_order":0,"comment_status":"closed","ping_status":"closed","template":"elementor_header_footer","meta":[],"_links":{"self":[{"href":"https:\/\/greatpeopleinside.com\/spain\/wp-json\/wp\/v2\/pages\/2862"}],"collection":[{"href":"https:\/\/greatpeopleinside.com\/spain\/wp-json\/wp\/v2\/pages"}],"about":[{"href":"https:\/\/greatpeopleinside.com\/spain\/wp-json\/wp\/v2\/types\/page"}],"author":[{"embeddable":true,"href":"https:\/\/greatpeopleinside.com\/spain\/wp-json\/wp\/v2\/users\/4"}],"replies":[{"embeddable":true,"href":"https:\/\/greatpeopleinside.com\/spain\/wp-json\/wp\/v2\/comments?post=2862"}],"version-history":[{"count":21,"href":"https:\/\/greatpeopleinside.com\/spain\/wp-json\/wp\/v2\/pages\/2862\/revisions"}],"predecessor-version":[{"id":3225,"href":"https:\/\/greatpeopleinside.com\/spain\/wp-json\/wp\/v2\/pages\/2862\/revisions\/3225"}],"wp:attachment":[{"href":"https:\/\/greatpeopleinside.com\/spain\/wp-json\/wp\/v2\/media?parent=2862"}],"curies":[{"name":"wp","href":"https:\/\/api.w.org\/{rel}","templated":true}]}}