{"id":1706,"date":"2019-07-02T07:57:06","date_gmt":"2019-07-02T05:57:06","guid":{"rendered":"http:\/\/gpidev.nachoespino.com\/?page_id=3"},"modified":"2020-11-28T09:11:14","modified_gmt":"2020-11-28T08:11:14","slug":"politica-privacidad","status":"publish","type":"page","link":"https:\/\/greatpeopleinside.com\/spain\/politica-privacidad\/","title":{"rendered":"Pol\u00edtica de privacidad"},"content":{"rendered":"\t\t<div data-elementor-type=\"wp-page\" data-elementor-id=\"1706\" class=\"elementor elementor-1706\" data-elementor-settings=\"[]\">\n\t\t\t\t\t\t<div class=\"elementor-inner\">\n\t\t\t\t\t\t\t<div class=\"elementor-section-wrap\">\n\t\t\t\t\t\t\t<section class=\"elementor-section elementor-top-section elementor-element elementor-element-6685b9f elementor-section-height-min-height elementor-section-items-bottom elementor-section-boxed elementor-section-height-default\" data-id=\"6685b9f\" data-element_type=\"section\" data-settings=\"{&quot;background_background&quot;:&quot;classic&quot;}\">\n\t\t\t\t\t\t<div class=\"elementor-container elementor-column-gap-default\">\n\t\t\t\t\t\t\t<div class=\"elementor-row\">\n\t\t\t\t\t<div class=\"elementor-column elementor-col-100 elementor-top-column elementor-element elementor-element-c4fa86b\" data-id=\"c4fa86b\" data-element_type=\"column\">\n\t\t\t<div class=\"elementor-column-wrap elementor-element-populated\">\n\t\t\t\t\t\t\t<div class=\"elementor-widget-wrap\">\n\t\t\t\t\t\t<div class=\"elementor-element elementor-element-a4f52cb elementor-widget elementor-widget-heading\" data-id=\"a4f52cb\" data-element_type=\"widget\" data-widget_type=\"heading.default\">\n\t\t\t\t<div class=\"elementor-widget-container\">\n\t\t\t<h2 class=\"elementor-heading-title elementor-size-default\">Pol\u00edtica de privacidad<\/h2>\t\t<\/div>\n\t\t\t\t<\/div>\n\t\t\t\t\t\t<\/div>\n\t\t\t\t\t<\/div>\n\t\t<\/div>\n\t\t\t\t\t\t\t\t<\/div>\n\t\t\t\t\t<\/div>\n\t\t<\/section>\n\t\t\t\t<section class=\"elementor-section elementor-top-section elementor-element elementor-element-e860fce elementor-section-boxed elementor-section-height-default elementor-section-height-default\" data-id=\"e860fce\" data-element_type=\"section\">\n\t\t\t\t\t\t<div class=\"elementor-container elementor-column-gap-default\">\n\t\t\t\t\t\t\t<div class=\"elementor-row\">\n\t\t\t\t\t<div class=\"elementor-column elementor-col-100 elementor-top-column elementor-element elementor-element-04d90d4\" data-id=\"04d90d4\" data-element_type=\"column\">\n\t\t\t<div class=\"elementor-column-wrap elementor-element-populated\">\n\t\t\t\t\t\t\t<div class=\"elementor-widget-wrap\">\n\t\t\t\t\t\t<div class=\"elementor-element elementor-element-2dc5f41 elementor-widget elementor-widget-spacer\" data-id=\"2dc5f41\" data-element_type=\"widget\" data-widget_type=\"spacer.default\">\n\t\t\t\t<div class=\"elementor-widget-container\">\n\t\t\t\t\t<div class=\"elementor-spacer\">\n\t\t\t<div class=\"elementor-spacer-inner\"><\/div>\n\t\t<\/div>\n\t\t\t\t<\/div>\n\t\t\t\t<\/div>\n\t\t\t\t<div class=\"elementor-element elementor-element-2db24b8 elementor-widget elementor-widget-text-editor\" data-id=\"2db24b8\" data-element_type=\"widget\" data-widget_type=\"text-editor.default\">\n\t\t\t\t<div class=\"elementor-widget-container\">\n\t\t\t\t\t<div class=\"elementor-text-editor elementor-clearfix\"><p>\u00a1Hola! Soy el aviso legal de Great People Inside S.L. Puede parecerte poco importante esto de la pol\u00edtica de privacidad, la protecci\u00f3n de datos y las cookies. Pero si le dedicas un momento ver\u00e1s que vamos a tratar muy bien tus datos personales y para qu\u00e9 los queremos cuando te los pedimos.<\/p><p>Para empezar te diremos que\u00a0<a href=\"http:\/\/www.greatpeopleinside.com\/spain\/\">www.greatpeopleinside.com\/spain\/<\/a>\u00a0\u00a0(en adelante \u201cla web\u201d) cumple con la normativa vigente en materia de privacidad y protecci\u00f3n de datos de car\u00e1cter personal seg\u00fan lo establecido por el RGPD (Reglamento UE 2016\/679 del Parlamento Europeo y del Consejo de 27 de abril de 2016 relativo a la protecci\u00f3n de las personas f\u00edsicas), la LOPD (Ley Org\u00e1nica 15\/1999, de 13 de diciembre, de Protecci\u00f3n de Datos de Car\u00e1cter Personal y Real Decreto 1720\/2007, de 21 de diciembre, el Reglamento de desarrollo de la LOPD) y la LSSI (Ley 34\/2002, de 11 de julio, de Servicios de la Sociedad de la Informaci\u00f3n y Comercio Electr\u00f3nico).<\/p><p>Por tanto, puedes tener la tranquilidad de que los datos que aportes ser\u00e1n tratados conforme a la legalidad. Eso s\u00ed, esta pol\u00edtica de privacidad podr\u00e1 verse modificada conforme a novedades legales. Por eso te recomiendo que le des un repasito de vez en cuando para asegurarte de que sigues estando de acuerdo con ella.<\/p><p><strong>POL\u00cdTICA DE PRIVACIDAD Y PROTECCI\u00d3N DE DATOS<\/strong><\/p><ol><li><strong>Datos sobre el responsable del sitio web \u00a0<a href=\"http:\/\/greatpeopleinside.com\/spain\/\">greatpeopleinside.com\/spain\/<\/a><\/strong>:<\/li><\/ol><ul><li>Identidad: Pablo Fern\u00e1ndez Ortega en representaci\u00f3n de Great People Inside S.L<\/li><li>CIF: B87430336<\/li><li>Direcci\u00f3n: Avenida de Europa 14. 28108 Alcobendas. Madrid<\/li><li>Correo electr\u00f3nico: <a href=\"mailto:spain-dpo@greatpeopleinside.com\">spain-dpo@greatpeopleinside.com<\/a><\/li><li>Actividad de esta web: exposici\u00f3n y promoci\u00f3n de los servicios de Great People Inside S.L como Multi Channel Partner autorizado.<\/li><\/ul><ol><li><strong>Finalidad del tratamiento de los datos personales<\/strong><\/li><\/ol><p><strong>\u00a0<\/strong><\/p><ul><li><strong>\u00bfCu\u00e1ndo y para qu\u00e9 recoger\u00e9 tus datos personales?<\/strong><\/li><\/ul><p><strong>\u00a0<\/strong>En\u00a0<a href=\"http:\/\/www.greatpeopleinside.com\/spain\/\">www.greatpeopleinside.com\/spain\/<\/a>\u00a0recogeremos tus datos personales en estas ocasiones:<\/p><ol><li><u>Para suscribirte a la lista de correo<\/u>. En este caso s\u00f3lo te pediremos tu nombre y un correo electr\u00f3nico para poder enviarte nuevos posts del blog, promociones e informaci\u00f3n comercial de Great People Inside, S.L. A trav\u00e9s de los formularios correspondientes. Nuestra lista de suscriptores est\u00e1 gestionada por Hubspot (al realizar una suscripci\u00f3n, aceptas y consientes que tus datos sean almacenados por la plataforma, con sede en Estados Unidos, a fin de gestionar el env\u00edo de los boletines correspondientes. Hubspot est\u00e1 adaptado a la legislaci\u00f3n de la UE en materia de protecci\u00f3n de datos.\u00a0<a href=\"https:\/\/legal.hubspot.com\/es\/privacy-policy\">Pol\u00edtica de privacidad de HubSpot<\/a>).<\/li><\/ol><ol><li><u>Cuando dejes un comentario en el blog<\/u>. La web incluye formularios para comentar las diferentes entradas del blog. Los usuarios podr\u00e1n publicar comentarios en ellos. Los datos personales introducidos para poder hacer estos comentarios\u00a0 (nombre, e-mail) ser\u00e1n utilizados exclusivamente para moderarlos y publicarlos y est\u00e1n gestionados por WordPress.<\/li><\/ol><ol><li><u>Formulario de contacto<\/u>. En la web hay un formulario de contacto para que puedas hacernos cualquier consulta que tengas. En este caso s\u00f3lo se precisar\u00e1 tu nombre y un correo electr\u00f3nico para poder responderte.<\/li><\/ol><ol><li><u>Cookies<\/u>. Cuando navegas por\u00a0<a href=\"http:\/\/greatpeopleinside.com\/spain\/\">greatpeopleinside.com\/spain\/<\/a>\u00a0se almacenan una serie de cookies. Puedes consultar en cualquier momento la\u00a0<a href=\"http:\/\/greatpeopleinside.com\/spain\/politica-de-cookies\/\"><b>Pol\u00edtica de Cookies<\/b><\/a><a href=\"https:\/\/www.plan-ab.es\/politica-de-cookies\/\">\u00a0<\/a>para ampliar informaci\u00f3n sobre el uso que hace greatpeopleinside.com\/spain de las cookies y c\u00f3mo desactivarlas.<\/li><\/ol><p><strong>\u00a0<\/strong><\/p><ul><li><strong>\u00bfPor cu\u00e1nto tiempo los conservar\u00e9?<\/strong><\/li><\/ul><p><strong>\u00a0<\/strong>Los datos personales proporcionados se conservar\u00e1n exclusivamente mientras se mantenga la relaci\u00f3n comercial o no solicites su supresi\u00f3n y durante el plazo por el cual pudieran derivarse responsabilidades legales por los servicios prestados.<\/p><p><strong>\u00a0<\/strong><\/p><ol><li><strong>Legitimaci\u00f3n<\/strong>: El tratamiento de tus datos se realiza con las siguientes bases jur\u00eddicas que legitiman el mismo:<\/li><\/ol><ol><li>a) Tu aceptaci\u00f3n expl\u00edcita en la solicitud de informaci\u00f3n\u00a0 cuyos t\u00e9rminos y condiciones se ponen a tu disposici\u00f3n de forma previa a una eventual suscripci\u00f3n a lista de correo o env\u00edo de formulario de contacto.<\/li><li>b) El consentimiento libre, espec\u00edfico, informado e inequ\u00edvoco, en tanto que te informamos poniendo a tu disposici\u00f3n la presente pol\u00edtica de privacidad, que tras la lectura de la misma, en caso de estar conforme, puedes aceptar mediante una declaraci\u00f3n o una clara acci\u00f3n afirmativa, como el marcado de una casilla dispuesta al efecto.<\/li><\/ol><p>En caso de que no nos facilites tus datos o los hagas de forma err\u00f3nea o incompleta, no podremos atender tu solicitud, resultando del todo imposible proporcionarte la informaci\u00f3n solicitada o llevar a cabo la venta de productos.<\/p><ol><li><strong>Exactitud y veracidad de los datos<\/strong>: El usuario garantiza que los datos personales facilitados a trav\u00e9s de los diferentes sistemas de esta web son veraces, quedando obligado a comunicar cualquier modificaci\u00f3n de los mismos. Igualmente, el usuario es el responsable y garantiza que toda la informaci\u00f3n facilitada corresponde con su situaci\u00f3n real, que est\u00e1 puesta al d\u00eda y es exacta. Adem\u00e1s, el usuario se obliga a mantener en todo momento sus datos actualizados, siendo el \u00fanico responsable de la inexactitud o falsedad de los datos facilitados y de los perjuicios que pueda causar por ello a Pablo Fern\u00e1ndez Ortega como titular de la web\u00a0<a href=\"http:\/\/greatpeopleinside.com\/spain\/\" target=\"_blank\" rel=\"noopener\">greatpeopleinside.com\/spain\/<\/a><\/li><\/ol><ol><li><strong>Destinatarios<\/strong>: Tus datos no se comunicar\u00e1n a ning\u00fan tercero ajeno a Pablo Fern\u00e1ndez Ortega, salvo requerimiento legal.<\/li><\/ol><p>Muchas de las herramientas que uso para gestionar los datos personales est\u00e1n gestionadas por terceros. Nos prestan servicios que son estrictamente necesarios para el desarrollo y mantenimiento de mi web www.greatpeopleinside.com\/spain, para ello se comparten datos con los siguientes prestadores bajo sus correspondientes condiciones de privacidad, comprometi\u00e9ndose al cumplimiento de las disposiciones normativas de aplicaci\u00f3n en materia de protecci\u00f3n de datos:<\/p><ul><li><strong>Plataforma web:\u00a0<\/strong>WordPress.org (Pol\u00edtica de privacidad:\u00a0<a href=\"https:\/\/wordpress.org\/about\/privacy\/\">https:\/\/wordpress.org\/about\/privacy\/<\/a>\u00a0)<\/li><li><strong>Servicios de e-mail marketing y env\u00edo de boletines:\u00a0<\/strong>Hubspot. <a href=\"https:\/\/legal.hubspot.com\/es\/privacy-policy\">Pol\u00edtica de privacidad de HubSpot<\/a><\/li><li><strong>Gesti\u00f3n de comentarios:\u00a0<\/strong>WordPress.<\/li><li><strong>Google Analytics:\u00a0<\/strong>un servicio anal\u00edtico de web prestado por Google, Inc., una compa\u00f1\u00eda de Delaware cuya oficina principal est\u00e1 en 1600 Amphitheatre Parkway, Mountain View (California), CA 94043, Estados Unidos (\u201cGoogle\u201d). Google Analytics utiliza \u201ccookies\u201d, que son archivos de texto ubicados en tu ordenador, para ayudar a papelariashop.es a analizar el uso que hacen los usuarios del mismo. La informaci\u00f3n que genera la cookie acerca de su uso de papelariashop.es (incluyendo tu direcci\u00f3n IP) ser\u00e1 directamente transmitida y archivada por Google en sus servidores de Estados Unidos.<\/li><li><strong>Facebook:<\/strong>\u00a0Facebook Ireland Limited (identificado con las marcas comerciales FACEBOOK, MESSENGER, INSTAGRAM y\/o WHATSAPP), con VAT registrado n\u00famero IE9692928F y domicilio en 4 Grand Canal Square, Grand Canal Harbour, Dublin 2, Ireland. Se puede consultar la pol\u00edtica de privacidad y dem\u00e1s aspectos legales de dicha compa\u00f1\u00eda en el siguiente enlace:\u00a0<a href=\"https:\/\/www.facebook.com\/about\/privacy\/update\">https:\/\/www.facebook.com\/about\/privacy\/update<\/a>. Tambi\u00e9n puedes leer m\u00e1s informaci\u00f3n espec\u00edfica sobre el Reglamento general de protecci\u00f3n de datos en\u00a0<a href=\"https:\/\/www.facebook.com\/business\/gdpr\">https:\/\/www.facebook.com\/business\/gdpr<\/a>. Facebook act\u00faa como controlador de datos y, tambi\u00e9n, como procesador de datos, al realizar campa\u00f1as de publicidad.<\/li><li><strong>Publicidad online<\/strong>: Facebook y Google Adwords. Tus datos podr\u00e1n ser utilizados para crear p\u00fablicos personalizados de cara a realizar publicidad online.<\/li><\/ul><ol><li><strong>Derechos<\/strong>: Como interesado que nos has proporcionado tus datos personales est\u00e1s facultado para ejercitar los siguientes derechos que la normativa en materia de protecci\u00f3n de datos te reconoce, conforme a lo previsto en la misma:<strong>\u00a0<\/strong><\/li><\/ol><ul><li>Derecho de ACCESO a tus datos personales.<\/li><li>Derechos de solicitar la RECTIFICACI\u00d3N de los datos inexactos.<br \/>Derecho de solicitar su SUPRESI\u00d3N cuando, entre otros motivos, los datos ya no sean necesarios para los fines que fueron recogidos.<\/li><li>En determinadas circunstancias, podr\u00e1s solicitar la LIMITACI\u00d3N DEL TRATAMIENTO de tus datos, en cuyo caso \u00fanicamente los conservaremos para el ejercicio o la defensa de reclamaciones.<\/li><li>En determinadas circunstancias y por motivos relacionados con su situaci\u00f3n particular, los interesados podr\u00e1n ejercitar su derecho de OPOSICI\u00d3N al tratamiento de sus datos. Dejaremos de tratar los datos, salvo por motivos leg\u00edtimos imperiosos, o el ejercicio o la defensa de posibles reclamaciones.<\/li><li>En determinadas circunstancias y por motivos relacionados con tu situaci\u00f3n particular, podr\u00e1s solicitar tu derecho a la PORTABILIDAD de los datos.<\/li><\/ul><ul><li>Podr\u00e1s ejercer tales derechos escribiendo un correo electr\u00f3nico a la direcci\u00f3n\u00a0spain-dpo@greatpeopleinside.com<\/li><\/ul><p>Adem\u00e1s, en caso de que se haya vulnerado cualquiera de tus derechos, el interesado tiene derecho a presentar una reclamaci\u00f3n ante la Agencia Espa\u00f1ola de Protecci\u00f3n de Datos (AEPD), en C\/ Jorge Juan, 6, 28001-Madrid o a trav\u00e9s de la sede electr\u00f3nica de la AEPD:\u00a0<a href=\"https:\/\/sedeagpd.gob.es\/sede-electronica-web\/\">https:\/\/sedeagpd.gob.es\/sede-electronica-web\/<\/a><\/p><p><strong>ACEPTACI\u00d3N DE LA POL\u00cdTICA DE PRIVACIDAD<\/strong><\/p><p>Aclarados todos los puntos anteriores y estando segura de que lo has le\u00eddo todo hasta aqu\u00ed con detenimiento podemos afirmar que est\u00e1s informado\/a del tratamiento que se har\u00e1 desde Great People Inside, S.L de tus datos personales.<\/p><p>En cada formulario en el que ingreses alg\u00fan dato personal habr\u00e1 un enlace a este aviso legal que tendr\u00e1s que marcar como le\u00eddo para poder enviarlo, dando as\u00ed tu aceptaci\u00f3n expl\u00edcita a todo este texto.<\/p><\/div>\n\t\t\t\t<\/div>\n\t\t\t\t<\/div>\n\t\t\t\t\t\t<\/div>\n\t\t\t\t\t<\/div>\n\t\t<\/div>\n\t\t\t\t\t\t\t\t<\/div>\n\t\t\t\t\t<\/div>\n\t\t<\/section>\n\t\t\t\t\t\t<\/div>\n\t\t\t\t\t\t<\/div>\n\t\t\t\t\t<\/div>\n\t\t","protected":false},"excerpt":{"rendered":"<p>Pol\u00edtica de privacidad \u00a1Hola! Soy el aviso legal de Great People Inside S.L. Puede parecerte poco importante esto de la pol\u00edtica de privacidad, la protecci\u00f3n de datos y las cookies. Pero si le dedicas un momento ver\u00e1s que vamos a tratar muy bien tus datos personales y para qu\u00e9 los queremos cuando te los pedimos. &#8230; <a title=\"Pol\u00edtica de privacidad\" class=\"read-more\" href=\"https:\/\/greatpeopleinside.com\/spain\/politica-privacidad\/\" aria-label=\"M\u00e1s en Pol\u00edtica de privacidad\">Leer m\u00e1s<\/a><\/p>\n","protected":false},"author":2,"featured_media":0,"parent":0,"menu_order":0,"comment_status":"closed","ping_status":"open","template":"elementor_header_footer","meta":[],"_links":{"self":[{"href":"https:\/\/greatpeopleinside.com\/spain\/wp-json\/wp\/v2\/pages\/1706"}],"collection":[{"href":"https:\/\/greatpeopleinside.com\/spain\/wp-json\/wp\/v2\/pages"}],"about":[{"href":"https:\/\/greatpeopleinside.com\/spain\/wp-json\/wp\/v2\/types\/page"}],"author":[{"embeddable":true,"href":"https:\/\/greatpeopleinside.com\/spain\/wp-json\/wp\/v2\/users\/2"}],"replies":[{"embeddable":true,"href":"https:\/\/greatpeopleinside.com\/spain\/wp-json\/wp\/v2\/comments?post=1706"}],"version-history":[{"count":13,"href":"https:\/\/greatpeopleinside.com\/spain\/wp-json\/wp\/v2\/pages\/1706\/revisions"}],"predecessor-version":[{"id":3150,"href":"https:\/\/greatpeopleinside.com\/spain\/wp-json\/wp\/v2\/pages\/1706\/revisions\/3150"}],"wp:attachment":[{"href":"https:\/\/greatpeopleinside.com\/spain\/wp-json\/wp\/v2\/media?parent=1706"}],"curies":[{"name":"wp","href":"https:\/\/api.w.org\/{rel}","templated":true}]}}