{"id":8958,"date":"2021-11-05T17:00:32","date_gmt":"2021-11-05T15:00:32","guid":{"rendered":"https:\/\/greatpeopleinside.com\/ro\/?page_id=8958"},"modified":"2021-11-05T18:05:16","modified_gmt":"2021-11-05T16:05:16","slug":"informatii-comanda-online","status":"publish","type":"page","link":"https:\/\/greatpeopleinside.com\/ro\/informatii-comanda-online\/","title":{"rendered":"Informa\u021bii comand\u0103 online"},"content":{"rendered":"<section class=\"av_textblock_section \"  itemscope=\"itemscope\" itemtype=\"https:\/\/schema.org\/CreativeWork\" ><div class='avia_textblock  '   itemprop=\"text\" ><h4 style=\"text-align: center;\"><span style=\"color: #009fdc;\"><strong>Informa\u021bii Comand\u0103 Online<\/strong><\/span><\/h4>\n<\/div><\/section>\n<div class=\"flex_column av_one_fifth  flex_column_div av-zero-column-padding first  avia-builder-el-1  el_after_av_textblock  el_before_av_one_fifth  column-top-margin\" style='border-radius:0px; '><\/div>\n<div class=\"flex_column av_one_fifth  flex_column_div av-zero-column-padding   avia-builder-el-2  el_after_av_one_fifth  el_before_av_two_fifth  column-top-margin\" style='border-radius:0px; '><div  class='avia-image-container  av-styling-    avia-builder-el-3  avia-builder-el-no-sibling  avia-align-center '  itemprop=\"image\" itemscope=\"itemscope\" itemtype=\"https:\/\/schema.org\/ImageObject\"  ><div class='avia-image-container-inner'><div class='avia-image-overlay-wrap'><img class='wp-image-8973 avia-img-lazy-loading-not-8973 avia_image' src=\"https:\/\/greatpeopleinside.com\/ro\/wp-content\/uploads\/2021\/11\/GPI_step_06.png\" alt='' title='' height=\"108\" width=\"184\"  itemprop=\"thumbnailUrl\"  \/><\/div><\/div><\/div><\/div><div class=\"flex_column av_two_fifth  flex_column_div av-zero-column-padding   avia-builder-el-4  el_after_av_one_fifth  el_before_av_one_fifth  column-top-margin\" style='background:url(https:\/\/greatpeopleinside.com\/ro\/wp-content\/uploads\/2021\/11\/GPI_step_011.png) bottom center no-repeat ; border-radius:0px; '><p><div  style='height:17px' class='hr hr-invisible   avia-builder-el-5  el_before_av_textblock  avia-builder-el-first '><span class='hr-inner ' ><span class='hr-inner-style'><\/span><\/span><\/div><br \/>\n<section class=\"av_textblock_section \"  itemscope=\"itemscope\" itemtype=\"https:\/\/schema.org\/CreativeWork\" ><div class='avia_textblock  '   itemprop=\"text\" ><h5>Pasul 1<\/h5>\n<p>Selecta\u021bi produsul dorit din pagina de produs aferent\u0103 \u0219i ap\u0103sa\u021bi unul din butoanele \u201eVreau Chestionarul\u201d.<\/p>\n<\/div><\/section><\/p><\/div><div class=\"flex_column av_one_fifth  flex_column_div av-zero-column-padding   avia-builder-el-7  el_after_av_two_fifth  el_before_av_one_fifth  column-top-margin\" style='border-radius:0px; '><\/div><\/p>\n<div class=\"flex_column av_one_fifth  flex_column_div av-zero-column-padding first  avia-builder-el-8  el_after_av_one_fifth  el_before_av_one_fifth  column-top-margin\" style='border-radius:0px; '><\/div>\n<div class=\"flex_column av_one_fifth  flex_column_div av-zero-column-padding   avia-builder-el-9  el_after_av_one_fifth  el_before_av_two_fifth  column-top-margin\" style='border-radius:0px; '><div  class='avia-image-container  av-styling-    avia-builder-el-10  avia-builder-el-no-sibling  avia-align-center '  itemprop=\"image\" itemscope=\"itemscope\" itemtype=\"https:\/\/schema.org\/ImageObject\"  ><div class='avia-image-container-inner'><div class='avia-image-overlay-wrap'><img class='wp-image-8974 avia-img-lazy-loading-not-8974 avia_image' src=\"https:\/\/greatpeopleinside.com\/ro\/wp-content\/uploads\/2021\/11\/GPI_step_07.png\" alt='' title='' height=\"108\" width=\"184\"  itemprop=\"thumbnailUrl\"  \/><\/div><\/div><\/div><\/div><div class=\"flex_column av_two_fifth  flex_column_div av-zero-column-padding   avia-builder-el-11  el_after_av_one_fifth  el_before_av_one_fifth  column-top-margin\" style='background:url(https:\/\/greatpeopleinside.com\/ro\/wp-content\/uploads\/2021\/11\/GPI_step_011.png) bottom center no-repeat ; border-radius:0px; '><p><div  style='height:20px' class='hr hr-invisible   avia-builder-el-12  el_before_av_textblock  avia-builder-el-first '><span class='hr-inner ' ><span class='hr-inner-style'><\/span><\/span><\/div><br \/>\n<section class=\"av_textblock_section \"  itemscope=\"itemscope\" itemtype=\"https:\/\/schema.org\/CreativeWork\" ><div class='avia_textblock  '   itemprop=\"text\" ><h5>Pasul 2<\/h5>\n<p>Completa\u021bi cu datele personale formularul de comand\u0103.<\/p>\n<\/div><\/section><\/p><\/div><div class=\"flex_column av_one_fifth  flex_column_div av-zero-column-padding   avia-builder-el-14  el_after_av_two_fifth  el_before_av_one_fifth  column-top-margin\" style='border-radius:0px; '><\/div><div class=\"flex_column av_one_fifth  flex_column_div av-zero-column-padding first  avia-builder-el-15  el_after_av_one_fifth  el_before_av_one_fifth  column-top-margin\" style='border-radius:0px; '><\/div><div class=\"flex_column av_one_fifth  flex_column_div av-zero-column-padding   avia-builder-el-16  el_after_av_one_fifth  el_before_av_two_fifth  column-top-margin\" style='border-radius:0px; '><div  class='avia-image-container  av-styling-    avia-builder-el-17  avia-builder-el-no-sibling  avia-align-center '  itemprop=\"image\" itemscope=\"itemscope\" itemtype=\"https:\/\/schema.org\/ImageObject\"  ><div class='avia-image-container-inner'><div class='avia-image-overlay-wrap'><img class='wp-image-8976 avia-img-lazy-loading-not-8976 avia_image' src=\"https:\/\/greatpeopleinside.com\/ro\/wp-content\/uploads\/2021\/11\/GPI_step_08.png\" alt='' title='' height=\"108\" width=\"184\"  itemprop=\"thumbnailUrl\"  \/><\/div><\/div><\/div><\/div><div class=\"flex_column av_two_fifth  flex_column_div av-zero-column-padding   avia-builder-el-18  el_after_av_one_fifth  el_before_av_one_fifth  column-top-margin\" style='background:url(https:\/\/greatpeopleinside.com\/ro\/wp-content\/uploads\/2021\/11\/GPI_step_011.png) bottom center no-repeat ; border-radius:0px; '><p><div  style='height:17px' class='hr hr-invisible   avia-builder-el-19  el_before_av_textblock  avia-builder-el-first '><span class='hr-inner ' ><span class='hr-inner-style'><\/span><\/span><\/div><br \/>\n<section class=\"av_textblock_section \"  itemscope=\"itemscope\" itemtype=\"https:\/\/schema.org\/CreativeWork\" ><div class='avia_textblock  '   itemprop=\"text\" ><h5>Pasul 3<\/h5>\n<p>Ap\u0103sa\u021bi butonul \u201ePlaseaz\u0103 Comanda\u201d \u0219i ve\u021bi primi un e-mail cu \u00eenregistrarea comenzii.<\/p>\n<\/div><\/section><\/p><\/div><div class=\"flex_column av_one_fifth  flex_column_div av-zero-column-padding   avia-builder-el-21  el_after_av_two_fifth  el_before_av_one_fifth  column-top-margin\" style='border-radius:0px; '><\/div><div class=\"flex_column av_one_fifth  flex_column_div av-zero-column-padding first  avia-builder-el-22  el_after_av_one_fifth  el_before_av_one_fifth  column-top-margin\" style='border-radius:0px; '><\/div><div class=\"flex_column av_one_fifth  flex_column_div av-zero-column-padding   avia-builder-el-23  el_after_av_one_fifth  el_before_av_two_fifth  column-top-margin\" style='border-radius:0px; '><div  class='avia-image-container  av-styling-    avia-builder-el-24  avia-builder-el-no-sibling  avia-align-center '  itemprop=\"image\" itemscope=\"itemscope\" itemtype=\"https:\/\/schema.org\/ImageObject\"  ><div class='avia-image-container-inner'><div class='avia-image-overlay-wrap'><img class='wp-image-8978 avia-img-lazy-loading-not-8978 avia_image' src=\"https:\/\/greatpeopleinside.com\/ro\/wp-content\/uploads\/2021\/11\/GPI_step_09.png\" alt='' title='' height=\"108\" width=\"184\"  itemprop=\"thumbnailUrl\"  \/><\/div><\/div><\/div><\/div><div class=\"flex_column av_two_fifth  flex_column_div av-zero-column-padding   avia-builder-el-25  el_after_av_one_fifth  el_before_av_one_fifth  column-top-margin\" style='background:url(https:\/\/greatpeopleinside.com\/ro\/wp-content\/uploads\/2021\/11\/GPI_step_011.png) bottom center no-repeat ; border-radius:0px; '><section class=\"av_textblock_section \"  itemscope=\"itemscope\" itemtype=\"https:\/\/schema.org\/CreativeWork\" ><div class='avia_textblock  '   itemprop=\"text\" ><h5>Pasul 4<\/h5>\n<p>\u00cen cel mai scurt timp ve\u021bi primi un e-mail cu link-ul de confirmare \u00een vederea complet\u0103rii evalu\u0103rii GR8 Values. V\u0103 rug\u0103m s\u0103 verifica\u021bi inclusiv folderul de \u201eSpam\u201d \u0219i \u201eJunk\u201d. Link-ul de completare este valabil 24 de ore \u0219i poate fi folosit o singur\u0103 dat\u0103, acesta fiind netransferabil. Dup\u0103 ce da\u021bi click pe link, acesta v\u0103 va redirec\u021biona c\u0103tre pagina de \u00eenscriere \u00een platforma noastr\u0103 unde va trebui s\u0103 v\u0103 introduce\u021bi datele personale. De asemenea, v\u0103 recomand\u0103m s\u0103 citi\u021bi \u0219i s\u0103 accepta\u021bi condi\u021biile GDPR. \u00cen momentul \u00een care a\u021bi completat toate c\u00e2mpurile men\u021bionate mai sus \u0219i a\u021bi bifat acceptul \u00een cazul condi\u021biilor GDPR ve\u021bi da click pe butonul \u201e\u00cencepe Evaluarea\u201d. Completarea evalu\u0103rii va dura 15-20 de minute.<\/p>\n<\/div><\/section><\/div><div class=\"flex_column av_one_fifth  flex_column_div av-zero-column-padding   avia-builder-el-27  el_after_av_two_fifth  el_before_av_one_fifth  column-top-margin\" style='border-radius:0px; '><\/div><div class=\"flex_column av_one_fifth  flex_column_div av-zero-column-padding first  avia-builder-el-28  el_after_av_one_fifth  el_before_av_one_fifth  column-top-margin\" style='border-radius:0px; '><\/div><div class=\"flex_column av_one_fifth  flex_column_div av-zero-column-padding   avia-builder-el-29  el_after_av_one_fifth  el_before_av_two_fifth  column-top-margin\" style='border-radius:0px; '><div  class='avia-image-container  av-styling-    avia-builder-el-30  avia-builder-el-no-sibling  avia-align-center '  itemprop=\"image\" itemscope=\"itemscope\" itemtype=\"https:\/\/schema.org\/ImageObject\"  ><div class='avia-image-container-inner'><div class='avia-image-overlay-wrap'><img class='wp-image-8980 avia-img-lazy-loading-not-8980 avia_image' src=\"https:\/\/greatpeopleinside.com\/ro\/wp-content\/uploads\/2021\/11\/GPI_step_010.png\" alt='' title='' height=\"108\" width=\"184\"  itemprop=\"thumbnailUrl\"  \/><\/div><\/div><\/div><\/div><div class=\"flex_column av_two_fifth  flex_column_div av-zero-column-padding   avia-builder-el-31  el_after_av_one_fifth  el_before_av_one_fifth  column-top-margin\" style='border-radius:0px; '><p><div  style='height:17px' class='hr hr-invisible   avia-builder-el-32  el_before_av_textblock  avia-builder-el-first '><span class='hr-inner ' ><span class='hr-inner-style'><\/span><\/span><\/div><br \/>\n<section class=\"av_textblock_section \"  itemscope=\"itemscope\" itemtype=\"https:\/\/schema.org\/CreativeWork\" ><div class='avia_textblock  '   itemprop=\"text\" ><h5>Pasul 5<\/h5>\n<p>Dup\u0103 completarea integral\u0103 a evalu\u0103rii ve\u021bi primi automat un e-mail un raport descriptiv GR8 Values \u00een format PDF.<\/p>\n<\/div><\/section><\/p><\/div><div class=\"flex_column av_one_fifth  flex_column_div av-zero-column-padding   avia-builder-el-34  el_after_av_two_fifth  el_before_av_one_full  column-top-margin\" style='border-radius:0px; '><\/div><div class=\"flex_column av_one_full  flex_column_div av-zero-column-padding first  avia-builder-el-35  el_after_av_one_fifth  el_before_av_hr  column-top-margin\" style='border-radius:0px; '><div  class='avia-button-wrap avia-button-center  avia-builder-el-36  avia-builder-el-no-sibling ' ><a href='https:\/\/greatpeopleinside.com\/ro\/produs\/aps\/'  class='avia-button   avia-icon_select-yes-left-icon avia-size-large avia-position-center '  style='background-color:#009fdc; border-color:#009fdc; color:#ffffff; ' ><span class='avia_button_icon avia_button_icon_left ' aria-hidden='true' data-av_icon='\ue832' data-av_iconfont='entypo-fontello'><\/span><span class='avia_iconbox_title' >Vreau Chestionarul<\/span><\/a><\/div><\/div><div   class='hr hr-default   avia-builder-el-37  el_after_av_one_full  el_before_av_one_fifth '><span class='hr-inner ' ><span class='hr-inner-style'><\/span><\/span><\/div><\/p>\n<div class=\"flex_column av_one_fifth  flex_column_div av-zero-column-padding first  avia-builder-el-38  el_after_av_hr  el_before_av_three_fifth  \" style='border-radius:0px; '><\/div><div class=\"flex_column av_three_fifth  flex_column_div av-zero-column-padding   avia-builder-el-39  el_after_av_one_fifth  el_before_av_one_fifth  \" style='border-radius:0px; '><section class=\"av_textblock_section \"  itemscope=\"itemscope\" itemtype=\"https:\/\/schema.org\/CreativeWork\" ><div class='avia_textblock  '   itemprop=\"text\" ><h5 style=\"text-align: center;\"><span style=\"color: #009fdc;\">Metod\u0103 de Plat\u0103:<\/span><\/h5>\n<p>Sistemul de plat\u0103 online va emite o factur\u0103 de cump\u0103rare pentru produsele pe care le-a\u021bi achizi\u021bionat. Ave\u021bi obliga\u021bia de a furniza toate informa\u021biile necesare emiterii facturii, conform legisla\u021biei \u00een vigoare. Factura de cump\u0103rare va fi transmis\u0103 c\u0103tre dumneavoastr\u0103 prin adresa de e-mail introdus\u0103 \u00een datele de facturare.<\/p>\n<p>Plata se va face exclusiv cu cardul. Folosim pentru tranzac\u021biile online serviciile Raiffeisen Bank \/ Plationline.ro. Se poate efectua plata online cu cardul personal sau al firmei dumneavoastr\u0103, \u00een condi\u021bii de siguran\u021b\u0103 deplin\u0103. Cardurile acceptate la plat\u0103 sunt cele emise sub siglele VISA (Classic \u0219i Electron) \u0219i MASTERCARD (inclusiv Maestro). Plata se bazeaz\u0103 pe un sistem securizat de procesare a tranzac\u021biilor online care ofer\u0103 confiden\u021bialitate, siguran\u021b\u0103 \u0219i simplitate \u00een achizi\u021bia produselor \u0219i serviciilor prin Internet. Procesarea datelor de card se face \u00een mod exclusiv prin intermediul b\u0103ncii, website-ul nostru nu solicit\u0103 \u0219i nu stocheaz\u0103 nici un fel de detalii referitoare la cardul dumneavoastr\u0103.<\/p>\n<\/div><\/section><br \/>\n<div  style='height:27px' class='hr hr-invisible   avia-builder-el-41  el_after_av_textblock  el_before_av_image '><span class='hr-inner ' ><span class='hr-inner-style'><\/span><\/span><\/div><br \/>\n<div  class='avia-image-container  av-styling-    avia-builder-el-42  el_after_av_hr  el_before_av_hr  avia-align-center '  itemprop=\"image\" itemscope=\"itemscope\" itemtype=\"https:\/\/schema.org\/ImageObject\"  ><div class='avia-image-container-inner'><div class='avia-image-overlay-wrap'><img class='wp-image-8998 avia-img-lazy-loading-not-8998 avia_image' src=\"https:\/\/greatpeopleinside.com\/ro\/wp-content\/uploads\/2021\/11\/pay_GPI.png\" alt='' title='' height=\"40\" width=\"450\"  itemprop=\"thumbnailUrl\" srcset=\"https:\/\/greatpeopleinside.com\/ro\/wp-content\/uploads\/2021\/11\/pay_GPI.png 450w, https:\/\/greatpeopleinside.com\/ro\/wp-content\/uploads\/2021\/11\/pay_GPI-300x27.png 300w\" sizes=\"(max-width: 450px) 100vw, 450px\" \/><\/div><\/div><\/div><br \/>\n<div  style='height:27px' class='hr hr-invisible   avia-builder-el-43  el_after_av_image  avia-builder-el-last '><span class='hr-inner ' ><span class='hr-inner-style'><\/span><\/span><\/div><\/p><\/div><div class=\"flex_column av_one_fifth  flex_column_div av-zero-column-padding   avia-builder-el-44  el_after_av_three_fifth  avia-builder-el-last  \" style='border-radius:0px; '><\/div><\/p>\n","protected":false},"excerpt":{"rendered":"","protected":false},"author":1,"featured_media":0,"parent":0,"menu_order":0,"comment_status":"closed","ping_status":"closed","template":"","meta":[],"yoast_head":"<!-- This site is optimized with the Yoast SEO plugin v14.5 - https:\/\/yoast.com\/wordpress\/plugins\/seo\/ -->\n<title>Informa\u021bii comand\u0103 online - Great People Inside Romania<\/title>\n<meta name=\"robots\" content=\"index, follow\" \/>\n<meta name=\"googlebot\" content=\"index, follow, max-snippet:-1, max-image-preview:large, max-video-preview:-1\" \/>\n<meta name=\"bingbot\" content=\"index, follow, max-snippet:-1, max-image-preview:large, max-video-preview:-1\" \/>\n<link rel=\"canonical\" href=\"https:\/\/greatpeopleinside.com\/ro\/informatii-comanda-online\/\" \/>\n<meta property=\"og:locale\" content=\"ro_RO\" \/>\n<meta property=\"og:type\" content=\"article\" \/>\n<meta property=\"og:title\" content=\"Informa\u021bii comand\u0103 online - Great People Inside Romania\" \/>\n<meta property=\"og:url\" content=\"https:\/\/greatpeopleinside.com\/ro\/informatii-comanda-online\/\" \/>\n<meta property=\"og:site_name\" content=\"Great People Inside Romania\" \/>\n<meta property=\"article:publisher\" content=\"https:\/\/www.facebook.com\/GreatPeopleInside\/\" \/>\n<meta property=\"article:modified_time\" content=\"2021-11-05T16:05:16+00:00\" \/>\n<meta name=\"twitter:card\" content=\"summary\" \/>\n<script type=\"application\/ld+json\" class=\"yoast-schema-graph\">{\"@context\":\"https:\/\/schema.org\",\"@graph\":[{\"@type\":\"WebSite\",\"@id\":\"https:\/\/greatpeopleinside.com\/ro\/#website\",\"url\":\"https:\/\/greatpeopleinside.com\/ro\/\",\"name\":\"Great People Inside Romania\",\"description\":\"Fully customisable assessment and development platform\",\"potentialAction\":[{\"@type\":\"SearchAction\",\"target\":\"https:\/\/greatpeopleinside.com\/ro\/?s={search_term_string}\",\"query-input\":\"required name=search_term_string\"}],\"inLanguage\":\"ro-RO\"},{\"@type\":\"WebPage\",\"@id\":\"https:\/\/greatpeopleinside.com\/ro\/informatii-comanda-online\/#webpage\",\"url\":\"https:\/\/greatpeopleinside.com\/ro\/informatii-comanda-online\/\",\"name\":\"Informa\\u021bii comand\\u0103 online - Great People Inside Romania\",\"isPartOf\":{\"@id\":\"https:\/\/greatpeopleinside.com\/ro\/#website\"},\"datePublished\":\"2021-11-05T15:00:32+00:00\",\"dateModified\":\"2021-11-05T16:05:16+00:00\",\"inLanguage\":\"ro-RO\",\"potentialAction\":[{\"@type\":\"ReadAction\",\"target\":[\"https:\/\/greatpeopleinside.com\/ro\/informatii-comanda-online\/\"]}]}]}<\/script>\n<!-- \/ Yoast SEO plugin. -->","_links":{"self":[{"href":"https:\/\/greatpeopleinside.com\/ro\/wp-json\/wp\/v2\/pages\/8958"}],"collection":[{"href":"https:\/\/greatpeopleinside.com\/ro\/wp-json\/wp\/v2\/pages"}],"about":[{"href":"https:\/\/greatpeopleinside.com\/ro\/wp-json\/wp\/v2\/types\/page"}],"author":[{"embeddable":true,"href":"https:\/\/greatpeopleinside.com\/ro\/wp-json\/wp\/v2\/users\/1"}],"replies":[{"embeddable":true,"href":"https:\/\/greatpeopleinside.com\/ro\/wp-json\/wp\/v2\/comments?post=8958"}],"version-history":[{"count":21,"href":"https:\/\/greatpeopleinside.com\/ro\/wp-json\/wp\/v2\/pages\/8958\/revisions"}],"predecessor-version":[{"id":9004,"href":"https:\/\/greatpeopleinside.com\/ro\/wp-json\/wp\/v2\/pages\/8958\/revisions\/9004"}],"wp:attachment":[{"href":"https:\/\/greatpeopleinside.com\/ro\/wp-json\/wp\/v2\/media?parent=8958"}],"curies":[{"name":"wp","href":"https:\/\/api.w.org\/{rel}","templated":true}]}}