{"id":7614,"date":"2019-03-30T01:19:09","date_gmt":"2019-03-29T23:19:09","guid":{"rendered":"http:\/\/greatpeopleinside.com\/ro\/?page_id=7614"},"modified":"2019-11-19T14:38:37","modified_gmt":"2019-11-19T12:38:37","slug":"proiectul-invata-din-practica-indip-pocu90619","status":"publish","type":"page","link":"https:\/\/greatpeopleinside.com\/ro\/proiecte\/proiectul-invata-din-practica-indip-pocu90619\/","title":{"rendered":"Proiectul \u201c\u00cenvata din practica! INDIP\u201d &#8211; POCU\/90\/6\/19"},"content":{"rendered":"<div id='av_section_1'  class='avia-section main_color avia-section-no-padding avia-no-border-styling  av-section-color-overlay-active avia-bg-style-scroll  avia-builder-el-0  el_before_av_section  avia-builder-el-first   av-minimum-height av-minimum-height-custom  container_wrap sidebar_right' style='background-color: #00886f; background-repeat: no-repeat; background-image: url(https:\/\/greatpeopleinside.com\/ro\/wp-content\/uploads\/2018\/06\/bg_proiecte.png);background-attachment: scroll; background-position: top center;  '  data-section-bg-repeat='no-repeat'><div class='av-section-color-overlay-wrap'><div class='av-section-color-overlay' style='opacity: 0.5; '><\/div><div class='container' style='height:300px'><main  role=\"main\" itemprop=\"mainContentOfPage\"  class='template-page content  av-content-small alpha units'><div class='post-entry post-entry-type-page post-entry-7614'><div class='entry-content-wrapper clearfix'>\n<div  style='height:20px' class='hr hr-invisible   avia-builder-el-1  el_before_av_heading  avia-builder-el-first '><span class='hr-inner ' ><span class='hr-inner-style'><\/span><\/span><\/div>\n<div  style='padding-bottom:40px; color:#68b9aa;font-size:50px;' class='av-special-heading av-special-heading-h2 custom-color-heading blockquote modern-quote  avia-builder-el-2  el_after_av_hr  avia-builder-el-last  av-inherit-size '><h2 class='av-special-heading-tag '  itemprop=\"headline\"  >PROIECTE<\/h2><div class='special-heading-border'><div class='special-heading-inner-border' style='border-color:#68b9aa'><\/div><\/div><\/div>\n\n<\/div><\/div><\/main><!-- close content main element --><\/div><\/div><\/div><div id='av_section_2'  class='avia-section main_color avia-section-default avia-no-border-styling  avia-bg-style-scroll  avia-builder-el-3  el_after_av_section  el_before_av_section   container_wrap sidebar_right' style=' '  ><div class='container' ><div class='template-page content  av-content-small alpha units'><div class='post-entry post-entry-type-page post-entry-7614'><div class='entry-content-wrapper clearfix'>\n<div class=\"flex_column av_two_third  flex_column_div av-zero-column-padding first  avia-builder-el-4  el_before_av_one_third  avia-builder-el-first  \" style='border-radius:0px; '><p><div  class='avia-image-container  av-styling-    avia-builder-el-5  el_before_av_hr  avia-builder-el-first  avia-align-left '  itemprop=\"image\" itemscope=\"itemscope\" itemtype=\"https:\/\/schema.org\/ImageObject\"  ><div class='avia-image-container-inner'><div class='avia-image-overlay-wrap'><img class='wp-image-7271 avia-img-lazy-loading-not-7271 avia_image' src=\"https:\/\/greatpeopleinside.com\/ro\/wp-content\/uploads\/2018\/06\/pocu_01.png\" alt='' title='' height=\"96\" width=\"582\"  itemprop=\"thumbnailUrl\" srcset=\"https:\/\/greatpeopleinside.com\/ro\/wp-content\/uploads\/2018\/06\/pocu_01.png 582w, https:\/\/greatpeopleinside.com\/ro\/wp-content\/uploads\/2018\/06\/pocu_01-300x49.png 300w, https:\/\/greatpeopleinside.com\/ro\/wp-content\/uploads\/2018\/06\/pocu_01-450x74.png 450w\" sizes=\"(max-width: 582px) 100vw, 582px\" \/><\/div><\/div><\/div><br \/>\n<div  style='height:19px' class='hr hr-invisible   avia-builder-el-6  el_after_av_image  el_before_av_textblock '><span class='hr-inner ' ><span class='hr-inner-style'><\/span><\/span><\/div><br \/>\n<section class=\"av_textblock_section \"  itemscope=\"itemscope\" itemtype=\"https:\/\/schema.org\/CreativeWork\" ><div class='avia_textblock  '   itemprop=\"text\" ><h4>\u201c\u00cenvata din practica! INDIP\u201d &#8211; POCU\/90\/6\/19<\/h4>\n<p>Proiect cofinan\u021bat din Fondul Social European prin Programul Opera\u021bional Capital Uman 2014-2020<\/p>\n<\/div><\/section><\/p><\/div><div class=\"flex_column av_one_third  flex_column_div av-zero-column-padding   avia-builder-el-8  el_after_av_two_third  el_before_av_hr  \" style='border-radius:0px; '><div  class='avia-image-container  av-styling-  noHover  av-overlay-on-hover   avia-builder-el-9  avia-builder-el-no-sibling  avia-align-left '  itemprop=\"image\" itemscope=\"itemscope\" itemtype=\"https:\/\/schema.org\/ImageObject\"  ><div class='avia-image-container-inner'><div class='avia-image-overlay-wrap'><div class='av-image-caption-overlay'><div class='av-caption-image-overlay-bg' style='opacity:0.6; background-color:#ffffff; '><\/div><div class='av-image-caption-overlay-position'><div class='av-image-caption-overlay-center' style='color:#ffffff; '><\/div><\/div><\/div><img class='wp-image-7617 avia-img-lazy-loading-not-7617 avia_image' src=\"https:\/\/greatpeopleinside.com\/ro\/wp-content\/uploads\/2019\/03\/logo-INDIP_01.png\" alt='' title='' height=\"210\" width=\"440\"  itemprop=\"thumbnailUrl\" srcset=\"https:\/\/greatpeopleinside.com\/ro\/wp-content\/uploads\/2019\/03\/logo-INDIP_01.png 440w, https:\/\/greatpeopleinside.com\/ro\/wp-content\/uploads\/2019\/03\/logo-INDIP_01-300x143.png 300w\" sizes=\"(max-width: 440px) 100vw, 440px\" \/><\/div><\/div><\/div><\/div><div  style=' margin-top:30px; margin-bottom:30px;'  class='hr hr-custom hr-center hr-icon-no   avia-builder-el-10  el_after_av_one_third  el_before_av_one_half '><span class='hr-inner  inner-border-av-border-thin' style=' width:1380px;' ><span class='hr-inner-style'><\/span><\/span><\/div>\n<div class=\"flex_column av_one_half  flex_column_div av-zero-column-padding first  avia-builder-el-11  el_after_av_hr  el_before_av_one_half  \" style='border-radius:0px; '><p><div  style='height:18px' class='hr hr-invisible   avia-builder-el-12  el_before_av_textblock  avia-builder-el-first '><span class='hr-inner ' ><span class='hr-inner-style'><\/span><\/span><\/div><br \/>\n<section class=\"av_textblock_section \"  itemscope=\"itemscope\" itemtype=\"https:\/\/schema.org\/CreativeWork\" ><div class='avia_textblock  '   itemprop=\"text\" ><h4 style=\"text-align: center;\"><strong>COMUNICAT<\/strong><\/h4>\n<\/div><\/section><br \/>\n<div  style='height:26px' class='hr hr-invisible   avia-builder-el-14  el_after_av_textblock  el_before_av_textblock '><span class='hr-inner ' ><span class='hr-inner-style'><\/span><\/span><\/div><br \/>\n<section class=\"av_textblock_section \"  itemscope=\"itemscope\" itemtype=\"https:\/\/schema.org\/CreativeWork\" ><div class='avia_textblock  '   itemprop=\"text\" ><p style=\"text-align: center;\"><iframe class=\"pdfjs-viewer\" width=\"940px\" height=\"800px\" src=\"https:\/\/greatpeopleinside.com\/ro\/wp-content\/plugins\/pdf-viewer\/stable\/web\/viewer.html?file=https:\/\/greatpeopleinside.com\/ro\/wp-content\/uploads\/2019\/03\/Comunicat_lansare_INDIP_26.10.18.pdf\"><\/iframe> <\/p>\n<\/div><\/section><\/p><\/div><div class=\"flex_column av_one_half  flex_column_div   avia-builder-el-16  el_after_av_one_half  avia-builder-el-last  \" style='padding:0px 55px 0px 55px ; background-color:#efefef; border-radius:0px; '><p><div  style='height:23px' class='hr hr-invisible   avia-builder-el-17  el_before_av_textblock  avia-builder-el-first '><span class='hr-inner ' ><span class='hr-inner-style'><\/span><\/span><\/div><br \/>\n<section class=\"av_textblock_section \"  itemscope=\"itemscope\" itemtype=\"https:\/\/schema.org\/CreativeWork\" ><div class='avia_textblock  '   itemprop=\"text\" ><h4 style=\"text-align: center;\"><strong>ANUN\u021aURI<\/strong><\/h4>\n<\/div><\/section><br \/>\n<div  style=' margin-top:2px; margin-bottom:11px;'  class='hr hr-custom hr-center hr-icon-no   avia-builder-el-19  el_after_av_textblock  el_before_av_textblock '><span class='hr-inner  inner-border-av-border-thin' style=' width:480px; border-color:#d8d8d8;' ><span class='hr-inner-style'><\/span><\/span><\/div><br \/>\n<section class=\"av_textblock_section \"  itemscope=\"itemscope\" itemtype=\"https:\/\/schema.org\/CreativeWork\" ><div class='avia_textblock  '  style='font-size:12px; '  itemprop=\"text\" ><p style=\"text-align: left;\"><strong><img loading=\"lazy\" class=\"size-full wp-image-7628 alignnone\" src=\"https:\/\/greatpeopleinside.com\/ro\/wp-content\/uploads\/2019\/03\/nou.png\" alt=\"\" width=\"53\" height=\"16\" \/>\u00a0<\/strong>Publicat pe data de: <strong>30.03.2019<br \/>\n<\/strong><\/p>\n<\/div><\/section><br \/>\n<div  style='height:1px; margin-top:-25px'  class='hr hr-invisible   avia-builder-el-21  el_after_av_textblock  el_before_av_textblock '><span class='hr-inner ' ><span class='hr-inner-style'><\/span><\/span><\/div><br \/>\n<section class=\"av_textblock_section \"  itemscope=\"itemscope\" itemtype=\"https:\/\/schema.org\/CreativeWork\" ><div class='avia_textblock  '  style='font-size:15px; '  itemprop=\"text\" ><p style=\"text-align: left;\"><strong>Sesiuni individuale de orientare \u0219i consiliere profesional\u0103<\/strong><\/p>\n<\/div><\/section><br \/>\n<section class=\"av_textblock_section \"  itemscope=\"itemscope\" itemtype=\"https:\/\/schema.org\/CreativeWork\" ><div class='avia_textblock  '   itemprop=\"text\" ><p>\u00cen perioadele 26-28 martie, 16-18 aprilie, 14-16 mai \u0219i 5-7 iunie 2019 se vor desf\u0103\u0219ura sesiunile individuale de consiliere \u0219i orientare profesional\u0103.<br \/>\nFiecare membru al grupului \u021bint\u0103, respectiv, membrii cu statut de rezerv\u0103 vor fi contacta\u021bi de c\u0103tre consilierii orientare privind cariera din cadrul organiza\u021biei partenere &#8211; Great People Inside S.R.L, pentru programarea acestor sesiuni.<\/p>\n<\/div><\/section><br \/>\n<div  style=' margin-top:2px; margin-bottom:11px;'  class='hr hr-custom hr-center hr-icon-no   avia-builder-el-24  el_after_av_textblock  avia-builder-el-last '><span class='hr-inner  inner-border-av-border-thin' style=' width:480px; border-color:#d8d8d8;' ><span class='hr-inner-style'><\/span><\/span><\/div><\/p><\/div><\/div><\/div><\/div><!-- close content main div --><\/div><\/div><div id='av_section_3'  class='avia-section main_color avia-section-default avia-no-border-styling  avia-bg-style-scroll  avia-builder-el-25  el_after_av_section  el_before_av_section   container_wrap sidebar_right' style=' '  ><div class='container' ><div class='template-page content  av-content-small alpha units'><div class='post-entry post-entry-type-page post-entry-7614'><div class='entry-content-wrapper clearfix'>\n<div  style=' margin-top:-70px; margin-bottom:30px;'  class='hr hr-custom hr-center hr-icon-no   avia-builder-el-26  el_before_av_textblock  avia-builder-el-first '><span class='hr-inner  inner-border-av-border-thin' style=' width:1380px;' ><span class='hr-inner-style'><\/span><\/span><\/div>\n<section class=\"av_textblock_section \"  itemscope=\"itemscope\" itemtype=\"https:\/\/schema.org\/CreativeWork\" ><div class='avia_textblock  '   itemprop=\"text\" ><h4><strong>DESPRE PROIECT<\/strong><\/h4>\n<\/div><\/section>\n<div  style='height:18px' class='hr hr-invisible   avia-builder-el-28  el_after_av_textblock  el_before_av_textblock '><span class='hr-inner ' ><span class='hr-inner-style'><\/span><\/span><\/div>\n<section class=\"av_textblock_section \"  itemscope=\"itemscope\" itemtype=\"https:\/\/schema.org\/CreativeWork\" ><div class='avia_textblock  '  style='font-size:14px; '  itemprop=\"text\" ><p><strong>Universitatea \u201e\u015etefan cel Mare\u201d din Suceava<\/strong>, \u00een parteneriat cu Camera de Comer\u021b \u0219i Industrie Suceava \u0219i SC Great People Inside S.R.L. din Bra\u015fov implementeaz\u0103 \u00eencep\u00e2nd cu luna iulie a anului 2018 proiectul \u201e<strong>\u00cenva\u021b\u0103 din practic\u0103! INDIP\u201d &#8211; Cod SMIS: 107439<\/strong>.<\/p>\n<p>Proiectul are o perioad\u0103 de implementare de 24 de luni (25 iulie 2018 &#8211; 24 iulie 2020).<\/p>\n<p><strong>Numele beneficiarului<\/strong>: Universitatea \u201e\u015etefan cel Mare\u201d din Suceava.<\/p>\n<p><strong>Obiectivul general al proiectului<\/strong><strong>: <\/strong>Dezvoltarea resurselor umane prin \u00eembun\u0103t\u0103\u021birea utiliz\u0103rii tehnologiilor informa\u021biei \u0219i comunica\u021biilor, crearea de medii de practic\u0103 \u00een cadrul universit\u0103\u021bii \u0219i cre\u0219terea accesului la activit\u0103\u021bi de \u00eenv\u0103\u021bare la un poten\u021bial loc de munc\u0103 (stagii de practic\u0103), care s\u0103 faciliteze inser\u021bia pe pia\u021ba muncii a absolven\u021bilor de studii ter\u021biare, pentru un num\u0103r de 250 studen\u021bi \u00eenmatricula\u021bi \u00een sistemul na\u021bional de \u00eenv\u0103\u021b\u0103m\u00e2nt (licen\u021b\u0103 \u0219i master).<\/p>\n<p><strong>Grupul \u021bint\u0103<\/strong> este format din studen\u0163i \u00eenmatricula\u0163i la studii de licen\u0163\u0103 \u015fi master din cadrul Facult\u0103\u021bii de \u0218tiin\u021be Economice \u0219i Administra\u021bie Public\u0103 \u0219i a Facult\u0103\u021bii de Istorie \u0219i Geografie.<\/p>\n<p><strong>Rezultatele a\u0219teptate \u00een urma implement\u0103rii proiectului:<\/strong><\/p>\n<ul>\n<li>Proiectul vizeaz\u0103 realizarea de investi\u021bii \u00een domeniul educa\u021biei \u00een vederea dob\u00e2ndirii de noi competen\u021be prin: \u00eembun\u0103t\u0103\u021birea accesibilit\u0103\u021bii, a utiliz\u0103rii \u0219i a calit\u0103\u021bii tehnologiilor informa\u021biei \u0219i comunica\u021biilor \u0219i crearea de medii de practic\u0103 \u00een cadrul universit\u0103\u021bii, \u00een parteneriat cu angajatorii;<\/li>\n<li>Proiectul contribuie concret \u0219i coerent la realizarea obiectivului major al Programului Opera\u021bional Capital Uman 2014-2020 care reprezint\u0103 dezvoltarea resurselor umane prin cre\u0219terea accesului la un sistem de educa\u021bie \u0219i formare profesional\u0103 de calitate, stimularea ocup\u0103rii, cu prec\u0103dere pentru tineri, reducerea s\u0103r\u0103ciei \u0219i a excluziunii sociale prin facilitarea accesului de servicii sociale \u0219i de s\u0103n\u0103tate;<\/li>\n<li>Proiectul urm\u0103re\u0219te realizarea obiectivului specific al apelului de proiecte deoarece vizeaz\u0103 cre\u0219terea ratei de participare a studen\u021bilor la programe de \u00eenv\u0103\u021bare la locul de munc\u0103 (stagii de practic\u0103) \u00een cadrul unor parteneriate nou \u00eenfiin\u021bate, precum \u0219i dezvoltarea celor existente, care s\u0103 faciliteze inser\u021bia pe pia\u021ba muncii a absolven\u021bilor de studii universitare.<\/li>\n<\/ul>\n<p>Concret, prin proiectul \u201c\u00cenva\u0163\u0103 din practic\u0103! INDIP\u201d se va dezvolta Centrul de Evaluare a Competen\u021belor \u0219i Abilit\u0103\u021bilor \u015fi se va \u00eenfiin\u0163a Laboratorul de dezvoltare a competen\u021belor digitale &#8211; \u00cenva\u0163\u0103 din practic\u0103!, infrastructuri de care vor beneficia, \u00een primul r\u00e2nd, membrii grupului \u021bint\u0103 ai proiectului, precum \u0219i genera\u0163iile viitoare de studen\u0163i ai universit\u0103\u0163ii.<\/p>\n<p><strong>Valoarea total\u0103 a proiectului<\/strong> este 2.212.842,36 lei, din care valoarea cofinan\u021b\u0103rii UE este de\u00a0 2.162.616,94 lei.<\/p>\n<p><strong>Data \u00eenceperii \u0219i data finaliz\u0103rii proiectului:\u00a0<\/strong>25 iulie 2018 &#8211; 24 iulie 2020)<\/p>\n<p><strong>Codul MySMIS al proiectului:\u00a0<\/strong>107439<\/p>\n<p><strong>Proiect cofinan\u021bat din Fondul Social European prin Programul Opera\u021bional Capital Uman 2014\u00a0&#8211; 2020.<\/strong><\/p>\n<\/div><\/section>\n<div  style='height:18px' class='hr hr-invisible   avia-builder-el-30  el_after_av_textblock  el_before_av_textblock '><span class='hr-inner ' ><span class='hr-inner-style'><\/span><\/span><\/div>\n<section class=\"av_textblock_section \"  itemscope=\"itemscope\" itemtype=\"https:\/\/schema.org\/CreativeWork\" ><div class='avia_textblock  av_inherit_color '  style='color:#00886f; '  itemprop=\"text\" ><p><strong>Beneficiar: Universitatea \u201e\u015etefan cel Mare\u201d din Suceava &#8211; Str. Universit\u0103\u021bii, Nr. 13, cod postal 720229, Tel. 40 230 216147; 40 230 520080, Fax +40 230 520080, E-mail: rector@usv.ro<\/strong><\/p>\n<\/div><\/section>\n<div  style='height:18px' class='hr hr-invisible   avia-builder-el-32  el_after_av_textblock  el_before_av_image '><span class='hr-inner ' ><span class='hr-inner-style'><\/span><\/span><\/div>\n<div  class='avia-image-container  av-styling-    avia-builder-el-33  el_after_av_hr  avia-builder-el-last  avia-align-left '  itemprop=\"image\" itemscope=\"itemscope\" itemtype=\"https:\/\/schema.org\/ImageObject\"  ><div class='avia-image-container-inner'><div class='avia-image-overlay-wrap'><img class='wp-image-7619 avia-img-lazy-loading-not-7619 avia_image' src=\"https:\/\/greatpeopleinside.com\/ro\/wp-content\/uploads\/2019\/03\/logo-INDIP_02.png\" alt='' title='' height=\"65\" width=\"484\"  itemprop=\"thumbnailUrl\" srcset=\"https:\/\/greatpeopleinside.com\/ro\/wp-content\/uploads\/2019\/03\/logo-INDIP_02.png 484w, https:\/\/greatpeopleinside.com\/ro\/wp-content\/uploads\/2019\/03\/logo-INDIP_02-300x40.png 300w, https:\/\/greatpeopleinside.com\/ro\/wp-content\/uploads\/2019\/03\/logo-INDIP_02-450x60.png 450w\" sizes=\"(max-width: 484px) 100vw, 484px\" \/><\/div><\/div><\/div>\n<\/p>\n<\/div><\/div><\/div><!-- close content main div --><\/div><\/div><div id='av_section_4'  class='avia-section main_color avia-section-default avia-no-shadow  avia-bg-style-scroll  avia-builder-el-34  el_after_av_section  avia-builder-el-last   container_wrap sidebar_right' style='background-color: #00886f;  '  ><div class='container' ><div class='template-page content  av-content-small alpha units'><div class='post-entry post-entry-type-page post-entry-7614'><div class='entry-content-wrapper clearfix'>\n<section class=\"av_textblock_section \"  itemscope=\"itemscope\" itemtype=\"https:\/\/schema.org\/CreativeWork\" ><div class='avia_textblock  av_inherit_color '  style='font-size:16px; color:#ffffff; '  itemprop=\"text\" ><p style=\"text-align: center;\"><strong>\u201eCon\u0163inutul acestui material nu reprezint\u0103 \u00een mod obligatoriu pozi\u0163ia oficial\u0103 a Uniunii Europene sau a Guvernului Rom\u00e2niei.\u201d<\/strong><br \/>\n<strong>\u201ePentru informa\u021bii detaliate despre celelalte programe cofinan\u021bate de Uniunea European\u0103, v\u0103 invit\u0103m s\u0103 vizita\u021bi <a href=\"https:\/\/www.fonduri-ue.ro\/\" target=\"_blank\" rel=\"noopener noreferrer\">www.fonduri-ue.ro<\/a> \u201d.<\/strong><\/p>\n<\/div><\/section>\n<\/div><\/div><\/div><!-- close content main div --><\/div><\/div><div id='after_section_4'  class='main_color av_default_container_wrap container_wrap sidebar_right' style=' '  ><div class='container' ><div class='template-page content  av-content-small alpha units'><div class='post-entry post-entry-type-page post-entry-7614'><div class='entry-content-wrapper clearfix'>\n","protected":false},"excerpt":{"rendered":"","protected":false},"author":1,"featured_media":0,"parent":7203,"menu_order":4,"comment_status":"closed","ping_status":"closed","template":"","meta":[],"yoast_head":"<!-- This site is optimized with the Yoast SEO plugin v14.5 - https:\/\/yoast.com\/wordpress\/plugins\/seo\/ -->\n<title>Proiectul \u201c\u00cenvata din practica! INDIP\u201d - POCU\/90\/6\/19 - Great People Inside Romania<\/title>\n<meta name=\"robots\" content=\"index, follow\" \/>\n<meta name=\"googlebot\" content=\"index, follow, max-snippet:-1, max-image-preview:large, max-video-preview:-1\" \/>\n<meta name=\"bingbot\" content=\"index, follow, max-snippet:-1, max-image-preview:large, max-video-preview:-1\" \/>\n<link rel=\"canonical\" href=\"https:\/\/greatpeopleinside.com\/ro\/proiecte\/proiectul-invata-din-practica-indip-pocu90619\/\" \/>\n<meta property=\"og:locale\" content=\"ro_RO\" \/>\n<meta property=\"og:type\" content=\"article\" \/>\n<meta property=\"og:title\" content=\"Proiectul \u201c\u00cenvata din practica! INDIP\u201d - POCU\/90\/6\/19 - Great People Inside Romania\" \/>\n<meta property=\"og:url\" content=\"https:\/\/greatpeopleinside.com\/ro\/proiecte\/proiectul-invata-din-practica-indip-pocu90619\/\" \/>\n<meta property=\"og:site_name\" content=\"Great People Inside Romania\" \/>\n<meta property=\"article:publisher\" content=\"https:\/\/www.facebook.com\/GreatPeopleInside\/\" \/>\n<meta property=\"article:modified_time\" content=\"2019-11-19T12:38:37+00:00\" \/>\n<meta property=\"og:image\" content=\"https:\/\/greatpeopleinside.com\/ro\/wp-content\/uploads\/2019\/03\/nou.png\" \/>\n<meta name=\"twitter:card\" content=\"summary\" \/>\n<script type=\"application\/ld+json\" class=\"yoast-schema-graph\">{\"@context\":\"https:\/\/schema.org\",\"@graph\":[{\"@type\":\"WebSite\",\"@id\":\"https:\/\/greatpeopleinside.com\/ro\/#website\",\"url\":\"https:\/\/greatpeopleinside.com\/ro\/\",\"name\":\"Great People Inside Romania\",\"description\":\"Fully customisable assessment and development platform\",\"potentialAction\":[{\"@type\":\"SearchAction\",\"target\":\"https:\/\/greatpeopleinside.com\/ro\/?s={search_term_string}\",\"query-input\":\"required name=search_term_string\"}],\"inLanguage\":\"ro-RO\"},{\"@type\":\"ImageObject\",\"@id\":\"https:\/\/greatpeopleinside.com\/ro\/proiecte\/proiectul-invata-din-practica-indip-pocu90619\/#primaryimage\",\"inLanguage\":\"ro-RO\",\"url\":\"https:\/\/greatpeopleinside.com\/ro\/wp-content\/uploads\/2019\/03\/nou.png\",\"width\":53,\"height\":16},{\"@type\":\"WebPage\",\"@id\":\"https:\/\/greatpeopleinside.com\/ro\/proiecte\/proiectul-invata-din-practica-indip-pocu90619\/#webpage\",\"url\":\"https:\/\/greatpeopleinside.com\/ro\/proiecte\/proiectul-invata-din-practica-indip-pocu90619\/\",\"name\":\"Proiectul \\u201c\\u00cenvata din practica! INDIP\\u201d - POCU\/90\/6\/19 - Great People Inside Romania\",\"isPartOf\":{\"@id\":\"https:\/\/greatpeopleinside.com\/ro\/#website\"},\"primaryImageOfPage\":{\"@id\":\"https:\/\/greatpeopleinside.com\/ro\/proiecte\/proiectul-invata-din-practica-indip-pocu90619\/#primaryimage\"},\"datePublished\":\"2019-03-29T23:19:09+00:00\",\"dateModified\":\"2019-11-19T12:38:37+00:00\",\"inLanguage\":\"ro-RO\",\"potentialAction\":[{\"@type\":\"ReadAction\",\"target\":[\"https:\/\/greatpeopleinside.com\/ro\/proiecte\/proiectul-invata-din-practica-indip-pocu90619\/\"]}]}]}<\/script>\n<!-- \/ Yoast SEO plugin. -->","_links":{"self":[{"href":"https:\/\/greatpeopleinside.com\/ro\/wp-json\/wp\/v2\/pages\/7614"}],"collection":[{"href":"https:\/\/greatpeopleinside.com\/ro\/wp-json\/wp\/v2\/pages"}],"about":[{"href":"https:\/\/greatpeopleinside.com\/ro\/wp-json\/wp\/v2\/types\/page"}],"author":[{"embeddable":true,"href":"https:\/\/greatpeopleinside.com\/ro\/wp-json\/wp\/v2\/users\/1"}],"replies":[{"embeddable":true,"href":"https:\/\/greatpeopleinside.com\/ro\/wp-json\/wp\/v2\/comments?post=7614"}],"version-history":[{"count":21,"href":"https:\/\/greatpeopleinside.com\/ro\/wp-json\/wp\/v2\/pages\/7614\/revisions"}],"predecessor-version":[{"id":7802,"href":"https:\/\/greatpeopleinside.com\/ro\/wp-json\/wp\/v2\/pages\/7614\/revisions\/7802"}],"up":[{"embeddable":true,"href":"https:\/\/greatpeopleinside.com\/ro\/wp-json\/wp\/v2\/pages\/7203"}],"wp:attachment":[{"href":"https:\/\/greatpeopleinside.com\/ro\/wp-json\/wp\/v2\/media?parent=7614"}],"curies":[{"name":"wp","href":"https:\/\/api.w.org\/{rel}","templated":true}]}}