{"id":6756,"date":"2017-06-09T05:13:41","date_gmt":"2017-06-09T03:13:41","guid":{"rendered":"http:\/\/greatpeopleinside.com\/ro\/?page_id=6756"},"modified":"2024-12-13T12:32:54","modified_gmt":"2024-12-13T10:32:54","slug":"coaching-inainte-si-dupa-training","status":"publish","type":"page","link":"https:\/\/greatpeopleinside.com\/ro\/servicii-gr8\/coaching\/coaching-inainte-si-dupa-training\/","title":{"rendered":"Coaching \u00eenainte \u0219i dup\u0103 training"},"content":{"rendered":"<div id='av_section_1'  class='avia-section main_color avia-section-no-padding avia-no-border-styling  av-section-color-overlay-active avia-bg-style-scroll  avia-builder-el-0  el_before_av_section  avia-builder-el-first   av-minimum-height av-minimum-height-custom  container_wrap sidebar_right' style='background-color: #611c7d;  '  ><div class='av-section-color-overlay-wrap'><div class='av-section-color-overlay' style='opacity: 0.5; '><\/div><div class='container' style='height:150px'><main  role=\"main\" itemprop=\"mainContentOfPage\"  class='template-page content  av-content-small alpha units'><div class='post-entry post-entry-type-page post-entry-6756'><div class='entry-content-wrapper clearfix'>\n<div  style='height:20px' class='hr hr-invisible   avia-builder-el-1  avia-builder-el-no-sibling '><span class='hr-inner ' ><span class='hr-inner-style'><\/span><\/span><\/div>\n\n<\/div><\/div><\/main><!-- close content main element --><\/div><\/div><\/div><div id='av_section_2'  class='avia-section main_color avia-section-default avia-no-border-styling  avia-bg-style-scroll  avia-builder-el-2  el_after_av_section  el_before_av_section   container_wrap sidebar_right' style='background-repeat: no-repeat; background-image: url(https:\/\/greatpeopleinside.com\/ro\/wp-content\/uploads\/2017\/05\/bkgA21-2.jpg);background-attachment: scroll; background-position: top center;  '  data-section-bg-repeat='no-repeat'><div class='container' ><div class='template-page content  av-content-small alpha units'><div class='post-entry post-entry-type-page post-entry-6756'><div class='entry-content-wrapper clearfix'>\n<div class=\"flex_column av_one_full  av-animated-generic fade-in  flex_column_div first  avia-builder-el-3  avia-builder-el-no-sibling  \" style='padding:20px; border-radius:44px; '><section class=\"av_textblock_section \"  itemscope=\"itemscope\" itemtype=\"https:\/\/schema.org\/CreativeWork\" ><div class='avia_textblock  av_inherit_color '  style='color:#ffffff; '  itemprop=\"text\" ><h2>Coaching \u00eenainte \u0219i dup\u0103 training<\/h2>\n<\/div><\/section><\/div>\n\n<\/div><\/div><\/div><!-- close content main div --><\/div><\/div><div id='av_section_3'  class='avia-section main_color avia-section-default avia-no-shadow  avia-bg-style-scroll  avia-builder-el-5  el_after_av_section  el_before_av_section   container_wrap sidebar_right' style=' '  ><div class='container' ><div class='template-page content  av-content-small alpha units'><div class='post-entry post-entry-type-page post-entry-6756'><div class='entry-content-wrapper clearfix'>\n<div class=\"flex_column av_one_fifth  av-animated-generic fade-in  flex_column_div first  avia-builder-el-6  el_before_av_four_fifth  avia-builder-el-first  \" style='padding:20px; border-radius:44px; '><section class=\"av_textblock_section \"  itemscope=\"itemscope\" itemtype=\"https:\/\/schema.org\/CreativeWork\" ><div class='avia_textblock  av_inherit_color '  style='color:#495264; '  itemprop=\"text\" ><p><img loading=\"lazy\" class=\"alignleft wp-image-6760 size-full\" src=\"https:\/\/greatpeopleinside.com\/ro\/wp-content\/uploads\/2017\/06\/zicns_018.png\" alt=\"\" width=\"148\" height=\"148\" srcset=\"https:\/\/greatpeopleinside.com\/ro\/wp-content\/uploads\/2017\/06\/zicns_018.png 148w, https:\/\/greatpeopleinside.com\/ro\/wp-content\/uploads\/2017\/06\/zicns_018-100x100.png 100w, https:\/\/greatpeopleinside.com\/ro\/wp-content\/uploads\/2017\/06\/zicns_018-80x80.png 80w, https:\/\/greatpeopleinside.com\/ro\/wp-content\/uploads\/2017\/06\/zicns_018-36x36.png 36w\" sizes=\"(max-width: 148px) 100vw, 148px\" \/><\/p>\n<\/div><\/section><\/div><div class=\"flex_column av_four_fifth  av-animated-generic fade-in  flex_column_div   avia-builder-el-8  el_after_av_one_fifth  avia-builder-el-last  \" style='padding:20px; border-radius:44px; '><p><div  style='height:16px' class='hr hr-invisible   avia-builder-el-9  el_before_av_tab_container  avia-builder-el-first '><span class='hr-inner ' ><span class='hr-inner-style'><\/span><\/span><\/div><br \/>\n<div  class=\"tabcontainer   sidebar_tab sidebar_tab_left border_tabs  avia-builder-el-10  el_after_av_hr  avia-builder-el-last \" role=\"tablist\">\n\n<section class=\"av_tab_section\"  itemscope=\"itemscope\" itemtype=\"https:\/\/schema.org\/CreativeWork\" ><div aria-controls=\"tab-id-1-content\" role=\"tab\" tabindex=\"0\" data-fake-id=\"#tab-id-1\" class=\"tab active_tab\"  itemprop=\"headline\" >Coaching<\/div>\n<div id=\"tab-id-1-content\" class=\"tab_content active_tab_content\" aria-hidden=\"false\">\n<div class=\"tab_inner_content invers-color\"  itemprop=\"text\" >\n<p>Antren\u0103m punerea \u00een practic\u0103 a comportamentelor noi.<\/p>\n\n<\/div>\n<\/div>\n<\/section>\n\n<\/div>\n<\/p><\/div>\n\n<\/div><\/div><\/div><!-- close content main div --><\/div><\/div><div id='av_section_4'  class='avia-section main_color avia-section-default avia-no-shadow  avia-bg-style-scroll  avia-builder-el-11  el_after_av_section  avia-builder-el-last   container_wrap sidebar_right' style='background-color: #dbdbdb;  '  ><div class='container' ><div class='template-page content  av-content-small alpha units'><div class='post-entry post-entry-type-page post-entry-6756'><div class='entry-content-wrapper clearfix'>\n<div  style='height:1px; margin-top:-44px'  class='hr hr-invisible   avia-builder-el-12  el_before_av_one_fourth  avia-builder-el-first '><span class='hr-inner ' ><span class='hr-inner-style'><\/span><\/span><\/div>\n<div class=\"flex_column av_one_fourth  av-animated-generic fade-in  flex_column_div first  avia-builder-el-13  el_after_av_hr  el_before_av_three_fifth  \" style='padding:20px; border-radius:44px; '><section class=\"av_textblock_section \"  itemscope=\"itemscope\" itemtype=\"https:\/\/schema.org\/CreativeWork\" ><div class='avia_textblock  '   itemprop=\"text\" ><p><img loading=\"lazy\" class=\"alignleft wp-image-6705 size-full\" src=\"https:\/\/greatpeopleinside.com\/ro\/wp-content\/uploads\/2017\/05\/icn_001a2.png\" alt=\"\" width=\"197\" height=\"73\" \/><\/p>\n<div class=\"heading heading-with-icon icon-left icon-small\"><\/div>\n<div class=\"fusion-clearfix\"><\/div>\n<\/div><\/section><\/div><div class=\"flex_column av_three_fifth  av-animated-generic fade-in  flex_column_div   avia-builder-el-15  el_after_av_one_fourth  avia-builder-el-last  \" style='padding:20px; border-radius:44px; '><p><div  style='height:23px' class='hr hr-invisible   avia-builder-el-16  el_before_av_textblock  avia-builder-el-first '><span class='hr-inner ' ><span class='hr-inner-style'><\/span><\/span><\/div><br \/>\n<section class=\"av_textblock_section \"  itemscope=\"itemscope\" itemtype=\"https:\/\/schema.org\/CreativeWork\" ><div class='avia_textblock  av_inherit_color '  style='color:#727272; '  itemprop=\"text\" ><p><span style=\"font-size: 10pt;\">Pentru \u00eenscrieri \u0219i informa\u021bii suplimentare despre coachingul\u00a0\u0219i programele Great People Inside, consultan\u021bii no\u0219tri v\u00e3 stau \u00een permanen\u021b\u00e3 la dispozi\u021bie, la telefon: <strong>+\u00a0+40 268 426 336.<\/strong><\/span><\/p>\n<\/div><\/section><\/p><\/div><\/div><\/div><\/div><!-- close content main div --><\/div><\/div><div id='after_section_4'  class='main_color av_default_container_wrap container_wrap sidebar_right' style=' '  ><div class='container' ><div class='template-page content  av-content-small alpha units'><div class='post-entry post-entry-type-page post-entry-6756'><div class='entry-content-wrapper clearfix'>\n","protected":false},"excerpt":{"rendered":"","protected":false},"author":1,"featured_media":0,"parent":6004,"menu_order":0,"comment_status":"closed","ping_status":"closed","template":"","meta":[],"yoast_head":"<!-- This site is optimized with the Yoast SEO plugin v14.5 - https:\/\/yoast.com\/wordpress\/plugins\/seo\/ -->\n<title>Coaching \u00eenainte \u0219i dup\u0103 training - Great People Inside Romania<\/title>\n<meta name=\"robots\" content=\"index, follow\" \/>\n<meta name=\"googlebot\" content=\"index, follow, max-snippet:-1, max-image-preview:large, max-video-preview:-1\" \/>\n<meta name=\"bingbot\" content=\"index, follow, max-snippet:-1, max-image-preview:large, max-video-preview:-1\" \/>\n<link rel=\"canonical\" href=\"https:\/\/greatpeopleinside.com\/ro\/servicii-gr8\/coaching\/coaching-inainte-si-dupa-training\/\" \/>\n<meta property=\"og:locale\" content=\"ro_RO\" \/>\n<meta property=\"og:type\" content=\"article\" \/>\n<meta property=\"og:title\" content=\"Coaching \u00eenainte \u0219i dup\u0103 training - Great People Inside Romania\" \/>\n<meta property=\"og:url\" content=\"https:\/\/greatpeopleinside.com\/ro\/servicii-gr8\/coaching\/coaching-inainte-si-dupa-training\/\" \/>\n<meta property=\"og:site_name\" content=\"Great People Inside Romania\" \/>\n<meta property=\"article:publisher\" content=\"https:\/\/www.facebook.com\/GreatPeopleInside\/\" \/>\n<meta property=\"article:modified_time\" content=\"2024-12-13T10:32:54+00:00\" \/>\n<meta property=\"og:image\" content=\"https:\/\/greatpeopleinside.com\/ro\/wp-content\/uploads\/2017\/06\/zicns_018.png\" \/>\n<meta name=\"twitter:card\" content=\"summary\" \/>\n<script type=\"application\/ld+json\" class=\"yoast-schema-graph\">{\"@context\":\"https:\/\/schema.org\",\"@graph\":[{\"@type\":\"WebSite\",\"@id\":\"https:\/\/greatpeopleinside.com\/ro\/#website\",\"url\":\"https:\/\/greatpeopleinside.com\/ro\/\",\"name\":\"Great People Inside Romania\",\"description\":\"Fully customisable assessment and development platform\",\"potentialAction\":[{\"@type\":\"SearchAction\",\"target\":\"https:\/\/greatpeopleinside.com\/ro\/?s={search_term_string}\",\"query-input\":\"required name=search_term_string\"}],\"inLanguage\":\"ro-RO\"},{\"@type\":\"ImageObject\",\"@id\":\"https:\/\/greatpeopleinside.com\/ro\/servicii-gr8\/coaching\/coaching-inainte-si-dupa-training\/#primaryimage\",\"inLanguage\":\"ro-RO\",\"url\":\"https:\/\/greatpeopleinside.com\/ro\/wp-content\/uploads\/2017\/06\/zicns_018.png\",\"width\":148,\"height\":148},{\"@type\":\"WebPage\",\"@id\":\"https:\/\/greatpeopleinside.com\/ro\/servicii-gr8\/coaching\/coaching-inainte-si-dupa-training\/#webpage\",\"url\":\"https:\/\/greatpeopleinside.com\/ro\/servicii-gr8\/coaching\/coaching-inainte-si-dupa-training\/\",\"name\":\"Coaching \\u00eenainte \\u0219i dup\\u0103 training - Great People Inside Romania\",\"isPartOf\":{\"@id\":\"https:\/\/greatpeopleinside.com\/ro\/#website\"},\"primaryImageOfPage\":{\"@id\":\"https:\/\/greatpeopleinside.com\/ro\/servicii-gr8\/coaching\/coaching-inainte-si-dupa-training\/#primaryimage\"},\"datePublished\":\"2017-06-09T03:13:41+00:00\",\"dateModified\":\"2024-12-13T10:32:54+00:00\",\"inLanguage\":\"ro-RO\",\"potentialAction\":[{\"@type\":\"ReadAction\",\"target\":[\"https:\/\/greatpeopleinside.com\/ro\/servicii-gr8\/coaching\/coaching-inainte-si-dupa-training\/\"]}]}]}<\/script>\n<!-- \/ Yoast SEO plugin. -->","_links":{"self":[{"href":"https:\/\/greatpeopleinside.com\/ro\/wp-json\/wp\/v2\/pages\/6756"}],"collection":[{"href":"https:\/\/greatpeopleinside.com\/ro\/wp-json\/wp\/v2\/pages"}],"about":[{"href":"https:\/\/greatpeopleinside.com\/ro\/wp-json\/wp\/v2\/types\/page"}],"author":[{"embeddable":true,"href":"https:\/\/greatpeopleinside.com\/ro\/wp-json\/wp\/v2\/users\/1"}],"replies":[{"embeddable":true,"href":"https:\/\/greatpeopleinside.com\/ro\/wp-json\/wp\/v2\/comments?post=6756"}],"version-history":[{"count":4,"href":"https:\/\/greatpeopleinside.com\/ro\/wp-json\/wp\/v2\/pages\/6756\/revisions"}],"predecessor-version":[{"id":10103,"href":"https:\/\/greatpeopleinside.com\/ro\/wp-json\/wp\/v2\/pages\/6756\/revisions\/10103"}],"up":[{"embeddable":true,"href":"https:\/\/greatpeopleinside.com\/ro\/wp-json\/wp\/v2\/pages\/6004"}],"wp:attachment":[{"href":"https:\/\/greatpeopleinside.com\/ro\/wp-json\/wp\/v2\/media?parent=6756"}],"curies":[{"name":"wp","href":"https:\/\/api.w.org\/{rel}","templated":true}]}}