{"id":6030,"date":"2017-05-30T00:28:28","date_gmt":"2017-05-29T22:28:28","guid":{"rendered":"http:\/\/greatpeopleinside.com\/ro\/?page_id=6030"},"modified":"2019-11-19T14:13:35","modified_gmt":"2019-11-19T12:13:35","slug":"simulator-de-afaceri","status":"publish","type":"page","link":"https:\/\/greatpeopleinside.com\/ro\/servicii-gr8\/training\/simulator-de-afaceri\/","title":{"rendered":"Simulator de afaceri"},"content":{"rendered":"<div id='av_section_1'  class='avia-section main_color avia-section-no-padding avia-no-border-styling  av-section-color-overlay-active avia-bg-style-scroll  avia-builder-el-0  el_before_av_section  avia-builder-el-first   av-minimum-height av-minimum-height-custom  container_wrap sidebar_right' style='background-color: #2f9aac;  '  ><div class='av-section-color-overlay-wrap'><div class='av-section-color-overlay' style='opacity: 0.5; '><\/div><div class='container' style='height:150px'><main  role=\"main\" itemprop=\"mainContentOfPage\"  class='template-page content  av-content-small alpha units'><div class='post-entry post-entry-type-page post-entry-6030'><div class='entry-content-wrapper clearfix'>\n<div  style='height:20px' class='hr hr-invisible   avia-builder-el-1  avia-builder-el-no-sibling '><span class='hr-inner ' ><span class='hr-inner-style'><\/span><\/span><\/div>\n\n<\/div><\/div><\/main><!-- close content main element --><\/div><\/div><\/div><div id='av_section_2'  class='avia-section main_color avia-section-default avia-no-border-styling  avia-bg-style-scroll  avia-builder-el-2  el_after_av_section  el_before_av_section   container_wrap sidebar_right' style='background-repeat: no-repeat; background-image: url(https:\/\/greatpeopleinside.com\/ro\/wp-content\/uploads\/2017\/05\/bkgA21-2.jpg);background-attachment: scroll; background-position: top center;  '  data-section-bg-repeat='no-repeat'><div class='container' ><div class='template-page content  av-content-small alpha units'><div class='post-entry post-entry-type-page post-entry-6030'><div class='entry-content-wrapper clearfix'>\n<div class=\"flex_column av_one_full  av-animated-generic fade-in  flex_column_div first  avia-builder-el-3  avia-builder-el-no-sibling  \" style='padding:20px; border-radius:44px; '><section class=\"av_textblock_section \"  itemscope=\"itemscope\" itemtype=\"https:\/\/schema.org\/CreativeWork\" ><div class='avia_textblock  av_inherit_color '  style='color:#ffffff; '  itemprop=\"text\" ><h2><strong>Simulator de afaceri<\/strong><\/h2>\n<\/div><\/section><\/div>\n\n<\/div><\/div><\/div><!-- close content main div --><\/div><\/div><div id='av_section_3'  class='avia-section main_color avia-section-default avia-no-shadow  avia-bg-style-scroll  avia-builder-el-5  el_after_av_section  el_before_av_section   container_wrap sidebar_right' style=' '  ><div class='container' ><div class='template-page content  av-content-small alpha units'><div class='post-entry post-entry-type-page post-entry-6030'><div class='entry-content-wrapper clearfix'>\n<div class=\"flex_column av_one_full  av-animated-generic fade-in  flex_column_div first  avia-builder-el-6  avia-builder-el-no-sibling  \" style='padding:20px; border-radius:44px; '><section class=\"av_textblock_section \"  itemscope=\"itemscope\" itemtype=\"https:\/\/schema.org\/CreativeWork\" ><div class='avia_textblock  av_inherit_color '  style='color:#2f9aac; '  itemprop=\"text\" ><h3><strong>Competi\u021bia Global Management Challenge<\/strong><\/h3>\n<\/div><\/section><br \/>\n<section class=\"av_textblock_section \"  itemscope=\"itemscope\" itemtype=\"https:\/\/schema.org\/CreativeWork\" ><div class='avia_textblock  '   itemprop=\"text\" ><p><img loading=\"lazy\" class=\"alignleft size-full wp-image-6692\" src=\"https:\/\/greatpeopleinside.com\/ro\/wp-content\/uploads\/2017\/05\/GMC_03.png\" alt=\"\" width=\"666\" height=\"297\" srcset=\"https:\/\/greatpeopleinside.com\/ro\/wp-content\/uploads\/2017\/05\/GMC_03.png 666w, https:\/\/greatpeopleinside.com\/ro\/wp-content\/uploads\/2017\/05\/GMC_03-600x268.png 600w, https:\/\/greatpeopleinside.com\/ro\/wp-content\/uploads\/2017\/05\/GMC_03-300x134.png 300w\" sizes=\"(max-width: 666px) 100vw, 666px\" \/><\/p>\n<\/div><\/section><br \/>\n<div  style='height:20px' class='hr hr-invisible   avia-builder-el-9  el_after_av_textblock  el_before_av_textblock '><span class='hr-inner ' ><span class='hr-inner-style'><\/span><\/span><\/div><br \/>\n<section class=\"av_textblock_section \"  itemscope=\"itemscope\" itemtype=\"https:\/\/schema.org\/CreativeWork\" ><div class='avia_textblock  '   itemprop=\"text\" ><p><em><strong>\u201cAcea persoan\u0103 con\u015ftient\u0103 de faptul c\u0103 \u00eenainte de a fi conduc\u0103tor, succesul \u00eenseamn\u0103 s\u0103 cre\u015fti, s\u0103 investe\u015fti \u00een tine. C\u00e2nd ajungi s\u0103 conduci,succesul \u00eenseamn\u0103 s\u0103 vizezi cre\u015fterea \u015fi dezvoltarea altora.\u201d\u00a0<\/strong><\/em>Jack Welch<b><\/b><\/p>\n<p>Global Management Challenge\u00ae reprezint\u0103 cea mai important\u0103 competi\u021bie de strategie \u0219i management din lume reunind, p\u00e2n\u0103 \u00een prezent, peste 400.000 de participan\u021bi din 42 de \u021b\u0103ri.<br \/>\nLa ora actual\u0103 este singura competi\u021bie prezent\u0103 pe pia\u021ba rom\u00e2neasc\u0103, ce cuprinde toate ariile decizionale ale unei companii.<\/p>\n<p>Global Management Challenge\u00ae este o simulare de strategie \u015fi management care are la baz\u0103 o situa\u0163ie economic\u0103 real\u0103, \u00een care un num\u0103r de companii virtuale, reprezentate de echipele participante concureaz\u0103 \u00eentre ele \u00eentr-un mediu de afaceri obi\u015fnuit. Un model computerizat foarte complex simuleaz\u0103 interac\u0163iunile dintre diferitele departamente ale fiec\u0103rei companii, rela\u0163iile de concuren\u0163\u0103 \u00eentre companii \u015fi mediul economic, toate acestea av\u00e2nd ca scop final ob\u0163inerea celei mai mari performan\u021be ale investi\u021biei.<\/p>\n<p>Dincolo de toate aceste aspecte, Global Management Challenge\u00ae reprezint\u0103 un simulator de tip \u201ereal life\u201d, transpus \u00een activitatea de management.<\/p>\n<h5><strong>Care sunt beneficiile particip\u0103rii la un astfel de training?<\/strong><\/h5>\n<ul>\n<li>Abilitatea de a g\u00e2ndi strategic, analiz\u00e2nd diverse scenarii posibile;<\/li>\n<li>Cultivarea flexibilit\u0103\u0163ii mentale, datorit\u0103 mediului \u00een permanent\u0103 schimbare;<\/li>\n<li>Identificarea poten\u0163ialului de lider, exers\u00e2nd abilit\u0103\u0163ile prin competi\u0163ia Global Management Challenge\u00ae;<\/li>\n<li>Dezvoltarea spiritului antreprenorial;<\/li>\n<li>Identificarea abilit\u0103\u0163ilor manageriale;<\/li>\n<li>Munca \u00een echip\u0103, fiind un excelent exerci\u021biu de team-building;<\/li>\n<li>Dezvoltarea \u015fi implementarea de strategii eficiente de management al talentelor;<\/li>\n<li>Identificarea, selec\u0163ia \u015fi dezvoltarea celor mai performan\u0163i membrii ai echipelor manageriale;<\/li>\n<li>Valorificarea spiritului competitiv;<\/li>\n<li>Aplicarea strategiilor de valorificare a spiritului \u00eentreprinz\u0103tor;<\/li>\n<li>Cre\u015fterea eficien\u0163ei echipei manageriale.<\/li>\n<\/ul>\n<h5><b>Mod de Desf\u0103\u015furare<\/b><\/h5>\n<p>\u00cen Rom\u00e2nia competi\u0163ia se desf\u0103\u015foar\u0103 \u00een patru etape:<\/p>\n<ul>\n<li>Etapa I\u00a0 \u2013 Business&amp;Strategy Workshop;<\/li>\n<li>Etapa II \u2013 Semifinala competi\u0163iei Global Management Challenge\u00ae;<\/li>\n<li>Etapa III \u2013 Finala Na\u0163ional\u0103;<\/li>\n<li>Etapa IV- Finala Interna\u0163ional\u0103.<\/li>\n<\/ul>\n<\/div><\/section><br \/>\n<section class=\"av_textblock_section \"  itemscope=\"itemscope\" itemtype=\"https:\/\/schema.org\/CreativeWork\" ><div class='avia_textblock  '   itemprop=\"text\" ><p><img loading=\"lazy\" class=\"alignleft wp-image-6693 size-full\" src=\"https:\/\/greatpeopleinside.com\/ro\/wp-content\/uploads\/2017\/05\/GMC_04.png\" alt=\"\" width=\"666\" height=\"297\" srcset=\"https:\/\/greatpeopleinside.com\/ro\/wp-content\/uploads\/2017\/05\/GMC_04.png 666w, https:\/\/greatpeopleinside.com\/ro\/wp-content\/uploads\/2017\/05\/GMC_04-600x268.png 600w, https:\/\/greatpeopleinside.com\/ro\/wp-content\/uploads\/2017\/05\/GMC_04-300x134.png 300w\" sizes=\"(max-width: 666px) 100vw, 666px\" \/><\/p>\n<\/div><\/section><br \/>\n<div  style='height:20px' class='hr hr-invisible   avia-builder-el-12  el_after_av_textblock  el_before_av_textblock '><span class='hr-inner ' ><span class='hr-inner-style'><\/span><\/span><\/div><br \/>\n<section class=\"av_textblock_section \"  itemscope=\"itemscope\" itemtype=\"https:\/\/schema.org\/CreativeWork\" ><div class='avia_textblock  av_inherit_color '  style='color:#2f9aac; '  itemprop=\"text\" ><p><span style=\"font-size: 12pt;\"><strong>Aceast\u0103 competi\u0163ie reprezint\u0103 \u015fansa de a concura cu cele mai bune echipe din\u00a0 cadrul celor mai puternice companii din Rom\u00e2nia. Acest exerci\u0163iu de management \u00eent\u0103re\u015fte colaborarea \u015fi lucrul \u00een echip\u0103, ajut\u0103 la descoperirea de noi talente \u015fi, nu \u00een ultimul r\u00e2nd, dezvolt\u0103 abilit\u0103\u0163ile manageriale \u015fi strategice ale angaja\u0163ilor.<\/strong><\/span><\/p>\n<\/div><\/section><\/p><\/div><\/div><\/div><\/div><!-- close content main div --><\/div><\/div><div id='av_section_4'  class='avia-section main_color avia-section-default avia-no-shadow  avia-bg-style-scroll  avia-builder-el-14  el_after_av_section  avia-builder-el-last   container_wrap sidebar_right' style='background-color: #dbdbdb;  '  ><div class='container' ><div class='template-page content  av-content-small alpha units'><div class='post-entry post-entry-type-page post-entry-6030'><div class='entry-content-wrapper clearfix'>\n<div  style='height:1px; margin-top:-44px'  class='hr hr-invisible   avia-builder-el-15  el_before_av_one_fourth  avia-builder-el-first '><span class='hr-inner ' ><span class='hr-inner-style'><\/span><\/span><\/div>\n<div class=\"flex_column av_one_fourth  av-animated-generic fade-in  flex_column_div first  avia-builder-el-16  el_after_av_hr  el_before_av_three_fifth  \" style='padding:20px; border-radius:44px; '><section class=\"av_textblock_section \"  itemscope=\"itemscope\" itemtype=\"https:\/\/schema.org\/CreativeWork\" ><div class='avia_textblock  '   itemprop=\"text\" ><p><img loading=\"lazy\" class=\"alignleft wp-image-6705 size-full\" src=\"https:\/\/greatpeopleinside.com\/ro\/wp-content\/uploads\/2017\/05\/icn_001a2.png\" alt=\"\" width=\"197\" height=\"73\" \/><\/p>\n<div class=\"heading heading-with-icon icon-left icon-small\"><\/div>\n<div class=\"fusion-clearfix\"><\/div>\n<\/div><\/section><\/div><div class=\"flex_column av_three_fifth  av-animated-generic fade-in  flex_column_div   avia-builder-el-18  el_after_av_one_fourth  avia-builder-el-last  \" style='padding:20px; border-radius:44px; '><p><div  style='height:23px' class='hr hr-invisible   avia-builder-el-19  el_before_av_textblock  avia-builder-el-first '><span class='hr-inner ' ><span class='hr-inner-style'><\/span><\/span><\/div><br \/>\n<section class=\"av_textblock_section \"  itemscope=\"itemscope\" itemtype=\"https:\/\/schema.org\/CreativeWork\" ><div class='avia_textblock  av_inherit_color '  style='color:#727272; '  itemprop=\"text\" ><p><span style=\"font-size: 10pt;\">Pentru \u00eenscrieri \u0219i informa\u021bii suplimentare despre traningurile \u0219i programele Great People Inside, consultan\u021bii no\u0219tri v\u00e3 stau \u00een permanen\u021b\u00e3 la dispozi\u021bie, la telefon: <strong>+40 213 125 707.<\/strong><\/span><\/p>\n<\/div><\/section><\/p><\/div><\/div><\/div><\/div><!-- close content main div --><\/div><\/div><div id='after_section_4'  class='main_color av_default_container_wrap container_wrap sidebar_right' style=' '  ><div class='container' ><div class='template-page content  av-content-small alpha units'><div class='post-entry post-entry-type-page post-entry-6030'><div class='entry-content-wrapper clearfix'><\/p>\n","protected":false},"excerpt":{"rendered":"","protected":false},"author":1,"featured_media":0,"parent":6000,"menu_order":0,"comment_status":"closed","ping_status":"closed","template":"","meta":[],"yoast_head":"<!-- This site is optimized with the Yoast SEO plugin v14.5 - https:\/\/yoast.com\/wordpress\/plugins\/seo\/ -->\n<title>Simulator de afaceri - Great People Inside Romania<\/title>\n<meta name=\"robots\" content=\"index, follow\" \/>\n<meta name=\"googlebot\" content=\"index, follow, max-snippet:-1, max-image-preview:large, max-video-preview:-1\" \/>\n<meta name=\"bingbot\" content=\"index, follow, max-snippet:-1, max-image-preview:large, max-video-preview:-1\" \/>\n<link rel=\"canonical\" href=\"https:\/\/greatpeopleinside.com\/ro\/servicii-gr8\/training\/simulator-de-afaceri\/\" \/>\n<meta property=\"og:locale\" content=\"ro_RO\" \/>\n<meta property=\"og:type\" content=\"article\" \/>\n<meta property=\"og:title\" content=\"Simulator de afaceri - Great People Inside Romania\" \/>\n<meta property=\"og:url\" content=\"https:\/\/greatpeopleinside.com\/ro\/servicii-gr8\/training\/simulator-de-afaceri\/\" \/>\n<meta property=\"og:site_name\" content=\"Great People Inside Romania\" \/>\n<meta property=\"article:publisher\" content=\"https:\/\/www.facebook.com\/GreatPeopleInside\/\" \/>\n<meta property=\"article:modified_time\" content=\"2019-11-19T12:13:35+00:00\" \/>\n<meta property=\"og:image\" content=\"https:\/\/greatpeopleinside.com\/ro\/wp-content\/uploads\/2017\/05\/GMC_03.png\" \/>\n<meta name=\"twitter:card\" content=\"summary\" \/>\n<script type=\"application\/ld+json\" class=\"yoast-schema-graph\">{\"@context\":\"https:\/\/schema.org\",\"@graph\":[{\"@type\":\"WebSite\",\"@id\":\"https:\/\/greatpeopleinside.com\/ro\/#website\",\"url\":\"https:\/\/greatpeopleinside.com\/ro\/\",\"name\":\"Great People Inside Romania\",\"description\":\"Fully customisable assessment and development platform\",\"potentialAction\":[{\"@type\":\"SearchAction\",\"target\":\"https:\/\/greatpeopleinside.com\/ro\/?s={search_term_string}\",\"query-input\":\"required name=search_term_string\"}],\"inLanguage\":\"ro-RO\"},{\"@type\":\"ImageObject\",\"@id\":\"https:\/\/greatpeopleinside.com\/ro\/servicii-gr8\/training\/simulator-de-afaceri\/#primaryimage\",\"inLanguage\":\"ro-RO\",\"url\":\"https:\/\/greatpeopleinside.com\/ro\/wp-content\/uploads\/2017\/05\/GMC_03.png\",\"width\":666,\"height\":297},{\"@type\":\"WebPage\",\"@id\":\"https:\/\/greatpeopleinside.com\/ro\/servicii-gr8\/training\/simulator-de-afaceri\/#webpage\",\"url\":\"https:\/\/greatpeopleinside.com\/ro\/servicii-gr8\/training\/simulator-de-afaceri\/\",\"name\":\"Simulator de afaceri - Great People Inside Romania\",\"isPartOf\":{\"@id\":\"https:\/\/greatpeopleinside.com\/ro\/#website\"},\"primaryImageOfPage\":{\"@id\":\"https:\/\/greatpeopleinside.com\/ro\/servicii-gr8\/training\/simulator-de-afaceri\/#primaryimage\"},\"datePublished\":\"2017-05-29T22:28:28+00:00\",\"dateModified\":\"2019-11-19T12:13:35+00:00\",\"inLanguage\":\"ro-RO\",\"potentialAction\":[{\"@type\":\"ReadAction\",\"target\":[\"https:\/\/greatpeopleinside.com\/ro\/servicii-gr8\/training\/simulator-de-afaceri\/\"]}]}]}<\/script>\n<!-- \/ Yoast SEO plugin. -->","_links":{"self":[{"href":"https:\/\/greatpeopleinside.com\/ro\/wp-json\/wp\/v2\/pages\/6030"}],"collection":[{"href":"https:\/\/greatpeopleinside.com\/ro\/wp-json\/wp\/v2\/pages"}],"about":[{"href":"https:\/\/greatpeopleinside.com\/ro\/wp-json\/wp\/v2\/types\/page"}],"author":[{"embeddable":true,"href":"https:\/\/greatpeopleinside.com\/ro\/wp-json\/wp\/v2\/users\/1"}],"replies":[{"embeddable":true,"href":"https:\/\/greatpeopleinside.com\/ro\/wp-json\/wp\/v2\/comments?post=6030"}],"version-history":[{"count":18,"href":"https:\/\/greatpeopleinside.com\/ro\/wp-json\/wp\/v2\/pages\/6030\/revisions"}],"predecessor-version":[{"id":7788,"href":"https:\/\/greatpeopleinside.com\/ro\/wp-json\/wp\/v2\/pages\/6030\/revisions\/7788"}],"up":[{"embeddable":true,"href":"https:\/\/greatpeopleinside.com\/ro\/wp-json\/wp\/v2\/pages\/6000"}],"wp:attachment":[{"href":"https:\/\/greatpeopleinside.com\/ro\/wp-json\/wp\/v2\/media?parent=6030"}],"curies":[{"name":"wp","href":"https:\/\/api.w.org\/{rel}","templated":true}]}}