{"id":6028,"date":"2017-05-30T00:25:07","date_gmt":"2017-05-29T22:25:07","guid":{"rendered":"http:\/\/greatpeopleinside.com\/ro\/?page_id=6028"},"modified":"2019-11-19T14:11:29","modified_gmt":"2019-11-19T12:11:29","slug":"negociere-si-vanzari","status":"publish","type":"page","link":"https:\/\/greatpeopleinside.com\/ro\/servicii-gr8\/training\/negociere-si-vanzari\/","title":{"rendered":"Negociere \u0219i v\u00e2nz\u0103ri"},"content":{"rendered":"<div id='av_section_1'  class='avia-section main_color avia-section-no-padding avia-no-border-styling  av-section-color-overlay-active avia-bg-style-scroll  avia-builder-el-0  el_before_av_section  avia-builder-el-first   av-minimum-height av-minimum-height-custom  container_wrap sidebar_right' style='background-color: #74c2ce;  '  ><div class='av-section-color-overlay-wrap'><div class='av-section-color-overlay' style='opacity: 0.5; '><\/div><div class='container' style='height:150px'><main  role=\"main\" itemprop=\"mainContentOfPage\"  class='template-page content  av-content-small alpha units'><div class='post-entry post-entry-type-page post-entry-6028'><div class='entry-content-wrapper clearfix'>\n<div  style='height:20px' class='hr hr-invisible   avia-builder-el-1  avia-builder-el-no-sibling '><span class='hr-inner ' ><span class='hr-inner-style'><\/span><\/span><\/div>\n\n<\/div><\/div><\/main><!-- close content main element --><\/div><\/div><\/div><div id='av_section_2'  class='avia-section main_color avia-section-default avia-no-border-styling  avia-bg-style-scroll  avia-builder-el-2  el_after_av_section  el_before_av_section   container_wrap sidebar_right' style='background-repeat: no-repeat; background-image: url(https:\/\/greatpeopleinside.com\/ro\/wp-content\/uploads\/2017\/05\/bkgA21-2.jpg);background-attachment: scroll; background-position: top center;  '  data-section-bg-repeat='no-repeat'><div class='container' ><div class='template-page content  av-content-small alpha units'><div class='post-entry post-entry-type-page post-entry-6028'><div class='entry-content-wrapper clearfix'>\n<div class=\"flex_column av_one_full  av-animated-generic fade-in  flex_column_div first  avia-builder-el-3  avia-builder-el-no-sibling  \" style='padding:20px; border-radius:44px; '><section class=\"av_textblock_section \"  itemscope=\"itemscope\" itemtype=\"https:\/\/schema.org\/CreativeWork\" ><div class='avia_textblock  av_inherit_color '  style='color:#ffffff; '  itemprop=\"text\" ><h2><strong>Negociere \u015fi v\u00e2nz\u0103ri<\/strong><\/h2>\n<\/div><\/section><\/div>\n\n<\/div><\/div><\/div><!-- close content main div --><\/div><\/div><div id='av_section_3'  class='avia-section main_color avia-section-default avia-no-shadow  avia-bg-style-scroll  avia-builder-el-5  el_after_av_section  el_before_av_section   container_wrap sidebar_right' style=' '  ><div class='container' ><div class='template-page content  av-content-small alpha units'><div class='post-entry post-entry-type-page post-entry-6028'><div class='entry-content-wrapper clearfix'>\n<div class=\"flex_column av_one_fifth  av-animated-generic fade-in  flex_column_div first  avia-builder-el-6  el_before_av_four_fifth  avia-builder-el-first  \" style='padding:20px; border-radius:44px; '><section class=\"av_textblock_section \"  itemscope=\"itemscope\" itemtype=\"https:\/\/schema.org\/CreativeWork\" ><div class='avia_textblock  av_inherit_color '  style='color:#495264; '  itemprop=\"text\" ><p><img loading=\"lazy\" class=\"alignleft wp-image-6687 size-full\" src=\"https:\/\/greatpeopleinside.com\/ro\/wp-content\/uploads\/2017\/05\/zicns_011.png\" alt=\"\" width=\"148\" height=\"148\" srcset=\"https:\/\/greatpeopleinside.com\/ro\/wp-content\/uploads\/2017\/05\/zicns_011.png 148w, https:\/\/greatpeopleinside.com\/ro\/wp-content\/uploads\/2017\/05\/zicns_011-100x100.png 100w, https:\/\/greatpeopleinside.com\/ro\/wp-content\/uploads\/2017\/05\/zicns_011-80x80.png 80w, https:\/\/greatpeopleinside.com\/ro\/wp-content\/uploads\/2017\/05\/zicns_011-36x36.png 36w\" sizes=\"(max-width: 148px) 100vw, 148px\" \/><\/p>\n<\/div><\/section><\/div><div class=\"flex_column av_four_fifth  av-animated-generic fade-in  flex_column_div   avia-builder-el-8  el_after_av_one_fifth  avia-builder-el-last  \" style='padding:20px; border-radius:44px; '><p><div  style='height:16px' class='hr hr-invisible   avia-builder-el-9  el_before_av_textblock  avia-builder-el-first '><span class='hr-inner ' ><span class='hr-inner-style'><\/span><\/span><\/div><br \/>\n<section class=\"av_textblock_section \"  itemscope=\"itemscope\" itemtype=\"https:\/\/schema.org\/CreativeWork\" ><div class='avia_textblock  '   itemprop=\"text\" ><h3>TRAININGURI<\/h3>\n<\/div><\/section><br \/>\n<div  class=\"tabcontainer   sidebar_tab sidebar_tab_left border_tabs  avia-builder-el-11  el_after_av_textblock  avia-builder-el-last \" role=\"tablist\">\n\n<section class=\"av_tab_section\"  itemscope=\"itemscope\" itemtype=\"https:\/\/schema.org\/CreativeWork\" ><div aria-controls=\"tab-id-1-content\" role=\"tab\" tabindex=\"0\" data-fake-id=\"#tab-id-1\" class=\"tab active_tab\"  itemprop=\"headline\" >TEHNICI DE V\u00c2NZARE<\/div>\n<div id=\"tab-id-1-content\" class=\"tab_content active_tab_content\" aria-hidden=\"false\">\n<div class=\"tab_inner_content invers-color\"  itemprop=\"text\" >\n<p><em><strong>\u201cVanzarea este singura activitate care contribuie la profit. Toate celelalte activit\u0103\u021bi contribuie la cheltuieli.\u201d&#8230;\u00a0Zig Ziglar<\/strong><\/em><\/p>\n<p>\u00cen contextul unei economii aflat\u0103 \u00eentr-un proces de continu\u0103 schimbare, \u00een care se nasc \u00een permanen\u021b\u0103 noi pie\u021be \u0219i noi competitori, pentru a supravietui \u0219i progresa, avem nevoie s\u0103 \u00eentelegem ce \u00eenseamn\u0103 cu adevarat \u201ca vinde\u201d.<\/p>\n<p>\u201eCe face un vanzator de succes?\u201d<br \/>\n\u201eCum anume face ceea ce face?\u201d<\/p>\n<h5><strong>De ce s\u0103 participa\u021bi la Trainingul \u201eTehnici de v\u00e2nzare\u201d?<\/strong><\/h5>\n<p>Ve\u021bi \u00eenv\u0103\u021ba:<\/p>\n<ul>\n<li>Tehnica de v\u00e2nzare CAB (Caracteristici \u2013 Avantaje \u2013 Beneficii)<\/li>\n<li>Cum s\u0103 adapta\u021bi v\u00e2nz\u0103rea la specificul clientului<\/li>\n<li>Tehnica de v\u00e2nzare AIDA (Aten\u0163ie \u2013 Interes \u2013 Dorin\u0163\u0103 \u2013 Ac\u0163iune)<\/li>\n<li>Modalit\u0103\u021bi de identificare a nevoilor clien\u0163ilor<\/li>\n<li>Tehnica de v\u00e2nzare SPIN (Situa\u0163ie \u2013 Problem\u0103 \u2013 Implica\u0163ii \u2013 Nevoie)<\/li>\n<li>Tehnica de v\u00e2nzare SELL<\/li>\n<li>Diferen\u021ba dintre Manipulare \u0219i persuasiune \u2013 principii \u015fi tehnici de manipulare<\/li>\n<li>Ce abilit\u0103\u0163i sunt necesare rezolv\u0103rii obiec\u0163iilor<\/li>\n<\/ul>\n\n<\/div>\n<\/div>\n<\/section>\n\n<section class=\"av_tab_section\"  itemscope=\"itemscope\" itemtype=\"https:\/\/schema.org\/CreativeWork\" ><div aria-controls=\"tab-id-2-content\" role=\"tab\" tabindex=\"0\" data-fake-id=\"#tab-id-2\" class=\"tab \"  itemprop=\"headline\" >ABILIT\u0102\u021aI DE V\u00c2NZARE<\/div>\n<div id=\"tab-id-2-content\" class=\"tab_content \" aria-hidden=\"true\">\n<div class=\"tab_inner_content invers-color\"  itemprop=\"text\" >\n<p style=\"text-align: left;\" align=\"center\"><em><strong>\u201cV\u00e2nz\u0103rile sunt dependente de atitudinea omului de v\u00eenzari, nu de atitudinea clientului.\u201d&#8230; William Clement Stone<\/strong><\/em><\/p>\n<p>Comunicarea eficient\u0103 cu clien\u021bii st\u0103 la baza oric\u0103rei v\u00e2nz\u0103ri. Prea multe companii se folosesc de o ofert\u0103 universal\u0103. \u00cen realitate clien\u021bii vorbesc un limbaj unic, bazat pe experien\u021bele lor de via\u021b\u0103. Construi\u021bi-v\u0103 abordarea \u0219i limbajul pentru fiecare client. Concentra\u021bi-v\u0103 asupra lor, nu asupra dumneavoastr\u0103. C\u00e2nd \u00eencerca\u021bi s\u0103 realiza\u021bi o v\u00e2nzare, se poate s\u0103 fi\u021bi tentat s\u0103 vorbi\u021bi despre \u201ccompania mea, beneficiile produsului meu, op\u021biunile produsului meu.\u201d \u00cen loc s\u0103 face\u021bi acest lucru, pune\u021bi-v\u0103 clien\u021bii \u00een lumina reflectoarelor. Vorbi\u021bi despre problemele lor, valorile lor \u0219i planurile lor de cump\u0103rare.<\/p>\n<h5><strong>De ce s\u0103 participa\u021bi la Trainingul \u201eAbilit\u0103\u021bi de v\u00e2nzare\u201d?<\/strong><\/h5>\n<p>Ve\u021bi \u00eenv\u0103\u021ba:<\/p>\n<ul>\n<li>Care este comportamentul adecvat de v\u00e2nzare<\/li>\n<li>Emo\u0163ii \u015fi convingeri \u00een procesul v\u00e2nz\u0103rii<\/li>\n<li>Cum s\u0103 va \u00eembun\u0103t\u0103\u021bi\u021bi abilit\u0103\u0163ile de management al emo\u0163iilor \u015fi stresului \u00een v\u00e2nzare<\/li>\n<li>Puterea legii 80 \/ 20 \u00een v\u00e2nz\u0103ri<\/li>\n<li>Care este atitudinea potrivit\u0103 \u00een v\u00e2nz\u0103ri<\/li>\n<li>Cum s\u0103 v\u0103 dezvolta\u021bi abilit\u0103\u0163i de comunicare \u015fi rela\u0163ionare<\/li>\n<li>Importan\u021ba abilit\u0103\u0163ii de influen\u0163are \u00een v\u00e2nz\u0103ri<\/li>\n<li>Zece strategii pentru ob\u0163inerea excelen\u0163ei \u00een v\u00e2nz\u0103ri<\/li>\n<\/ul>\n\n<\/div>\n<\/div>\n<\/section>\n\n<\/div>\n<\/p><\/div><\/div><\/div><\/div><!-- close content main div --><\/div><\/div><div id='av_section_4'  class='avia-section main_color avia-section-default avia-no-shadow  avia-bg-style-scroll  avia-builder-el-12  el_after_av_section  avia-builder-el-last   container_wrap sidebar_right' style='background-color: #dbdbdb;  '  ><div class='container' ><div class='template-page content  av-content-small alpha units'><div class='post-entry post-entry-type-page post-entry-6028'><div class='entry-content-wrapper clearfix'>\n<div  style='height:1px; margin-top:-44px'  class='hr hr-invisible   avia-builder-el-13  el_before_av_one_fourth  avia-builder-el-first '><span class='hr-inner ' ><span class='hr-inner-style'><\/span><\/span><\/div>\n<div class=\"flex_column av_one_fourth  av-animated-generic fade-in  flex_column_div first  avia-builder-el-14  el_after_av_hr  el_before_av_three_fifth  \" style='padding:20px; border-radius:44px; '><section class=\"av_textblock_section \"  itemscope=\"itemscope\" itemtype=\"https:\/\/schema.org\/CreativeWork\" ><div class='avia_textblock  '   itemprop=\"text\" ><p><img loading=\"lazy\" class=\"alignleft wp-image-6705 size-full\" src=\"https:\/\/greatpeopleinside.com\/ro\/wp-content\/uploads\/2017\/05\/icn_001a2.png\" alt=\"\" width=\"197\" height=\"73\" \/><\/p>\n<div class=\"heading heading-with-icon icon-left icon-small\"><\/div>\n<div class=\"fusion-clearfix\"><\/div>\n<\/div><\/section><\/div><div class=\"flex_column av_three_fifth  av-animated-generic fade-in  flex_column_div   avia-builder-el-16  el_after_av_one_fourth  avia-builder-el-last  \" style='padding:20px; border-radius:44px; '><p><div  style='height:23px' class='hr hr-invisible   avia-builder-el-17  el_before_av_textblock  avia-builder-el-first '><span class='hr-inner ' ><span class='hr-inner-style'><\/span><\/span><\/div><br \/>\n<section class=\"av_textblock_section \"  itemscope=\"itemscope\" itemtype=\"https:\/\/schema.org\/CreativeWork\" ><div class='avia_textblock  av_inherit_color '  style='color:#727272; '  itemprop=\"text\" ><p><span style=\"font-size: 10pt;\">Pentru \u00eenscrieri \u0219i informa\u021bii suplimentare despre traningurile \u0219i programele Great People Inside, consultan\u021bii no\u0219tri v\u00e3 stau \u00een permanen\u021b\u00e3 la dispozi\u021bie, la telefon: <strong>+40 213 125 707.<\/strong><\/span><\/p>\n<\/div><\/section><\/p><\/div><\/div><\/div><\/div><!-- close content main div --><\/div><\/div><div id='after_section_4'  class='main_color av_default_container_wrap container_wrap sidebar_right' style=' '  ><div class='container' ><div class='template-page content  av-content-small alpha units'><div class='post-entry post-entry-type-page post-entry-6028'><div class='entry-content-wrapper clearfix'><\/p>\n","protected":false},"excerpt":{"rendered":"","protected":false},"author":1,"featured_media":0,"parent":6000,"menu_order":0,"comment_status":"closed","ping_status":"closed","template":"","meta":[],"yoast_head":"<!-- This site is optimized with the Yoast SEO plugin v14.5 - https:\/\/yoast.com\/wordpress\/plugins\/seo\/ -->\n<title>Negociere \u0219i v\u00e2nz\u0103ri - Great People Inside Romania<\/title>\n<meta name=\"robots\" content=\"index, follow\" \/>\n<meta name=\"googlebot\" content=\"index, follow, max-snippet:-1, max-image-preview:large, max-video-preview:-1\" \/>\n<meta name=\"bingbot\" content=\"index, follow, max-snippet:-1, max-image-preview:large, max-video-preview:-1\" \/>\n<link rel=\"canonical\" href=\"https:\/\/greatpeopleinside.com\/ro\/servicii-gr8\/training\/negociere-si-vanzari\/\" \/>\n<meta property=\"og:locale\" content=\"ro_RO\" \/>\n<meta property=\"og:type\" content=\"article\" \/>\n<meta property=\"og:title\" content=\"Negociere \u0219i v\u00e2nz\u0103ri - Great People Inside Romania\" \/>\n<meta property=\"og:url\" content=\"https:\/\/greatpeopleinside.com\/ro\/servicii-gr8\/training\/negociere-si-vanzari\/\" \/>\n<meta property=\"og:site_name\" content=\"Great People Inside Romania\" \/>\n<meta property=\"article:publisher\" content=\"https:\/\/www.facebook.com\/GreatPeopleInside\/\" \/>\n<meta property=\"article:modified_time\" content=\"2019-11-19T12:11:29+00:00\" \/>\n<meta property=\"og:image\" content=\"https:\/\/greatpeopleinside.com\/ro\/wp-content\/uploads\/2017\/05\/zicns_011.png\" \/>\n<meta name=\"twitter:card\" content=\"summary\" \/>\n<script type=\"application\/ld+json\" class=\"yoast-schema-graph\">{\"@context\":\"https:\/\/schema.org\",\"@graph\":[{\"@type\":\"WebSite\",\"@id\":\"https:\/\/greatpeopleinside.com\/ro\/#website\",\"url\":\"https:\/\/greatpeopleinside.com\/ro\/\",\"name\":\"Great People Inside Romania\",\"description\":\"Fully customisable assessment and development platform\",\"potentialAction\":[{\"@type\":\"SearchAction\",\"target\":\"https:\/\/greatpeopleinside.com\/ro\/?s={search_term_string}\",\"query-input\":\"required name=search_term_string\"}],\"inLanguage\":\"ro-RO\"},{\"@type\":\"ImageObject\",\"@id\":\"https:\/\/greatpeopleinside.com\/ro\/servicii-gr8\/training\/negociere-si-vanzari\/#primaryimage\",\"inLanguage\":\"ro-RO\",\"url\":\"https:\/\/greatpeopleinside.com\/ro\/wp-content\/uploads\/2017\/05\/zicns_011.png\",\"width\":148,\"height\":148},{\"@type\":\"WebPage\",\"@id\":\"https:\/\/greatpeopleinside.com\/ro\/servicii-gr8\/training\/negociere-si-vanzari\/#webpage\",\"url\":\"https:\/\/greatpeopleinside.com\/ro\/servicii-gr8\/training\/negociere-si-vanzari\/\",\"name\":\"Negociere \\u0219i v\\u00e2nz\\u0103ri - Great People Inside Romania\",\"isPartOf\":{\"@id\":\"https:\/\/greatpeopleinside.com\/ro\/#website\"},\"primaryImageOfPage\":{\"@id\":\"https:\/\/greatpeopleinside.com\/ro\/servicii-gr8\/training\/negociere-si-vanzari\/#primaryimage\"},\"datePublished\":\"2017-05-29T22:25:07+00:00\",\"dateModified\":\"2019-11-19T12:11:29+00:00\",\"inLanguage\":\"ro-RO\",\"potentialAction\":[{\"@type\":\"ReadAction\",\"target\":[\"https:\/\/greatpeopleinside.com\/ro\/servicii-gr8\/training\/negociere-si-vanzari\/\"]}]}]}<\/script>\n<!-- \/ Yoast SEO plugin. -->","_links":{"self":[{"href":"https:\/\/greatpeopleinside.com\/ro\/wp-json\/wp\/v2\/pages\/6028"}],"collection":[{"href":"https:\/\/greatpeopleinside.com\/ro\/wp-json\/wp\/v2\/pages"}],"about":[{"href":"https:\/\/greatpeopleinside.com\/ro\/wp-json\/wp\/v2\/types\/page"}],"author":[{"embeddable":true,"href":"https:\/\/greatpeopleinside.com\/ro\/wp-json\/wp\/v2\/users\/1"}],"replies":[{"embeddable":true,"href":"https:\/\/greatpeopleinside.com\/ro\/wp-json\/wp\/v2\/comments?post=6028"}],"version-history":[{"count":6,"href":"https:\/\/greatpeopleinside.com\/ro\/wp-json\/wp\/v2\/pages\/6028\/revisions"}],"predecessor-version":[{"id":7787,"href":"https:\/\/greatpeopleinside.com\/ro\/wp-json\/wp\/v2\/pages\/6028\/revisions\/7787"}],"up":[{"embeddable":true,"href":"https:\/\/greatpeopleinside.com\/ro\/wp-json\/wp\/v2\/pages\/6000"}],"wp:attachment":[{"href":"https:\/\/greatpeopleinside.com\/ro\/wp-json\/wp\/v2\/media?parent=6028"}],"curies":[{"name":"wp","href":"https:\/\/api.w.org\/{rel}","templated":true}]}}