{"id":6026,"date":"2017-05-30T00:24:19","date_gmt":"2017-05-29T22:24:19","guid":{"rendered":"http:\/\/greatpeopleinside.com\/ro\/?page_id=6026"},"modified":"2019-11-19T14:09:44","modified_gmt":"2019-11-19T12:09:44","slug":"dezvoltare-personala","status":"publish","type":"page","link":"https:\/\/greatpeopleinside.com\/ro\/servicii-gr8\/training\/dezvoltare-personala\/","title":{"rendered":"Dezvoltare personal\u0103"},"content":{"rendered":"<div id='av_section_1'  class='avia-section main_color avia-section-no-padding avia-no-border-styling  av-section-color-overlay-active avia-bg-style-scroll  avia-builder-el-0  el_before_av_section  avia-builder-el-first   av-minimum-height av-minimum-height-custom  container_wrap sidebar_right' style='background-color: #5fa281;  '  ><div class='av-section-color-overlay-wrap'><div class='av-section-color-overlay' style='opacity: 0.5; '><\/div><div class='container' style='height:150px'><main  role=\"main\" itemprop=\"mainContentOfPage\"  class='template-page content  av-content-small alpha units'><div class='post-entry post-entry-type-page post-entry-6026'><div class='entry-content-wrapper clearfix'>\n<div  style='height:20px' class='hr hr-invisible   avia-builder-el-1  avia-builder-el-no-sibling '><span class='hr-inner ' ><span class='hr-inner-style'><\/span><\/span><\/div>\n\n<\/div><\/div><\/main><!-- close content main element --><\/div><\/div><\/div><div id='av_section_2'  class='avia-section main_color avia-section-default avia-no-border-styling  avia-bg-style-scroll  avia-builder-el-2  el_after_av_section  el_before_av_section   container_wrap sidebar_right' style='background-repeat: no-repeat; background-image: url(https:\/\/greatpeopleinside.com\/ro\/wp-content\/uploads\/2017\/05\/bkgA21-2.jpg);background-attachment: scroll; background-position: top center;  '  data-section-bg-repeat='no-repeat'><div class='container' ><div class='template-page content  av-content-small alpha units'><div class='post-entry post-entry-type-page post-entry-6026'><div class='entry-content-wrapper clearfix'>\n<div class=\"flex_column av_one_full  av-animated-generic fade-in  flex_column_div first  avia-builder-el-3  avia-builder-el-no-sibling  \" style='padding:20px; border-radius:44px; '><section class=\"av_textblock_section \"  itemscope=\"itemscope\" itemtype=\"https:\/\/schema.org\/CreativeWork\" ><div class='avia_textblock  av_inherit_color '  style='color:#ffffff; '  itemprop=\"text\" ><h2><strong>Dezvoltarea abilit\u0103\u021bilor\u00a0personale<\/strong><\/h2>\n<\/div><\/section><\/div>\n\n<\/div><\/div><\/div><!-- close content main div --><\/div><\/div><div id='av_section_3'  class='avia-section main_color avia-section-default avia-no-shadow  avia-bg-style-scroll  avia-builder-el-5  el_after_av_section  el_before_av_section   container_wrap sidebar_right' style=' '  ><div class='container' ><div class='template-page content  av-content-small alpha units'><div class='post-entry post-entry-type-page post-entry-6026'><div class='entry-content-wrapper clearfix'>\n<div class=\"flex_column av_one_fifth  av-animated-generic fade-in  flex_column_div first  avia-builder-el-6  el_before_av_four_fifth  avia-builder-el-first  \" style='padding:20px; border-radius:44px; '><section class=\"av_textblock_section \"  itemscope=\"itemscope\" itemtype=\"https:\/\/schema.org\/CreativeWork\" ><div class='avia_textblock  av_inherit_color '  style='color:#495264; '  itemprop=\"text\" ><p><img loading=\"lazy\" class=\"alignleft wp-image-6688 size-full\" src=\"https:\/\/greatpeopleinside.com\/ro\/wp-content\/uploads\/2017\/05\/zicns_012.png\" alt=\"\" width=\"148\" height=\"148\" srcset=\"https:\/\/greatpeopleinside.com\/ro\/wp-content\/uploads\/2017\/05\/zicns_012.png 148w, https:\/\/greatpeopleinside.com\/ro\/wp-content\/uploads\/2017\/05\/zicns_012-100x100.png 100w, https:\/\/greatpeopleinside.com\/ro\/wp-content\/uploads\/2017\/05\/zicns_012-80x80.png 80w, https:\/\/greatpeopleinside.com\/ro\/wp-content\/uploads\/2017\/05\/zicns_012-36x36.png 36w\" sizes=\"(max-width: 148px) 100vw, 148px\" \/><\/p>\n<\/div><\/section><\/div><div class=\"flex_column av_four_fifth  av-animated-generic fade-in  flex_column_div   avia-builder-el-8  el_after_av_one_fifth  avia-builder-el-last  \" style='padding:20px; border-radius:44px; '><p><div  style='height:16px' class='hr hr-invisible   avia-builder-el-9  el_before_av_textblock  avia-builder-el-first '><span class='hr-inner ' ><span class='hr-inner-style'><\/span><\/span><\/div><br \/>\n<section class=\"av_textblock_section \"  itemscope=\"itemscope\" itemtype=\"https:\/\/schema.org\/CreativeWork\" ><div class='avia_textblock  '   itemprop=\"text\" ><h3>TRAININGURI<\/h3>\n<\/div><\/section><br \/>\n<div  class=\"tabcontainer   sidebar_tab sidebar_tab_left border_tabs  avia-builder-el-11  el_after_av_textblock  avia-builder-el-last \" role=\"tablist\">\n\n<section class=\"av_tab_section\"  itemscope=\"itemscope\" itemtype=\"https:\/\/schema.org\/CreativeWork\" ><div aria-controls=\"tab-id-1-content\" role=\"tab\" tabindex=\"0\" data-fake-id=\"#tab-id-1\" class=\"tab active_tab\"  itemprop=\"headline\" >REZOLVAREA PROBLEMELOR \u0218I LUAREA DECIZIILOR<\/div>\n<div id=\"tab-id-1-content\" class=\"tab_content active_tab_content\" aria-hidden=\"false\">\n<div class=\"tab_inner_content invers-color\"  itemprop=\"text\" >\n<p><strong><em>\u201dNu putem rezolva problemele folosind acela\u0219i stil de g\u00e2ndire\u00a0care le-a creat.\u201d&#8230;\u00a0Albert Einstein<\/em><\/strong><\/p>\n<h4><strong>P\u00e2n\u0103 la finalul trainingului ve\u021bi:<\/strong><b><\/b><\/h4>\n<ul>\n<li>Cunoa\u0219te cei \u0219ase pa\u0219i \u00een rezolvarea de probleme \u0219i \u00een procesul lu\u0103rii deciziilor fundamentate<\/li>\n<li>Con\u0219tientiza puterea automatismelor \u0219i efectele acestora asupra rezultatelor dvs. profesionale<\/li>\n<li>Folosi diferite instrumente pentru rezolvarea problemelor \u0219i pentru luarea deciziilor obiective<\/li>\n<li>Avea ocazia s\u0103 v\u0103 autoevalua\u021bi tendin\u021bele asum\u0103rii riscului<\/li>\n<li>Utiliza strategii eficiente de calcul \u0219i gestionare a riscului<\/li>\n<\/ul>\n\n<\/div>\n<\/div>\n<\/section>\n\n<section class=\"av_tab_section\"  itemscope=\"itemscope\" itemtype=\"https:\/\/schema.org\/CreativeWork\" ><div aria-controls=\"tab-id-2-content\" role=\"tab\" tabindex=\"0\" data-fake-id=\"#tab-id-2\" class=\"tab \"  itemprop=\"headline\" >COMUNICARE, ASERTIVITATE \u015eI ATITUDINE POZITIV\u0102<\/div>\n<div id=\"tab-id-2-content\" class=\"tab_content \" aria-hidden=\"true\">\n<div class=\"tab_inner_content invers-color\"  itemprop=\"text\" >\n<p><em><strong>\u201dComunicarea \u00eenseamn\u0103 talentul de a \u00een\u0163elege c\u0103 nu suntem la fel.\u201d&#8230;\u00a0Octavian Paler<\/strong><\/em><\/p>\n<h4><strong>P\u00e2n\u0103 la finalul trainingului ve\u021bi:<\/strong><\/h4>\n<ul>\n<li>Valoriza deschiderea fa\u021b\u0103 de colegi, colaboratori, clien\u021bi<\/li>\n<li>Cunoa\u0219te elementele cheie pentru o comunicare eficient\u0103: cuvintele, \u00eentreb\u0103rile, ascultarea activ\u0103, feed-back-ul<\/li>\n<li>Dezvolta abilit\u0103\u021bile personale de rela\u021bionare optim\u0103 la locul de munc\u0103<\/li>\n<li>Descoperi ce preferin\u021be senzoriale, stil de comunicare \u0219i nivel de inteligen\u021b\u0103 emo\u021bional\u0103 ave\u021bi<\/li>\n<li>Cunoa\u0219te \u0219i experimenta tehnicile de schimbare a atitudinilor<\/li>\n<li>Identifica modalit\u0103\u021bile de dezvoltare a comportamentului asertiv \u0219i beneficiile acestuia<\/li>\n<\/ul>\n\n<\/div>\n<\/div>\n<\/section>\n\n<section class=\"av_tab_section\"  itemscope=\"itemscope\" itemtype=\"https:\/\/schema.org\/CreativeWork\" ><div aria-controls=\"tab-id-3-content\" role=\"tab\" tabindex=\"0\" data-fake-id=\"#tab-id-3\" class=\"tab \"  itemprop=\"headline\" >\u00ceNCREDERE \u015eI LUCRU \u00ceN ECHIP\u0102<\/div>\n<div id=\"tab-id-3-content\" class=\"tab_content \" aria-hidden=\"true\">\n<div class=\"tab_inner_content invers-color\"  itemprop=\"text\" >\n<p><em><strong>\u201dS\u0103 formezi o echip\u0103 este doar \u00eenceputul, s\u0103 r\u0103m\u00e2i \u00eempreun\u0103 este progresul, s\u0103 lucrezi \u00eempreun\u0103 este succesul.\u201d&#8230;\u00a0Henry David Thoreau<\/strong><\/em><\/p>\n<h4><strong>P\u00e2n\u0103 la finalul trainingului ve\u021bi:<\/strong><b>\u00a0<\/b><\/h4>\n<ul>\n<li>Experimenta valoarea \u00eencrederii \u00een rela\u021bia cu colegii, colaboratorii, clien\u021bii etc.<\/li>\n<li>Analiza cauzele \u0219i consecin\u021bele ne\u00eencrederii<\/li>\n<li>Identifica caracteristicile unei echipe prin compara\u021bie cu un grup<\/li>\n<li>Parcurge etapele de formare a unei echipe<\/li>\n<li>Descoperi rolurile pe care \u0219i le asum\u0103 membrii unei echipei \u0219i tendin\u021bele dvs. personale<\/li>\n<li>\u00cen\u0163elege dinamica comunic\u0103rii \u00een echip\u0103<\/li>\n<\/ul>\n\n<\/div>\n<\/div>\n<\/section>\n\n<section class=\"av_tab_section\"  itemscope=\"itemscope\" itemtype=\"https:\/\/schema.org\/CreativeWork\" ><div aria-controls=\"tab-id-4-content\" role=\"tab\" tabindex=\"0\" data-fake-id=\"#tab-id-4\" class=\"tab \"  itemprop=\"headline\" >INDEPENDEN\u0162\u0102 SAU CONFORMARE? STRATEGII DE ADAPTARE LA SCHIMBARE<\/div>\n<div id=\"tab-id-4-content\" class=\"tab_content \" aria-hidden=\"true\">\n<div class=\"tab_inner_content invers-color\"  itemprop=\"text\" >\n<p><em><strong>\u201cS\u0103 avem senin\u0103tatea de a accepta ceea ce nu poate fi schimbat, curajul de a schimba ceea ce poate fi schimbat \u015fi mai ales \u00een\u0163elepciunea pentru a face deosebirea \u00eentre cele dou\u0103 posibilit\u0103\u0163i\u201d&#8230;\u00a0Marc Aureliu<\/strong><\/em><\/p>\n<p>Fie putem prelua \u0219i implementa schimb\u0103rile pe care ni le transmit nivelurile superioare ale organiza\u021biei \u00een care lucr\u0103m, fie putem fi noi cei care genereaz\u0103 schimbarea \u0219i dezvoltarea \u00een direc\u021bia pe care ne-o dorim. \u00cen orice companie schimb\u0103rile se pot produce \u0219i de jos \u00een sus, ecoul fiind mai puternic!<\/p>\n<h4><strong>P\u00e2n\u0103 la finalul trainingului ve\u021bi:<\/strong><\/h4>\n<ul>\n<li>Identifica efectele pe care o independen\u021b\u0103 ridicat\u0103\/ un conformism ridicat le poate avea asupra rela\u021biei cu cei din jur \u0219i asupra propriilor rezultate profesionale<\/li>\n<li>Aborda schimb\u0103rile ca o oportunitate \u0219i v\u0103 ve\u021bi reduce rezisten\u021ba la schimb\u0103rile organiza\u021bionale sau personale<\/li>\n<li>Descoperi modalit\u0103\u021bi de dezvoltare a flexibilit\u0103\u021bii \u0219i adaptabilit\u0103\u021bii \u00een situa\u021bii de schimbare<\/li>\n<li>Cunoa\u0219te o serie de modele ale schimb\u0103rii organiza\u021bionale<\/li>\n<\/ul>\n\n<\/div>\n<\/div>\n<\/section>\n\n<section class=\"av_tab_section\"  itemscope=\"itemscope\" itemtype=\"https:\/\/schema.org\/CreativeWork\" ><div aria-controls=\"tab-id-5-content\" role=\"tab\" tabindex=\"0\" data-fake-id=\"#tab-id-5\" class=\"tab \"  itemprop=\"headline\" >MOTIVA\u0162IA PROFESIONAL\u0102, GESTIONAREA TIMPULUI \u015eI VALORIFICAREA ENERGIEI<\/div>\n<div id=\"tab-id-5-content\" class=\"tab_content \" aria-hidden=\"true\">\n<div class=\"tab_inner_content invers-color\"  itemprop=\"text\" >\n<p><em><strong>\u201cAt\u00e2ta timp c\u00e2t nu \u00eencetezi s\u0103 urci, treptele nu se vor termina; sub pa\u0219ii t\u0103i care urc\u0103, ele se vor \u00eenmul\u021bi la nesf\u00eer\u0219it\u201d&#8230;\u00a0Franz Kafka<\/strong><\/em><\/p>\n<h4><strong>P\u00e2n\u0103 la finalul trainingului ve\u021bi:<\/strong><\/h4>\n<ul>\n<li>Identifica nevoile care stau la baza eficien\u021bei \u0219i satisfac\u021biei profesionale<\/li>\n<li>Cunoa\u0219te calit\u0103\u021bile pe care angaja\u021bii le caut\u0103 la un loc de munc\u0103 motivant<\/li>\n<li>\u00cenv\u0103\u021ba modalit\u0103\u021bi de automotivare \u0219i cre\u0219tere a performan\u021belor<\/li>\n<li>Testa metode \u0219i instrumente de planificare eficient\u0103 a timpului<\/li>\n<li>\u00cen\u0163elege importan\u0163a gestion\u0103rii timpului personal ca variabil\u0103 de baz\u0103 a calit\u0103\u0163ii vie\u0163ii<\/li>\n<\/ul>\n\n<\/div>\n<\/div>\n<\/section>\n\n<section class=\"av_tab_section\"  itemscope=\"itemscope\" itemtype=\"https:\/\/schema.org\/CreativeWork\" ><div aria-controls=\"tab-id-6-content\" role=\"tab\" tabindex=\"0\" data-fake-id=\"#tab-id-6\" class=\"tab \"  itemprop=\"headline\" >MANAGEMENTUL STRESULUI<\/div>\n<div id=\"tab-id-6-content\" class=\"tab_content \" aria-hidden=\"true\">\n<div class=\"tab_inner_content invers-color\"  itemprop=\"text\" >\n<p><em><strong>,,Stresul este un laborator de studiu care ne \u00eenva\u021b\u0103 mereu cum s\u0103 rezolv\u0103m cu succes dificult\u0103\u021bile pe care le \u00eent\u00e2mpin\u0103m \u00een via\u021b\u0103.\u201d&#8230;\u00a0Merrill F. Raber<\/strong><\/em><\/p>\n<h4><strong>P\u00e2n\u0103 la finalul trainingului ve\u021bi:<\/strong><b><\/b><\/h4>\n<ul>\n<li>Dob\u00e2ndi cuno\u015ftin\u0163e noi referitoare la stresul ocupa\u0163ional;<\/li>\n<li>Identifica factorii de stres, mecanismele de coping \u015fi reac\u0163iile la stres;<\/li>\n<li>Modifica mecanismele de coping dezadaptative \u015fi adoptarea unor strategii noi, adaptative; modificarea reac\u0163iilor la stres;<\/li>\n<li>\u00cenv\u0103\u021ba cum s\u0103 v\u0103 relaxa\u021bi \u00een situa\u0163ii tensionate \u0219i cum s\u0103 v\u0103 modifica\u021bi reac\u021biile la stres;<\/li>\n<li>Modalit\u0103\u0163i de petrecere a timpului liber \u00eentr-un mod util, pentru a preveni sindromul\u00a0<b><i>burn out<\/i><\/b><\/li>\n<\/ul>\n\n<\/div>\n<\/div>\n<\/section>\n\n<section class=\"av_tab_section\"  itemscope=\"itemscope\" itemtype=\"https:\/\/schema.org\/CreativeWork\" ><div aria-controls=\"tab-id-7-content\" role=\"tab\" tabindex=\"0\" data-fake-id=\"#tab-id-7\" class=\"tab \"  itemprop=\"headline\" >MANAGEMENTUL CONFLICTELOR<\/div>\n<div id=\"tab-id-7-content\" class=\"tab_content \" aria-hidden=\"true\">\n<div class=\"tab_inner_content invers-color\"  itemprop=\"text\" >\n<p><em><strong>,,Secretul \u0219i farmecul vie\u021bii noastre nu stau \u00een lipsa unui conflict, ci \u00een hot\u0103r\u00e2rea \u0219i priceperea noastr\u0103 de a-l rezolva.\u201d&#8230;\u00a0Anton Semjonowitsch Makarenko<\/strong><\/em><\/p>\n<h4><strong>P\u00e2n\u0103 la finalul trainingului ve\u021bi:<\/strong><b><\/b><\/h4>\n<ul>\n<li>Con\u0219ientiza nevoia de gestionare eficient\u0103 a conflictelor<\/li>\n<li>Fi capabil s\u0103 \u00een\u021belege\u021bi pozi\u021bia \u0219i perspectiva diferit\u0103 a celorlalte persoane implicate \u00een conflict<\/li>\n<li>Analiza diferen\u0163ele dintre conflictul func\u0163ional \u015fi conflictul disfunc\u0163ional<\/li>\n<li>\u00a0Identifica efectele pozitive ale conflictelor gestionate optim<\/li>\n<li>\u00a0Cunoa\u0219te fazele unui conflict \u0219i diferitele tipuri de conflicte<\/li>\n<li>\u00a0Reu\u0219i s\u0103 diferen\u021bia\u021bi stilurile de lucru \u0219i tipurile de comportamente din situa\u0163iile conflictuale<\/li>\n<li>\u00a0Descoperi strategii noi de gestionare a conflictelor<\/li>\n<\/ul>\n\n<\/div>\n<\/div>\n<\/section>\n\n<\/div>\n<\/p><\/div><\/div><\/div><\/div><!-- close content main div --><\/div><\/div><div id='av_section_4'  class='avia-section main_color avia-section-default avia-no-shadow  avia-bg-style-scroll  avia-builder-el-12  el_after_av_section  avia-builder-el-last   container_wrap sidebar_right' style='background-color: #dbdbdb;  '  ><div class='container' ><div class='template-page content  av-content-small alpha units'><div class='post-entry post-entry-type-page post-entry-6026'><div class='entry-content-wrapper clearfix'>\n<div  style='height:1px; margin-top:-44px'  class='hr hr-invisible   avia-builder-el-13  el_before_av_one_fourth  avia-builder-el-first '><span class='hr-inner ' ><span class='hr-inner-style'><\/span><\/span><\/div>\n<div class=\"flex_column av_one_fourth  av-animated-generic fade-in  flex_column_div first  avia-builder-el-14  el_after_av_hr  el_before_av_three_fifth  \" style='padding:20px; border-radius:44px; '><section class=\"av_textblock_section \"  itemscope=\"itemscope\" itemtype=\"https:\/\/schema.org\/CreativeWork\" ><div class='avia_textblock  '   itemprop=\"text\" ><p><img loading=\"lazy\" class=\"alignleft wp-image-6705 size-full\" src=\"https:\/\/greatpeopleinside.com\/ro\/wp-content\/uploads\/2017\/05\/icn_001a2.png\" alt=\"\" width=\"197\" height=\"73\" \/><\/p>\n<div class=\"heading heading-with-icon icon-left icon-small\"><\/div>\n<div class=\"fusion-clearfix\"><\/div>\n<\/div><\/section><\/div><div class=\"flex_column av_three_fifth  av-animated-generic fade-in  flex_column_div   avia-builder-el-16  el_after_av_one_fourth  avia-builder-el-last  \" style='padding:20px; border-radius:44px; '><p><div  style='height:23px' class='hr hr-invisible   avia-builder-el-17  el_before_av_textblock  avia-builder-el-first '><span class='hr-inner ' ><span class='hr-inner-style'><\/span><\/span><\/div><br \/>\n<section class=\"av_textblock_section \"  itemscope=\"itemscope\" itemtype=\"https:\/\/schema.org\/CreativeWork\" ><div class='avia_textblock  av_inherit_color '  style='color:#727272; '  itemprop=\"text\" ><p><span style=\"font-size: 10pt;\">Pentru \u00eenscrieri \u0219i informa\u021bii suplimentare despre traningurile \u0219i programele Great People Inside, consultan\u021bii no\u0219tri v\u00e3 stau \u00een permanen\u021b\u00e3 la dispozi\u021bie, la telefon: <strong>+40 213 125 707.<\/strong><\/span><\/p>\n<\/div><\/section><\/p><\/div><\/div><\/div><\/div><!-- close content main div --><\/div><\/div><div id='after_section_4'  class='main_color av_default_container_wrap container_wrap sidebar_right' style=' '  ><div class='container' ><div class='template-page content  av-content-small alpha units'><div class='post-entry post-entry-type-page post-entry-6026'><div class='entry-content-wrapper clearfix'><\/p>\n","protected":false},"excerpt":{"rendered":"","protected":false},"author":1,"featured_media":0,"parent":6000,"menu_order":0,"comment_status":"closed","ping_status":"closed","template":"","meta":[],"yoast_head":"<!-- This site is optimized with the Yoast SEO plugin v14.5 - https:\/\/yoast.com\/wordpress\/plugins\/seo\/ -->\n<title>Dezvoltare personal\u0103 - Great People Inside Romania<\/title>\n<meta name=\"robots\" content=\"index, follow\" \/>\n<meta name=\"googlebot\" content=\"index, follow, max-snippet:-1, max-image-preview:large, max-video-preview:-1\" \/>\n<meta name=\"bingbot\" content=\"index, follow, max-snippet:-1, max-image-preview:large, max-video-preview:-1\" \/>\n<link rel=\"canonical\" href=\"https:\/\/greatpeopleinside.com\/ro\/servicii-gr8\/training\/dezvoltare-personala\/\" \/>\n<meta property=\"og:locale\" content=\"ro_RO\" \/>\n<meta property=\"og:type\" content=\"article\" \/>\n<meta property=\"og:title\" content=\"Dezvoltare personal\u0103 - Great People Inside Romania\" \/>\n<meta property=\"og:url\" content=\"https:\/\/greatpeopleinside.com\/ro\/servicii-gr8\/training\/dezvoltare-personala\/\" \/>\n<meta property=\"og:site_name\" content=\"Great People Inside Romania\" \/>\n<meta property=\"article:publisher\" content=\"https:\/\/www.facebook.com\/GreatPeopleInside\/\" \/>\n<meta property=\"article:modified_time\" content=\"2019-11-19T12:09:44+00:00\" \/>\n<meta property=\"og:image\" content=\"https:\/\/greatpeopleinside.com\/ro\/wp-content\/uploads\/2017\/05\/zicns_012.png\" \/>\n<meta name=\"twitter:card\" content=\"summary\" \/>\n<script type=\"application\/ld+json\" class=\"yoast-schema-graph\">{\"@context\":\"https:\/\/schema.org\",\"@graph\":[{\"@type\":\"WebSite\",\"@id\":\"https:\/\/greatpeopleinside.com\/ro\/#website\",\"url\":\"https:\/\/greatpeopleinside.com\/ro\/\",\"name\":\"Great People Inside Romania\",\"description\":\"Fully customisable assessment and development platform\",\"potentialAction\":[{\"@type\":\"SearchAction\",\"target\":\"https:\/\/greatpeopleinside.com\/ro\/?s={search_term_string}\",\"query-input\":\"required name=search_term_string\"}],\"inLanguage\":\"ro-RO\"},{\"@type\":\"ImageObject\",\"@id\":\"https:\/\/greatpeopleinside.com\/ro\/servicii-gr8\/training\/dezvoltare-personala\/#primaryimage\",\"inLanguage\":\"ro-RO\",\"url\":\"https:\/\/greatpeopleinside.com\/ro\/wp-content\/uploads\/2017\/05\/zicns_012.png\",\"width\":148,\"height\":148},{\"@type\":\"WebPage\",\"@id\":\"https:\/\/greatpeopleinside.com\/ro\/servicii-gr8\/training\/dezvoltare-personala\/#webpage\",\"url\":\"https:\/\/greatpeopleinside.com\/ro\/servicii-gr8\/training\/dezvoltare-personala\/\",\"name\":\"Dezvoltare personal\\u0103 - Great People Inside Romania\",\"isPartOf\":{\"@id\":\"https:\/\/greatpeopleinside.com\/ro\/#website\"},\"primaryImageOfPage\":{\"@id\":\"https:\/\/greatpeopleinside.com\/ro\/servicii-gr8\/training\/dezvoltare-personala\/#primaryimage\"},\"datePublished\":\"2017-05-29T22:24:19+00:00\",\"dateModified\":\"2019-11-19T12:09:44+00:00\",\"inLanguage\":\"ro-RO\",\"potentialAction\":[{\"@type\":\"ReadAction\",\"target\":[\"https:\/\/greatpeopleinside.com\/ro\/servicii-gr8\/training\/dezvoltare-personala\/\"]}]}]}<\/script>\n<!-- \/ Yoast SEO plugin. -->","_links":{"self":[{"href":"https:\/\/greatpeopleinside.com\/ro\/wp-json\/wp\/v2\/pages\/6026"}],"collection":[{"href":"https:\/\/greatpeopleinside.com\/ro\/wp-json\/wp\/v2\/pages"}],"about":[{"href":"https:\/\/greatpeopleinside.com\/ro\/wp-json\/wp\/v2\/types\/page"}],"author":[{"embeddable":true,"href":"https:\/\/greatpeopleinside.com\/ro\/wp-json\/wp\/v2\/users\/1"}],"replies":[{"embeddable":true,"href":"https:\/\/greatpeopleinside.com\/ro\/wp-json\/wp\/v2\/comments?post=6026"}],"version-history":[{"count":8,"href":"https:\/\/greatpeopleinside.com\/ro\/wp-json\/wp\/v2\/pages\/6026\/revisions"}],"predecessor-version":[{"id":7786,"href":"https:\/\/greatpeopleinside.com\/ro\/wp-json\/wp\/v2\/pages\/6026\/revisions\/7786"}],"up":[{"embeddable":true,"href":"https:\/\/greatpeopleinside.com\/ro\/wp-json\/wp\/v2\/pages\/6000"}],"wp:attachment":[{"href":"https:\/\/greatpeopleinside.com\/ro\/wp-json\/wp\/v2\/media?parent=6026"}],"curies":[{"name":"wp","href":"https:\/\/api.w.org\/{rel}","templated":true}]}}