{"id":6020,"date":"2017-05-29T23:58:15","date_gmt":"2017-05-29T21:58:15","guid":{"rendered":"http:\/\/greatpeopleinside.com\/ro\/?page_id=6020"},"modified":"2024-12-13T12:39:21","modified_gmt":"2024-12-13T10:39:21","slug":"proiecte-cu-finantare-nerambursabila","status":"publish","type":"page","link":"https:\/\/greatpeopleinside.com\/ro\/servicii-gr8\/proiecte-cu-finantare-nerambursabila\/","title":{"rendered":"Proiecte cu finan\u021bare nerambursabil\u0103"},"content":{"rendered":"<div id='av_section_1'  class='avia-section main_color avia-section-no-padding avia-no-border-styling  av-section-color-overlay-active avia-bg-style-scroll  avia-builder-el-0  el_before_av_section  avia-builder-el-first   av-minimum-height av-minimum-height-custom  container_wrap sidebar_right' style='background-color: #ce2131;  '  ><div class='av-section-color-overlay-wrap'><div class='av-section-color-overlay' style='opacity: 0.5; '><\/div><div class='container' style='height:150px'><main  role=\"main\" itemprop=\"mainContentOfPage\"  class='template-page content  av-content-small alpha units'><div class='post-entry post-entry-type-page post-entry-6020'><div class='entry-content-wrapper clearfix'>\n<div  style='height:20px' class='hr hr-invisible   avia-builder-el-1  avia-builder-el-no-sibling '><span class='hr-inner ' ><span class='hr-inner-style'><\/span><\/span><\/div>\n\n<\/div><\/div><\/main><!-- close content main element --><\/div><\/div><\/div><div id='av_section_2'  class='avia-section main_color avia-section-default avia-no-border-styling  avia-bg-style-scroll  avia-builder-el-2  el_after_av_section  el_before_av_textblock   container_wrap sidebar_right' style='background-repeat: no-repeat; background-image: url(https:\/\/greatpeopleinside.com\/ro\/wp-content\/uploads\/2016\/03\/bkgA28.jpg);background-attachment: scroll; background-position: top left;  '  data-section-bg-repeat='no-repeat'><div class='container' ><div class='template-page content  av-content-small alpha units'><div class='post-entry post-entry-type-page post-entry-6020'><div class='entry-content-wrapper clearfix'>\n<div class=\"flex_column av_two_third  av-animated-generic fade-in  flex_column_div first  avia-builder-el-3  el_before_av_one_third  avia-builder-el-first  \" style='padding:20px; border-radius:44px; '><p><div  style='height:16px' class='hr hr-invisible   avia-builder-el-4  el_before_av_textblock  avia-builder-el-first '><span class='hr-inner ' ><span class='hr-inner-style'><\/span><\/span><\/div><br \/>\n<section class=\"av_textblock_section \"  itemscope=\"itemscope\" itemtype=\"https:\/\/schema.org\/CreativeWork\" ><div class='avia_textblock  av_inherit_color '  style='color:#495264; '  itemprop=\"text\" ><h1><span style=\"font-size: 36pt;\"><strong>Proiecte cu finan\u021bare <\/strong><\/span><\/h1>\n<h1><span style=\"font-size: 36pt;\"><strong>nerambursabil\u0103<\/strong><\/span><\/h1>\n<\/div><\/section><br \/>\n<section class=\"av_textblock_section \"  itemscope=\"itemscope\" itemtype=\"https:\/\/schema.org\/CreativeWork\" ><div class='avia_textblock  '   itemprop=\"text\" ><p><span style=\"font-size: 12pt;\"><strong>Great People Inside\u00a0<\/strong>a realizat \u00een mod individual sau \u00een parteneriat (DCG , Team Consulting, MCG, OTP Consulting), pentru diferi\u021bi beneficiari publici sau priva\u021bi, proiecte de finantare, rambursabil\u00e3 si nerambursabil\u00e3.<\/span><\/p>\n<\/div><\/section><\/p><\/div><div class=\"flex_column av_one_third  av-animated-generic fade-in  flex_column_div   avia-builder-el-7  el_after_av_two_third  avia-builder-el-last  \" style='padding:20px; border-radius:44px; '><section class=\"av_textblock_section \"  itemscope=\"itemscope\" itemtype=\"https:\/\/schema.org\/CreativeWork\" ><div class='avia_textblock  '   itemprop=\"text\" ><p><img loading=\"lazy\" class=\"alignleft wp-image-6799 size-full\" src=\"https:\/\/greatpeopleinside.com\/ro\/wp-content\/uploads\/2017\/05\/cons_rum_03.png\" alt=\"\" width=\"298\" height=\"298\" srcset=\"https:\/\/greatpeopleinside.com\/ro\/wp-content\/uploads\/2017\/05\/cons_rum_03.png 298w, https:\/\/greatpeopleinside.com\/ro\/wp-content\/uploads\/2017\/05\/cons_rum_03-100x100.png 100w, https:\/\/greatpeopleinside.com\/ro\/wp-content\/uploads\/2017\/05\/cons_rum_03-80x80.png 80w, https:\/\/greatpeopleinside.com\/ro\/wp-content\/uploads\/2017\/05\/cons_rum_03-36x36.png 36w, https:\/\/greatpeopleinside.com\/ro\/wp-content\/uploads\/2017\/05\/cons_rum_03-180x180.png 180w\" sizes=\"(max-width: 298px) 100vw, 298px\" \/><\/p>\n<\/div><\/section><\/div>\n<\/div><\/div><\/div><!-- close content main div --><\/div><\/div><div id='after_section_2'  class='main_color av_default_container_wrap container_wrap sidebar_right' style=' '  ><div class='container' ><div class='template-page content  av-content-small alpha units'><div class='post-entry post-entry-type-page post-entry-6020'><div class='entry-content-wrapper clearfix'>\n<section class=\"av_textblock_section \"  itemscope=\"itemscope\" itemtype=\"https:\/\/schema.org\/CreativeWork\" ><div class='avia_textblock  '   itemprop=\"text\" ><p><strong>Great People Inside<\/strong>\u00a0a realizat \u00een mod individual sau \u00een parteneriat (DCG , Team Consulting, MCG, OTP Consulting), pentru diferi\u021bi beneficiari publici sau priva\u021bi, proiecte de finantare, rambursabil\u00e3 si nerambursabil\u00e3, \u00een cadrul urm\u00e3toarelor programe:<\/p>\n<ul>\n<li>PHARE (FIDEL, PROGRES, RICOP, Coeziune economic\u00e3 si social\u00e3, TVET);<\/li>\n<li>Ministerul Agriculturii, P\u00e3durilor si Dezvolt\u00e3rii Rurale si Agen\u021bia SAPARD \u2013 organizarea seminariilor pentru lansarea programelor na\u021bionale SAPARD;<\/li>\n<li>Ministerul Muncii, Solidarit\u00e3\u021bii Sociale si Familiei \u2013 programe active pentru combaterea somajului<\/li>\n<li>Autoritatea National\u00e3 pentru Turism<\/li>\n<li>Ministerul Integr\u00e3rii Europene \u2013 programe de finan\u021bare nerambursabil\u00e3 pentru firmele de turism, precum si Fondul Europa;<\/li>\n<li>Banca Mondial\u00e3 \u2013 programe de m\u00e3suri active pentru combaterea somajului;<\/li>\n<li>ANIMMC \u2013 programe de finan\u021bare nerambursabil\u00e3 pentru promovare, traininguri, export;<\/li>\n<li>Studii de fezabilitate (ex. Graells &#038; Llonch \u2013 Spania \u2013 Parcul industrial Prejmer, jud. Brasov);<\/li>\n<li>BERD<\/li>\n<li>Programul Operational Sectorial Dezvoltarea Resurselor Umane<\/li>\n<li>Programul Opera\u021bional Sectorial Cre\u0219terea Competitivit\u00e3\u021bii Economice<\/li>\n<li>Programul Operational Dezvoltarea Capacit\u00e3\u021bii Administrative \u2013 realizarea managementului de proiect<\/li>\n<\/ul>\n<p>Speciali\u0219tii companiei asigur\u00e3 \u00eentocmirea complet\u00e3 a documentatiei si asisten\u021b\u00e3 \u00een implementarea proiectelor (\u00eentocmirea documentatiilor de achizitie, raport\u00e3ri etc.). De asemenea, realiz\u00e3m toate tipurile de studii conexe proiectelor de finantare \u2013 studii de fezabilitate, proiecte de arhitectur\u00e3, studii de piat\u00e3.<\/p>\n<\/div><\/section>\n<\/div><\/div><\/div><!-- close content main div --><\/div><\/div><div id='av_section_3'  class='avia-section main_color avia-section-default avia-no-shadow  avia-bg-style-scroll  avia-builder-el-10  el_after_av_textblock  avia-builder-el-last   container_wrap sidebar_right' style='background-color: #dbdbdb;  '  ><div class='container' ><div class='template-page content  av-content-small alpha units'><div class='post-entry post-entry-type-page post-entry-6020'><div class='entry-content-wrapper clearfix'>\n<div  style='height:1px; margin-top:-44px'  class='hr hr-invisible   avia-builder-el-11  el_before_av_one_fourth  avia-builder-el-first '><span class='hr-inner ' ><span class='hr-inner-style'><\/span><\/span><\/div>\n<div class=\"flex_column av_one_fourth  av-animated-generic fade-in  flex_column_div first  avia-builder-el-12  el_after_av_hr  el_before_av_three_fifth  \" style='padding:20px; border-radius:44px; '><section class=\"av_textblock_section \"  itemscope=\"itemscope\" itemtype=\"https:\/\/schema.org\/CreativeWork\" ><div class='avia_textblock  '   itemprop=\"text\" ><p><img loading=\"lazy\" class=\"alignleft wp-image-6705 size-full\" src=\"https:\/\/greatpeopleinside.com\/ro\/wp-content\/uploads\/2017\/05\/icn_001a2.png\" alt=\"\" width=\"197\" height=\"73\" \/><\/p>\n<div class=\"heading heading-with-icon icon-left icon-small\"><\/div>\n<div class=\"fusion-clearfix\"><\/div>\n<\/div><\/section><\/div><div class=\"flex_column av_three_fifth  av-animated-generic fade-in  flex_column_div   avia-builder-el-14  el_after_av_one_fourth  avia-builder-el-last  \" style='padding:20px; border-radius:44px; '><p><div  style='height:23px' class='hr hr-invisible   avia-builder-el-15  el_before_av_textblock  avia-builder-el-first '><span class='hr-inner ' ><span class='hr-inner-style'><\/span><\/span><\/div><br \/>\n<section class=\"av_textblock_section \"  itemscope=\"itemscope\" itemtype=\"https:\/\/schema.org\/CreativeWork\" ><div class='avia_textblock  av_inherit_color '  style='color:#727272; '  itemprop=\"text\" ><p><span style=\"font-size: 10pt;\">Pentru \u00eenscrieri \u0219i informa\u021bii suplimentare despre serviciile\u00a0<strong>Great People Inside<\/strong>, consultan\u021bii no\u0219tri v\u00e3 stau \u00een permanen\u021b\u00e3 la dispozi\u021bie, la telefon: <strong>+40 268 426 336<\/strong><strong>.<\/strong><\/span><\/p>\n<\/div><\/section><\/p><\/div><\/div><\/div><\/div><!-- close content main div --><\/div><\/div><div id='after_section_3'  class='main_color av_default_container_wrap container_wrap sidebar_right' style=' '  ><div class='container' ><div class='template-page content  av-content-small alpha units'><div class='post-entry post-entry-type-page post-entry-6020'><div class='entry-content-wrapper clearfix'>\n","protected":false},"excerpt":{"rendered":"","protected":false},"author":1,"featured_media":0,"parent":5945,"menu_order":0,"comment_status":"closed","ping_status":"closed","template":"","meta":[],"yoast_head":"<!-- This site is optimized with the Yoast SEO plugin v14.5 - https:\/\/yoast.com\/wordpress\/plugins\/seo\/ -->\n<title>Proiecte cu finan\u021bare nerambursabil\u0103 - Great People Inside Romania<\/title>\n<meta name=\"robots\" content=\"index, follow\" \/>\n<meta name=\"googlebot\" content=\"index, follow, max-snippet:-1, max-image-preview:large, max-video-preview:-1\" \/>\n<meta name=\"bingbot\" content=\"index, follow, max-snippet:-1, max-image-preview:large, max-video-preview:-1\" \/>\n<link rel=\"canonical\" href=\"https:\/\/greatpeopleinside.com\/ro\/servicii-gr8\/proiecte-cu-finantare-nerambursabila\/\" \/>\n<meta property=\"og:locale\" content=\"ro_RO\" \/>\n<meta property=\"og:type\" content=\"article\" \/>\n<meta property=\"og:title\" content=\"Proiecte cu finan\u021bare nerambursabil\u0103 - Great People Inside Romania\" \/>\n<meta property=\"og:url\" content=\"https:\/\/greatpeopleinside.com\/ro\/servicii-gr8\/proiecte-cu-finantare-nerambursabila\/\" \/>\n<meta property=\"og:site_name\" content=\"Great People Inside Romania\" \/>\n<meta property=\"article:publisher\" content=\"https:\/\/www.facebook.com\/GreatPeopleInside\/\" \/>\n<meta property=\"article:modified_time\" content=\"2024-12-13T10:39:21+00:00\" \/>\n<meta property=\"og:image\" content=\"https:\/\/greatpeopleinside.com\/ro\/wp-content\/uploads\/2017\/05\/cons_rum_03.png\" \/>\n<meta name=\"twitter:card\" content=\"summary\" \/>\n<script type=\"application\/ld+json\" class=\"yoast-schema-graph\">{\"@context\":\"https:\/\/schema.org\",\"@graph\":[{\"@type\":\"WebSite\",\"@id\":\"https:\/\/greatpeopleinside.com\/ro\/#website\",\"url\":\"https:\/\/greatpeopleinside.com\/ro\/\",\"name\":\"Great People Inside Romania\",\"description\":\"Fully customisable assessment and development platform\",\"potentialAction\":[{\"@type\":\"SearchAction\",\"target\":\"https:\/\/greatpeopleinside.com\/ro\/?s={search_term_string}\",\"query-input\":\"required name=search_term_string\"}],\"inLanguage\":\"ro-RO\"},{\"@type\":\"ImageObject\",\"@id\":\"https:\/\/greatpeopleinside.com\/ro\/servicii-gr8\/proiecte-cu-finantare-nerambursabila\/#primaryimage\",\"inLanguage\":\"ro-RO\",\"url\":\"https:\/\/greatpeopleinside.com\/ro\/wp-content\/uploads\/2017\/05\/cons_rum_03.png\",\"width\":298,\"height\":298},{\"@type\":\"WebPage\",\"@id\":\"https:\/\/greatpeopleinside.com\/ro\/servicii-gr8\/proiecte-cu-finantare-nerambursabila\/#webpage\",\"url\":\"https:\/\/greatpeopleinside.com\/ro\/servicii-gr8\/proiecte-cu-finantare-nerambursabila\/\",\"name\":\"Proiecte cu finan\\u021bare nerambursabil\\u0103 - Great People Inside Romania\",\"isPartOf\":{\"@id\":\"https:\/\/greatpeopleinside.com\/ro\/#website\"},\"primaryImageOfPage\":{\"@id\":\"https:\/\/greatpeopleinside.com\/ro\/servicii-gr8\/proiecte-cu-finantare-nerambursabila\/#primaryimage\"},\"datePublished\":\"2017-05-29T21:58:15+00:00\",\"dateModified\":\"2024-12-13T10:39:21+00:00\",\"inLanguage\":\"ro-RO\",\"potentialAction\":[{\"@type\":\"ReadAction\",\"target\":[\"https:\/\/greatpeopleinside.com\/ro\/servicii-gr8\/proiecte-cu-finantare-nerambursabila\/\"]}]}]}<\/script>\n<!-- \/ Yoast SEO plugin. -->","_links":{"self":[{"href":"https:\/\/greatpeopleinside.com\/ro\/wp-json\/wp\/v2\/pages\/6020"}],"collection":[{"href":"https:\/\/greatpeopleinside.com\/ro\/wp-json\/wp\/v2\/pages"}],"about":[{"href":"https:\/\/greatpeopleinside.com\/ro\/wp-json\/wp\/v2\/types\/page"}],"author":[{"embeddable":true,"href":"https:\/\/greatpeopleinside.com\/ro\/wp-json\/wp\/v2\/users\/1"}],"replies":[{"embeddable":true,"href":"https:\/\/greatpeopleinside.com\/ro\/wp-json\/wp\/v2\/comments?post=6020"}],"version-history":[{"count":6,"href":"https:\/\/greatpeopleinside.com\/ro\/wp-json\/wp\/v2\/pages\/6020\/revisions"}],"predecessor-version":[{"id":10108,"href":"https:\/\/greatpeopleinside.com\/ro\/wp-json\/wp\/v2\/pages\/6020\/revisions\/10108"}],"up":[{"embeddable":true,"href":"https:\/\/greatpeopleinside.com\/ro\/wp-json\/wp\/v2\/pages\/5945"}],"wp:attachment":[{"href":"https:\/\/greatpeopleinside.com\/ro\/wp-json\/wp\/v2\/media?parent=6020"}],"curies":[{"name":"wp","href":"https:\/\/api.w.org\/{rel}","templated":true}]}}