{"id":6018,"date":"2017-05-29T23:57:10","date_gmt":"2017-05-29T21:57:10","guid":{"rendered":"http:\/\/greatpeopleinside.com\/ro\/?page_id=6018"},"modified":"2024-12-13T12:37:41","modified_gmt":"2024-12-13T10:37:41","slug":"asistenta-tehnica-si-management-de-proiect","status":"publish","type":"page","link":"https:\/\/greatpeopleinside.com\/ro\/servicii-gr8\/asistenta-tehnica-si-management-de-proiect\/","title":{"rendered":"Asisten\u021b\u0103 tehnic\u0103 \u0219i management de proiect"},"content":{"rendered":"<div id='av_section_1'  class='avia-section main_color avia-section-no-padding avia-no-border-styling  av-section-color-overlay-active avia-bg-style-scroll  avia-builder-el-0  el_before_av_section  avia-builder-el-first   av-minimum-height av-minimum-height-custom  container_wrap sidebar_right' style='background-color: #f44300;  '  ><div class='av-section-color-overlay-wrap'><div class='av-section-color-overlay' style='opacity: 0.5; '><\/div><div class='container' style='height:150px'><main  role=\"main\" itemprop=\"mainContentOfPage\"  class='template-page content  av-content-small alpha units'><div class='post-entry post-entry-type-page post-entry-6018'><div class='entry-content-wrapper clearfix'>\n<div  style='height:20px' class='hr hr-invisible   avia-builder-el-1  avia-builder-el-no-sibling '><span class='hr-inner ' ><span class='hr-inner-style'><\/span><\/span><\/div>\n\n<\/div><\/div><\/main><!-- close content main element --><\/div><\/div><\/div><div id='av_section_2'  class='avia-section main_color avia-section-default avia-no-border-styling  avia-bg-style-scroll  avia-builder-el-2  el_after_av_section  el_before_av_textblock   container_wrap sidebar_right' style='background-repeat: no-repeat; background-image: url(https:\/\/greatpeopleinside.com\/ro\/wp-content\/uploads\/2016\/03\/bkgA28.jpg);background-attachment: scroll; background-position: top left;  '  data-section-bg-repeat='no-repeat'><div class='container' ><div class='template-page content  av-content-small alpha units'><div class='post-entry post-entry-type-page post-entry-6018'><div class='entry-content-wrapper clearfix'>\n<div class=\"flex_column av_two_third  av-animated-generic fade-in  flex_column_div first  avia-builder-el-3  el_before_av_one_third  avia-builder-el-first  \" style='padding:20px; border-radius:44px; '><p><div  style='height:16px' class='hr hr-invisible   avia-builder-el-4  el_before_av_textblock  avia-builder-el-first '><span class='hr-inner ' ><span class='hr-inner-style'><\/span><\/span><\/div><br \/>\n<section class=\"av_textblock_section \"  itemscope=\"itemscope\" itemtype=\"https:\/\/schema.org\/CreativeWork\" ><div class='avia_textblock  av_inherit_color '  style='color:#495264; '  itemprop=\"text\" ><h1><span style=\"font-size: 36pt;\"><strong>Asisten\u021b\u0103 tehnic\u0103 <\/strong><\/span><\/h1>\n<h1><span style=\"font-size: 36pt;\"><strong>\u0219i management de<\/strong><\/span><\/h1>\n<h1><span style=\"font-size: 36pt;\"><strong>proiect<\/strong><\/span><\/h1>\n<\/div><\/section><br \/>\n<section class=\"av_textblock_section \"  itemscope=\"itemscope\" itemtype=\"https:\/\/schema.org\/CreativeWork\" ><div class='avia_textblock  '   itemprop=\"text\" ><p><span style=\"font-size: 12pt;\"><strong>Great People Inside<\/strong>\u00a0asigur\u0103 suportul necesar Autorit\u0103\u021bilor de Management \u00een procesul de coordonare \u0219i contribuie la implementarea \u0219i absorb\u021bia eficace, eficient\u0103 \u0219i transparent\u0103 a instrumentelor structurale.<\/span><\/p>\n<\/div><\/section><\/p><\/div><div class=\"flex_column av_one_third  av-animated-generic fade-in  flex_column_div   avia-builder-el-7  el_after_av_two_third  avia-builder-el-last  \" style='padding:20px; border-radius:44px; '><section class=\"av_textblock_section \"  itemscope=\"itemscope\" itemtype=\"https:\/\/schema.org\/CreativeWork\" ><div class='avia_textblock  '   itemprop=\"text\" ><p><img loading=\"lazy\" class=\"alignleft wp-image-6794 size-full\" src=\"https:\/\/greatpeopleinside.com\/ro\/wp-content\/uploads\/2017\/05\/asistenta_03.png\" alt=\"\" width=\"301\" height=\"301\" srcset=\"https:\/\/greatpeopleinside.com\/ro\/wp-content\/uploads\/2017\/05\/asistenta_03.png 301w, https:\/\/greatpeopleinside.com\/ro\/wp-content\/uploads\/2017\/05\/asistenta_03-100x100.png 100w, https:\/\/greatpeopleinside.com\/ro\/wp-content\/uploads\/2017\/05\/asistenta_03-80x80.png 80w, https:\/\/greatpeopleinside.com\/ro\/wp-content\/uploads\/2017\/05\/asistenta_03-300x300.png 300w, https:\/\/greatpeopleinside.com\/ro\/wp-content\/uploads\/2017\/05\/asistenta_03-36x36.png 36w, https:\/\/greatpeopleinside.com\/ro\/wp-content\/uploads\/2017\/05\/asistenta_03-180x180.png 180w\" sizes=\"(max-width: 301px) 100vw, 301px\" \/><\/p>\n<\/div><\/section><\/div>\n<\/div><\/div><\/div><!-- close content main div --><\/div><\/div><div id='after_section_2'  class='main_color av_default_container_wrap container_wrap sidebar_right' style=' '  ><div class='container' ><div class='template-page content  av-content-small alpha units'><div class='post-entry post-entry-type-page post-entry-6018'><div class='entry-content-wrapper clearfix'>\n<section class=\"av_textblock_section \"  itemscope=\"itemscope\" itemtype=\"https:\/\/schema.org\/CreativeWork\" ><div class='avia_textblock  '   itemprop=\"text\" ><p>Experien\u021ba\u00a0<strong>Great People Inside<\/strong> este relevant\u0103 prin participarea \u00een diferite proiecte de asisten\u021b\u0103 tehnic\u0103 \u0219i management de proiect avand urma\u0306toarele obiective:<\/p>\n<ul>\n<li>Asisten\u021b\u0103 tehnic\u00e3 \u0219i asigurarea sprijinului necesar procesului de coordonare \u0219i implementare a proiectelor structurale<\/li>\n<li>Redresarea blocajelor de natura\u0306 procedurala\u0306 s\u0327i juridica\u0306 legate de realizarea, urm\u00e3rirea \u0219i implementarea proceselor de achizi\u021bie \u00een cadrul proiectelor cu finan\u021bare structural\u00e3 pentru Autorit\u00e3\u021bi de Management \u0219i a beneficiarilor acestora<\/li>\n<li>Asisten\u021b\u00e3 tehnic\u00e3 pentru instruirea \u00een diferite domenii a personalului unor Autorit\u00e3\u021bii de Management \u0219i a beneficiarilor acestora<\/li>\n<li>Asisten\u021b\u00e3 tehnic\u00e3 pentru instruirea \u00een scrierea si evaluarea cererilor de finan\u021bare a personalului unor Autorit\u00e3tii de Management si a beneficiarilor acestora<\/li>\n<li>Formarea personalului implicat \u00een gestionarea fondurilor structurale din cadrul Autorit\u00e3\u021bilor de Management \u00een diferite domenii de management (management de proiect, management financiar, managementul timpului etc)<\/li>\n<li>Formarea beneficiarilor Autorit\u00e3\u021bilor de Management \u00een domeniul implement\u00e3rii proiectelor finan\u021bate din instrumente structurale<\/li>\n<li>Instruirea personalului implicat \u00een coordonarea si monitorizarea Fondurilor Structurale \u00een modalit\u00e3\u021bile coerente de realizare \u0219i de evaluare a Analizelor Financiare aferente proiectelor de finan\u021bare structural\u00e3<\/li>\n<li>Realizarea de analize a nevoilor de instruire a personalului Autorit\u00e3\u021bilor de Management \u0219i a beneficiarilor acestora cu scopul de a identifica domenii de instruire necesare activit\u00e3\u021bii personalului.<\/li>\n<li>Sprijinirea beneficiarilor Autoritatilor de Management s\u0326i a unor potent\u0326iali beneficiari i\u0302n elaborarea unor documentat\u0326ii de proiect sau de atribuire finant\u0326ate prin instrumente structurale<\/li>\n<li>Prezentarea unor ghiduri de bune practici la nivelul i\u0302ntregului sistem de implementare a instrumentelor structurale<\/li>\n<li>Formarea personalului implicat \u00een coordonarea si monitorizarea Fondurilor Structurale \u00een concepte de managementul performan\u021bei \u0219i de dezvoltare a abilit\u00e3\u021bilor de management<\/li>\n<li>\u00cembuna\u0306ta\u0306t\u0326irea i\u0302n general a funct\u0326iona\u0306rii sistemului printr-o serie de analize s\u0327i studii care sa\u0306 furnizeze recomanda\u0306ri s\u0327i linii directoare comune \u00een special \u00een domeniul form\u00e3rii profesionale a personalului Autorit\u00e3\u021bilor de Management \u0219i a beneficiarilor acestora.<\/li>\n<li>Sprijinirea managementului eficient, implement\u00e3rii, monitoriz\u00e3rii \u0219i controlului \u00een cadrul diferitelor programe opera\u021bionale.<\/li>\n<\/ul>\n<p>\u00cen ultimii doi ani <strong>Great People Inside<\/strong> a realizat peste 2350 de ore de asisten\u021b\u00e3 tehnic\u00e3, oferite Autorit\u00e3\u021bilor de Management, \u0219i care s-au reflectat i\u0302n cresterea real\u00e3 a capacit\u00e3\u021bii de absorb\u021bie a fondurilor structurale s\u0327i i\u0302n modul eficient de utilizare a intervent\u0327iilor instrumentelor structurale.<\/p>\n<\/div><\/section>\n<\/div><\/div><\/div><!-- close content main div --><\/div><\/div><div id='av_section_3'  class='avia-section main_color avia-section-default avia-no-shadow  avia-bg-style-scroll  avia-builder-el-10  el_after_av_textblock  avia-builder-el-last   container_wrap sidebar_right' style='background-color: #dbdbdb;  '  ><div class='container' ><div class='template-page content  av-content-small alpha units'><div class='post-entry post-entry-type-page post-entry-6018'><div class='entry-content-wrapper clearfix'>\n<div  style='height:1px; margin-top:-44px'  class='hr hr-invisible   avia-builder-el-11  el_before_av_one_fourth  avia-builder-el-first '><span class='hr-inner ' ><span class='hr-inner-style'><\/span><\/span><\/div>\n<div class=\"flex_column av_one_fourth  av-animated-generic fade-in  flex_column_div first  avia-builder-el-12  el_after_av_hr  el_before_av_three_fifth  \" style='padding:20px; border-radius:44px; '><section class=\"av_textblock_section \"  itemscope=\"itemscope\" itemtype=\"https:\/\/schema.org\/CreativeWork\" ><div class='avia_textblock  '   itemprop=\"text\" ><p><img loading=\"lazy\" class=\"alignleft wp-image-6705 size-full\" src=\"https:\/\/greatpeopleinside.com\/ro\/wp-content\/uploads\/2017\/05\/icn_001a2.png\" alt=\"\" width=\"197\" height=\"73\" \/><\/p>\n<div class=\"heading heading-with-icon icon-left icon-small\"><\/div>\n<div class=\"fusion-clearfix\"><\/div>\n<\/div><\/section><\/div><div class=\"flex_column av_three_fifth  av-animated-generic fade-in  flex_column_div   avia-builder-el-14  el_after_av_one_fourth  avia-builder-el-last  \" style='padding:20px; border-radius:44px; '><p><div  style='height:23px' class='hr hr-invisible   avia-builder-el-15  el_before_av_textblock  avia-builder-el-first '><span class='hr-inner ' ><span class='hr-inner-style'><\/span><\/span><\/div><br \/>\n<section class=\"av_textblock_section \"  itemscope=\"itemscope\" itemtype=\"https:\/\/schema.org\/CreativeWork\" ><div class='avia_textblock  av_inherit_color '  style='color:#727272; '  itemprop=\"text\" ><p><span style=\"font-size: 10pt;\">Pentru \u00eenscrieri \u0219i informa\u021bii suplimentare despre serviciile\u00a0<strong>Great People Inside<\/strong>, consultan\u021bii no\u0219tri v\u00e3 stau \u00een permanen\u021b\u00e3 la dispozi\u021bie, la telefon: <strong>+40 268 426 336<\/strong><strong>.<\/strong><\/span><\/p>\n<\/div><\/section><\/p><\/div><\/div><\/div><\/div><!-- close content main div --><\/div><\/div><div id='after_section_3'  class='main_color av_default_container_wrap container_wrap sidebar_right' style=' '  ><div class='container' ><div class='template-page content  av-content-small alpha units'><div class='post-entry post-entry-type-page post-entry-6018'><div class='entry-content-wrapper clearfix'>\n","protected":false},"excerpt":{"rendered":"","protected":false},"author":1,"featured_media":0,"parent":5945,"menu_order":0,"comment_status":"closed","ping_status":"closed","template":"","meta":[],"yoast_head":"<!-- This site is optimized with the Yoast SEO plugin v14.5 - https:\/\/yoast.com\/wordpress\/plugins\/seo\/ -->\n<title>Asisten\u021b\u0103 tehnic\u0103 \u0219i management de proiect - Great People Inside Romania<\/title>\n<meta name=\"robots\" content=\"index, follow\" \/>\n<meta name=\"googlebot\" content=\"index, follow, max-snippet:-1, max-image-preview:large, max-video-preview:-1\" \/>\n<meta name=\"bingbot\" content=\"index, follow, max-snippet:-1, max-image-preview:large, max-video-preview:-1\" \/>\n<link rel=\"canonical\" href=\"https:\/\/greatpeopleinside.com\/ro\/servicii-gr8\/asistenta-tehnica-si-management-de-proiect\/\" \/>\n<meta property=\"og:locale\" content=\"ro_RO\" \/>\n<meta property=\"og:type\" content=\"article\" \/>\n<meta property=\"og:title\" content=\"Asisten\u021b\u0103 tehnic\u0103 \u0219i management de proiect - Great People Inside Romania\" \/>\n<meta property=\"og:url\" content=\"https:\/\/greatpeopleinside.com\/ro\/servicii-gr8\/asistenta-tehnica-si-management-de-proiect\/\" \/>\n<meta property=\"og:site_name\" content=\"Great People Inside Romania\" \/>\n<meta property=\"article:publisher\" content=\"https:\/\/www.facebook.com\/GreatPeopleInside\/\" \/>\n<meta property=\"article:modified_time\" content=\"2024-12-13T10:37:41+00:00\" \/>\n<meta property=\"og:image\" content=\"https:\/\/greatpeopleinside.com\/ro\/wp-content\/uploads\/2017\/05\/asistenta_03.png\" \/>\n<meta name=\"twitter:card\" content=\"summary\" \/>\n<script type=\"application\/ld+json\" class=\"yoast-schema-graph\">{\"@context\":\"https:\/\/schema.org\",\"@graph\":[{\"@type\":\"WebSite\",\"@id\":\"https:\/\/greatpeopleinside.com\/ro\/#website\",\"url\":\"https:\/\/greatpeopleinside.com\/ro\/\",\"name\":\"Great People Inside Romania\",\"description\":\"Fully customisable assessment and development platform\",\"potentialAction\":[{\"@type\":\"SearchAction\",\"target\":\"https:\/\/greatpeopleinside.com\/ro\/?s={search_term_string}\",\"query-input\":\"required name=search_term_string\"}],\"inLanguage\":\"ro-RO\"},{\"@type\":\"ImageObject\",\"@id\":\"https:\/\/greatpeopleinside.com\/ro\/servicii-gr8\/asistenta-tehnica-si-management-de-proiect\/#primaryimage\",\"inLanguage\":\"ro-RO\",\"url\":\"https:\/\/greatpeopleinside.com\/ro\/wp-content\/uploads\/2017\/05\/asistenta_03.png\",\"width\":301,\"height\":301},{\"@type\":\"WebPage\",\"@id\":\"https:\/\/greatpeopleinside.com\/ro\/servicii-gr8\/asistenta-tehnica-si-management-de-proiect\/#webpage\",\"url\":\"https:\/\/greatpeopleinside.com\/ro\/servicii-gr8\/asistenta-tehnica-si-management-de-proiect\/\",\"name\":\"Asisten\\u021b\\u0103 tehnic\\u0103 \\u0219i management de proiect - Great People Inside Romania\",\"isPartOf\":{\"@id\":\"https:\/\/greatpeopleinside.com\/ro\/#website\"},\"primaryImageOfPage\":{\"@id\":\"https:\/\/greatpeopleinside.com\/ro\/servicii-gr8\/asistenta-tehnica-si-management-de-proiect\/#primaryimage\"},\"datePublished\":\"2017-05-29T21:57:10+00:00\",\"dateModified\":\"2024-12-13T10:37:41+00:00\",\"inLanguage\":\"ro-RO\",\"potentialAction\":[{\"@type\":\"ReadAction\",\"target\":[\"https:\/\/greatpeopleinside.com\/ro\/servicii-gr8\/asistenta-tehnica-si-management-de-proiect\/\"]}]}]}<\/script>\n<!-- \/ Yoast SEO plugin. -->","_links":{"self":[{"href":"https:\/\/greatpeopleinside.com\/ro\/wp-json\/wp\/v2\/pages\/6018"}],"collection":[{"href":"https:\/\/greatpeopleinside.com\/ro\/wp-json\/wp\/v2\/pages"}],"about":[{"href":"https:\/\/greatpeopleinside.com\/ro\/wp-json\/wp\/v2\/types\/page"}],"author":[{"embeddable":true,"href":"https:\/\/greatpeopleinside.com\/ro\/wp-json\/wp\/v2\/users\/1"}],"replies":[{"embeddable":true,"href":"https:\/\/greatpeopleinside.com\/ro\/wp-json\/wp\/v2\/comments?post=6018"}],"version-history":[{"count":7,"href":"https:\/\/greatpeopleinside.com\/ro\/wp-json\/wp\/v2\/pages\/6018\/revisions"}],"predecessor-version":[{"id":10107,"href":"https:\/\/greatpeopleinside.com\/ro\/wp-json\/wp\/v2\/pages\/6018\/revisions\/10107"}],"up":[{"embeddable":true,"href":"https:\/\/greatpeopleinside.com\/ro\/wp-json\/wp\/v2\/pages\/5945"}],"wp:attachment":[{"href":"https:\/\/greatpeopleinside.com\/ro\/wp-json\/wp\/v2\/media?parent=6018"}],"curies":[{"name":"wp","href":"https:\/\/api.w.org\/{rel}","templated":true}]}}