{"id":6011,"date":"2017-05-29T23:06:47","date_gmt":"2017-05-29T21:06:47","guid":{"rendered":"http:\/\/greatpeopleinside.com\/ro\/?page_id=6011"},"modified":"2024-12-13T12:35:34","modified_gmt":"2024-12-13T10:35:34","slug":"consultanta-management","status":"publish","type":"page","link":"https:\/\/greatpeopleinside.com\/ro\/servicii-gr8\/consultanta-management\/","title":{"rendered":"Consultan\u021b\u0103 management"},"content":{"rendered":"<div id='av_section_1'  class='avia-section main_color avia-section-no-padding avia-no-border-styling  av-section-color-overlay-active avia-bg-style-scroll  avia-builder-el-0  el_before_av_section  avia-builder-el-first   av-minimum-height av-minimum-height-custom  container_wrap sidebar_right' style='background-color: #0094ab;  '  ><div class='av-section-color-overlay-wrap'><div class='av-section-color-overlay' style='opacity: 0.5; '><\/div><div class='container' style='height:150px'><main  role=\"main\" itemprop=\"mainContentOfPage\"  class='template-page content  av-content-small alpha units'><div class='post-entry post-entry-type-page post-entry-6011'><div class='entry-content-wrapper clearfix'>\n<div  style='height:20px' class='hr hr-invisible   avia-builder-el-1  avia-builder-el-no-sibling '><span class='hr-inner ' ><span class='hr-inner-style'><\/span><\/span><\/div>\n\n<\/div><\/div><\/main><!-- close content main element --><\/div><\/div><\/div><div id='av_section_2'  class='avia-section main_color avia-section-default avia-no-border-styling  avia-bg-style-scroll  avia-builder-el-2  el_after_av_section  el_before_av_textblock   container_wrap sidebar_right' style='background-repeat: no-repeat; background-image: url(https:\/\/greatpeopleinside.com\/ro\/wp-content\/uploads\/2016\/03\/bkgA28.jpg);background-attachment: scroll; background-position: top left;  '  data-section-bg-repeat='no-repeat'><div class='container' ><div class='template-page content  av-content-small alpha units'><div class='post-entry post-entry-type-page post-entry-6011'><div class='entry-content-wrapper clearfix'>\n<div class=\"flex_column av_two_third  av-animated-generic fade-in  flex_column_div first  avia-builder-el-3  el_before_av_one_third  avia-builder-el-first  \" style='padding:20px; border-radius:44px; '><p><div  style='height:16px' class='hr hr-invisible   avia-builder-el-4  el_before_av_textblock  avia-builder-el-first '><span class='hr-inner ' ><span class='hr-inner-style'><\/span><\/span><\/div><br \/>\n<section class=\"av_textblock_section \"  itemscope=\"itemscope\" itemtype=\"https:\/\/schema.org\/CreativeWork\" ><div class='avia_textblock  av_inherit_color '  style='color:#495264; '  itemprop=\"text\" ><h1><span style=\"font-size: 36pt;\"><strong>Consultan\u021b\u0103<\/strong><\/span><\/h1>\n<h1><span style=\"font-size: 36pt;\"><strong>management<\/strong><\/span><\/h1>\n<\/div><\/section><br \/>\n<section class=\"av_textblock_section \"  itemscope=\"itemscope\" itemtype=\"https:\/\/schema.org\/CreativeWork\" ><div class='avia_textblock  '   itemprop=\"text\" ><p><span style=\"font-size: 12pt;\">Multe companii cu poten\u021bial mare de dezvoltare \u00ee\u0219i v\u0103d cre\u0219terea \u00eencetinit\u0103 din cauza accesului dificil la surse de finan\u021bare.<\/span><br \/>\n<span style=\"font-size: 12pt;\"> Pentru sprijinirea micilor afaceri cu poten\u021bial de dezvoltare, Uniunea Europeana \u0219i Guvernul Rom\u00e2niei creaz\u0103 diferite fonduri de finan\u021bare nerambursabile. Accesul la aceste fonduri este condi\u021bionat de elaborarea \u0219i prezentarea unui set de documente printre care \u0219i\u00a0<b>un studiu de fezabilitate<\/b>.<\/span><\/p>\n<\/div><\/section><\/p><\/div><div class=\"flex_column av_one_third  av-animated-generic fade-in  flex_column_div   avia-builder-el-7  el_after_av_two_third  avia-builder-el-last  \" style='padding:20px; border-radius:44px; '><section class=\"av_textblock_section \"  itemscope=\"itemscope\" itemtype=\"https:\/\/schema.org\/CreativeWork\" ><div class='avia_textblock  '   itemprop=\"text\" ><p><img loading=\"lazy\" class=\"alignleft wp-image-6779 size-full\" src=\"https:\/\/greatpeopleinside.com\/ro\/wp-content\/uploads\/2017\/05\/cons_man_03.png\" alt=\"\" width=\"299\" height=\"298\" srcset=\"https:\/\/greatpeopleinside.com\/ro\/wp-content\/uploads\/2017\/05\/cons_man_03.png 299w, https:\/\/greatpeopleinside.com\/ro\/wp-content\/uploads\/2017\/05\/cons_man_03-100x100.png 100w, https:\/\/greatpeopleinside.com\/ro\/wp-content\/uploads\/2017\/05\/cons_man_03-80x80.png 80w, https:\/\/greatpeopleinside.com\/ro\/wp-content\/uploads\/2017\/05\/cons_man_03-36x36.png 36w, https:\/\/greatpeopleinside.com\/ro\/wp-content\/uploads\/2017\/05\/cons_man_03-180x180.png 180w\" sizes=\"(max-width: 299px) 100vw, 299px\" \/><\/p>\n<\/div><\/section><\/div>\n<\/div><\/div><\/div><!-- close content main div --><\/div><\/div><div id='after_section_2'  class='main_color av_default_container_wrap container_wrap sidebar_right' style=' '  ><div class='container' ><div class='template-page content  av-content-small alpha units'><div class='post-entry post-entry-type-page post-entry-6011'><div class='entry-content-wrapper clearfix'>\n<section class=\"av_textblock_section \"  itemscope=\"itemscope\" itemtype=\"https:\/\/schema.org\/CreativeWork\" ><div class='avia_textblock  '   itemprop=\"text\" ><h4>STUDII DE FEZABILITATE<\/h4>\n<\/div><\/section>\n<div  style='height:16px' class='hr hr-invisible   avia-builder-el-10  el_after_av_textblock  el_before_av_textblock '><span class='hr-inner ' ><span class='hr-inner-style'><\/span><\/span><\/div>\n<section class=\"av_textblock_section \"  itemscope=\"itemscope\" itemtype=\"https:\/\/schema.org\/CreativeWork\" ><div class='avia_textblock  '   itemprop=\"text\" ><p>Multe companii cu poten\u021bial mare de dezvoltare \u00ee\u0219i v\u0103d cre\u0219terea \u00eencetinit\u0103 din cauza accesului dificil la surse de finan\u021bare.<br \/>\nPentru sprijinirea micilor afaceri cu poten\u021bial de dezvoltare, Uniunea Europeana \u0219i Guvernul Rom\u00e2niei creaz\u0103 diferite fonduri de finan\u021bare nerambursabile. Accesul la aceste fonduri este condi\u021bionat de elaborarea \u0219i prezentarea unui set de documente printre care \u0219i\u00a0<b>un studiu de fezabilitate<\/b>.<\/p>\n<p><b>Great People Inside<\/b>\u00a0are experien\u021b\u0103 \u00een elaborarea \u0219i depunerea documentelor necesare ob\u021binerii fondurilor nerambursabile.<br \/>\nStudiile de fezabilitate sunt elementul de baz\u0103 \u00een documenta\u021bia de finan\u021bare, indiferent de tipul acesteia. Studiul de fezabilitate este un instrument care permite investitorului, promotorului sau analistului financiar, pe baza informa\u021biilor de care dispune, s\u0103 decid\u0103 dac\u0103 poate s\u0103 abordeze o investi\u021bie \u0219i c\u00e2nd anume s\u0103 finan\u021beze un anumit proiect.<\/p>\n<p>Decizia de a investi sau nu, este una din cele mai delicate decizii, pe care antreprenorii sau managerii, trebuie sa o ia.<\/p>\n<p>Cum se poate identifica o investi\u021bie ca fiind corect\u0103?\u00a0Din punct de vedere al afacerii, orice investi\u021bie care \u00ee\u0219i atinge obiectivele din punct de vedere economic \u00een perioada sa de via\u021b\u0103, poate fi considerat\u0103 o investi\u021bie corect\u0103.<\/p>\n<p>Noi va oferim fundamentul acestor decizii prin realizarea unor studii de fezabilitate profesioniste.<\/p>\n<\/div><\/section>\n<div  style='height:16px' class='hr hr-invisible   avia-builder-el-12  el_after_av_textblock  el_before_av_textblock '><span class='hr-inner ' ><span class='hr-inner-style'><\/span><\/span><\/div>\n<section class=\"av_textblock_section \"  itemscope=\"itemscope\" itemtype=\"https:\/\/schema.org\/CreativeWork\" ><div class='avia_textblock  '   itemprop=\"text\" ><h4>ANALIZE CASH-FLOW<\/h4>\n<\/div><\/section>\n<div  style='height:16px' class='hr hr-invisible   avia-builder-el-14  el_after_av_textblock  el_before_av_textblock '><span class='hr-inner ' ><span class='hr-inner-style'><\/span><\/span><\/div>\n<section class=\"av_textblock_section \"  itemscope=\"itemscope\" itemtype=\"https:\/\/schema.org\/CreativeWork\" ><div class='avia_textblock  '   itemprop=\"text\" ><p>Speciali\u0219tii\u00a0<b>Great People Inside<\/b>\u00a0au experien\u021b\u0103 \u00een \u00eentocmirea documenta\u021biilor financiare pentru companiile care solicit\u0103 finan\u021b\u0103ri rambursabile sau nerambursabile, \u00een realizarea proiec\u021biilor financiare, a bilan\u021bului, analizarea contului de profit \u0219i pierderi, precum \u0219i \u00een realizarea calculului indicatorilor de eficien\u021b\u0103 economic\u0103 a activita\u021bii sau a investi\u021biilor.<\/p>\n<p>Pentru toate aceste categorii de servicii, exper\u021bii <b>Great People Inside<\/b>\u00a0acord\u0103 asisten\u021b\u0103 p\u00e2n\u0103 la ob\u021binerea finan\u021b\u0103rii sau, la cerere, pe toata durata derul\u0103rii proiectului pentru care se solicit\u0103 finan\u021bare.<\/p>\n<\/div><\/section>\n<\/div><\/div><\/div><!-- close content main div --><\/div><\/div><div id='av_section_3'  class='avia-section main_color avia-section-default avia-no-shadow  avia-bg-style-scroll  avia-builder-el-16  el_after_av_textblock  avia-builder-el-last   container_wrap sidebar_right' style='background-color: #dbdbdb;  '  ><div class='container' ><div class='template-page content  av-content-small alpha units'><div class='post-entry post-entry-type-page post-entry-6011'><div class='entry-content-wrapper clearfix'>\n<div  style='height:1px; margin-top:-44px'  class='hr hr-invisible   avia-builder-el-17  el_before_av_one_fourth  avia-builder-el-first '><span class='hr-inner ' ><span class='hr-inner-style'><\/span><\/span><\/div>\n<div class=\"flex_column av_one_fourth  av-animated-generic fade-in  flex_column_div first  avia-builder-el-18  el_after_av_hr  el_before_av_three_fifth  \" style='padding:20px; border-radius:44px; '><section class=\"av_textblock_section \"  itemscope=\"itemscope\" itemtype=\"https:\/\/schema.org\/CreativeWork\" ><div class='avia_textblock  '   itemprop=\"text\" ><p><img loading=\"lazy\" class=\"alignleft wp-image-6705 size-full\" src=\"https:\/\/greatpeopleinside.com\/ro\/wp-content\/uploads\/2017\/05\/icn_001a2.png\" alt=\"\" width=\"197\" height=\"73\" \/><\/p>\n<div class=\"heading heading-with-icon icon-left icon-small\"><\/div>\n<div class=\"fusion-clearfix\"><\/div>\n<\/div><\/section><\/div><div class=\"flex_column av_three_fifth  av-animated-generic fade-in  flex_column_div   avia-builder-el-20  el_after_av_one_fourth  avia-builder-el-last  \" style='padding:20px; border-radius:44px; '><p><div  style='height:23px' class='hr hr-invisible   avia-builder-el-21  el_before_av_textblock  avia-builder-el-first '><span class='hr-inner ' ><span class='hr-inner-style'><\/span><\/span><\/div><br \/>\n<section class=\"av_textblock_section \"  itemscope=\"itemscope\" itemtype=\"https:\/\/schema.org\/CreativeWork\" ><div class='avia_textblock  av_inherit_color '  style='color:#727272; '  itemprop=\"text\" ><p><span style=\"font-size: 10pt;\">Pentru \u00eenscrieri \u0219i informa\u021bii suplimentare despre serviciile\u00a0<strong>Great People Inside<\/strong>, consultan\u021bii no\u0219tri v\u00e3 stau \u00een permanen\u021b\u00e3 la dispozi\u021bie, la telefon: <strong>+40 268 426 336<\/strong><strong>.<\/strong><\/span><\/p>\n<\/div><\/section><\/p><\/div><\/div><\/div><\/div><!-- close content main div --><\/div><\/div><div id='after_section_3'  class='main_color av_default_container_wrap container_wrap sidebar_right' style=' '  ><div class='container' ><div class='template-page content  av-content-small alpha units'><div class='post-entry post-entry-type-page post-entry-6011'><div class='entry-content-wrapper clearfix'>\n","protected":false},"excerpt":{"rendered":"","protected":false},"author":1,"featured_media":0,"parent":5945,"menu_order":0,"comment_status":"closed","ping_status":"closed","template":"","meta":[],"yoast_head":"<!-- This site is optimized with the Yoast SEO plugin v14.5 - https:\/\/yoast.com\/wordpress\/plugins\/seo\/ -->\n<title>Consultan\u021b\u0103 management - Great People Inside Romania<\/title>\n<meta name=\"robots\" content=\"index, follow\" \/>\n<meta name=\"googlebot\" content=\"index, follow, max-snippet:-1, max-image-preview:large, max-video-preview:-1\" \/>\n<meta name=\"bingbot\" content=\"index, follow, max-snippet:-1, max-image-preview:large, max-video-preview:-1\" \/>\n<link rel=\"canonical\" href=\"https:\/\/greatpeopleinside.com\/ro\/servicii-gr8\/consultanta-management\/\" \/>\n<meta property=\"og:locale\" content=\"ro_RO\" \/>\n<meta property=\"og:type\" content=\"article\" \/>\n<meta property=\"og:title\" content=\"Consultan\u021b\u0103 management - Great People Inside Romania\" \/>\n<meta property=\"og:url\" content=\"https:\/\/greatpeopleinside.com\/ro\/servicii-gr8\/consultanta-management\/\" \/>\n<meta property=\"og:site_name\" content=\"Great People Inside Romania\" \/>\n<meta property=\"article:publisher\" content=\"https:\/\/www.facebook.com\/GreatPeopleInside\/\" \/>\n<meta property=\"article:modified_time\" content=\"2024-12-13T10:35:34+00:00\" \/>\n<meta property=\"og:image\" content=\"https:\/\/greatpeopleinside.com\/ro\/wp-content\/uploads\/2017\/05\/cons_man_03.png\" \/>\n<meta name=\"twitter:card\" content=\"summary\" \/>\n<script type=\"application\/ld+json\" class=\"yoast-schema-graph\">{\"@context\":\"https:\/\/schema.org\",\"@graph\":[{\"@type\":\"WebSite\",\"@id\":\"https:\/\/greatpeopleinside.com\/ro\/#website\",\"url\":\"https:\/\/greatpeopleinside.com\/ro\/\",\"name\":\"Great People Inside Romania\",\"description\":\"Fully customisable assessment and development platform\",\"potentialAction\":[{\"@type\":\"SearchAction\",\"target\":\"https:\/\/greatpeopleinside.com\/ro\/?s={search_term_string}\",\"query-input\":\"required name=search_term_string\"}],\"inLanguage\":\"ro-RO\"},{\"@type\":\"ImageObject\",\"@id\":\"https:\/\/greatpeopleinside.com\/ro\/servicii-gr8\/consultanta-management\/#primaryimage\",\"inLanguage\":\"ro-RO\",\"url\":\"https:\/\/greatpeopleinside.com\/ro\/wp-content\/uploads\/2017\/05\/cons_man_03.png\",\"width\":299,\"height\":298},{\"@type\":\"WebPage\",\"@id\":\"https:\/\/greatpeopleinside.com\/ro\/servicii-gr8\/consultanta-management\/#webpage\",\"url\":\"https:\/\/greatpeopleinside.com\/ro\/servicii-gr8\/consultanta-management\/\",\"name\":\"Consultan\\u021b\\u0103 management - Great People Inside Romania\",\"isPartOf\":{\"@id\":\"https:\/\/greatpeopleinside.com\/ro\/#website\"},\"primaryImageOfPage\":{\"@id\":\"https:\/\/greatpeopleinside.com\/ro\/servicii-gr8\/consultanta-management\/#primaryimage\"},\"datePublished\":\"2017-05-29T21:06:47+00:00\",\"dateModified\":\"2024-12-13T10:35:34+00:00\",\"inLanguage\":\"ro-RO\",\"potentialAction\":[{\"@type\":\"ReadAction\",\"target\":[\"https:\/\/greatpeopleinside.com\/ro\/servicii-gr8\/consultanta-management\/\"]}]}]}<\/script>\n<!-- \/ Yoast SEO plugin. -->","_links":{"self":[{"href":"https:\/\/greatpeopleinside.com\/ro\/wp-json\/wp\/v2\/pages\/6011"}],"collection":[{"href":"https:\/\/greatpeopleinside.com\/ro\/wp-json\/wp\/v2\/pages"}],"about":[{"href":"https:\/\/greatpeopleinside.com\/ro\/wp-json\/wp\/v2\/types\/page"}],"author":[{"embeddable":true,"href":"https:\/\/greatpeopleinside.com\/ro\/wp-json\/wp\/v2\/users\/1"}],"replies":[{"embeddable":true,"href":"https:\/\/greatpeopleinside.com\/ro\/wp-json\/wp\/v2\/comments?post=6011"}],"version-history":[{"count":7,"href":"https:\/\/greatpeopleinside.com\/ro\/wp-json\/wp\/v2\/pages\/6011\/revisions"}],"predecessor-version":[{"id":10105,"href":"https:\/\/greatpeopleinside.com\/ro\/wp-json\/wp\/v2\/pages\/6011\/revisions\/10105"}],"up":[{"embeddable":true,"href":"https:\/\/greatpeopleinside.com\/ro\/wp-json\/wp\/v2\/pages\/5945"}],"wp:attachment":[{"href":"https:\/\/greatpeopleinside.com\/ro\/wp-json\/wp\/v2\/media?parent=6011"}],"curies":[{"name":"wp","href":"https:\/\/api.w.org\/{rel}","templated":true}]}}