{"id":6004,"date":"2017-05-29T22:56:10","date_gmt":"2017-05-29T20:56:10","guid":{"rendered":"http:\/\/greatpeopleinside.com\/ro\/?page_id=6004"},"modified":"2020-03-27T16:59:57","modified_gmt":"2020-03-27T14:59:57","slug":"coaching","status":"publish","type":"page","link":"https:\/\/greatpeopleinside.com\/ro\/servicii-gr8\/coaching\/","title":{"rendered":"Coaching"},"content":{"rendered":"<div id='av_section_1'  class='avia-section main_color avia-section-no-padding avia-no-border-styling  av-section-color-overlay-active avia-bg-style-scroll  avia-builder-el-0  el_before_av_section  avia-builder-el-first   av-minimum-height av-minimum-height-custom  container_wrap sidebar_right' style='background-color: #21753b;  '  ><div class='av-section-color-overlay-wrap'><div class='av-section-color-overlay' style='opacity: 0.5; '><\/div><div class='container' style='height:150px'><main  role=\"main\" itemprop=\"mainContentOfPage\"  class='template-page content  av-content-small alpha units'><div class='post-entry post-entry-type-page post-entry-6004'><div class='entry-content-wrapper clearfix'>\n<div  style='height:20px' class='hr hr-invisible   avia-builder-el-1  avia-builder-el-no-sibling '><span class='hr-inner ' ><span class='hr-inner-style'><\/span><\/span><\/div>\n\n<\/div><\/div><\/main><!-- close content main element --><\/div><\/div><\/div><div id='av_section_2'  class='avia-section main_color avia-section-default avia-no-border-styling  avia-bg-style-scroll  avia-builder-el-2  el_after_av_section  el_before_av_section   container_wrap sidebar_right' style='background-repeat: no-repeat; background-image: url(https:\/\/greatpeopleinside.com\/ro\/wp-content\/uploads\/2016\/03\/bkgA28.jpg);background-attachment: scroll; background-position: top left;  '  data-section-bg-repeat='no-repeat'><div class='container' ><div class='template-page content  av-content-small alpha units'><div class='post-entry post-entry-type-page post-entry-6004'><div class='entry-content-wrapper clearfix'>\n<div class=\"flex_column av_one_third  av-animated-generic fade-in  flex_column_div first  avia-builder-el-3  el_before_av_one_third  avia-builder-el-first  \" style='padding:20px; border-radius:44px; '><p><div  style='height:16px' class='hr hr-invisible   avia-builder-el-4  el_before_av_textblock  avia-builder-el-first '><span class='hr-inner ' ><span class='hr-inner-style'><\/span><\/span><\/div><br \/>\n<section class=\"av_textblock_section \"  itemscope=\"itemscope\" itemtype=\"https:\/\/schema.org\/CreativeWork\" ><div class='avia_textblock  av_inherit_color '  style='color:#495264; '  itemprop=\"text\" ><h1 style=\"text-align: right;\"><span style=\"font-size: 36pt;\"><strong>Coaching<\/strong><\/span><\/h1>\n<\/div><\/section><\/p><\/div><div class=\"flex_column av_one_third  av-animated-generic fade-in  flex_column_div   avia-builder-el-6  el_after_av_one_third  el_before_av_one_third  \" style='padding:20px; border-radius:44px; '><section class=\"av_textblock_section \"  itemscope=\"itemscope\" itemtype=\"https:\/\/schema.org\/CreativeWork\" ><div class='avia_textblock  av_inherit_color '  style='color:#212121; '  itemprop=\"text\" ><p><span style=\"font-family: Helvetica; font-size: 12pt;\">Coachingul <strong style=\"font-family: Helvetica; font-size: 12pt;\">Great People Inside<\/strong> este un proces orientat spre rezultate, care permite angaja\u021bilor s\u0103 performeze semnificativ \u0219i cu rezultate remarcabile \u00een vie\u021bile lor, \u00een carierele \u0219i organiza\u021biile lor.<\/p>\n<p><\/span><span style=\"font-family: Helvetica; font-size: 12pt;\">Coachingul <\/span><strong style=\"font-family: Helvetica; font-size: 12pt;\">Great People Inside<\/strong><span style=\"font-family: Helvetica; font-size: 12pt;\"> cre\u0219te responsabilitatea, autonomia, motiva\u021bia, auto-cunoa\u0219terea \u0219i dezvolt\u0103 comportamente noi \u0219i productive.<\/span><\/p>\n<p><span style=\"font-family: Helvetica; font-size: 12pt;\">Echipa de Coachi Parteneri<strong> Great People Inside<\/strong> este format\u0103 din coachi acredita\u021bi de Federa\u021bia Interna\u021bional\u0103 de Coaching.<\/span><\/p>\n<\/div><\/section><\/div><div class=\"flex_column av_one_third  av-animated-generic fade-in  flex_column_div   avia-builder-el-8  el_after_av_one_third  avia-builder-el-last  \" style='padding:20px; border-radius:44px; '><section class=\"av_textblock_section \"  itemscope=\"itemscope\" itemtype=\"https:\/\/schema.org\/CreativeWork\" ><div class='avia_textblock  '   itemprop=\"text\" ><p><img loading=\"lazy\" class=\"alignleft wp-image-6716 size-full\" src=\"http:\/\/greatpeopleinside.com\/ro\/wp-content\/uploads\/2017\/05\/coaching_03.png\" alt=\"\" width=\"301\" height=\"300\" srcset=\"https:\/\/greatpeopleinside.com\/ro\/wp-content\/uploads\/2017\/05\/coaching_03.png 301w, https:\/\/greatpeopleinside.com\/ro\/wp-content\/uploads\/2017\/05\/coaching_03-100x100.png 100w, https:\/\/greatpeopleinside.com\/ro\/wp-content\/uploads\/2017\/05\/coaching_03-80x80.png 80w, https:\/\/greatpeopleinside.com\/ro\/wp-content\/uploads\/2017\/05\/coaching_03-300x299.png 300w, https:\/\/greatpeopleinside.com\/ro\/wp-content\/uploads\/2017\/05\/coaching_03-36x36.png 36w, https:\/\/greatpeopleinside.com\/ro\/wp-content\/uploads\/2017\/05\/coaching_03-180x180.png 180w\" sizes=\"(max-width: 301px) 100vw, 301px\" \/><\/p>\n<\/div><\/section><\/div><\/div><\/div><\/div><!-- close content main div --><\/div><\/div><div id='av_section_3'  class='avia-section main_color avia-section-default avia-no-shadow  avia-bg-style-scroll  avia-builder-el-10  el_after_av_section  el_before_av_button_big   container_wrap sidebar_right' style=' '  ><div class='container' ><div class='template-page content  av-content-small alpha units'><div class='post-entry post-entry-type-page post-entry-6004'><div class='entry-content-wrapper clearfix'>\n<div class=\"flex_column av_one_fifth  av-animated-generic fade-in  flex_column_div first  avia-builder-el-11  el_before_av_one_fifth  avia-builder-el-first  \" style='padding:20px; border-radius:44px; '><p><div  class='avia-image-container  av-styling-  noHover  av-overlay-on-hover   avia-builder-el-12  el_before_av_textblock  avia-builder-el-first  avia-align-center '  itemprop=\"image\" itemscope=\"itemscope\" itemtype=\"https:\/\/schema.org\/ImageObject\"  ><div class='avia-image-container-inner'><div class='avia-image-overlay-wrap'><a href='http:\/\/greatpeopleinside.com\/ro\/servicii-gr8\/coaching\/coaching-individual\/' class='avia_image'  ><div class='av-image-caption-overlay'><div class='av-caption-image-overlay-bg' style='opacity:0.6; background-color:#ffffff; '><\/div><div class='av-image-caption-overlay-position'><div class='av-image-caption-overlay-center' style='color:#ffffff; '><\/div><\/div><\/div><img width=\"193\" height=\"192\" class='wp-image-6720 avia-img-lazy-loading-not-6720 avia_image' src=\"https:\/\/greatpeopleinside.com\/ro\/wp-content\/uploads\/2017\/05\/xicns_01.png\" alt='' title=''  itemprop=\"thumbnailUrl\" srcset=\"https:\/\/greatpeopleinside.com\/ro\/wp-content\/uploads\/2017\/05\/xicns_01.png 193w, https:\/\/greatpeopleinside.com\/ro\/wp-content\/uploads\/2017\/05\/xicns_01-100x100.png 100w, https:\/\/greatpeopleinside.com\/ro\/wp-content\/uploads\/2017\/05\/xicns_01-80x80.png 80w, https:\/\/greatpeopleinside.com\/ro\/wp-content\/uploads\/2017\/05\/xicns_01-36x36.png 36w, https:\/\/greatpeopleinside.com\/ro\/wp-content\/uploads\/2017\/05\/xicns_01-180x180.png 180w\" sizes=\"(max-width: 193px) 100vw, 193px\" \/><\/a><\/div><\/div><\/div><br \/>\n<section class=\"av_textblock_section \"  itemscope=\"itemscope\" itemtype=\"https:\/\/schema.org\/CreativeWork\" ><div class='avia_textblock  '   itemprop=\"text\" ><h6 style=\"text-align: center;\"><strong>Coaching individual<\/strong><\/h6>\n<\/div><\/section><\/p><\/div><div class=\"flex_column av_one_fifth  av-animated-generic fade-in  flex_column_div   avia-builder-el-14  el_after_av_one_fifth  el_before_av_one_fifth  \" style='padding:20px; border-radius:44px; '><p><div  class='avia-image-container  av-styling-  noHover  av-overlay-on-hover   avia-builder-el-15  el_before_av_textblock  avia-builder-el-first  avia-align-center '  itemprop=\"image\" itemscope=\"itemscope\" itemtype=\"https:\/\/schema.org\/ImageObject\"  ><div class='avia-image-container-inner'><div class='avia-image-overlay-wrap'><a href='http:\/\/greatpeopleinside.com\/ro\/servicii-gr8\/coaching\/coaching-de-echipa\/' class='avia_image'  ><div class='av-image-caption-overlay'><div class='av-caption-image-overlay-bg' style='opacity:0.6; background-color:#ffffff; '><\/div><div class='av-image-caption-overlay-position'><div class='av-image-caption-overlay-center' style='color:#ffffff; '><\/div><\/div><\/div><img width=\"193\" height=\"192\" class='wp-image-6739 avia-img-lazy-loading-not-6739 avia_image' src=\"https:\/\/greatpeopleinside.com\/ro\/wp-content\/uploads\/2017\/05\/xicns_02.png\" alt='' title=''  itemprop=\"thumbnailUrl\" srcset=\"https:\/\/greatpeopleinside.com\/ro\/wp-content\/uploads\/2017\/05\/xicns_02.png 193w, https:\/\/greatpeopleinside.com\/ro\/wp-content\/uploads\/2017\/05\/xicns_02-100x100.png 100w, https:\/\/greatpeopleinside.com\/ro\/wp-content\/uploads\/2017\/05\/xicns_02-80x80.png 80w, https:\/\/greatpeopleinside.com\/ro\/wp-content\/uploads\/2017\/05\/xicns_02-36x36.png 36w, https:\/\/greatpeopleinside.com\/ro\/wp-content\/uploads\/2017\/05\/xicns_02-180x180.png 180w\" sizes=\"(max-width: 193px) 100vw, 193px\" \/><\/a><\/div><\/div><\/div><br \/>\n<section class=\"av_textblock_section \"  itemscope=\"itemscope\" itemtype=\"https:\/\/schema.org\/CreativeWork\" ><div class='avia_textblock  '   itemprop=\"text\" ><h6 style=\"text-align: center;\"><strong>Coaching de echip\u0103<\/strong><\/h6>\n<\/div><\/section><\/p><\/div><div class=\"flex_column av_one_fifth  av-animated-generic fade-in  flex_column_div   avia-builder-el-17  el_after_av_one_fifth  el_before_av_one_fifth  \" style='padding:20px; border-radius:44px; '><p><div  class='avia-image-container  av-styling-  noHover  av-overlay-on-hover   avia-builder-el-18  el_before_av_textblock  avia-builder-el-first  avia-align-center '  itemprop=\"image\" itemscope=\"itemscope\" itemtype=\"https:\/\/schema.org\/ImageObject\"  ><div class='avia-image-container-inner'><div class='avia-image-overlay-wrap'><a href='http:\/\/greatpeopleinside.com\/ro\/servicii-gr8\/coaching\/coaching-de-grup\/' class='avia_image'  ><div class='av-image-caption-overlay'><div class='av-caption-image-overlay-bg' style='opacity:0.6; background-color:#ffffff; '><\/div><div class='av-image-caption-overlay-position'><div class='av-image-caption-overlay-center' style='color:#ffffff; '><\/div><\/div><\/div><img width=\"193\" height=\"192\" class='wp-image-6741 avia-img-lazy-loading-not-6741 avia_image' src=\"https:\/\/greatpeopleinside.com\/ro\/wp-content\/uploads\/2017\/05\/xicns_03.png\" alt='' title=''  itemprop=\"thumbnailUrl\" srcset=\"https:\/\/greatpeopleinside.com\/ro\/wp-content\/uploads\/2017\/05\/xicns_03.png 193w, https:\/\/greatpeopleinside.com\/ro\/wp-content\/uploads\/2017\/05\/xicns_03-100x100.png 100w, https:\/\/greatpeopleinside.com\/ro\/wp-content\/uploads\/2017\/05\/xicns_03-80x80.png 80w, https:\/\/greatpeopleinside.com\/ro\/wp-content\/uploads\/2017\/05\/xicns_03-36x36.png 36w, https:\/\/greatpeopleinside.com\/ro\/wp-content\/uploads\/2017\/05\/xicns_03-180x180.png 180w\" sizes=\"(max-width: 193px) 100vw, 193px\" \/><\/a><\/div><\/div><\/div><br \/>\n<section class=\"av_textblock_section \"  itemscope=\"itemscope\" itemtype=\"https:\/\/schema.org\/CreativeWork\" ><div class='avia_textblock  '   itemprop=\"text\" ><h6 style=\"text-align: center;\"><strong>Coaching de grup<\/strong><\/h6>\n<\/div><\/section><\/p><\/div><div class=\"flex_column av_one_fifth  av-animated-generic fade-in  flex_column_div   avia-builder-el-20  el_after_av_one_fifth  el_before_av_one_fifth  \" style='padding:20px; border-radius:44px; '><p><div  class='avia-image-container  av-styling-  noHover  av-overlay-on-hover   avia-builder-el-21  el_before_av_textblock  avia-builder-el-first  avia-align-center '  itemprop=\"image\" itemscope=\"itemscope\" itemtype=\"https:\/\/schema.org\/ImageObject\"  ><div class='avia-image-container-inner'><div class='avia-image-overlay-wrap'><a href='http:\/\/greatpeopleinside.com\/ro\/servicii-gr8\/coaching\/coaching-baza-instrumentelor-de-evaluare-great-people-inside\/' class='avia_image'  ><div class='av-image-caption-overlay'><div class='av-caption-image-overlay-bg' style='opacity:0.6; background-color:#ffffff; '><\/div><div class='av-image-caption-overlay-position'><div class='av-image-caption-overlay-center' style='color:#ffffff; '><\/div><\/div><\/div><img width=\"193\" height=\"192\" class='wp-image-6753 avia-img-lazy-loading-not-6753 avia_image' src=\"https:\/\/greatpeopleinside.com\/ro\/wp-content\/uploads\/2017\/05\/xicns_04.png\" alt='' title=''  itemprop=\"thumbnailUrl\" srcset=\"https:\/\/greatpeopleinside.com\/ro\/wp-content\/uploads\/2017\/05\/xicns_04.png 193w, https:\/\/greatpeopleinside.com\/ro\/wp-content\/uploads\/2017\/05\/xicns_04-100x100.png 100w, https:\/\/greatpeopleinside.com\/ro\/wp-content\/uploads\/2017\/05\/xicns_04-80x80.png 80w, https:\/\/greatpeopleinside.com\/ro\/wp-content\/uploads\/2017\/05\/xicns_04-36x36.png 36w, https:\/\/greatpeopleinside.com\/ro\/wp-content\/uploads\/2017\/05\/xicns_04-180x180.png 180w\" sizes=\"(max-width: 193px) 100vw, 193px\" \/><\/a><\/div><\/div><\/div><br \/>\n<section class=\"av_textblock_section \"  itemscope=\"itemscope\" itemtype=\"https:\/\/schema.org\/CreativeWork\" ><div class='avia_textblock  '   itemprop=\"text\" ><h6 style=\"text-align: center;\"><strong>Coaching \u00een baza instrumentelor de evaluare GPI<\/strong><\/h6>\n<\/div><\/section><\/p><\/div><div class=\"flex_column av_one_fifth  av-animated-generic fade-in  flex_column_div   avia-builder-el-23  el_after_av_one_fifth  avia-builder-el-last  \" style='padding:20px; border-radius:44px; '><p><div  class='avia-image-container  av-styling-  noHover  av-overlay-on-hover   avia-builder-el-24  el_before_av_textblock  avia-builder-el-first  avia-align-center '  itemprop=\"image\" itemscope=\"itemscope\" itemtype=\"https:\/\/schema.org\/ImageObject\"  ><div class='avia-image-container-inner'><div class='avia-image-overlay-wrap'><a href='http:\/\/greatpeopleinside.com\/ro\/servicii-gr8\/coaching\/coaching-inainte-si-dupa-training\/' class='avia_image'  ><div class='av-image-caption-overlay'><div class='av-caption-image-overlay-bg' style='opacity:0.6; background-color:#ffffff; '><\/div><div class='av-image-caption-overlay-position'><div class='av-image-caption-overlay-center' style='color:#ffffff; '><\/div><\/div><\/div><img width=\"192\" height=\"192\" class='wp-image-6758 avia-img-lazy-loading-not-6758 avia_image' src=\"https:\/\/greatpeopleinside.com\/ro\/wp-content\/uploads\/2017\/05\/xicns_05.png\" alt='' title=''  itemprop=\"thumbnailUrl\" srcset=\"https:\/\/greatpeopleinside.com\/ro\/wp-content\/uploads\/2017\/05\/xicns_05.png 192w, https:\/\/greatpeopleinside.com\/ro\/wp-content\/uploads\/2017\/05\/xicns_05-100x100.png 100w, https:\/\/greatpeopleinside.com\/ro\/wp-content\/uploads\/2017\/05\/xicns_05-80x80.png 80w, https:\/\/greatpeopleinside.com\/ro\/wp-content\/uploads\/2017\/05\/xicns_05-36x36.png 36w, https:\/\/greatpeopleinside.com\/ro\/wp-content\/uploads\/2017\/05\/xicns_05-180x180.png 180w\" sizes=\"(max-width: 192px) 100vw, 192px\" \/><\/a><\/div><\/div><\/div><br \/>\n<section class=\"av_textblock_section \"  itemscope=\"itemscope\" itemtype=\"https:\/\/schema.org\/CreativeWork\" ><div class='avia_textblock  '   itemprop=\"text\" ><h6 style=\"text-align: center;\"><strong>Coaching \u00eenainte \u0219i dup\u0103 training<\/strong><\/h6>\n<\/div><\/section><\/p><\/div>\n<\/p>\n<div  class='avia-button-wrap avia-button-center  avia-builder-el-26  el_after_av_section  el_before_av_textblock ' ><a href='https:\/\/greatpeopleinside.com\/ro\/get-in-touch\/' class='avia-button avia-button-fullwidth   av-icon-on-hover avia-icon_select-yes-right-icon avia-color-custom '  style='color:#ffffff; background-color:#009edc; ' ><span class='avia_iconbox_title' >Intr\u0103 \u00een leg\u0103tur\u0103 cu un consultant<\/span><span class='avia_button_icon avia_button_icon_right' aria-hidden='true' data-av_icon='\ue80c' data-av_iconfont='entypo-fontello'><\/span><span class='avia_button_background avia-button avia-button-fullwidth avia-color-custom' style='background-color:#21753b;'><\/span><\/a><\/div>\n<section class=\"av_textblock_section \"  itemscope=\"itemscope\" itemtype=\"https:\/\/schema.org\/CreativeWork\" ><div class='avia_textblock  '   itemprop=\"text\" ><h5>\u00a0 \u00a0 \u00a0PRODUSE DE COACHING DIN PORTOFOLIUL COACHILOR GREAT PEOPLE INSIDE:<\/h5>\n<\/div><\/section>\n<div  style='height:16px' class='hr hr-invisible   avia-builder-el-28  el_after_av_textblock  el_before_av_textblock '><span class='hr-inner ' ><span class='hr-inner-style'><\/span><\/span><\/div>\n<section class=\"av_textblock_section \"  itemscope=\"itemscope\" itemtype=\"https:\/\/schema.org\/CreativeWork\" ><div class='avia_textblock  '   itemprop=\"text\" ><ul>\n<li>Dezvoltarea abilit\u0103\u021bilor de coaching pentru Manageri<\/li>\n<li>C\u00e2nd e\u0219ti prima data Manager<\/li>\n<li>Adaptare intercultural\u0103<\/li>\n<li>Managementul rela\u021biilor interdepartamentale<\/li>\n<li>Coaching de v\u00e2nz\u0103ri \u015fi orientare c\u0103tre client<\/li>\n<li>Aliniere. Consolidare, eficientizare \u00een echip\u0103<\/li>\n<li>Coaching pentru schimbare de cultur\u0103 organiza\u021bional\u0103<\/li>\n<li>Coaching pentru facilitarea adapt\u0103rii la un nou manager\/stil de management<\/li>\n<li>Coaching pentru transformare individual\u0103<\/li>\n<li>Coaching de responsabilizare, asumare \u0219i implicare<\/li>\n<li>Coaching pentru ac\u021biune<\/li>\n<li>Inteligen\u021ba emo\u021bional\u0103<\/li>\n<li>Comunicare \u0219i rela\u021bionare eficient\u0103<\/li>\n<li>Coaching pentru orientare sau dezvoltare plan de carier\u0103<\/li>\n<li>Coaching de grup \u0219i ateliere pentru Wellbeing, Work life balance, Dezvoltare personal\u0103<\/li>\n<\/ul>\n<\/div><\/section>\n","protected":false},"excerpt":{"rendered":"","protected":false},"author":1,"featured_media":0,"parent":5945,"menu_order":0,"comment_status":"closed","ping_status":"closed","template":"","meta":[],"yoast_head":"<!-- This site is optimized with the Yoast SEO plugin v14.5 - https:\/\/yoast.com\/wordpress\/plugins\/seo\/ -->\n<title>Coaching - Great People Inside Romania<\/title>\n<meta name=\"robots\" content=\"index, follow\" \/>\n<meta name=\"googlebot\" content=\"index, follow, max-snippet:-1, max-image-preview:large, max-video-preview:-1\" \/>\n<meta name=\"bingbot\" content=\"index, follow, max-snippet:-1, max-image-preview:large, max-video-preview:-1\" \/>\n<link rel=\"canonical\" href=\"https:\/\/greatpeopleinside.com\/ro\/servicii-gr8\/coaching\/\" \/>\n<meta property=\"og:locale\" content=\"ro_RO\" \/>\n<meta property=\"og:type\" content=\"article\" \/>\n<meta property=\"og:title\" content=\"Coaching - Great People Inside Romania\" \/>\n<meta property=\"og:url\" content=\"https:\/\/greatpeopleinside.com\/ro\/servicii-gr8\/coaching\/\" \/>\n<meta property=\"og:site_name\" content=\"Great People Inside Romania\" \/>\n<meta property=\"article:publisher\" content=\"https:\/\/www.facebook.com\/GreatPeopleInside\/\" \/>\n<meta property=\"article:modified_time\" content=\"2020-03-27T14:59:57+00:00\" \/>\n<meta property=\"og:image\" content=\"http:\/\/greatpeopleinside.com\/ro\/wp-content\/uploads\/2017\/05\/coaching_03.png\" \/>\n<meta name=\"twitter:card\" content=\"summary\" \/>\n<script type=\"application\/ld+json\" class=\"yoast-schema-graph\">{\"@context\":\"https:\/\/schema.org\",\"@graph\":[{\"@type\":\"WebSite\",\"@id\":\"https:\/\/greatpeopleinside.com\/ro\/#website\",\"url\":\"https:\/\/greatpeopleinside.com\/ro\/\",\"name\":\"Great People Inside Romania\",\"description\":\"Fully customisable assessment and development platform\",\"potentialAction\":[{\"@type\":\"SearchAction\",\"target\":\"https:\/\/greatpeopleinside.com\/ro\/?s={search_term_string}\",\"query-input\":\"required name=search_term_string\"}],\"inLanguage\":\"ro-RO\"},{\"@type\":\"ImageObject\",\"@id\":\"https:\/\/greatpeopleinside.com\/ro\/servicii-gr8\/coaching\/#primaryimage\",\"inLanguage\":\"ro-RO\",\"url\":\"http:\/\/greatpeopleinside.com\/ro\/wp-content\/uploads\/2017\/05\/coaching_03.png\"},{\"@type\":\"WebPage\",\"@id\":\"https:\/\/greatpeopleinside.com\/ro\/servicii-gr8\/coaching\/#webpage\",\"url\":\"https:\/\/greatpeopleinside.com\/ro\/servicii-gr8\/coaching\/\",\"name\":\"Coaching - Great People Inside Romania\",\"isPartOf\":{\"@id\":\"https:\/\/greatpeopleinside.com\/ro\/#website\"},\"primaryImageOfPage\":{\"@id\":\"https:\/\/greatpeopleinside.com\/ro\/servicii-gr8\/coaching\/#primaryimage\"},\"datePublished\":\"2017-05-29T20:56:10+00:00\",\"dateModified\":\"2020-03-27T14:59:57+00:00\",\"inLanguage\":\"ro-RO\",\"potentialAction\":[{\"@type\":\"ReadAction\",\"target\":[\"https:\/\/greatpeopleinside.com\/ro\/servicii-gr8\/coaching\/\"]}]}]}<\/script>\n<!-- \/ Yoast SEO plugin. -->","_links":{"self":[{"href":"https:\/\/greatpeopleinside.com\/ro\/wp-json\/wp\/v2\/pages\/6004"}],"collection":[{"href":"https:\/\/greatpeopleinside.com\/ro\/wp-json\/wp\/v2\/pages"}],"about":[{"href":"https:\/\/greatpeopleinside.com\/ro\/wp-json\/wp\/v2\/types\/page"}],"author":[{"embeddable":true,"href":"https:\/\/greatpeopleinside.com\/ro\/wp-json\/wp\/v2\/users\/1"}],"replies":[{"embeddable":true,"href":"https:\/\/greatpeopleinside.com\/ro\/wp-json\/wp\/v2\/comments?post=6004"}],"version-history":[{"count":19,"href":"https:\/\/greatpeopleinside.com\/ro\/wp-json\/wp\/v2\/pages\/6004\/revisions"}],"predecessor-version":[{"id":8063,"href":"https:\/\/greatpeopleinside.com\/ro\/wp-json\/wp\/v2\/pages\/6004\/revisions\/8063"}],"up":[{"embeddable":true,"href":"https:\/\/greatpeopleinside.com\/ro\/wp-json\/wp\/v2\/pages\/5945"}],"wp:attachment":[{"href":"https:\/\/greatpeopleinside.com\/ro\/wp-json\/wp\/v2\/media?parent=6004"}],"curies":[{"name":"wp","href":"https:\/\/api.w.org\/{rel}","templated":true}]}}