{"id":6000,"date":"2017-05-29T22:55:00","date_gmt":"2017-05-29T20:55:00","guid":{"rendered":"http:\/\/greatpeopleinside.com\/ro\/?page_id=6000"},"modified":"2017-06-09T01:00:07","modified_gmt":"2017-06-08T23:00:07","slug":"training","status":"publish","type":"page","link":"https:\/\/greatpeopleinside.com\/ro\/servicii-gr8\/training\/","title":{"rendered":"Training"},"content":{"rendered":"<div id='av_section_1'  class='avia-section main_color avia-section-no-padding avia-no-border-styling  av-section-color-overlay-active avia-bg-style-scroll  avia-builder-el-0  el_before_av_section  avia-builder-el-first   av-minimum-height av-minimum-height-custom  container_wrap sidebar_right' style='background-color: #95c030;  '  ><div class='av-section-color-overlay-wrap'><div class='av-section-color-overlay' style='opacity: 0.5; '><\/div><div class='container' style='height:150px'><main  role=\"main\" itemprop=\"mainContentOfPage\"  class='template-page content  av-content-small alpha units'><div class='post-entry post-entry-type-page post-entry-6000'><div class='entry-content-wrapper clearfix'>\n<div  style='height:20px' class='hr hr-invisible   avia-builder-el-1  avia-builder-el-no-sibling '><span class='hr-inner ' ><span class='hr-inner-style'><\/span><\/span><\/div>\n\n<\/div><\/div><\/main><!-- close content main element --><\/div><\/div><\/div><div id='av_section_2'  class='avia-section main_color avia-section-default avia-no-border-styling  avia-bg-style-scroll  avia-builder-el-2  el_after_av_section  el_before_av_section   container_wrap sidebar_right' style='background-repeat: no-repeat; background-image: url(https:\/\/greatpeopleinside.com\/ro\/wp-content\/uploads\/2016\/03\/bkgA28.jpg);background-attachment: scroll; background-position: top left;  '  data-section-bg-repeat='no-repeat'><div class='container' ><div class='template-page content  av-content-small alpha units'><div class='post-entry post-entry-type-page post-entry-6000'><div class='entry-content-wrapper clearfix'>\n<div class=\"flex_column av_one_third  av-animated-generic fade-in  flex_column_div first  avia-builder-el-3  el_before_av_one_third  avia-builder-el-first  \" style='padding:20px; border-radius:44px; '><p><div  style='height:16px' class='hr hr-invisible   avia-builder-el-4  el_before_av_textblock  avia-builder-el-first '><span class='hr-inner ' ><span class='hr-inner-style'><\/span><\/span><\/div><br \/>\n<section class=\"av_textblock_section \"  itemscope=\"itemscope\" itemtype=\"https:\/\/schema.org\/CreativeWork\" ><div class='avia_textblock  av_inherit_color '  style='color:#495264; '  itemprop=\"text\" ><h1 style=\"text-align: right;\"><span style=\"font-size: 36pt;\"><strong>Training<\/strong><\/span><\/h1>\n<\/div><\/section><\/p><\/div><div class=\"flex_column av_one_third  av-animated-generic fade-in  flex_column_div   avia-builder-el-6  el_after_av_one_third  el_before_av_one_third  \" style='padding:20px; border-radius:44px; '><section class=\"av_textblock_section \"  itemscope=\"itemscope\" itemtype=\"https:\/\/schema.org\/CreativeWork\" ><div class='avia_textblock  '   itemprop=\"text\" ><p><strong>Great People Inside\u00a0<\/strong>activeaz\u0103 \u00een domeniul form\u0103rii profesionale \u0219i continue \u00eenc\u0103 din anul 2002.<\/p>\n<p>Cu peste 700 de cursuri \u0219i traininguri organizate de-a lungul timpului, <strong>Great People Inside<\/strong>\u00a0ofer\u0103 o gam\u0103 unic\u0103 de\u00a0<strong>programe de training personalizate<\/strong>, axate pe\u00a0<strong>dezvoltarea de abilit\u0103\u021bi de management \u0219i abilit\u0103\u021bi personale<\/strong>, astfel \u00eenc\u00e2t s\u00e3 satisfac\u0103 nevoile specifice ale organiza\u021biilor.<\/p>\n<p>Trainigurile noastre pun un puternic accent pe transferul de aptitudini astfel \u00eenc\u00e2t s\u0103 ne asigur\u0103m c\u0103 ob\u021bine\u021bi c\u00e2t mai mult de la programele de formare pe care le oferim. \u00a0Sprijinim oamenii \u0219i companiile s\u0103 ob\u021bin\u0103 rezultate remarcabile.<\/p>\n<\/div><\/section><\/div><div class=\"flex_column av_one_third  av-animated-generic fade-in  flex_column_div   avia-builder-el-8  el_after_av_one_third  avia-builder-el-last  \" style='padding:20px; border-radius:44px; '><section class=\"av_textblock_section \"  itemscope=\"itemscope\" itemtype=\"https:\/\/schema.org\/CreativeWork\" ><div class='avia_textblock  '   itemprop=\"text\" ><p><img loading=\"lazy\" class=\"alignleft wp-image-6614 size-full\" src=\"http:\/\/greatpeopleinside.com\/ro\/wp-content\/uploads\/2017\/05\/training_02.png\" alt=\"\" width=\"314\" height=\"310\" srcset=\"https:\/\/greatpeopleinside.com\/ro\/wp-content\/uploads\/2017\/05\/training_02.png 314w, https:\/\/greatpeopleinside.com\/ro\/wp-content\/uploads\/2017\/05\/training_02-100x100.png 100w, https:\/\/greatpeopleinside.com\/ro\/wp-content\/uploads\/2017\/05\/training_02-80x80.png 80w, https:\/\/greatpeopleinside.com\/ro\/wp-content\/uploads\/2017\/05\/training_02-300x296.png 300w, https:\/\/greatpeopleinside.com\/ro\/wp-content\/uploads\/2017\/05\/training_02-36x36.png 36w\" sizes=\"(max-width: 314px) 100vw, 314px\" \/><\/p>\n<\/div><\/section><\/div>\n\n<\/div><\/div><\/div><!-- close content main div --><\/div><\/div><div id='av_section_3'  class='avia-section main_color avia-section-default avia-no-shadow  avia-bg-style-scroll  avia-builder-el-10  el_after_av_section  el_before_av_textblock   container_wrap sidebar_right' style=' '  ><div class='container' ><div class='template-page content  av-content-small alpha units'><div class='post-entry post-entry-type-page post-entry-6000'><div class='entry-content-wrapper clearfix'>\n<div class=\"flex_column av_one_fourth  av-animated-generic fade-in  flex_column_div first  avia-builder-el-11  el_before_av_one_fourth  avia-builder-el-first  \" style='padding:20px; border-radius:44px; '><p><div  class='avia-image-container  av-styling-  noHover  av-overlay-on-hover   avia-builder-el-12  el_before_av_textblock  avia-builder-el-first  avia-align-center '  itemprop=\"image\" itemscope=\"itemscope\" itemtype=\"https:\/\/schema.org\/ImageObject\"  ><div class='avia-image-container-inner'><div class='avia-image-overlay-wrap'><a href='http:\/\/greatpeopleinside.com\/ro\/servicii-gr8\/training\/dezvoltarea-abilitatilor-manageriale\/' class='avia_image'  ><div class='av-image-caption-overlay'><div class='av-caption-image-overlay-bg' style='opacity:0.6; background-color:#ffffff; '><\/div><div class='av-image-caption-overlay-position'><div class='av-image-caption-overlay-center' style='color:#ffffff; '><\/div><\/div><\/div><img width=\"193\" height=\"192\" class='wp-image-6630 avia-img-lazy-loading-not-6630 avia_image' src=\"https:\/\/greatpeopleinside.com\/ro\/wp-content\/uploads\/2017\/05\/aicns_01.png\" alt='' title=''  itemprop=\"thumbnailUrl\" srcset=\"https:\/\/greatpeopleinside.com\/ro\/wp-content\/uploads\/2017\/05\/aicns_01.png 193w, https:\/\/greatpeopleinside.com\/ro\/wp-content\/uploads\/2017\/05\/aicns_01-100x100.png 100w, https:\/\/greatpeopleinside.com\/ro\/wp-content\/uploads\/2017\/05\/aicns_01-80x80.png 80w, https:\/\/greatpeopleinside.com\/ro\/wp-content\/uploads\/2017\/05\/aicns_01-36x36.png 36w, https:\/\/greatpeopleinside.com\/ro\/wp-content\/uploads\/2017\/05\/aicns_01-180x180.png 180w\" sizes=\"(max-width: 193px) 100vw, 193px\" \/><\/a><\/div><\/div><\/div><br \/>\n<section class=\"av_textblock_section \"  itemscope=\"itemscope\" itemtype=\"https:\/\/schema.org\/CreativeWork\" ><div class='avia_textblock  '   itemprop=\"text\" ><h6 style=\"text-align: center;\"><strong>Dezvoltarea abilitatilor manageriale<\/strong><\/h6>\n<\/div><\/section><\/p><\/div><div class=\"flex_column av_one_fourth  av-animated-generic fade-in  flex_column_div   avia-builder-el-14  el_after_av_one_fourth  el_before_av_one_fourth  \" style='padding:20px; border-radius:44px; '><p><div  class='avia-image-container  av-styling-  noHover  av-overlay-on-hover   avia-builder-el-15  el_before_av_textblock  avia-builder-el-first  avia-align-center '  itemprop=\"image\" itemscope=\"itemscope\" itemtype=\"https:\/\/schema.org\/ImageObject\"  ><div class='avia-image-container-inner'><div class='avia-image-overlay-wrap'><a href='http:\/\/greatpeopleinside.com\/ro\/servicii-gr8\/training\/dezvoltare-personala\/' class='avia_image'  ><div class='av-image-caption-overlay'><div class='av-caption-image-overlay-bg' style='opacity:0.6; background-color:#ffffff; '><\/div><div class='av-image-caption-overlay-position'><div class='av-image-caption-overlay-center' style='color:#ffffff; '><\/div><\/div><\/div><img width=\"193\" height=\"192\" class='wp-image-6631 avia-img-lazy-loading-not-6631 avia_image' src=\"https:\/\/greatpeopleinside.com\/ro\/wp-content\/uploads\/2017\/05\/aicns_02.png\" alt='' title='aicns_02'  itemprop=\"thumbnailUrl\" srcset=\"https:\/\/greatpeopleinside.com\/ro\/wp-content\/uploads\/2017\/05\/aicns_02.png 193w, https:\/\/greatpeopleinside.com\/ro\/wp-content\/uploads\/2017\/05\/aicns_02-100x100.png 100w, https:\/\/greatpeopleinside.com\/ro\/wp-content\/uploads\/2017\/05\/aicns_02-80x80.png 80w, https:\/\/greatpeopleinside.com\/ro\/wp-content\/uploads\/2017\/05\/aicns_02-36x36.png 36w, https:\/\/greatpeopleinside.com\/ro\/wp-content\/uploads\/2017\/05\/aicns_02-180x180.png 180w\" sizes=\"(max-width: 193px) 100vw, 193px\" \/><\/a><\/div><\/div><\/div><br \/>\n<section class=\"av_textblock_section \"  itemscope=\"itemscope\" itemtype=\"https:\/\/schema.org\/CreativeWork\" ><div class='avia_textblock  '   itemprop=\"text\" ><h6 style=\"text-align: center;\"><strong>Dezvoltarea abilitatilor\u00a0personale<\/strong><\/h6>\n<\/div><\/section><\/p><\/div><div class=\"flex_column av_one_fourth  av-animated-generic fade-in  flex_column_div   avia-builder-el-17  el_after_av_one_fourth  el_before_av_one_fourth  \" style='padding:20px; border-radius:44px; '><p><div  class='avia-image-container  av-styling-  noHover  av-overlay-on-hover   avia-builder-el-18  el_before_av_textblock  avia-builder-el-first  avia-align-center '  itemprop=\"image\" itemscope=\"itemscope\" itemtype=\"https:\/\/schema.org\/ImageObject\"  ><div class='avia-image-container-inner'><div class='avia-image-overlay-wrap'><a href='http:\/\/greatpeopleinside.com\/ro\/servicii-gr8\/training\/negociere-si-vanzari\/' class='avia_image'  ><div class='av-image-caption-overlay'><div class='av-caption-image-overlay-bg' style='opacity:0.6; background-color:#ffffff; '><\/div><div class='av-image-caption-overlay-position'><div class='av-image-caption-overlay-center' style='color:#ffffff; '><\/div><\/div><\/div><img width=\"193\" height=\"192\" class='wp-image-6632 avia-img-lazy-loading-not-6632 avia_image' src=\"https:\/\/greatpeopleinside.com\/ro\/wp-content\/uploads\/2017\/05\/aicns_03.png\" alt='' title=''  itemprop=\"thumbnailUrl\" srcset=\"https:\/\/greatpeopleinside.com\/ro\/wp-content\/uploads\/2017\/05\/aicns_03.png 193w, https:\/\/greatpeopleinside.com\/ro\/wp-content\/uploads\/2017\/05\/aicns_03-100x100.png 100w, https:\/\/greatpeopleinside.com\/ro\/wp-content\/uploads\/2017\/05\/aicns_03-80x80.png 80w, https:\/\/greatpeopleinside.com\/ro\/wp-content\/uploads\/2017\/05\/aicns_03-36x36.png 36w, https:\/\/greatpeopleinside.com\/ro\/wp-content\/uploads\/2017\/05\/aicns_03-180x180.png 180w\" sizes=\"(max-width: 193px) 100vw, 193px\" \/><\/a><\/div><\/div><\/div><br \/>\n<section class=\"av_textblock_section \"  itemscope=\"itemscope\" itemtype=\"https:\/\/schema.org\/CreativeWork\" ><div class='avia_textblock  '   itemprop=\"text\" ><h6 style=\"text-align: center;\"><strong>Negociere si vanzari<\/strong><\/h6>\n<\/div><\/section><\/p><\/div><div class=\"flex_column av_one_fourth  av-animated-generic fade-in  flex_column_div   avia-builder-el-20  el_after_av_one_fourth  avia-builder-el-last  \" style='padding:20px; border-radius:44px; '><p><div  class='avia-image-container  av-styling-  noHover  av-overlay-on-hover   avia-builder-el-21  el_before_av_textblock  avia-builder-el-first  avia-align-center '  itemprop=\"image\" itemscope=\"itemscope\" itemtype=\"https:\/\/schema.org\/ImageObject\"  ><div class='avia-image-container-inner'><div class='avia-image-overlay-wrap'><a href='http:\/\/greatpeopleinside.com\/ro\/servicii-gr8\/training\/simulator-de-afaceri\/' class='avia_image'  ><div class='av-image-caption-overlay'><div class='av-caption-image-overlay-bg' style='opacity:0.6; background-color:#ffffff; '><\/div><div class='av-image-caption-overlay-position'><div class='av-image-caption-overlay-center' style='color:#ffffff; '><\/div><\/div><\/div><img width=\"192\" height=\"192\" class='wp-image-6633 avia-img-lazy-loading-not-6633 avia_image' src=\"https:\/\/greatpeopleinside.com\/ro\/wp-content\/uploads\/2017\/05\/aicns_04.png\" alt='' title=''  itemprop=\"thumbnailUrl\" srcset=\"https:\/\/greatpeopleinside.com\/ro\/wp-content\/uploads\/2017\/05\/aicns_04.png 192w, https:\/\/greatpeopleinside.com\/ro\/wp-content\/uploads\/2017\/05\/aicns_04-100x100.png 100w, https:\/\/greatpeopleinside.com\/ro\/wp-content\/uploads\/2017\/05\/aicns_04-80x80.png 80w, https:\/\/greatpeopleinside.com\/ro\/wp-content\/uploads\/2017\/05\/aicns_04-36x36.png 36w, https:\/\/greatpeopleinside.com\/ro\/wp-content\/uploads\/2017\/05\/aicns_04-180x180.png 180w\" sizes=\"(max-width: 192px) 100vw, 192px\" \/><\/a><\/div><\/div><\/div><br \/>\n<section class=\"av_textblock_section \"  itemscope=\"itemscope\" itemtype=\"https:\/\/schema.org\/CreativeWork\" ><div class='avia_textblock  '   itemprop=\"text\" ><h6 style=\"text-align: center;\"><strong>Simulator de afaceri<\/strong><\/h6>\n<\/div><\/section><\/p><\/div>\n<\/div><\/div><\/div><!-- close content main div --><\/div><\/div><div id='after_section_3'  class='main_color av_default_container_wrap container_wrap sidebar_right' style=' '  ><div class='container' ><div class='template-page content  av-content-small alpha units'><div class='post-entry post-entry-type-page post-entry-6000'><div class='entry-content-wrapper clearfix'>\n<section class=\"av_textblock_section \"  itemscope=\"itemscope\" itemtype=\"https:\/\/schema.org\/CreativeWork\" ><div class='avia_textblock  '   itemprop=\"text\" ><h5>\u00a0 \u00a0 \u00a010 MOTIVE PENTRU CARE PROGRAMELE DE TRAINING \u015eI COACHING GREAT PEOPLE INSIDE FUNC\u021aIONEAZ\u0102:<\/h5>\n<\/div><\/section>\n<div  style='height:16px' class='hr hr-invisible   avia-builder-el-24  el_after_av_textblock  el_before_av_textblock '><span class='hr-inner ' ><span class='hr-inner-style'><\/span><\/span><\/div>\n<section class=\"av_textblock_section \"  itemscope=\"itemscope\" itemtype=\"https:\/\/schema.org\/CreativeWork\" ><div class='avia_textblock  '   itemprop=\"text\" ><ul>\n<li>Analiza nevoilor de formare este obiectiv\u0103 \u0219i riguroas\u0103,\u00a0fiind bazat\u0103 pe instrumentele de evaluare psiho-aptitudinal\u0103 Great People Inside, instrumente care ajut\u0103 la identificarea cu exactitate a ariilor de dezvoltare \u0219i la construirea unor planuri de perfec\u0163ionare pentru to\u0163i participan\u0163ii.<\/li>\n<li>Fiecare training precum \u0219i fiecare sesiune de coaching \u00een parte sunt create \u0219i adaptate \u00een func\u0163ie de specificul fiec\u0103rei grupe de participan\u0163i,\u00a0de a\u0219tept\u0103rile \u0219i obiectivele companiei \u0219i de particularit\u0103\u0163ile fiec\u0103rui domeniu de activitate.<\/li>\n<li>Echipa de traineri este format\u0103 din psihologi cu experien\u0163\u0103\u00a0\u00een management, v\u00e2nz\u0103ri, dezvoltare organiza\u0163io- nal\u0103 \u0219i personal\u0103.<\/li>\n<li>Trainerii elaboreaz\u0103 design-urile de training pe baza modelului\u00a04MAT 4Business, \u0163in\u00e2nd cont de diferitele stiluri de \u00eenv\u0103\u0163are \u0219i de func\u0163ionarea emisferelor cerebrale. Astfel sunt alese cele mai potrivite concepte, con\u0163inuturi \u0219i metode \u00een vederea atingerii obiectivelor esen\u0163iale (legate de cuno\u0219tin\u0163e, abilit\u0103\u0163i, valori \u0219i de performare).<\/li>\n<li>Trainingurile sunt organizate \u0219i sus\u0163inute de\u00a0echipe de c\u00e2te 2 traineri, ceea ce contribuie la dinamica programului de formare, men\u0163inerea interesului participan\u0163ilor \u0219i \u00eemp\u0103rt\u0103\u0219irea unor experien\u0163e variate.<\/li>\n<li>Pe parcursul trainingurilor\u00a0sunt utilizate metode de predare-\u00eenv\u0103\u0163are moderne, interactive \u0219i adaptate specificului \u00eenv\u0103\u0163\u0103rii la v\u00e2rst\u0103 adult\u0103: explica\u0163ia, prelegerea, exemplificarea, dezbaterea, conversa\u0163ia euristic\u0103, jocul de rol, studiile de caz, demonstra\u0163ia, simul\u0103rile \u00eenregistrate video, filme, fi\u0219e de lucru, analiza diferitelor concepte sau situa\u0163ii profesionale etc.<\/li>\n<li>Participan\u0163ii lucreaz\u0103 at\u00e2t individual, c\u00e2t \u0219i \u00een grupuri\u00a0deoarece oferim o aten\u0163ie deosebit\u0103 strategiilor de cooperare \u0219i moda- lit\u0103\u0163ilor de\u00a0stimulare a lucrului \u00een echip\u0103.<\/li>\n<li>S\u0103li moderne de training \u00een Bra\u0219ov \u0219i Bucure\u0219ti\u00a0sau \u00een loca\u0163iile alese de dumneavoastr\u0103 care s\u0103 le ofere participan\u0163ilor ocazia de a ie\u0219i din mediul organiza\u0163ional \u0219i de a se deconecta de rutina zilnic\u0103.<\/li>\n<li>Trainingurile sunt urmate de\u00a0programe de follow-up\u00a0prin care urm\u0103rim schimb\u0103rile produse \u0219i oferim suport \u00een dep\u0103\u0219irea dificult\u0103\u0163ilor din activitate \u0219i g\u0103sirea unor solu\u0163ii eficiente.<\/li>\n<li>Impactul trainingurilor \u0219i al sesiunilor de coaching Great People Inside este puternic, at\u00e2t la nivel cognitiv, c\u00e2t \u0219i la nivel emo\u0163ional, rezultatele observate fiind semnificative: cre\u0219terea motiva\u0163iei profesionale a participan\u0163ilor, o mai bun\u0103 autocunoa\u0219tere, \u00eembun\u0103t\u0103\u0163irea comunic\u0103rii \u00eentre membrii organiza\u0163iei, consolidarea \u0219i dezvoltarea echipelor de lucru, adoptarea unei atitudini pozitive, cre\u0219terea v\u00e2nz\u0103rilor \u0219i optimizarea rela\u0163iei cu clien\u0163ii, gestionarea mai eficient\u0103 a conflictelor, dezvoltarea calit\u0103\u0163ilor de lider \u0219i de cultivare a talentelor etc.<\/li>\n<\/ul>\n<\/div><\/section>\n","protected":false},"excerpt":{"rendered":"","protected":false},"author":1,"featured_media":0,"parent":5945,"menu_order":0,"comment_status":"closed","ping_status":"closed","template":"","meta":[],"yoast_head":"<!-- This site is optimized with the Yoast SEO plugin v14.5 - https:\/\/yoast.com\/wordpress\/plugins\/seo\/ -->\n<title>Training - Great People Inside Romania<\/title>\n<meta name=\"robots\" content=\"index, follow\" \/>\n<meta name=\"googlebot\" content=\"index, follow, max-snippet:-1, max-image-preview:large, max-video-preview:-1\" \/>\n<meta name=\"bingbot\" content=\"index, follow, max-snippet:-1, max-image-preview:large, max-video-preview:-1\" \/>\n<link rel=\"canonical\" href=\"https:\/\/greatpeopleinside.com\/ro\/servicii-gr8\/training\/\" \/>\n<meta property=\"og:locale\" content=\"ro_RO\" \/>\n<meta property=\"og:type\" content=\"article\" \/>\n<meta property=\"og:title\" content=\"Training - Great People Inside Romania\" \/>\n<meta property=\"og:url\" content=\"https:\/\/greatpeopleinside.com\/ro\/servicii-gr8\/training\/\" \/>\n<meta property=\"og:site_name\" content=\"Great People Inside Romania\" \/>\n<meta property=\"article:publisher\" content=\"https:\/\/www.facebook.com\/GreatPeopleInside\/\" \/>\n<meta property=\"article:modified_time\" content=\"2017-06-08T23:00:07+00:00\" \/>\n<meta property=\"og:image\" content=\"http:\/\/greatpeopleinside.com\/ro\/wp-content\/uploads\/2017\/05\/training_02.png\" \/>\n<meta name=\"twitter:card\" content=\"summary\" \/>\n<script type=\"application\/ld+json\" class=\"yoast-schema-graph\">{\"@context\":\"https:\/\/schema.org\",\"@graph\":[{\"@type\":\"WebSite\",\"@id\":\"https:\/\/greatpeopleinside.com\/ro\/#website\",\"url\":\"https:\/\/greatpeopleinside.com\/ro\/\",\"name\":\"Great People Inside Romania\",\"description\":\"Fully customisable assessment and development platform\",\"potentialAction\":[{\"@type\":\"SearchAction\",\"target\":\"https:\/\/greatpeopleinside.com\/ro\/?s={search_term_string}\",\"query-input\":\"required name=search_term_string\"}],\"inLanguage\":\"ro-RO\"},{\"@type\":\"ImageObject\",\"@id\":\"https:\/\/greatpeopleinside.com\/ro\/servicii-gr8\/training\/#primaryimage\",\"inLanguage\":\"ro-RO\",\"url\":\"http:\/\/greatpeopleinside.com\/ro\/wp-content\/uploads\/2017\/05\/training_02.png\"},{\"@type\":\"WebPage\",\"@id\":\"https:\/\/greatpeopleinside.com\/ro\/servicii-gr8\/training\/#webpage\",\"url\":\"https:\/\/greatpeopleinside.com\/ro\/servicii-gr8\/training\/\",\"name\":\"Training - Great People Inside Romania\",\"isPartOf\":{\"@id\":\"https:\/\/greatpeopleinside.com\/ro\/#website\"},\"primaryImageOfPage\":{\"@id\":\"https:\/\/greatpeopleinside.com\/ro\/servicii-gr8\/training\/#primaryimage\"},\"datePublished\":\"2017-05-29T20:55:00+00:00\",\"dateModified\":\"2017-06-08T23:00:07+00:00\",\"inLanguage\":\"ro-RO\",\"potentialAction\":[{\"@type\":\"ReadAction\",\"target\":[\"https:\/\/greatpeopleinside.com\/ro\/servicii-gr8\/training\/\"]}]}]}<\/script>\n<!-- \/ Yoast SEO plugin. -->","_links":{"self":[{"href":"https:\/\/greatpeopleinside.com\/ro\/wp-json\/wp\/v2\/pages\/6000"}],"collection":[{"href":"https:\/\/greatpeopleinside.com\/ro\/wp-json\/wp\/v2\/pages"}],"about":[{"href":"https:\/\/greatpeopleinside.com\/ro\/wp-json\/wp\/v2\/types\/page"}],"author":[{"embeddable":true,"href":"https:\/\/greatpeopleinside.com\/ro\/wp-json\/wp\/v2\/users\/1"}],"replies":[{"embeddable":true,"href":"https:\/\/greatpeopleinside.com\/ro\/wp-json\/wp\/v2\/comments?post=6000"}],"version-history":[{"count":22,"href":"https:\/\/greatpeopleinside.com\/ro\/wp-json\/wp\/v2\/pages\/6000\/revisions"}],"predecessor-version":[{"id":7875,"href":"https:\/\/greatpeopleinside.com\/ro\/wp-json\/wp\/v2\/pages\/6000\/revisions\/7875"}],"up":[{"embeddable":true,"href":"https:\/\/greatpeopleinside.com\/ro\/wp-json\/wp\/v2\/pages\/5945"}],"wp:attachment":[{"href":"https:\/\/greatpeopleinside.com\/ro\/wp-json\/wp\/v2\/media?parent=6000"}],"curies":[{"name":"wp","href":"https:\/\/api.w.org\/{rel}","templated":true}]}}