{"id":2303,"date":"2016-05-17T03:11:40","date_gmt":"2016-05-17T01:11:40","guid":{"rendered":"http:\/\/greatpeopleinside.com\/work\/?page_id=2303"},"modified":"2020-04-09T01:16:27","modified_gmt":"2020-04-08T23:16:27","slug":"get-in-touch","status":"publish","type":"page","link":"https:\/\/greatpeopleinside.com\/ro\/get-in-touch\/","title":{"rendered":"Lua\u021bi leg\u0103tura cu un consultant"},"content":{"rendered":"<div id='about'  class='avia-section alternate_color avia-section-huge avia-no-border-styling  avia-bg-style-scroll  avia-builder-el-0  el_before_av_submenu  avia-builder-el-first   container_wrap sidebar_right' style=' '  ><div class='container' ><main  role=\"main\" itemprop=\"mainContentOfPage\"  class='template-page content  av-content-small alpha units'><div class='post-entry post-entry-type-page post-entry-2303'><div class='entry-content-wrapper clearfix'>\n<div class=\"flex_column av_one_fourth  flex_column_div av-zero-column-padding first  avia-builder-el-1  el_before_av_three_fourth  avia-builder-el-first  \" style='border-radius:0px; '><div  class='avia-image-container avia_animated_image avia_animate_when_almost_visible fade-in av-styling-  noHover  av-overlay-on-hover   avia-builder-el-2  avia-builder-el-no-sibling  avia-align-center '  itemprop=\"image\" itemscope=\"itemscope\" itemtype=\"https:\/\/schema.org\/ImageObject\"  ><div class='avia-image-container-inner'><div class='avia-image-overlay-wrap'><a href='http:\/\/greatpeopleinside.com\/ro\/' class='avia_image'  ><div class='av-image-caption-overlay'><div class='av-caption-image-overlay-bg' style='opacity:0.5; background-color:#051521; '><\/div><div class='av-image-caption-overlay-position'><div class='av-image-caption-overlay-center' style='color:#ffffff; '><\/div><\/div><\/div><img width=\"267\" height=\"114\" class='wp-image-2329 avia-img-lazy-loading-not-2329 avia_image' src=\"https:\/\/greatpeopleinside.com\/ro\/wp-content\/uploads\/2016\/05\/logo_GPI_01a.png\" alt='' title=''  itemprop=\"thumbnailUrl\"  \/><\/a><\/div><\/div><\/div><\/div><div class=\"flex_column av_three_fourth  flex_column_div av-zero-column-padding   avia-builder-el-3  el_after_av_one_fourth  el_before_av_hr  \" style='border-radius:0px; '><p><div  style='height:28px' class='hr hr-invisible   avia-builder-el-4  el_before_av_textblock  avia-builder-el-first '><span class='hr-inner ' ><span class='hr-inner-style'><\/span><\/span><\/div><br \/>\n<section class=\"av_textblock_section \"  itemscope=\"itemscope\" itemtype=\"https:\/\/schema.org\/CreativeWork\" ><div class='avia_textblock  av_inherit_color '  style='color:#ffffff; '  itemprop=\"text\" ><h1 style=\"text-align: right;\"><strong>LUA\u021aI LEG\u0102TURA CU UN CONSULTANT!<\/strong><\/h1>\n<\/div><\/section><\/p><\/div><div  style=' margin-top:30px; margin-bottom:30px;'  class='hr hr-custom hr-center hr-icon-yes   avia-builder-el-6  el_after_av_three_fourth  el_before_av_one_half '><span class='hr-inner  inner-border-av-border-thin' style=' width:590px; max-width:45%;' ><span class='hr-inner-style'><\/span><\/span><span class='av-seperator-icon' style='color:#466073;' aria-hidden='true' data-av_icon='\ue87f' data-av_iconfont='entypo-fontello'><\/span><span class='hr-inner  inner-border-av-border-thin' style=' width:590px; max-width:45%;' ><span class='hr-inner-style'><\/span><\/span><\/div>\n<div class=\"flex_column av_one_half  flex_column_div first  avia-builder-el-7  el_after_av_hr  el_before_av_one_half  \" style='padding:22px; background-color:#ffffff; border-radius:0px; '><section class=\"av_textblock_section \"  itemscope=\"itemscope\" itemtype=\"https:\/\/schema.org\/CreativeWork\" ><div class='avia_textblock  '   itemprop=\"text\" ><p style=\"text-align: left;\">\n<p><img loading=\"lazy\" class=\"alignnone wp-image-2387 size-full\" src=\"http:\/\/greatpeopleinside.com\/wp-content\/uploads\/2016\/05\/img_consultanti.png\" width=\"549\" height=\"257\" srcset=\"https:\/\/greatpeopleinside.com\/ro\/wp-content\/uploads\/2016\/05\/img_consultanti.png 549w, https:\/\/greatpeopleinside.com\/ro\/wp-content\/uploads\/2016\/05\/img_consultanti-300x140.png 300w, https:\/\/greatpeopleinside.com\/ro\/wp-content\/uploads\/2016\/05\/img_consultanti-450x211.png 450w\" sizes=\"(max-width: 549px) 100vw, 549px\" \/><\/p>\n<p style=\"text-align: left;\">\n<p style=\"text-align: center;\">\n<\/div><\/section><br \/>\n<div  style='height:22px' class='hr hr-invisible   avia-builder-el-9  el_after_av_textblock  el_before_av_textblock '><span class='hr-inner ' ><span class='hr-inner-style'><\/span><\/span><\/div><br \/>\n<section class=\"av_textblock_section \"  itemscope=\"itemscope\" itemtype=\"https:\/\/schema.org\/CreativeWork\" ><div class='avia_textblock  '   itemprop=\"text\" ><p><span style=\"font-size: 12pt;\"><strong>V\u0103 mul\u021bumim pentru interesul dumneavoastr\u0103 fa\u021b\u0103 de<br \/>\nGreat People Inside.<\/strong><\/span><\/p>\n<p><span style=\"font-size: 12pt;\">Ave\u021bi o \u00eentrebare sau, poate, dori\u021bi doar s\u0103 ne saluta\u021bi?<\/span><\/p>\n<p><span style=\"font-size: 12pt;\">V\u0103 rug\u0103m s\u0103 completa\u021bi acest formular, urm\u00e2nd s\u0103 fi\u021bi contactat de un consultant Great People Inside c\u00e2t mai cur\u00e2nd, pentru a discuta cu dumneavoastr\u0103 despre cum serviciile \u0219i produsele noastre\u00a0 pot fi utile companiei dumneavoastr\u0103 \u0219i pentru a v\u0103 prezenta c\u00e2teva dintre solu\u021biile noastre.<\/span><\/p>\n<p style=\"text-align: left;\">\n<p style=\"text-align: center;\">\n<\/div><\/section><br \/>\n<div  style='height:5px' class='hr hr-invisible   avia-builder-el-11  el_after_av_textblock  el_before_av_textblock '><span class='hr-inner ' ><span class='hr-inner-style'><\/span><\/span><\/div><br \/>\n<section class=\"av_textblock_section \"  itemscope=\"itemscope\" itemtype=\"https:\/\/schema.org\/CreativeWork\" ><div class='avia_textblock  '   itemprop=\"text\" ><p><img loading=\"lazy\" class=\"size-full wp-image-8008 alignleft\" src=\"https:\/\/greatpeopleinside.com\/ro\/wp-content\/uploads\/2020\/03\/0733people_01.png\" alt=\"\" width=\"202\" height=\"63\" \/><\/p>\n<\/div><\/section><br \/>\n<div  style='height:200px' class='hr hr-invisible   avia-builder-el-13  el_after_av_textblock  el_before_av_textblock '><span class='hr-inner ' ><span class='hr-inner-style'><\/span><\/span><\/div><br \/>\n<section class=\"av_textblock_section \"  itemscope=\"itemscope\" itemtype=\"https:\/\/schema.org\/CreativeWork\" ><div class='avia_textblock  av_inherit_color '  style='color:#009edc; '  itemprop=\"text\" ><p><span style=\"font-family: roboto-condensed; font-size: 12pt;\">Complet\u00e2nd acest formular v\u0103 exprima\u0163i acordul cu privire la prelucrarea datelor cu caracter personal, conform legislatiei GDPR in vigoare. Pentru mai multe detalii accesa\u0163i pagina <a href=\"https:\/\/greatpeopleinside.com\/ro\/termeni-si-conditii\" target=\"_blank\" rel=\"noopener\">Termeni \u015fi condi\u0163ii<\/a><\/span><\/p>\n<p style=\"text-align: center;\">\n<\/div><\/section><br \/>\n<div  style='height:29px' class='hr hr-invisible   avia-builder-el-15  el_after_av_textblock  el_before_av_font_icon '><span class='hr-inner ' ><span class='hr-inner-style'><\/span><\/span><\/div><br \/>\n<span  class=\"av_font_icon avia_animate_when_visible avia-icon-animate  av-icon-style-  avia-icon-pos-left \" style=\"color:#009edc; border-color:#009edc;\"><a href='http:\/\/greatpeopleinside.com\/ro\/'   class='av-icon-char' style='font-size:50px;line-height:50px;' aria-hidden='true' data-av_icon='\ue88f' data-av_iconfont='entypo-fontello' ><\/a><\/span><br \/>\n<div  style='height:11px' class='hr hr-invisible   avia-builder-el-17  el_after_av_font_icon  el_before_av_textblock '><span class='hr-inner ' ><span class='hr-inner-style'><\/span><\/span><\/div><br \/>\n<section class=\"av_textblock_section \"  itemscope=\"itemscope\" itemtype=\"https:\/\/schema.org\/CreativeWork\" ><div class='avia_textblock  av_inherit_color '  style='font-size:16px; color:#565656; '  itemprop=\"text\" ><h6>\u00ceNAPOI LA SITE<\/h6>\n<p style=\"text-align: center;\">\n<\/div><\/section><\/p><\/div><div class=\"flex_column av_one_half  flex_column_div av-zero-column-padding   avia-builder-el-19  el_after_av_one_half  avia-builder-el-last  \" style='border-radius:0px; '><section class=\"av_textblock_section \"  itemscope=\"itemscope\" itemtype=\"https:\/\/schema.org\/CreativeWork\" ><div class='avia_textblock  '   itemprop=\"text\" ><p style=\"text-align: center;\"><div role=\"form\" class=\"wpcf7\" id=\"wpcf7-f2215-o1\" lang=\"en-US\" dir=\"ltr\">\n<div class=\"screen-reader-response\" role=\"alert\" aria-live=\"polite\"><\/div>\n<form action=\"\/ro\/wp-json\/wp\/v2\/pages\/2303#wpcf7-f2215-o1\" method=\"post\" class=\"wpcf7-form init\" novalidate=\"novalidate\">\n<div style=\"display: none;\">\n<input type=\"hidden\" name=\"_wpcf7\" value=\"2215\" \/>\n<input type=\"hidden\" name=\"_wpcf7_version\" value=\"5.2\" \/>\n<input type=\"hidden\" name=\"_wpcf7_locale\" value=\"en_US\" \/>\n<input type=\"hidden\" name=\"_wpcf7_unit_tag\" value=\"wpcf7-f2215-o1\" \/>\n<input type=\"hidden\" name=\"_wpcf7_container_post\" value=\"0\" \/>\n<input type=\"hidden\" name=\"_wpcf7_posted_data_hash\" value=\"\" \/>\n<input type=\"hidden\" name=\"_wpcf7_recaptcha_response\" value=\"\" \/>\n<\/div>\n<p>Subiect* (obligatoriu)<br \/>\n    <span class=\"wpcf7-form-control-wrap your-subject\"><input type=\"text\" name=\"your-subject\" value=\"\" size=\"40\" class=\"wpcf7-form-control wpcf7-text wpcf7-validates-as-required\" aria-required=\"true\" aria-invalid=\"false\" \/><\/span> <\/p>\n<p>Nume* (obligatoriu)<br \/>\n    <span class=\"wpcf7-form-control-wrap first-name\"><input type=\"text\" name=\"first-name\" value=\"\" size=\"40\" class=\"wpcf7-form-control wpcf7-text wpcf7-validates-as-required\" aria-required=\"true\" aria-invalid=\"false\" \/><\/span> <\/p>\n<p>Prenume* (obligatoriu)<br \/>\n    <span class=\"wpcf7-form-control-wrap last-name\"><input type=\"text\" name=\"last-name\" value=\"\" size=\"40\" class=\"wpcf7-form-control wpcf7-text wpcf7-validates-as-required\" aria-required=\"true\" aria-invalid=\"false\" \/><\/span> <\/p>\n<p>Adres\u0103 de e-mail de serviciu* (obligatoriu)<br \/>\n    <span class=\"wpcf7-form-control-wrap your-email\"><input type=\"email\" name=\"your-email\" value=\"\" size=\"40\" class=\"wpcf7-form-control wpcf7-text wpcf7-email wpcf7-validates-as-required wpcf7-validates-as-email\" aria-required=\"true\" aria-invalid=\"false\" \/><\/span> <\/p>\n<p>Num\u0103r de telefon* (obligatoriu)<br \/>\n    <span class=\"wpcf7-form-control-wrap your-phone\"><input type=\"text\" name=\"your-phone\" value=\"\" size=\"40\" class=\"wpcf7-form-control wpcf7-text wpcf7-validates-as-required\" aria-required=\"true\" aria-invalid=\"false\" \/><\/span> <\/p>\n<p>Numele companiei* (obligatoriu)<br \/>\n    <span class=\"wpcf7-form-control-wrap company-name\"><input type=\"text\" name=\"company-name\" value=\"\" size=\"40\" class=\"wpcf7-form-control wpcf7-text wpcf7-validates-as-required\" aria-required=\"true\" aria-invalid=\"false\" \/><\/span> <\/p>\n<p>Titlul postului ocupat* (obligatoriu)<br \/>\n    <span class=\"wpcf7-form-control-wrap job-title\"><input type=\"text\" name=\"job-title\" value=\"\" size=\"40\" class=\"wpcf7-form-control wpcf7-text wpcf7-validates-as-required\" aria-required=\"true\" aria-invalid=\"false\" \/><\/span> <\/p>\n<p>Num\u0103r de angaja\u021bi <br \/>\n     <span class=\"wpcf7-form-control-wrap menu-410\"><select name=\"menu-410\" class=\"wpcf7-form-control wpcf7-select\" aria-invalid=\"false\"><option value=\"V\u0103 rugam s\u0103 selecta\u021bi\">V\u0103 rugam s\u0103 selecta\u021bi<\/option><option value=\"1-50\">1-50<\/option><option value=\"51-300\">51-300<\/option><option value=\"301-1,000\">301-1,000<\/option><option value=\"1,001-5,000\">1,001-5,000<\/option><option value=\"5,001-10,000\">5,001-10,000<\/option><option value=\"10,000+\">10,000+<\/option><\/select><\/span> <\/p>\n<p>\u021aar\u0103* (obligatoriu)<br \/>\n    <span class=\"wpcf7-form-control-wrap country\"><input type=\"text\" name=\"country\" value=\"\" size=\"40\" class=\"wpcf7-form-control wpcf7-text wpcf7-validates-as-required\" aria-required=\"true\" aria-invalid=\"false\" \/><\/span> <\/p>\n<p>Cum a\u021bi auzit de Great People Inside?<br \/>\n    <span class=\"wpcf7-form-control-wrap hear\"><input type=\"text\" name=\"hear\" value=\"\" size=\"40\" class=\"wpcf7-form-control wpcf7-text\" aria-invalid=\"false\" \/><\/span> <\/p>\n<p>Informa\u021bii suplimentare<br \/>\n    <span class=\"wpcf7-form-control-wrap your-message\"><textarea name=\"your-message\" cols=\"40\" rows=\"10\" class=\"wpcf7-form-control wpcf7-textarea\" aria-invalid=\"false\"><\/textarea><\/span> <\/p>\n<p><input type=\"submit\" value=\"Trimitere\" class=\"wpcf7-form-control wpcf7-submit\" \/><\/p>\n<div class=\"wpcf7-response-output\" role=\"alert\" aria-hidden=\"true\"><\/div><\/form><\/div><\/p>\n<\/div><\/section><\/div><\/div><\/div><\/main><!-- close content main element --><\/div><\/div><div class='clear'><\/div><div id='sub_menu1'  class='av-submenu-container main_color  avia-builder-el-21  el_after_av_section  el_before_av_textblock  av-sticky-submenu  submenu-not-first container_wrap sidebar_right' style='  z-index:301' ><div class='container av-menu-mobile-disabled '><ul id=\"menu-botom-menu\" class=\"av-subnav-menu av-submenu-pos-center\"><li id=\"menu-item-8408\" class=\"menu-item menu-item-type-post_type menu-item-object-page menu-item-top-level menu-item-top-level-1\"><a href=\"https:\/\/greatpeopleinside.com\/ro\/politica-de-confidentialitate\/\" itemprop=\"url\"><span class=\"avia-bullet\"><\/span><span class=\"avia-menu-text\">Politica de confiden\u021bialitate<\/span><span class=\"avia-menu-fx\"><span class=\"avia-arrow-wrap\"><span class=\"avia-arrow\"><\/span><\/span><\/span><\/a><\/li>\n<li id=\"menu-item-8407\" class=\"menu-item menu-item-type-post_type menu-item-object-page menu-item-top-level menu-item-top-level-2\"><a href=\"https:\/\/greatpeopleinside.com\/ro\/termeni-si-conditii\/\" itemprop=\"url\"><span class=\"avia-bullet\"><\/span><span class=\"avia-menu-text\">Termeni \u0219i condi\u021bii<\/span><span class=\"avia-menu-fx\"><span class=\"avia-arrow-wrap\"><span class=\"avia-arrow\"><\/span><\/span><\/span><\/a><\/li>\n<li id=\"menu-item-8947\" class=\"menu-item menu-item-type-custom menu-item-object-custom menu-item-top-level menu-item-top-level-3\"><a target=\"_blank\" href=\"https:\/\/anpc.ro\/\" itemprop=\"url\" rel=\"noopener\"><span class=\"avia-bullet\"><\/span><span class=\"avia-menu-text\">ANPC<\/span><span class=\"avia-menu-fx\"><span class=\"avia-arrow-wrap\"><span class=\"avia-arrow\"><\/span><\/span><\/span><\/a><\/li>\n<li id=\"menu-item-8948\" class=\"menu-item menu-item-type-custom menu-item-object-custom menu-item-top-level menu-item-top-level-4\"><a target=\"_blank\" href=\"https:\/\/anpc.ro\/categorie\/1271\/sal?ref=footer_3_6\" itemprop=\"url\" rel=\"noopener\"><span class=\"avia-bullet\"><\/span><span class=\"avia-menu-text\">ANPC-SAL<\/span><span class=\"avia-menu-fx\"><span class=\"avia-arrow-wrap\"><span class=\"avia-arrow\"><\/span><\/span><\/span><\/a><\/li>\n<\/ul><\/div><\/div><div class='sticky_placeholder'><\/div><div id='after_submenu'  class='main_color av_default_container_wrap container_wrap sidebar_right' style=' '  ><div class='container' ><div class='template-page content  av-content-small alpha units'><div class='post-entry post-entry-type-page post-entry-2303'><div class='entry-content-wrapper clearfix'><\/p>\n<section class=\"av_textblock_section \"  itemscope=\"itemscope\" itemtype=\"https:\/\/schema.org\/CreativeWork\" ><div class='avia_textblock  av_inherit_color '  style='font-size:11px; color:#5d7485; '  itemprop=\"text\" ><p style=\"text-align: center;\"><b>Copyright \u00a9\u00a02019 Great People Inside. All rights reserved<\/b><\/p>\n<\/div><\/section>\n","protected":false},"excerpt":{"rendered":"","protected":false},"author":1,"featured_media":0,"parent":0,"menu_order":0,"comment_status":"closed","ping_status":"closed","template":"template-blank.php","meta":[],"yoast_head":"<!-- This site is optimized with the Yoast SEO plugin v14.5 - https:\/\/yoast.com\/wordpress\/plugins\/seo\/ -->\n<title>Lua\u021bi leg\u0103tura cu un consultant - Great People Inside Romania<\/title>\n<meta name=\"robots\" content=\"index, follow\" \/>\n<meta name=\"googlebot\" content=\"index, follow, max-snippet:-1, max-image-preview:large, max-video-preview:-1\" \/>\n<meta name=\"bingbot\" content=\"index, follow, max-snippet:-1, max-image-preview:large, max-video-preview:-1\" \/>\n<link rel=\"canonical\" href=\"https:\/\/greatpeopleinside.com\/ro\/get-in-touch\/\" \/>\n<meta property=\"og:locale\" content=\"ro_RO\" \/>\n<meta property=\"og:type\" content=\"article\" \/>\n<meta property=\"og:title\" content=\"Lua\u021bi leg\u0103tura cu un consultant - Great People Inside Romania\" \/>\n<meta property=\"og:url\" content=\"https:\/\/greatpeopleinside.com\/ro\/get-in-touch\/\" \/>\n<meta property=\"og:site_name\" content=\"Great People Inside Romania\" \/>\n<meta property=\"article:publisher\" content=\"https:\/\/www.facebook.com\/GreatPeopleInside\/\" \/>\n<meta property=\"article:modified_time\" content=\"2020-04-08T23:16:27+00:00\" \/>\n<meta property=\"og:image\" content=\"http:\/\/greatpeopleinside.com\/wp-content\/uploads\/2016\/05\/img_consultanti.png\" \/>\n<meta name=\"twitter:card\" content=\"summary\" \/>\n<script type=\"application\/ld+json\" class=\"yoast-schema-graph\">{\"@context\":\"https:\/\/schema.org\",\"@graph\":[{\"@type\":\"WebSite\",\"@id\":\"https:\/\/greatpeopleinside.com\/ro\/#website\",\"url\":\"https:\/\/greatpeopleinside.com\/ro\/\",\"name\":\"Great People Inside Romania\",\"description\":\"Fully customisable assessment and development platform\",\"potentialAction\":[{\"@type\":\"SearchAction\",\"target\":\"https:\/\/greatpeopleinside.com\/ro\/?s={search_term_string}\",\"query-input\":\"required name=search_term_string\"}],\"inLanguage\":\"ro-RO\"},{\"@type\":\"ImageObject\",\"@id\":\"https:\/\/greatpeopleinside.com\/ro\/get-in-touch\/#primaryimage\",\"inLanguage\":\"ro-RO\",\"url\":\"http:\/\/greatpeopleinside.com\/wp-content\/uploads\/2016\/05\/img_consultanti.png\"},{\"@type\":\"WebPage\",\"@id\":\"https:\/\/greatpeopleinside.com\/ro\/get-in-touch\/#webpage\",\"url\":\"https:\/\/greatpeopleinside.com\/ro\/get-in-touch\/\",\"name\":\"Lua\\u021bi leg\\u0103tura cu un consultant - Great People Inside Romania\",\"isPartOf\":{\"@id\":\"https:\/\/greatpeopleinside.com\/ro\/#website\"},\"primaryImageOfPage\":{\"@id\":\"https:\/\/greatpeopleinside.com\/ro\/get-in-touch\/#primaryimage\"},\"datePublished\":\"2016-05-17T01:11:40+00:00\",\"dateModified\":\"2020-04-08T23:16:27+00:00\",\"inLanguage\":\"ro-RO\",\"potentialAction\":[{\"@type\":\"ReadAction\",\"target\":[\"https:\/\/greatpeopleinside.com\/ro\/get-in-touch\/\"]}]}]}<\/script>\n<!-- \/ Yoast SEO plugin. -->","_links":{"self":[{"href":"https:\/\/greatpeopleinside.com\/ro\/wp-json\/wp\/v2\/pages\/2303"}],"collection":[{"href":"https:\/\/greatpeopleinside.com\/ro\/wp-json\/wp\/v2\/pages"}],"about":[{"href":"https:\/\/greatpeopleinside.com\/ro\/wp-json\/wp\/v2\/types\/page"}],"author":[{"embeddable":true,"href":"https:\/\/greatpeopleinside.com\/ro\/wp-json\/wp\/v2\/users\/1"}],"replies":[{"embeddable":true,"href":"https:\/\/greatpeopleinside.com\/ro\/wp-json\/wp\/v2\/comments?post=2303"}],"version-history":[{"count":93,"href":"https:\/\/greatpeopleinside.com\/ro\/wp-json\/wp\/v2\/pages\/2303\/revisions"}],"predecessor-version":[{"id":8458,"href":"https:\/\/greatpeopleinside.com\/ro\/wp-json\/wp\/v2\/pages\/2303\/revisions\/8458"}],"wp:attachment":[{"href":"https:\/\/greatpeopleinside.com\/ro\/wp-json\/wp\/v2\/media?parent=2303"}],"curies":[{"name":"wp","href":"https:\/\/api.w.org\/{rel}","templated":true}]}}