{"id":10350,"date":"2026-04-27T15:03:05","date_gmt":"2026-04-27T13:03:05","guid":{"rendered":"https:\/\/greatpeopleinside.com\/ro\/?page_id=10350"},"modified":"2026-04-27T15:48:52","modified_gmt":"2026-04-27T13:48:52","slug":"guvernanta_servicii-de-gospodarire-magura-codlei","status":"publish","type":"page","link":"https:\/\/greatpeopleinside.com\/ro\/guvernanta_servicii-de-gospodarire-magura-codlei\/","title":{"rendered":"Guvernanta_servicii de gospod\u0103rire m\u0103gura codlei"},"content":{"rendered":"<div id='av_section_1'  class='avia-section main_color avia-section-no-padding avia-no-border-styling  av-section-color-overlay-active avia-bg-style-scroll  avia-builder-el-0  el_before_av_section  avia-builder-el-first   av-minimum-height av-minimum-height-custom  container_wrap sidebar_right' style='background-color: #90c935; background-repeat: no-repeat; background-image: url(https:\/\/greatpeopleinside.com\/ro\/wp-content\/uploads\/2026\/04\/gpi_web_01.png);background-attachment: scroll; background-position: top center;  '  data-section-bg-repeat='no-repeat'><div class='av-section-color-overlay-wrap'><div class='av-section-color-overlay' style='opacity: 0.5; '><\/div><div class='container' style='height:300px'><main  role=\"main\" itemprop=\"mainContentOfPage\"  class='template-page content  av-content-small alpha units'><div class='post-entry post-entry-type-page post-entry-10350'><div class='entry-content-wrapper clearfix'>\n<div  style='height:20px' class='hr hr-invisible   avia-builder-el-1  el_before_av_heading  avia-builder-el-first '><span class='hr-inner ' ><span class='hr-inner-style'><\/span><\/span><\/div>\n<div  style='padding-bottom:40px; color:#ecffd3;font-size:50px;' class='av-special-heading av-special-heading-h2 custom-color-heading blockquote modern-quote  avia-builder-el-2  el_after_av_hr  avia-builder-el-last  av-inherit-size '><h2 class='av-special-heading-tag '  itemprop=\"headline\"  >GUVERNAN\u021a\u0102<\/h2><div class='special-heading-border'><div class='special-heading-inner-border' style='border-color:#ecffd3'><\/div><\/div><\/div>\n\n<\/div><\/div><\/main><!-- close content main element --><\/div><\/div><\/div><div id='av_section_2'  class='avia-section main_color avia-section-default avia-no-border-styling  avia-bg-style-scroll  avia-builder-el-3  el_after_av_section  avia-builder-el-last   container_wrap sidebar_right' style=' '  ><div class='container' ><div class='template-page content  av-content-small alpha units'><div class='post-entry post-entry-type-page post-entry-10350'><div class='entry-content-wrapper clearfix'>\n<div class=\"flex_column av_one_full  flex_column_div av-zero-column-padding first  avia-builder-el-4  el_before_av_hr  avia-builder-el-first  \" style='border-radius:0px; '><p><div  class='avia-image-container  av-styling-    avia-builder-el-5  el_before_av_hr  avia-builder-el-first  avia-align-center '  itemprop=\"image\" itemscope=\"itemscope\" itemtype=\"https:\/\/schema.org\/ImageObject\"  ><div class='avia-image-container-inner'><div class='avia-image-overlay-wrap'><img class='wp-image-10381 avia-img-lazy-loading-not-10381 avia_image' src=\"https:\/\/greatpeopleinside.com\/ro\/wp-content\/uploads\/2026\/04\/codlea_gpi-01b.png\" alt='' title='' height=\"96\" width=\"582\"  itemprop=\"thumbnailUrl\" srcset=\"https:\/\/greatpeopleinside.com\/ro\/wp-content\/uploads\/2026\/04\/codlea_gpi-01b.png 582w, https:\/\/greatpeopleinside.com\/ro\/wp-content\/uploads\/2026\/04\/codlea_gpi-01b-300x49.png 300w\" sizes=\"(max-width: 582px) 100vw, 582px\" \/><\/div><\/div><\/div><br \/>\n<div  style='height:19px' class='hr hr-invisible   avia-builder-el-6  el_after_av_image  el_before_av_textblock '><span class='hr-inner ' ><span class='hr-inner-style'><\/span><\/span><\/div><br \/>\n<section class=\"av_textblock_section \"  itemscope=\"itemscope\" itemtype=\"https:\/\/schema.org\/CreativeWork\" ><div class='avia_textblock  '   itemprop=\"text\" ><h4 style=\"text-align: center;\">Selec\u021bie membri Consiliu de Administra\u021bie &#8211; SERVICII DE GOSPOD\u0102RIRE M\u0102GURA CODLEI S.R.L.<\/h4>\n<\/div><\/section><\/p><\/div><div  style=' margin-top:30px; margin-bottom:30px;'  class='hr hr-custom hr-center hr-icon-no   avia-builder-el-8  el_after_av_one_full  el_before_av_one_half '><span class='hr-inner  inner-border-av-border-thin' style=' width:1380px;' ><span class='hr-inner-style'><\/span><\/span><\/div>\n<div class=\"flex_column av_one_half  flex_column_div av-zero-column-padding first  avia-builder-el-9  el_after_av_hr  el_before_av_one_half  \" style='border-radius:0px; '><p><div  style='height:18px' class='hr hr-invisible   avia-builder-el-10  el_before_av_textblock  avia-builder-el-first '><span class='hr-inner ' ><span class='hr-inner-style'><\/span><\/span><\/div><br \/>\n<section class=\"av_textblock_section \"  itemscope=\"itemscope\" itemtype=\"https:\/\/schema.org\/CreativeWork\" ><div class='avia_textblock  '   itemprop=\"text\" ><h4 style=\"text-align: center;\"><strong>DESCRIERE<\/strong><\/h4>\n<\/div><\/section><br \/>\n<div  style='height:26px' class='hr hr-invisible   avia-builder-el-12  el_after_av_textblock  el_before_av_textblock '><span class='hr-inner ' ><span class='hr-inner-style'><\/span><\/span><\/div><br \/>\n<section class=\"av_textblock_section \"  itemscope=\"itemscope\" itemtype=\"https:\/\/schema.org\/CreativeWork\" ><div class='avia_textblock  '   itemprop=\"text\" ><p style=\"text-align: left;\">U.A.T. Municipiul Codlea, prin Comisia de selec\u021bie \u0219i nominalizare, anun\u021b\u0103 declan\u0219area procedurii de selec\u021bie pentru ocuparea a 3 posturi de membru \u00een Consiliul de Administra\u021bie al SERVICII DE GOSPOD\u0102RIRE M\u0102GURA CODLEI S.R.L., \u00een conformitate cu prevederile O.U.G. nr. 109\/2011.<br \/>\nProcedura este derulat\u0103 cu sprijinul expertului independent Great People Inside S.R.L., care asigur\u0103 asisten\u021b\u0103 de specialitate \u00een procesul de recrutare \u0219i evaluare a candida\u021bilor.<\/p>\n<\/div><\/section><br \/>\n<div  style=' margin-top:2px; margin-bottom:11px;'  class='hr hr-custom hr-center hr-icon-no   avia-builder-el-14  el_after_av_textblock  el_before_av_textblock '><span class='hr-inner  inner-border-av-border-thin' style=' width:480px; border-color:#d8d8d8;' ><span class='hr-inner-style'><\/span><\/span><\/div><br \/>\n<section class=\"av_textblock_section \"  itemscope=\"itemscope\" itemtype=\"https:\/\/schema.org\/CreativeWork\" ><div class='avia_textblock  '   itemprop=\"text\" ><p style=\"text-align: center;\">HOT\u0102R\u00c2REA Nr.54\/09.04.2026<\/p>\n<\/div><\/section><br \/>\n<section class=\"av_textblock_section \"  itemscope=\"itemscope\" itemtype=\"https:\/\/schema.org\/CreativeWork\" ><div class='avia_textblock  '   itemprop=\"text\" ><p style=\"text-align: center;\"><iframe class=\"pdfjs-viewer\" width=\"930px\" height=\"449px\" src=\"https:\/\/greatpeopleinside.com\/ro\/wp-content\/plugins\/pdf-viewer\/stable\/web\/viewer.html?file=https:\/\/greatpeopleinside.com\/ro\/wp-content\/uploads\/2026\/04\/HCL-54-09.04.2026.pdf\"><\/iframe> <\/p>\n<\/div><\/section><br \/>\n<div  style=' margin-top:2px; margin-bottom:11px;'  class='hr hr-custom hr-center hr-icon-no   avia-builder-el-17  el_after_av_textblock  el_before_av_textblock '><span class='hr-inner  inner-border-av-border-thin' style=' width:480px; border-color:#d8d8d8;' ><span class='hr-inner-style'><\/span><\/span><\/div><br \/>\n<section class=\"av_textblock_section \"  itemscope=\"itemscope\" itemtype=\"https:\/\/schema.org\/CreativeWork\" ><div class='avia_textblock  '   itemprop=\"text\" ><p style=\"text-align: center;\">HOT\u0102R\u00c2REA Nr.57\/27.04.2026<\/p>\n<\/div><\/section><br \/>\n<section class=\"av_textblock_section \"  itemscope=\"itemscope\" itemtype=\"https:\/\/schema.org\/CreativeWork\" ><div class='avia_textblock  '   itemprop=\"text\" ><p style=\"text-align: center;\"><iframe class=\"pdfjs-viewer\" width=\"930px\" height=\"449px\" src=\"https:\/\/greatpeopleinside.com\/ro\/wp-content\/plugins\/pdf-viewer\/stable\/web\/viewer.html?file=https:\/\/greatpeopleinside.com\/ro\/wp-content\/uploads\/2026\/04\/H.C.L.-CODLEA-NR.-57-DIN-27.04.2026-003.pdf\"><\/iframe> <\/p>\n<\/div><\/section><\/p><\/div><div class=\"flex_column av_one_half  flex_column_div   avia-builder-el-20  el_after_av_one_half  avia-builder-el-last  \" style='padding:0px 24px 0px 12px ; background-color:#efefef; border-radius:0px; '><p><div  style='height:23px' class='hr hr-invisible   avia-builder-el-21  el_before_av_textblock  avia-builder-el-first '><span class='hr-inner ' ><span class='hr-inner-style'><\/span><\/span><\/div><br \/>\n<section class=\"av_textblock_section \"  itemscope=\"itemscope\" itemtype=\"https:\/\/schema.org\/CreativeWork\" ><div class='avia_textblock  '   itemprop=\"text\" ><h4 style=\"text-align: center;\"><strong>DESCARC\u0102 AICI<\/strong><\/h4>\n<\/div><\/section><br \/>\n<div  style=' margin-top:2px; margin-bottom:11px;'  class='hr hr-custom hr-center hr-icon-no   avia-builder-el-23  el_after_av_textblock  el_before_av_textblock '><span class='hr-inner  inner-border-av-border-thin' style=' width:480px; border-color:#d8d8d8;' ><span class='hr-inner-style'><\/span><\/span><\/div><br \/>\n<section class=\"av_textblock_section \"  itemscope=\"itemscope\" itemtype=\"https:\/\/schema.org\/CreativeWork\" ><div class='avia_textblock  '  style='font-size:14px; '  itemprop=\"text\" ><h6 style=\"text-align: center;\"><a href=\"https:\/\/greatpeopleinside.com\/ro\/wp-content\/uploads\/2026\/04\/ANUNT-DE-SELECTIE-SGMC.docx\" target=\"_blank\" rel=\"noopener\"><strong>Anun\u021b de selec\u021bie<\/strong><\/a><\/h6>\n<\/div><\/section><br \/>\n<div  style='height:22px' class='hr hr-invisible   avia-builder-el-25  el_after_av_textblock  el_before_av_image '><span class='hr-inner ' ><span class='hr-inner-style'><\/span><\/span><\/div><br \/>\n<div  class='avia-image-container  av-styling-  noHover  av-overlay-on-hover   avia-builder-el-26  el_after_av_hr  el_before_av_hr  avia-align-center '  itemprop=\"image\" itemscope=\"itemscope\" itemtype=\"https:\/\/schema.org\/ImageObject\"  ><div class='avia-image-container-inner'><div class='avia-image-overlay-wrap'><a href='https:\/\/greatpeopleinside.com\/ro\/wp-content\/uploads\/2026\/04\/ANUNT-DE-SELECTIE-SGMC.docx' class='avia_image'   target=\"_blank\"  rel=\"noopener noreferrer\"><div class='av-image-caption-overlay'><div class='av-caption-image-overlay-bg' style='opacity:0.6; background-color:#efefef; '><\/div><div class='av-image-caption-overlay-position'><div class='av-image-caption-overlay-center' style='color:#ffffff; '><\/div><\/div><\/div><img width=\"65\" height=\"66\" class='wp-image-7394 avia-img-lazy-loading-not-7394 avia_image' src=\"https:\/\/greatpeopleinside.com\/ro\/wp-content\/uploads\/2018\/06\/doc_01.png\" alt='' title='Formulare achizitie directa de servicii'  itemprop=\"thumbnailUrl\" srcset=\"https:\/\/greatpeopleinside.com\/ro\/wp-content\/uploads\/2018\/06\/doc_01.png 65w, https:\/\/greatpeopleinside.com\/ro\/wp-content\/uploads\/2018\/06\/doc_01-36x36.png 36w\" sizes=\"(max-width: 65px) 100vw, 65px\" \/><\/a><\/div><\/div><\/div><br \/>\n<div  style=' margin-top:2px; margin-bottom:11px;'  class='hr hr-custom hr-center hr-icon-no   avia-builder-el-27  el_after_av_image  el_before_av_textblock '><span class='hr-inner  inner-border-av-border-thin' style=' width:480px; border-color:#d8d8d8;' ><span class='hr-inner-style'><\/span><\/span><\/div><br \/>\n<section class=\"av_textblock_section \"  itemscope=\"itemscope\" itemtype=\"https:\/\/schema.org\/CreativeWork\" ><div class='avia_textblock  '  style='font-size:14px; '  itemprop=\"text\" ><h6 style=\"text-align: center;\"><a href=\"https:\/\/greatpeopleinside.com\/ro\/wp-content\/uploads\/2026\/04\/FORMULARE.docx\" target=\"_blank\" rel=\"noopener\"><strong>Formulare<\/strong><\/a><\/h6>\n<\/div><\/section><br \/>\n<div  style='height:22px' class='hr hr-invisible   avia-builder-el-29  el_after_av_textblock  el_before_av_image '><span class='hr-inner ' ><span class='hr-inner-style'><\/span><\/span><\/div><br \/>\n<div  class='avia-image-container  av-styling-  noHover  av-overlay-on-hover   avia-builder-el-30  el_after_av_hr  el_before_av_hr  avia-align-center '  itemprop=\"image\" itemscope=\"itemscope\" itemtype=\"https:\/\/schema.org\/ImageObject\"  ><div class='avia-image-container-inner'><div class='avia-image-overlay-wrap'><a href='https:\/\/greatpeopleinside.com\/ro\/wp-content\/uploads\/2026\/04\/FORMULARE.docx' class='avia_image'   target=\"_blank\"  rel=\"noopener noreferrer\"><div class='av-image-caption-overlay'><div class='av-caption-image-overlay-bg' style='opacity:0.6; background-color:#efefef; '><\/div><div class='av-image-caption-overlay-position'><div class='av-image-caption-overlay-center' style='color:#ffffff; '><\/div><\/div><\/div><img width=\"65\" height=\"66\" class='wp-image-7394 avia-img-lazy-loading-not-7394 avia_image' src=\"https:\/\/greatpeopleinside.com\/ro\/wp-content\/uploads\/2018\/06\/doc_01.png\" alt='' title='Formulare achizitie directa de servicii'  itemprop=\"thumbnailUrl\" srcset=\"https:\/\/greatpeopleinside.com\/ro\/wp-content\/uploads\/2018\/06\/doc_01.png 65w, https:\/\/greatpeopleinside.com\/ro\/wp-content\/uploads\/2018\/06\/doc_01-36x36.png 36w\" sizes=\"(max-width: 65px) 100vw, 65px\" \/><\/a><\/div><\/div><\/div><br \/>\n<div  style='height:22px' class='hr hr-invisible   avia-builder-el-31  el_after_av_image  avia-builder-el-last '><span class='hr-inner ' ><span class='hr-inner-style'><\/span><\/span><\/div><\/p><\/div><\/div><\/div><\/div><!-- close content main div --><\/div><\/div><div id='after_section_2'  class='main_color av_default_container_wrap container_wrap sidebar_right' style=' '  ><div class='container' ><div class='template-page content  av-content-small alpha units'><div class='post-entry post-entry-type-page post-entry-10350'><div class='entry-content-wrapper clearfix'>\n","protected":false},"excerpt":{"rendered":"","protected":false},"author":1,"featured_media":0,"parent":0,"menu_order":0,"comment_status":"closed","ping_status":"closed","template":"","meta":[],"yoast_head":"<!-- This site is optimized with the Yoast SEO plugin v14.5 - https:\/\/yoast.com\/wordpress\/plugins\/seo\/ -->\n<title>Guvernanta_servicii de gospod\u0103rire m\u0103gura codlei - Great People Inside Romania<\/title>\n<meta name=\"robots\" content=\"index, follow\" \/>\n<meta name=\"googlebot\" content=\"index, follow, max-snippet:-1, max-image-preview:large, max-video-preview:-1\" \/>\n<meta name=\"bingbot\" content=\"index, follow, max-snippet:-1, max-image-preview:large, max-video-preview:-1\" \/>\n<link rel=\"canonical\" href=\"https:\/\/greatpeopleinside.com\/ro\/guvernanta_servicii-de-gospodarire-magura-codlei\/\" \/>\n<meta property=\"og:locale\" content=\"ro_RO\" \/>\n<meta property=\"og:type\" content=\"article\" \/>\n<meta property=\"og:title\" content=\"Guvernanta_servicii de gospod\u0103rire m\u0103gura codlei - Great People Inside Romania\" \/>\n<meta property=\"og:url\" content=\"https:\/\/greatpeopleinside.com\/ro\/guvernanta_servicii-de-gospodarire-magura-codlei\/\" \/>\n<meta property=\"og:site_name\" content=\"Great People Inside Romania\" \/>\n<meta property=\"article:publisher\" content=\"https:\/\/www.facebook.com\/GreatPeopleInside\/\" \/>\n<meta property=\"article:modified_time\" content=\"2026-04-27T13:48:52+00:00\" \/>\n<meta name=\"twitter:card\" content=\"summary\" \/>\n<script type=\"application\/ld+json\" class=\"yoast-schema-graph\">{\"@context\":\"https:\/\/schema.org\",\"@graph\":[{\"@type\":\"WebSite\",\"@id\":\"https:\/\/greatpeopleinside.com\/ro\/#website\",\"url\":\"https:\/\/greatpeopleinside.com\/ro\/\",\"name\":\"Great People Inside Romania\",\"description\":\"Fully customisable assessment and development platform\",\"potentialAction\":[{\"@type\":\"SearchAction\",\"target\":\"https:\/\/greatpeopleinside.com\/ro\/?s={search_term_string}\",\"query-input\":\"required name=search_term_string\"}],\"inLanguage\":\"ro-RO\"},{\"@type\":\"WebPage\",\"@id\":\"https:\/\/greatpeopleinside.com\/ro\/guvernanta_servicii-de-gospodarire-magura-codlei\/#webpage\",\"url\":\"https:\/\/greatpeopleinside.com\/ro\/guvernanta_servicii-de-gospodarire-magura-codlei\/\",\"name\":\"Guvernanta_servicii de gospod\\u0103rire m\\u0103gura codlei - Great People Inside Romania\",\"isPartOf\":{\"@id\":\"https:\/\/greatpeopleinside.com\/ro\/#website\"},\"datePublished\":\"2026-04-27T13:03:05+00:00\",\"dateModified\":\"2026-04-27T13:48:52+00:00\",\"inLanguage\":\"ro-RO\",\"potentialAction\":[{\"@type\":\"ReadAction\",\"target\":[\"https:\/\/greatpeopleinside.com\/ro\/guvernanta_servicii-de-gospodarire-magura-codlei\/\"]}]}]}<\/script>\n<!-- \/ Yoast SEO plugin. -->","_links":{"self":[{"href":"https:\/\/greatpeopleinside.com\/ro\/wp-json\/wp\/v2\/pages\/10350"}],"collection":[{"href":"https:\/\/greatpeopleinside.com\/ro\/wp-json\/wp\/v2\/pages"}],"about":[{"href":"https:\/\/greatpeopleinside.com\/ro\/wp-json\/wp\/v2\/types\/page"}],"author":[{"embeddable":true,"href":"https:\/\/greatpeopleinside.com\/ro\/wp-json\/wp\/v2\/users\/1"}],"replies":[{"embeddable":true,"href":"https:\/\/greatpeopleinside.com\/ro\/wp-json\/wp\/v2\/comments?post=10350"}],"version-history":[{"count":21,"href":"https:\/\/greatpeopleinside.com\/ro\/wp-json\/wp\/v2\/pages\/10350\/revisions"}],"predecessor-version":[{"id":10385,"href":"https:\/\/greatpeopleinside.com\/ro\/wp-json\/wp\/v2\/pages\/10350\/revisions\/10385"}],"wp:attachment":[{"href":"https:\/\/greatpeopleinside.com\/ro\/wp-json\/wp\/v2\/media?parent=10350"}],"curies":[{"name":"wp","href":"https:\/\/api.w.org\/{rel}","templated":true}]}}