{"id":447,"date":"2014-08-29T01:32:00","date_gmt":"2014-08-29T01:32:00","guid":{"rendered":"http:\/\/wp\/?page_id=2"},"modified":"2023-06-26T17:57:06","modified_gmt":"2023-06-26T22:57:06","slug":"sample-page-2","status":"publish","type":"page","link":"https:\/\/greatpeopleinside.com\/peru\/","title":{"rendered":"Frontpage"},"content":{"rendered":"<div id='av_section_1'  class='avia-section main_color avia-section-default avia-no-border-styling  avia-bg-style-scroll  avia-builder-el-0  el_before_av_section  avia-builder-el-first   av-arrow-down-section av-minimum-height av-minimum-height-custom  container_wrap sidebar_right' style='background-color: #093f75; background-repeat: no-repeat; background-image: url(https:\/\/greatpeopleinside.com\/peru\/wp-content\/uploads\/2018\/10\/22.png);background-attachment: scroll; background-position: top right;  '  data-section-bg-repeat='no-repeat'><div class='container' style='height:330px'><main  role=\"main\" itemprop=\"mainContentOfPage\"  class='template-page content  av-content-small alpha units'><div class='post-entry post-entry-type-page post-entry-447'><div class='entry-content-wrapper clearfix'>\n<div  style='padding-bottom:40px; color:#e2f4ff;font-size:62px;' class='av-special-heading av-special-heading-h2 custom-color-heading blockquote modern-quote  avia-builder-el-1  avia-builder-el-no-sibling  av-inherit-size '><h2 class='av-special-heading-tag '  itemprop=\"headline\"  >PER\u00da<\/h2><div class ='av-subheading av-subheading_below av_custom_color ' style='font-size:22px;'><p>PARTNER REGIONAL<\/p>\n<\/div><div class='special-heading-border'><div class='special-heading-inner-border' style='border-color:#e2f4ff'><\/div><\/div><\/div>\n\n<\/div><\/div><\/main><!-- close content main element --><\/div><div class='av-extra-border-element border-extra-arrow-down'><div class='av-extra-border-outer'><div class='av-extra-border-inner'  style='background-color:#093f75;' ><\/div><\/div><\/div><\/div><div id='av_section_2'  class='avia-section main_color avia-section-large avia-no-border-styling  avia-bg-style-scroll  avia-builder-el-2  el_after_av_section  el_before_av_button_big   av-arrow-down-section container_wrap sidebar_right' style=' '  ><div class='container' ><div class='template-page content  av-content-small alpha units'><div class='post-entry post-entry-type-page post-entry-447'><div class='entry-content-wrapper clearfix'>\n<div class=\"flex_column av_one_fourth  flex_column_div first  avia-builder-el-3  el_before_av_one_half  avia-builder-el-first  \" ><p><div  class='avia-image-container  av-styling-    avia-builder-el-4  el_before_av_hr  avia-builder-el-first  avia-align-center '  itemprop=\"image\" itemscope=\"itemscope\" itemtype=\"https:\/\/schema.org\/ImageObject\"  ><div class='avia-image-container-inner'><div class='avia-image-overlay-wrap'><img class='avia_image' src='https:\/\/greatpeopleinside.com\/peru\/wp-content\/uploads\/2018\/10\/20.png' alt='' title='' height=\"966\" width=\"744\"  itemprop=\"thumbnailUrl\"  \/><\/div><\/div><\/div><br \/>\n<div  style='height:1px' class='hr hr-invisible   avia-builder-el-5  el_after_av_image  el_before_av_textblock '><span class='hr-inner ' ><span class='hr-inner-style'><\/span><\/span><\/div><br \/>\n<section class=\"av_textblock_section \"  itemscope=\"itemscope\" itemtype=\"https:\/\/schema.org\/CreativeWork\" ><div class='avia_textblock  '  style='font-size:18px; '  itemprop=\"text\" ><p style=\"text-align: center;\"><strong>Great People Inside Per\u00fa<\/strong><\/p>\n<\/div><\/section><br \/>\n<div  style=' margin-top:1px; margin-bottom:1px;'  class='hr hr-custom hr-left hr-icon-no   avia-builder-el-7  el_after_av_textblock  el_before_av_textblock '><span class='hr-inner  inner-border-av-border-thin' style=' width:251px; border-color:#d1d1d1;' ><span class='hr-inner-style'><\/span><\/span><\/div><br \/>\n<section class=\"av_textblock_section \"  itemscope=\"itemscope\" itemtype=\"https:\/\/schema.org\/CreativeWork\" ><div class='avia_textblock  '  style='font-size:14px; '  itemprop=\"text\" ><p>Great People Inside Per\u00fa se fund\u00f3 a comienzos del 2020, continuando la expansi\u00f3n de la red internacional de negocios de la organizaci\u00f3n.<\/p>\n<p>GPI-PER\u00da se complace en presentar un concepto totalmente nuevo, a las instituciones locales y sus filiales en la regi\u00f3n, para optimizar sus operaciones. As\u00ed, ellos:<\/p>\n<ul>\n<li>Dise\u00f1ar\u00e1n sus propias herramientas de evaluaci\u00f3n<\/li>\n<li>Decidir\u00e1n la extensi\u00f3n, duraci\u00f3n, complejidad y costo de sus evaluaciones<\/li>\n<li>Crear\u00e1n diversas plantillas para los diferentes niveles y roles de su negocio, o<\/li>\n<li>Establecer\u00e1n un solo modelo para toda la organizaci\u00f3n y los diferenciar\u00e1n con los perfiles que definan.<\/li>\n<\/ul>\n<\/div><\/section><\/p><\/div><div class=\"flex_column av_one_half  flex_column_div av-zero-column-padding   avia-builder-el-9  el_after_av_one_fourth  el_before_av_one_fourth  \" style='border-radius:0px; '><p><div  style='height:1px' class='hr hr-invisible   avia-builder-el-10  el_before_av_heading  avia-builder-el-first '><span class='hr-inner ' ><span class='hr-inner-style'><\/span><\/span><\/div><br \/>\n<div  style='padding-bottom:12px; font-size:24px;' class='av-special-heading av-special-heading-h6  blockquote modern-quote modern-centered  avia-builder-el-11  el_after_av_hr  el_before_av_hr  av-inherit-size '><div class ='av-subheading av-subheading_above  ' style='font-size:17px;'><p>Bienvenidos a<\/p>\n<\/div><h6 class='av-special-heading-tag '  itemprop=\"headline\"  >GREAT PEOPLE INSIDE PER\u00da<\/h6><div class='special-heading-border'><div class='special-heading-inner-border' ><\/div><\/div><\/div><br \/>\n<div  style='height:16px' class='hr hr-invisible   avia-builder-el-12  el_after_av_heading  el_before_av_textblock '><span class='hr-inner ' ><span class='hr-inner-style'><\/span><\/span><\/div><br \/>\n<section class=\"av_textblock_section \"  itemscope=\"itemscope\" itemtype=\"https:\/\/schema.org\/CreativeWork\" ><div class='avia_textblock  av_inherit_color '  style='font-size:15px; color:#0c5196; '  itemprop=\"text\" ><h5><\/h5>\n<p><strong>EVALUACIONES PERSONALIZADAS PARA: <\/strong><\/p>\n<ul>\n<li style=\"text-align: left;\"><strong>DESARROLLAR PERSONAS<\/strong><\/li>\n<li><strong>MEJORAR EL DESEMPE\u00d1O<\/strong><\/li>\n<li style=\"text-align: left;\"><strong>GESTIONAR EL CAMBIO<\/strong><\/li>\n<li><strong>RECLUTAR Y SELECCIONAR A LOS MEJORES<\/strong><\/li>\n<li><strong>DESARROLLAR A LA ORGANIZACIONAL<\/strong><\/li>\n<li style=\"text-align: left;\"><strong>IDENTIFICAR POTENCIAL<\/strong><\/li>\n<li style=\"text-align: left;\"><strong>PLANEAMIENTO DE SUCESI\u00d3N<\/strong><\/li>\n<li style=\"text-align: left;\"><strong>COACHING<\/strong><\/li>\n<\/ul>\n<h4><\/h4>\n<\/div><\/section><br \/>\n<div  style=' margin-top:-12px; margin-bottom:11px;'  class='hr hr-custom hr-left hr-icon-no   avia-builder-el-14  el_after_av_textblock  el_before_av_textblock '><span class='hr-inner  inner-border-av-border-thin' style=' width:751px; border-color:#d1d1d1;' ><span class='hr-inner-style'><\/span><\/span><\/div><br \/>\n<section class=\"av_textblock_section \"  itemscope=\"itemscope\" itemtype=\"https:\/\/schema.org\/CreativeWork\" ><div class='avia_textblock  '  style='font-size:15px; '  itemprop=\"text\" ><h5><\/h5>\n<h4><\/h4>\n<p><strong>\u00bfPOR QU\u00c9 TRABAJAR CON GREAT PEOPLE INSIDE?<\/strong><\/p>\n<p><span style=\"color: #004a94;\"><strong>Las herramientas Great People Inside brindan:<\/strong><\/span><\/p>\n<p>\u2022 <strong>Personalizaci\u00f3n<\/strong> \u2013 S\u00f3lo mida lo que necesita y s\u00f3lo pague por lo que usa.<\/p>\n<p>\u2022 <strong>Facilidad de uso<\/strong> \u2013 F\u00e1cil de leer y de usar por los gerentes de l\u00ednea, reduciendo costos de consultor\u00eda o de Recursos Humanos.<\/p>\n<p><strong>\u2022 Accesibilidad<\/strong> \u2013 Dise\u00f1adas para usarse en cualquier dispositivo (celular, tableta, laptop, de escritorio) a cualquier hora y lugar.<\/p>\n<p>\u2022 <strong>Precios flexibles<\/strong> \u2013 La estructura flexible de precios GPI encaja con SU manera de usar las herramientas.<\/p>\n<p>\u2022 <strong>Precios competitivos <\/strong>\u2013 Gracias a sus singulares caracter\u00edsticas de personalizaci\u00f3n, GPI supera los precios de cualquier herramienta comparable.<\/p>\n<p>\u2022 <strong>Neutralidad<\/strong> \u2013 El uso de las herramientas GPI como instrumento de filtrado para el reclutamiento masivo y graduado no requiere ninguna intervenci\u00f3n manual y es <strong>mucho<\/strong> m\u00e1s cient\u00edfico que las b\u00fasquedas por palabras clave.<\/p>\n<p>\u2022 <strong>Efectividad, precisi\u00f3n y econom\u00eda por volumen \u2013<\/strong> A un muy bajo costo &#8220;por candidato&#8221;, s\u00f3lo tiene que entrevistar a los que encajan con el puesto.<\/p>\n<\/div><\/section><br \/>\n<div  class='avia-video avia-video-16-9   av-lazyload-immediate  av-lazyload-video-embed  '   itemprop=\"video\" itemtype=\"https:\/\/schema.org\/VideoObject\"  data-original_url='https:\/\/vimeo.com\/710989695' ><script type='text\/html' class='av-video-tmpl'><div class='avia-iframe-wrap'><iframe title=\"Introducci\u00f3n\" src=\"https:\/\/player.vimeo.com\/video\/710989695?dnt=1&amp;app_id=122963&autoplay=0&loop=0&controls=1&muted=0\" width=\"1500\" height=\"844\" frameborder=\"0\" allow=\"autoplay; fullscreen; picture-in-picture\" allowfullscreen><\/iframe><\/div><\/script><div class='av-click-to-play-overlay'><div class=\"avia_playpause_icon\"><\/div><\/div><\/div><\/p><\/div><div class=\"flex_column av_one_fourth  flex_column_div   avia-builder-el-17  el_after_av_one_half  avia-builder-el-last  \" style='padding:12px; background-color:#f2f2f2; border-radius:0px; '><p><div  class='avia-image-container  av-styling-    avia-builder-el-18  el_before_av_hr  avia-builder-el-first  avia-align-center '  itemprop=\"image\" itemscope=\"itemscope\" itemtype=\"https:\/\/schema.org\/ImageObject\"  ><div class='avia-image-container-inner'><div class='avia-image-overlay-wrap'><img class='avia_image' src='https:\/\/greatpeopleinside.com\/peru\/wp-content\/uploads\/2022\/07\/satellite-image-of-peru.jpg' alt='' title='satellite-image-of-peru' height=\"898\" width=\"627\"  itemprop=\"thumbnailUrl\"  \/><\/div><\/div><\/div><br \/>\n<div  style='height:11px' class='hr hr-invisible   avia-builder-el-19  el_after_av_image  el_before_av_textblock '><span class='hr-inner ' ><span class='hr-inner-style'><\/span><\/span><\/div><br \/>\n<section class=\"av_textblock_section \"  itemscope=\"itemscope\" itemtype=\"https:\/\/schema.org\/CreativeWork\" ><div class='avia_textblock  av_inherit_color '  style='color:#0c5094; '  itemprop=\"text\" ><h4 style=\"text-align: center;\">Great People Inside<\/h4>\n<\/div><\/section><br \/>\n<section class=\"av_textblock_section \"  itemscope=\"itemscope\" itemtype=\"https:\/\/schema.org\/CreativeWork\" ><div class='avia_textblock  '   itemprop=\"text\" ><h4 style=\"text-align: center;\">PERU<\/h4>\n<\/div><\/section><br \/>\n<section class=\"av_textblock_section \"  itemscope=\"itemscope\" itemtype=\"https:\/\/schema.org\/CreativeWork\" ><div class='avia_textblock  '  style='font-size:13px; '  itemprop=\"text\" ><p style=\"text-align: left;\"><span style=\"color: #0c5094;\"><strong>Great People Inside S.A.C.<\/strong><\/span><br \/>\n<strong>Direcci\u00f3n:<\/strong> Jer\u00f3nimo de Aliaga Norte 498<br \/>\nSantiago de Surco, Lima 15023<br \/>\nPer\u00fa<br \/>\n<strong>Telf.:<\/strong> +51 989 167 444<br \/>\n<strong>Email:<\/strong> peru@greatpeopleinside.com<\/p>\n<\/div><\/section><br \/>\n<div  style=' margin-top:12px; margin-bottom:22px;'  class='hr hr-custom hr-center hr-icon-no   avia-builder-el-23  el_after_av_textblock  el_before_av_textblock '><span class='hr-inner  inner-border-av-border-thin' style=' width:222px; border-color:#d1d1d1;' ><span class='hr-inner-style'><\/span><\/span><\/div><br \/>\n<section class=\"av_textblock_section \"  itemscope=\"itemscope\" itemtype=\"https:\/\/schema.org\/CreativeWork\" ><div class='avia_textblock  av_inherit_color '  style='color:#0c5094; '  itemprop=\"text\" ><h4 style=\"text-align: center;\">Novedades<\/h4>\n<\/div><\/section><br \/>\n<form action=\"https:\/\/greatpeopleinside.com\/peru\/\" method=\"post\"  class=\"avia_ajax_form av-form-labels-visible   avia-builder-el-25  el_after_av_textblock  avia-builder-el-last  av-centered-form   \" data-avia-form-id=\"1\" data-avia-redirect='' ><h3 class=''>Formulario<\/h3><fieldset><p class=\"hidden\"><input type=\"text\" name=\"avia_1_1\" class=\"hidden \" id=\"avia_1_1\" value=\"\" \/><\/p><p class='   form_element form_fullwidth' id='element_avia_2_1'><span class='value_verifier_label'>2 + 0 = ?<\/span><input name=\"avia_2_1_verifier\" type=\"hidden\" id=\"avia_2_1_verifier\" value=\"737486236\"\/><label for=\"avia_2_1\">Please prove that you are human by solving the equation <abbr class=\"required\" title=\"required\">*<\/abbr><\/label><input name=\"avia_2_1\" class=\"text_input captcha\" type=\"text\" id=\"avia_2_1\" value=\"\"\/><\/p><p class=\"form_element \"><input type=\"hidden\" value=\"1\" name=\"avia_generated_form1\" \/><input type=\"submit\" value=\"Inscribirme\" class=\"button\"  data-sending-label=\"Sending\"\/><\/p><\/fieldset><\/form><div id=\"ajaxresponse_1\" class=\"ajaxresponse ajaxresponse_1 hidden\"><\/div><\/p><\/div><div  class='avia-button-wrap avia-button-center  avia-builder-el-26  el_after_av_section  avia-builder-el-last ' ><a href='https:\/\/greatpeopleinside.com\/peru\/contact-2\/' class='avia-button avia-button-fullwidth  av-icon-on-hover avia-icon_select-yes-right-icon avia-color-custom '  style='color:#ffffff; background-color:#093f75;  ' ><span class='avia_iconbox_title' >Comun\u00edquese con nosotros<\/span><span class='avia_button_icon avia_button_icon_right' aria-hidden='true' data-av_icon='\ue805' data-av_iconfont='entypo-fontello'><\/span><span class='avia_button_background avia-button avia-button-fullwidth avia-color-custom' style='background-color:#47b4eb; '><\/span><\/a><\/div><\/p>\n","protected":false},"excerpt":{"rendered":"","protected":false},"author":1,"featured_media":0,"parent":0,"menu_order":0,"comment_status":"open","ping_status":"open","template":"","meta":[],"_links":{"self":[{"href":"https:\/\/greatpeopleinside.com\/peru\/wp-json\/wp\/v2\/pages\/447"}],"collection":[{"href":"https:\/\/greatpeopleinside.com\/peru\/wp-json\/wp\/v2\/pages"}],"about":[{"href":"https:\/\/greatpeopleinside.com\/peru\/wp-json\/wp\/v2\/types\/page"}],"author":[{"embeddable":true,"href":"https:\/\/greatpeopleinside.com\/peru\/wp-json\/wp\/v2\/users\/1"}],"replies":[{"embeddable":true,"href":"https:\/\/greatpeopleinside.com\/peru\/wp-json\/wp\/v2\/comments?post=447"}],"version-history":[{"count":169,"href":"https:\/\/greatpeopleinside.com\/peru\/wp-json\/wp\/v2\/pages\/447\/revisions"}],"predecessor-version":[{"id":2078,"href":"https:\/\/greatpeopleinside.com\/peru\/wp-json\/wp\/v2\/pages\/447\/revisions\/2078"}],"wp:attachment":[{"href":"https:\/\/greatpeopleinside.com\/peru\/wp-json\/wp\/v2\/media?parent=447"}],"curies":[{"name":"wp","href":"https:\/\/api.w.org\/{rel}","templated":true}]}}