{"id":367,"date":"2014-09-13T17:30:30","date_gmt":"2014-09-13T17:30:30","guid":{"rendered":"http:\/\/wp\/?page_id=367"},"modified":"2023-06-27T10:23:38","modified_gmt":"2023-06-27T15:23:38","slug":"references","status":"publish","type":"page","link":"https:\/\/greatpeopleinside.com\/peru\/references\/","title":{"rendered":"Referencias"},"content":{"rendered":"<div id='av_section_1'  class='avia-section main_color avia-section-default avia-no-border-styling  avia-bg-style-scroll  avia-builder-el-0  el_before_av_section  avia-builder-el-first   av-arrow-down-section av-minimum-height av-minimum-height-custom  container_wrap sidebar_right' style='background-color: #093f75; background-repeat: no-repeat; background-image: url(https:\/\/greatpeopleinside.com\/peru\/wp-content\/uploads\/2018\/10\/17.png);background-attachment: scroll; background-position: top right;  '  data-section-bg-repeat='no-repeat'><div class='container' style='height:330px'><main  role=\"main\" itemprop=\"mainContentOfPage\"  class='template-page content  av-content-small alpha units'><div class='post-entry post-entry-type-page post-entry-367'><div class='entry-content-wrapper clearfix'>\n<div  style='padding-bottom:40px; color:#e2f4ff;font-size:62px;' class='av-special-heading av-special-heading-h2 custom-color-heading blockquote modern-quote  avia-builder-el-1  avia-builder-el-no-sibling  av-inherit-size '><h2 class='av-special-heading-tag '  itemprop=\"headline\"  >PER\u00da<\/h2><div class ='av-subheading av-subheading_below av_custom_color ' style='font-size:22px;'><p>PARTNER REGIONAL<\/p>\n<\/div><div class='special-heading-border'><div class='special-heading-inner-border' style='border-color:#e2f4ff'><\/div><\/div><\/div>\n\n<\/div><\/div><\/main><!-- close content main element --><\/div><div class='av-extra-border-element border-extra-arrow-down'><div class='av-extra-border-outer'><div class='av-extra-border-inner'  style='background-color:#093f75;' ><\/div><\/div><\/div><\/div><div id='av_section_2'  class='avia-section main_color avia-section-large avia-no-border-styling  avia-bg-style-scroll  avia-builder-el-2  el_after_av_section  el_before_av_section   av-arrow-down-section container_wrap sidebar_right' style='background-color: #ffffff;  '  ><div class='container' ><div class='template-page content  av-content-small alpha units'><div class='post-entry post-entry-type-page post-entry-367'><div class='entry-content-wrapper clearfix'>\n<div class=\"flex_column av_one_fourth  flex_column_div av-zero-column-padding first  avia-builder-el-3  el_before_av_one_half  avia-builder-el-first  \" style='border-radius:0px; '><\/div><div class=\"flex_column av_one_half  flex_column_div av-zero-column-padding   avia-builder-el-4  el_after_av_one_fourth  el_before_av_one_fourth  \" style='border-radius:0px; '><div   data-autoplay='true'  data-interval='3'  data-animation='slide'  class='avia-logo-element-container av-border-deactivate avia-logo-slider avia-content-slider avia-smallarrow-slider avia-content-slider-active noHover avia-content-slider1 avia-content-slider-odd  avia-builder-el-5  avia-builder-el-no-sibling  ' ><div class='avia-smallarrow-slider-heading  no-logo-slider-heading '><div class='new-special-heading'>&nbsp;<\/div><\/div><div class='avia-content-slider-inner'><div class='slide-entry-wrap' ><div  class='slide-entry flex_column no_margin post-entry slide-entry-overview slide-loop-1 slide-parity-odd  av_one_third first real-thumbnail'><span class='av-partner-fake-img' style='padding-bottom:70.80078125%; background-image:url(https:\/\/greatpeopleinside.com\/peru\/wp-content\/uploads\/2023\/05\/logo-Pandero_slogan_Mesa-de-trabajo-1-1024x725-1.jpg);'><\/span><\/div><div  class='slide-entry flex_column no_margin post-entry slide-entry-overview slide-loop-2 slide-parity-even  av_one_third  real-thumbnail'><span class='av-partner-fake-img' style='padding-bottom:70.80078125%; background-image:url(https:\/\/greatpeopleinside.com\/peru\/wp-content\/uploads\/2023\/05\/aceros-arequipa-logo-47B65E1ABF-seeklogo.com-1.jpg);'><\/span><\/div><div  class='slide-entry flex_column no_margin post-entry slide-entry-overview slide-loop-3 slide-parity-odd  av_one_third  real-thumbnail'><span class='av-partner-fake-img' style='padding-bottom:70.80078125%; background-image:url(https:\/\/greatpeopleinside.com\/peru\/wp-content\/uploads\/2023\/05\/laureate-international-universities-logo-vector.jpg);'><\/span><\/div><\/div><div class='slide-entry-wrap' ><div  class='slide-entry flex_column no_margin post-entry slide-entry-overview slide-loop-4 slide-parity-odd  av_one_third first real-thumbnail'><span class='av-partner-fake-img' style='padding-bottom:70.80078125%; background-image:url(https:\/\/greatpeopleinside.com\/peru\/wp-content\/uploads\/2023\/05\/AMROP-1519952452908.jpeg);'><\/span><\/div><div  class='slide-entry flex_column no_margin post-entry slide-entry-overview slide-loop-5 slide-parity-even  av_one_third  real-thumbnail'><span class='av-partner-fake-img' style='padding-bottom:70.80078125%; background-image:url(https:\/\/greatpeopleinside.com\/peru\/wp-content\/uploads\/2023\/05\/ISM-FcQxVM4Q_400x400.jpeg);'><\/span><\/div><div  class='slide-entry flex_column no_margin post-entry slide-entry-overview slide-loop-6 slide-parity-odd  post-entry-last  av_one_third  real-thumbnail'><span class='av-partner-fake-img' style='padding-bottom:70.80078125%; background-image:url(https:\/\/greatpeopleinside.com\/peru\/wp-content\/uploads\/2023\/05\/arca-lindley.jpg);'><\/span><\/div><\/div><\/div><div class='avia-slideshow-dots avia-slideshow-controls'><a href='#1' class='goto-slide active' >1<\/a><a href='#2' class='goto-slide ' >2<\/a><\/div><\/div><\/div><div class=\"flex_column av_one_fourth  flex_column_div av-zero-column-padding   avia-builder-el-6  el_after_av_one_half  avia-builder-el-last  \" style='border-radius:0px; '><\/div>\n\n<\/div><\/div><\/div><!-- close content main div --><\/div><div class='av-extra-border-element border-extra-arrow-down'><div class='av-extra-border-outer'><div class='av-extra-border-inner'  style='background-color:#ffffff;' ><\/div><\/div><\/div><\/div><div id='av_section_3'  class='avia-section main_color avia-section-large avia-no-border-styling  avia-bg-style-scroll  avia-builder-el-7  el_after_av_section  el_before_av_button_big   av-arrow-down-section container_wrap sidebar_right' style='background-color: #f8f8f8;  '  ><div class='container' ><div class='template-page content  av-content-small alpha units'><div class='post-entry post-entry-type-page post-entry-367'><div class='entry-content-wrapper clearfix'>\n<div  style='padding-bottom:10px; ' class='av-special-heading av-special-heading-h6  blockquote modern-quote modern-centered  avia-builder-el-8  el_before_av_testimonials  avia-builder-el-first  '><h6 class='av-special-heading-tag '  itemprop=\"headline\"  >\u00bfQu\u00e9 dicen nuestros clientes?<\/h6><div class='special-heading-border'><div class='special-heading-inner-border' ><\/div><\/div><\/div>\n<div   data-autoplay='1'  data-interval='10'  data-animation='fade'  data-hoverpause='1'  class='avia-testimonial-wrapper avia-slider-testimonials avia-slider-2-testimonials avia_animate_when_almost_visible  av-large-testimonial-slider  '>\n<section class ='avia-testimonial-row'><div class='avia-testimonial av_one_half flex_column no_margin avia-testimonial-row-1 avia-first-testimonial' ><div class='avia-testimonial_inner'  itemscope=\"itemscope\" itemtype=\"https:\/\/schema.org\/CreativeWork\" ><div class='avia-testimonial-content '  ><div class='avia-testimonial-markup-entry-content'  itemprop=\"text\" ><p>&#8220;Es esencial para el \u00e9xito de nuestra organizaci\u00f3n identificar y seleccionar el talento correcto que incorporamos. Su facilidad de uso, confiabilidad y versatilidad para dise\u00f1ar perfiles propios, alineados con nuestros valores organizacionales, nos llevaron a elegir a Great People Inside como nuestra herramienta psicom\u00e9trica para determinar la compatibilidad y potencial a todo nivel.&#8221;<\/p>\n<\/div><\/div><div class='avia-testimonial-meta'><div class='avia-testimonial-arrow-wrap'><div class='avia-arrow'><\/div><\/div><div class='avia-testimonial-meta-mini'  itemprop=\"author\" itemscope=\"itemscope\" itemtype=\"https:\/\/schema.org\/Person\" ><\/div><\/div><\/div><\/div>\n<div class='avia-testimonial av_one_half flex_column no_margin avia-testimonial-row-1 ' ><div class='avia-testimonial_inner'  itemscope=\"itemscope\" itemtype=\"https:\/\/schema.org\/CreativeWork\" ><div class='avia-testimonial-content '  ><div class='avia-testimonial-markup-entry-content'  itemprop=\"text\" ><p>&#8220;Para mantener nuestro liderazgo corporativo, es importante que nuestra gente tenga una buena percepci\u00f3n de nuestros ejecutivos, especialmente en aquellas personas que, en un contexto de trabajo, los conocen mejor. En ese proceso, es esencial una herramienta 360\u00ba de alta calidad y precisi\u00f3n.<\/p>\n<p>Con este prop\u00f3sito, seleccionamos Great People Inside y hemos comprobado que es la mejor herramienta 360\u00ba del mercado. Recomendamos decididamente tanto esta evaluaci\u00f3n como a Great People Inside, por su receptividad y excelente disposici\u00f3n.&#8221;<\/p>\n<\/div><\/div><div class='avia-testimonial-meta'><div class='avia-testimonial-arrow-wrap'><div class='avia-arrow'><\/div><\/div><div class='avia-testimonial-meta-mini'  itemprop=\"author\" itemscope=\"itemscope\" itemtype=\"https:\/\/schema.org\/Person\" ><\/div><\/div><\/div><\/div>\n<div class='avia-testimonial av_one_half flex_column no_margin avia-testimonial-row-1 ' ><div class='avia-testimonial_inner'  itemscope=\"itemscope\" itemtype=\"https:\/\/schema.org\/CreativeWork\" ><div class='avia-testimonial-content '  ><div class='avia-testimonial-markup-entry-content'  itemprop=\"text\" ><p>&#8220;Las evaluaciones psicom\u00e9tricas y encuestas 360\u00ba de Great People Inside son excelentes productos, de alta calidad. Estamos muy satisfechos con la facilidad para responder los cuestionarios y la sencillez para entender los informes.<\/p>\n<p>Adem\u00e1s de identificar las fortalezas y necesidades esenciales de desarrollo, los informe destacan lo que debes seguir haciendo, lo que debes comenzar a hacer y, m\u00e1s a\u00fan, lo que debes dejar de hacer, dando as\u00ed oportunidad a que una persona determine las \u00e1reas cr\u00edticas en las que debe enfocar su crecimiento personal y profesional.&#8221;<\/p>\n<\/div><\/div><div class='avia-testimonial-meta'><div class='avia-testimonial-arrow-wrap'><div class='avia-arrow'><\/div><\/div><div class='avia-testimonial-meta-mini'  itemprop=\"author\" itemscope=\"itemscope\" itemtype=\"https:\/\/schema.org\/Person\" ><\/div><\/div><\/div><\/div>\n<\/section><div class='avia-slideshow-arrows avia-slideshow-controls' ><a href='#prev' class='prev-slide' aria-hidden='true' data-av_icon='\ue87c' data-av_iconfont='entypo-fontello'>Previous<\/a><a href='#next' class='next-slide' aria-hidden='true' data-av_icon='\ue87d' data-av_iconfont='entypo-fontello'>Next<\/a><\/div><\/div>\n<div  class='avia-button-wrap avia-button-center  avia-builder-el-10  el_after_av_section  avia-builder-el-last ' ><a href='https:\/\/greatpeopleinside.com\/peru\/contact-2\/' class='avia-button avia-button-fullwidth  av-icon-on-hover avia-icon_select-yes-right-icon avia-color-custom '  style='color:#ffffff; background-color:#093f75;  ' ><span class='avia_iconbox_title' >Comun\u00edquese con nosotros<\/span><span class='avia_button_icon avia_button_icon_right' aria-hidden='true' data-av_icon='\ue805' data-av_iconfont='entypo-fontello'><\/span><span class='avia_button_background avia-button avia-button-fullwidth avia-color-custom' style='background-color:#47b4eb; '><\/span><\/a><\/div><\/p>\n","protected":false},"excerpt":{"rendered":"","protected":false},"author":1,"featured_media":0,"parent":0,"menu_order":0,"comment_status":"open","ping_status":"open","template":"","meta":[],"_links":{"self":[{"href":"https:\/\/greatpeopleinside.com\/peru\/wp-json\/wp\/v2\/pages\/367"}],"collection":[{"href":"https:\/\/greatpeopleinside.com\/peru\/wp-json\/wp\/v2\/pages"}],"about":[{"href":"https:\/\/greatpeopleinside.com\/peru\/wp-json\/wp\/v2\/types\/page"}],"author":[{"embeddable":true,"href":"https:\/\/greatpeopleinside.com\/peru\/wp-json\/wp\/v2\/users\/1"}],"replies":[{"embeddable":true,"href":"https:\/\/greatpeopleinside.com\/peru\/wp-json\/wp\/v2\/comments?post=367"}],"version-history":[{"count":68,"href":"https:\/\/greatpeopleinside.com\/peru\/wp-json\/wp\/v2\/pages\/367\/revisions"}],"predecessor-version":[{"id":2089,"href":"https:\/\/greatpeopleinside.com\/peru\/wp-json\/wp\/v2\/pages\/367\/revisions\/2089"}],"wp:attachment":[{"href":"https:\/\/greatpeopleinside.com\/peru\/wp-json\/wp\/v2\/media?parent=367"}],"curies":[{"name":"wp","href":"https:\/\/api.w.org\/{rel}","templated":true}]}}