{"id":11,"date":"2014-08-29T01:35:07","date_gmt":"2014-08-29T01:35:07","guid":{"rendered":"http:\/\/wp\/?page_id=11"},"modified":"2022-07-30T09:23:54","modified_gmt":"2022-07-30T14:23:54","slug":"partners","status":"publish","type":"page","link":"https:\/\/greatpeopleinside.com\/peru\/partners\/","title":{"rendered":"Partners"},"content":{"rendered":"<div id='av_section_1'  class='avia-section main_color avia-section-default avia-no-border-styling  avia-bg-style-scroll  avia-builder-el-0  el_before_av_section  avia-builder-el-first   av-arrow-down-section av-minimum-height av-minimum-height-custom  container_wrap sidebar_right' style='background-color: #093f75; background-repeat: no-repeat; background-image: url(https:\/\/greatpeopleinside.com\/peru\/wp-content\/uploads\/2018\/10\/img_header_0012.png);background-attachment: scroll; background-position: top right;  '  data-section-bg-repeat='no-repeat'><div class='container' style='height:330px'><main  role=\"main\" itemprop=\"mainContentOfPage\"  class='template-page content  av-content-small alpha units'><div class='post-entry post-entry-type-page post-entry-11'><div class='entry-content-wrapper clearfix'>\n<div  style='padding-bottom:40px; color:#e2f4ff;font-size:62px;' class='av-special-heading av-special-heading-h2 custom-color-heading blockquote modern-quote  avia-builder-el-1  avia-builder-el-no-sibling  av-inherit-size '><h2 class='av-special-heading-tag '  itemprop=\"headline\"  >PER\u00da<\/h2><div class ='av-subheading av-subheading_below av_custom_color ' style='font-size:22px;'><p>PARTNER REGIONAL<\/p>\n<\/div><div class='special-heading-border'><div class='special-heading-inner-border' style='border-color:#e2f4ff'><\/div><\/div><\/div>\n\n<\/div><\/div><\/main><!-- close content main element --><\/div><div class='av-extra-border-element border-extra-arrow-down'><div class='av-extra-border-outer'><div class='av-extra-border-inner'  style='background-color:#093f75;' ><\/div><\/div><\/div><\/div><div id='av_section_2'  class='avia-section main_color avia-section-large avia-no-border-styling  avia-bg-style-scroll  avia-builder-el-2  el_after_av_section  el_before_av_section   av-arrow-down-section container_wrap sidebar_right' style='background-color: #ffffff;  '  ><div class='container' ><div class='template-page content  av-content-small alpha units'><div class='post-entry post-entry-type-page post-entry-11'><div class='entry-content-wrapper clearfix'>\n<div class=\"flex_column av_one_half  flex_column_div first  avia-builder-el-3  el_before_av_one_half  avia-builder-el-first  \" style='padding:12px 0px 0px 0px ; background-color:#ffffff; border-radius:0px; '><p><div  style='height:22px' class='hr hr-invisible   avia-builder-el-4  el_before_av_textblock  avia-builder-el-first '><span class='hr-inner ' ><span class='hr-inner-style'><\/span><\/span><\/div><br \/>\n<section class=\"av_textblock_section \"  itemscope=\"itemscope\" itemtype=\"https:\/\/schema.org\/CreativeWork\" ><div class='avia_textblock  av_inherit_color '  style='color:#1a91bc; '  itemprop=\"text\" ><h3 style=\"text-align: left;\"><strong>Nuestros Partners<\/strong><\/h3>\n<\/div><\/section><br \/>\n<div  style=' margin-top:3px; margin-bottom:9px;'  class='hr hr-custom hr-left hr-icon-no   avia-builder-el-6  el_after_av_textblock  el_before_av_textblock '><span class='hr-inner  inner-border-av-border-thin' style=' width:680px; border-color:#d1d1d1;' ><span class='hr-inner-style'><\/span><\/span><\/div><br \/>\n<section class=\"av_textblock_section \"  itemscope=\"itemscope\" itemtype=\"https:\/\/schema.org\/CreativeWork\" ><div class='avia_textblock  '  style='font-size:15px; '  itemprop=\"text\" ><p>Los Partners GPI son prestigiosas empresas y destacados profesionales independientes en Consultor\u00eda, Capacitaci\u00f3n y Coaching. Brindan servicios de alto nivel en diversas especialidades: Gesti\u00f3n Humana, Desarrollo de Negocios, Marketing y Ventas, Finanzas, Administraci\u00f3n, Producci\u00f3n y Operaciones, Cadena de Suministro y muchos otros.<\/p>\n<p>Los programas y proyectos que desarrollan nuestros Partners para sus clientes, invariablemente requieren la asignaci\u00f3n de personas y equipos con las caracter\u00edsticas requeridas para desempe\u00f1arse exitosamente en las posiciones involucradas y generar los resultados que contribuir\u00e1n a alcanzar los objetivos de la organizaci\u00f3n. All\u00ed es en donde las soluciones Great People Inside aportan a nuestros Partners las herramientas y procedimientos que facilitan una ejecuci\u00f3n satisfactoria.<\/p>\n<p>Certificamos a nuestros Partners, con capacitaci\u00f3n y acompa\u00f1amiento continuos, contribuyendo a la provisi\u00f3n de servicios de Clase Mundial, que involucran los m\u00e1s modernos conceptos y tecnolog\u00eda. Con el aporte de GPI, nuestros Partners generan una gran satisfacci\u00f3n y fidelidad en sus clientes y, por consiguiente, la continuidad de su \u00e9xito personal, profesional y de negocios.<\/p>\n<p><b>\u00bfLe interesa?<br \/>\nConozca los detalles ingresando a: <span style=\"color: #1a91bc;\">&#8220;Deseo ser Partner GPI \u2013 m\u00e1s informaci\u00f3n&#8221;<\/span><span style=\"color: #000000;\">.<\/span><\/b><\/p>\n<\/div><\/section><\/p><\/div><div class=\"flex_column av_one_half  flex_column_div   avia-builder-el-8  el_after_av_one_half  el_before_av_hr  \" style='padding:12px 0px 0px 0px ; background-color:#ffffff; border-radius:0px; '><div  class='avia-video avia-video-16-9   av-lazyload-immediate  av-lazyload-video-embed  '   itemprop=\"video\" itemtype=\"https:\/\/schema.org\/VideoObject\"  data-original_url='https:\/\/vimeo.com\/714192634' ><script type='text\/html' class='av-video-tmpl'><div class='avia-iframe-wrap'><iframe title=\"Partners\" src=\"https:\/\/player.vimeo.com\/video\/714192634?h=35958c509f&amp;dnt=1&amp;app_id=122963&autoplay=0&loop=0&controls=1&muted=0\" width=\"1500\" height=\"844\" frameborder=\"0\" allow=\"autoplay; fullscreen; picture-in-picture\" allowfullscreen><\/iframe><\/div><\/script><div class='av-click-to-play-overlay'><div class=\"avia_playpause_icon\"><\/div><\/div><\/div><\/div><div  style='height:1px; margin-top:-88px'  class='hr hr-invisible   avia-builder-el-10  el_after_av_one_half  avia-builder-el-last '><span class='hr-inner ' ><span class='hr-inner-style'><\/span><\/span><\/div>\n\n<\/div><\/div><\/div><!-- close content main div --><\/div><div class='av-extra-border-element border-extra-arrow-down'><div class='av-extra-border-outer'><div class='av-extra-border-inner'  style='background-color:#ffffff;' ><\/div><\/div><\/div><\/div><div id='av_section_3'  class='avia-section main_color avia-section-large avia-no-border-styling  avia-bg-style-scroll  avia-builder-el-11  el_after_av_section  el_before_av_button_big   av-arrow-down-section container_wrap sidebar_right' style='background-color: #efefef;  '  ><div class='container' ><div class='template-page content  av-content-small alpha units'><div class='post-entry post-entry-type-page post-entry-11'><div class='entry-content-wrapper clearfix'>\n<div class=\"flex_column av_one_full  flex_column_div av-zero-column-padding first  avia-builder-el-12  avia-builder-el-no-sibling  \" style='border-radius:0px; '><p><div  class=\"togglecontainer   toggle_close_all  avia-builder-el-13  el_before_av_hr  avia-builder-el-first \" >\n<section class=\"av_toggle_section\"  itemscope=\"itemscope\" itemtype=\"https:\/\/schema.org\/CreativeWork\"  >    <div role=\"tablist\" class=\"single_toggle\" data-tags=\"{All} \"  >        <p data-fake-id=\"#toggle-id-1\" class=\"toggler \"  itemprop=\"headline\"    role=\"tab\" tabindex=\"0\" aria-controls=\"toggle-id-1-container\"><b>Deseo ser Partner GPI \u2013 m\u00e1s informaci\u00f3n<\/b><span class=\"toggle_icon\" >        <span class=\"vert_icon\"><\/span><span class=\"hor_icon\"><\/span><\/span><\/p>        <div id=\"toggle-id-1-container\" class=\"toggle_wrap \"  >            <div class=\"toggle_content invers-color \"  itemprop=\"text\"   ><p><b>Usted es&#8230;<\/b><\/p>\n<ul>\n<li>Consultor, Capacitador, Coach o Proveedor de Servicios de Recursos Humanos u otra especialidad.<\/li>\n<li>Un profesional independiente o forma parte de una organizaci\u00f3n con varios colegas.<\/li>\n<li>Tal vez ya usa evaluaciones en su pr\u00e1ctica, pero quiz\u00e1s considera que necesita algo mucho mejor.<\/li>\n<li>Est\u00e1 consciente de sus restricciones de tiempo y desea generar ingresos residuales con sus clientes, sin tener que hacer todo.<\/li>\n<li>Desea seguir suministrando las soluciones GPI a sus clientes, a\u00fan despu\u00e9s de terminar un programa\/proyecto.<\/li>\n<li>Para recibir m\u00e1s informaci\u00f3n, solicite <strong><a href=\"http:\/\/greatpeopleinside.com\/peru\/documentacion\">aqu\u00ed<\/a><\/strong> una copia de nuestro folleto de Partner.<\/li>\n<\/ul>\n<p><b>Usted puede&#8230;<\/b><\/p>\n<ul>\n<li>Ser miembro del exclusivo grupo de Partners GPI, con su propia plataforma de evaluaci\u00f3n y encuestas 360\u00ba.<\/li>\n<li>Percibir atractivas ganancias con cada soluci\u00f3n GPI que provee.<\/li>\n<li>Aprovechar la gran oportunidad de generar altos niveles de ingresos residuales, sin depender del tiempo que le dedica.<\/li>\n<li>Agregar otras soluciones o servicios que puede proveer a clientes existentes; un motivo para regresar y mostrar algo nuevo a sus contactos y reactivar su relaci\u00f3n de negocios.<\/li>\n<li>Tener la posibilidad de trabajar regionalmente y en cualquier otra parte del mundo si tiene clientes globales. En GPI no asignamos territorios, sino el derecho de usar nuestra innovadora plataforma de evaluaci\u00f3n y encuestas 360\u00ba donde quiera que est\u00e9n sus clientes.<\/li>\n<\/ul>\n            <\/div>        <\/div>    <\/div><\/section>\n<\/div><br \/>\n<div  style='height:11px' class='hr hr-invisible   avia-builder-el-14  el_after_av_toggle_container  avia-builder-el-last '><span class='hr-inner ' ><span class='hr-inner-style'><\/span><\/span><\/div><\/p><\/div><div  class='avia-button-wrap avia-button-center  avia-builder-el-15  el_after_av_section  avia-builder-el-last ' ><a href='https:\/\/greatpeopleinside.com\/peru\/contact-2\/' class='avia-button avia-button-fullwidth  av-icon-on-hover avia-icon_select-yes-right-icon avia-color-custom '  style='color:#ffffff; background-color:#093f75;  ' ><span class='avia_iconbox_title' >\u00bfDesea ser Partner de Great People Inside?<\/span><span class='avia_button_icon avia_button_icon_right' aria-hidden='true' data-av_icon='\ue805' data-av_iconfont='entypo-fontello'><\/span><div class='av-button-description av-button-description-below'><p>\u00a1Comun\u00edquese con nosotros!<\/p>\n<\/div><span class='avia_button_background avia-button avia-button-fullwidth avia-color-custom' style='background-color:#47b4eb; '><\/span><\/a><\/div><\/p>\n","protected":false},"excerpt":{"rendered":"","protected":false},"author":1,"featured_media":0,"parent":0,"menu_order":0,"comment_status":"open","ping_status":"open","template":"","meta":[],"_links":{"self":[{"href":"https:\/\/greatpeopleinside.com\/peru\/wp-json\/wp\/v2\/pages\/11"}],"collection":[{"href":"https:\/\/greatpeopleinside.com\/peru\/wp-json\/wp\/v2\/pages"}],"about":[{"href":"https:\/\/greatpeopleinside.com\/peru\/wp-json\/wp\/v2\/types\/page"}],"author":[{"embeddable":true,"href":"https:\/\/greatpeopleinside.com\/peru\/wp-json\/wp\/v2\/users\/1"}],"replies":[{"embeddable":true,"href":"https:\/\/greatpeopleinside.com\/peru\/wp-json\/wp\/v2\/comments?post=11"}],"version-history":[{"count":340,"href":"https:\/\/greatpeopleinside.com\/peru\/wp-json\/wp\/v2\/pages\/11\/revisions"}],"predecessor-version":[{"id":2049,"href":"https:\/\/greatpeopleinside.com\/peru\/wp-json\/wp\/v2\/pages\/11\/revisions\/2049"}],"wp:attachment":[{"href":"https:\/\/greatpeopleinside.com\/peru\/wp-json\/wp\/v2\/media?parent=11"}],"curies":[{"name":"wp","href":"https:\/\/api.w.org\/{rel}","templated":true}]}}