{"id":5517,"date":"2017-05-11T23:54:11","date_gmt":"2017-05-11T21:54:11","guid":{"rendered":"http:\/\/greatpeopleinside.com\/?page_id=5517"},"modified":"2020-10-30T11:48:25","modified_gmt":"2020-10-30T09:48:25","slug":"become-great-people-inside-partner","status":"publish","type":"page","link":"https:\/\/greatpeopleinside.com\/fi\/become-great-people-inside-partner\/","title":{"rendered":"Become a Great People Inside partner"},"content":{"rendered":"<div id='av_section_1'  class='avia-section main_color avia-section-default avia-no-border-styling  avia-bg-style-scroll  avia-builder-el-0  el_before_av_section  avia-builder-el-first   av-minimum-height av-minimum-height-custom  container_wrap sidebar_right' style='background-color: #7fbf2c; background-repeat: no-repeat; background-image: url(https:\/\/greatpeopleinside.com\/fi\/wp-content\/uploads\/2017\/05\/img_001.png);background-attachment: scroll; background-position: top center;  '  data-section-bg-repeat='no-repeat'><div class='container' style='height:270px'><main  role=\"main\" itemprop=\"mainContentOfPage\"  class='template-page content  av-content-small alpha units'><div class='post-entry post-entry-type-page post-entry-5517'><div class='entry-content-wrapper clearfix'>\n<div  style='padding-bottom:40px; color:#baea7d;font-size:50px;' class='av-special-heading av-special-heading-h1 custom-color-heading blockquote modern-quote  avia-builder-el-1  el_before_av_hr  avia-builder-el-first  av-inherit-size '><h1 class='av-special-heading-tag '  itemprop=\"headline\"  >Ryhdy Kumppaniksemme<\/h1><div class ='av-subheading av-subheading_below av_custom_color ' style='font-size:17px;'><p>GR8 TARJOAA MAHDOLLISUUKSIA!<\/p>\n<\/div><div class='special-heading-border'><div class='special-heading-inner-border' style='border-color:#baea7d'><\/div><\/div><\/div>\n<div  style='height:1px; margin-top:-110px'  class='hr hr-invisible   avia-builder-el-2  el_after_av_heading  avia-builder-el-last '><span class='hr-inner ' ><span class='hr-inner-style'><\/span><\/span><\/div>\n<\/div><\/div><\/main><!-- close content main element --><\/div><\/div><div id='av_section_2'  class='avia-section main_color avia-section-default avia-no-border-styling  avia-bg-style-scroll  avia-builder-el-3  el_after_av_section  el_before_av_section   container_wrap sidebar_right' style='background-color: #ecedf1;  '  ><div class='container' ><div class='template-page content  av-content-small alpha units'><div class='post-entry post-entry-type-page post-entry-5517'><div class='entry-content-wrapper clearfix'>\n<div class=\"flex_column av_one_half  av-animated-generic fade-in  flex_column_div first  avia-builder-el-4  el_before_av_one_half  avia-builder-el-first  \" style='padding:15px; background-color:#cfd6e3; border-radius:0px; '><p><div  class='avia-image-container avia_animated_image avia_animate_when_almost_visible fade-in av-styling-  noHover  av-overlay-on-hover   avia-builder-el-5  el_before_av_textblock  avia-builder-el-first  avia-align-center '  itemprop=\"image\" itemscope=\"itemscope\" itemtype=\"https:\/\/schema.org\/ImageObject\"  ><div class='avia-image-container-inner'><div class='avia-image-overlay-wrap'><a href='http:\/\/greatpeopleinside.com\/multi-channel-partner\/' class='avia_image'  ><div class='av-image-caption-overlay'><div class='av-caption-image-overlay-bg' style='opacity:0.8; background-color:#cfd6e3; '><\/div><div class='av-image-caption-overlay-position'><div class='av-image-caption-overlay-center' style='color:#cfd6e3; '><\/div><\/div><\/div><img width=\"309\" height=\"255\" class='wp-image-5554 avia-img-lazy-loading-not-5554 avia_image' src=\"https:\/\/greatpeopleinside.com\/fi\/wp-content\/uploads\/2017\/05\/ico_01.png\" alt='' title=''  itemprop=\"thumbnailUrl\" srcset=\"https:\/\/greatpeopleinside.com\/fi\/wp-content\/uploads\/2017\/05\/ico_01.png 309w, https:\/\/greatpeopleinside.com\/fi\/wp-content\/uploads\/2017\/05\/ico_01-300x248.png 300w\" sizes=\"(max-width: 309px) 100vw, 309px\" \/><\/a><\/div><\/div><\/div><br \/>\n<section class=\"av_textblock_section \"  itemscope=\"itemscope\" itemtype=\"https:\/\/schema.org\/CreativeWork\" ><div class='avia_textblock  av_inherit_color '  style='color:#062c53; '  itemprop=\"text\" ><h3 style=\"text-align: center;\" data-fontsize=\"50\" data-lineheight=\"58\"><span style=\"color: #062c53; font-size: 14pt;\">PARTNERRYHDY MONIKANAVAISEKSI KUMPPANIKSI<\/span><\/h3>\n<h1 data-fontsize=\"50\" data-lineheight=\"58\"><\/h1>\n<\/div><\/section><br \/>\n<div  style='height:1px; margin-top:-30px'  class='hr hr-invisible   avia-builder-el-7  el_after_av_textblock  avia-builder-el-last '><span class='hr-inner ' ><span class='hr-inner-style'><\/span><\/span><\/div><\/p><\/div><div class=\"flex_column av_one_half  flex_column_div   avia-builder-el-8  el_after_av_one_half  avia-builder-el-last  \" style='padding:15px; background-color:#cfd6e3; border-radius:0px; '><p><div  class='avia-image-container avia_animated_image avia_animate_when_almost_visible fade-in av-styling-  noHover  av-overlay-on-hover   avia-builder-el-9  el_before_av_textblock  avia-builder-el-first  avia-align-center '  itemprop=\"image\" itemscope=\"itemscope\" itemtype=\"https:\/\/schema.org\/ImageObject\"  ><div class='avia-image-container-inner'><div class='avia-image-overlay-wrap'><a href='http:\/\/greatpeopleinside.com\/channel-partner\/' class='avia_image'  ><div class='av-image-caption-overlay'><div class='av-caption-image-overlay-bg' style='opacity:0.8; background-color:#cfd6e3; '><\/div><div class='av-image-caption-overlay-position'><div class='av-image-caption-overlay-center' style='color:#cfd6e3; '><\/div><\/div><\/div><img width=\"309\" height=\"255\" class='wp-image-5555 avia-img-lazy-loading-not-5555 avia_image' src=\"https:\/\/greatpeopleinside.com\/fi\/wp-content\/uploads\/2017\/05\/ico_02.png\" alt='' title=''  itemprop=\"thumbnailUrl\" srcset=\"https:\/\/greatpeopleinside.com\/fi\/wp-content\/uploads\/2017\/05\/ico_02.png 309w, https:\/\/greatpeopleinside.com\/fi\/wp-content\/uploads\/2017\/05\/ico_02-300x248.png 300w\" sizes=\"(max-width: 309px) 100vw, 309px\" \/><\/a><\/div><\/div><\/div><br \/>\n<section class=\"av_textblock_section \"  itemscope=\"itemscope\" itemtype=\"https:\/\/schema.org\/CreativeWork\" ><div class='avia_textblock  av_inherit_color '   itemprop=\"text\" ><h3 style=\"text-align: center;\" data-fontsize=\"50\" data-lineheight=\"58\"><span style=\"color: #062c53; font-size: 14pt;\">PARTNERRYHDY CHANNEL PARTNERIKSI<\/span><\/h3>\n<h1 data-fontsize=\"50\" data-lineheight=\"58\"><\/h1>\n<\/div><\/section><br \/>\n<div  style='height:1px; margin-top:-30px'  class='hr hr-invisible   avia-builder-el-11  el_after_av_textblock  avia-builder-el-last '><span class='hr-inner ' ><span class='hr-inner-style'><\/span><\/span><\/div><\/p><\/div><\/div><\/div><\/div><!-- close content main div --><\/div><\/div><div id='av_section_3'  class='avia-section main_color avia-section-default avia-no-border-styling  avia-bg-style-scroll  avia-builder-el-12  el_after_av_section  avia-builder-el-last   container_wrap sidebar_right' style='background-color: #f1f1f1; background-repeat: no-repeat; background-image: url(https:\/\/greatpeopleinside.com\/fi\/wp-content\/uploads\/2016\/06\/bk_14.jpg);background-attachment: scroll; background-position: top left;  '  data-section-bg-repeat='no-repeat'><div class='container' ><div class='template-page content  av-content-small alpha units'><div class='post-entry post-entry-type-page post-entry-5517'><div class='entry-content-wrapper clearfix'>\n<div class=\"flex_column av_one_half  flex_column_div av-zero-column-padding first  avia-builder-el-13  el_before_av_one_half  avia-builder-el-first  \" style='border-radius:0px; '><p><section class=\"av_textblock_section \"  itemscope=\"itemscope\" itemtype=\"https:\/\/schema.org\/CreativeWork\" ><div class='avia_textblock  av_inherit_color '  style='color:#062c53; '  itemprop=\"text\" ><p><span style=\"color: #121c3d; font-size: 14pt;\"><strong>Monikanavaisena kumppanina olet GPI:n valtuutettu edustaja maassasi.<br \/>\n<\/strong><\/span><\/p>\n<p><span style=\"color: #121c3d;\"><strong>Mahdollisuus<br \/>\n\u2022 <\/strong><\/span>Rakentaa vakaa liiketoiminta markkinoiden johtaviin arviointeihin, palveluihin ja teknologioihin perustuen.<br \/>\n<span style=\"color: #121c3d;\"><strong>\u2022 <\/strong>Palvella asiakkaita maailmanlaajuisesti.<br \/>\n<\/span><span style=\"color: #121c3d;\"><strong>\u2022 <\/strong>Rakentaa maanlaajuinen Channel Partners -j\u00e4lleenmyyj\u00e4verkosto.<br \/>\n<\/span><span style=\"color: #121c3d;\"><strong>\u2022 <\/strong>K\u00e4ytt\u00e4\u00e4 yrityksess\u00e4si nime\u00e4 Great People Inside.<br \/>\n<\/span><span style=\"color: #121c3d;\"><strong>\u2022 <\/strong>P\u00e4\u00e4st\u00e4 mukaan maailmanlaajuiseen markkinointiin, tapahtumiin yms.<\/span><\/p>\n<p><span style=\"color: #121c3d;\"><strong>Vaatimukset<br \/>\n<\/strong><\/span><strong>\u2022 <\/strong>Liiketoimintayksikk\u00f6 sitoutuu jakelemaan GPI-tuotteita ja -palveluita Channel Partners -j\u00e4lleenmyyj\u00e4verkostolle ja suorille asiakkaille.<br \/>\n<span style=\"color: #121c3d;\"><strong>\u2022 <\/strong>Liiketoimintayksik\u00f6ll\u00e4 on omat erilliset resurssinsa.<br \/>\n<\/span><span style=\"color: #121c3d;\"><strong>\u2022 <\/strong>Kokonaisvastuu GPI:st\u00e4 sijoittumisvaltiossa.<\/span><\/p>\n<\/div><\/section><br \/>\n<div  style='height:40px' class='hr hr-invisible   avia-builder-el-15  el_after_av_textblock  el_before_av_button '><span class='hr-inner ' ><span class='hr-inner-style'><\/span><\/span><\/div><br \/>\n<div  class='avia-button-wrap avia-button-center  avia-builder-el-16  el_after_av_hr  avia-builder-el-last ' ><a href='http:\/\/greatpeopleinside.com\/multi-channel-partner\/'  class='avia-button   avia-icon_select-yes-left-icon avia-size-large avia-position-center '  style='background-color:#0f3357; border-color:#0f3357; color:#ffffff; ' ><span class='avia_button_icon avia_button_icon_left ' aria-hidden='true' data-av_icon='\ue897' data-av_iconfont='entypo-fontello'><\/span><span class='avia_iconbox_title' >Hae Mukaan<\/span><\/a><\/div><\/p><\/div><div class=\"flex_column av_one_half  flex_column_div av-zero-column-padding   avia-builder-el-17  el_after_av_one_half  avia-builder-el-last  \" style='border-radius:0px; '><p><section class=\"av_textblock_section \"  itemscope=\"itemscope\" itemtype=\"https:\/\/schema.org\/CreativeWork\" ><div class='avia_textblock  av_inherit_color '  style='color:#062c53; '  itemprop=\"text\" ><p><span style=\"font-size: 14pt;\"><strong><span style=\"color: #121c3d;\">Channel Partnerina olet GPI-tuotteiden ja -palveluiden virallinen j\u00e4lleenmyyj\u00e4. K\u00e4yt kauppaa oman maasi paikallisen monikanavaisen kumppanin kanssa. Sinulla on valmiina jonkinlainen konsultointiliiketoiminta, ja ehk\u00e4 arviot ovat jo osana palveluvalikoimaasi.<\/span><\/strong><\/span><\/p>\n<p><strong><span style=\"color: #121c3d;\">Mahdollisuus<br \/>\n\u2022\u00a0 <\/span><\/strong>Saat huipputason arviot, kyselyt ja palvelut lis\u00e4n\u00e4 nykyiseen portfolioosi ja tarjottavaksi asiakkaillesi.<br \/>\n<strong>\u2022\u00a0 <\/strong><span style=\"color: #121c3d;\">Voit perustaa oman yrityksen.<br \/>\n<strong>\u2022\u00a0 <\/strong><\/span><span style=\"color: #121c3d;\">Voit saada vakaita s\u00e4\u00e4nn\u00f6llisi\u00e4 tuloja.<\/span><\/p>\n<p><strong><span style=\"color: #121c3d;\">Vaatimukset<br \/>\n\u2022\u00a0<\/span><\/strong>The requirements are agreed between you and your local Multi-Channel Partner representing GPI in your country.<br \/>\n<strong>\u2022 <\/strong><span style=\"color: #121c3d;\">Yksil\u00f6llinen sopimus, joka sopii yrityksesi tavoitteisiin ja liiketoimintamalliin.<\/span><\/p>\n<\/div><\/section><br \/>\n<div  style='height:10px' class='hr hr-invisible   avia-builder-el-19  el_after_av_textblock  el_before_av_button '><span class='hr-inner ' ><span class='hr-inner-style'><\/span><\/span><\/div><br \/>\n<div  class='avia-button-wrap avia-button-center  avia-builder-el-20  el_after_av_hr  avia-builder-el-last ' ><a href='http:\/\/greatpeopleinside.com\/channel-partner\/'  class='avia-button   avia-icon_select-yes-left-icon avia-size-large avia-position-center '  style='background-color:#0f3357; border-color:#0f3357; color:#ffffff; ' ><span class='avia_button_icon avia_button_icon_left ' aria-hidden='true' data-av_icon='\ue897' data-av_iconfont='entypo-fontello'><\/span><span class='avia_iconbox_title' >Hae Mukaan<\/span><\/a><\/div><\/p><\/div><\/div><\/div><\/div><!-- close content main div --><\/div><\/div><div id='after_section_3'  class='main_color av_default_container_wrap container_wrap sidebar_right' style=' '  ><div class='container' ><div class='template-page content  av-content-small alpha units'><div class='post-entry post-entry-type-page post-entry-5517'><div class='entry-content-wrapper clearfix'><\/p>\n","protected":false},"excerpt":{"rendered":"","protected":false},"author":1,"featured_media":0,"parent":0,"menu_order":0,"comment_status":"closed","ping_status":"closed","template":"","meta":[],"yoast_head":"<!-- This site is optimized with the Yoast SEO plugin v15.4 - https:\/\/yoast.com\/wordpress\/plugins\/seo\/ -->\n<title>Become a Great People Inside partner - Great People Inside Finland<\/title>\n<meta name=\"robots\" content=\"index, follow, max-snippet:-1, max-image-preview:large, max-video-preview:-1\" \/>\n<link rel=\"canonical\" href=\"https:\/\/greatpeopleinside.com\/become-great-people-inside-partner\/\" \/>\n<meta property=\"og:locale\" content=\"en_US\" \/>\n<meta property=\"og:type\" content=\"article\" \/>\n<meta property=\"og:title\" content=\"Become a Great People Inside partner - Great People Inside Finland\" \/>\n<meta property=\"og:url\" content=\"https:\/\/greatpeopleinside.com\/become-great-people-inside-partner\/\" \/>\n<meta property=\"og:site_name\" content=\"Great People Inside Finland\" \/>\n<meta property=\"article:publisher\" content=\"https:\/\/www.facebook.com\/GreatPeopleInside\/\" \/>\n<meta property=\"article:modified_time\" content=\"2020-10-30T09:48:25+00:00\" \/>\n<meta property=\"og:image\" content=\"https:\/\/greatpeopleinside.com\/fi\/wp-content\/uploads\/2020\/01\/logo.png\" \/>\n\t<meta property=\"og:image:width\" content=\"490\" \/>\n\t<meta property=\"og:image:height\" content=\"490\" \/>\n<meta name=\"twitter:card\" content=\"summary\" \/>\n<meta name=\"twitter:label1\" content=\"Written by\">\n\t<meta name=\"twitter:data1\" content=\"great people inside\">\n\t<meta name=\"twitter:label2\" content=\"Est. reading time\">\n\t<meta name=\"twitter:data2\" content=\"5 minutes\">\n<script type=\"application\/ld+json\" class=\"yoast-schema-graph\">{\"@context\":\"https:\/\/schema.org\",\"@graph\":[{\"@type\":\"Organization\",\"@id\":\"https:\/\/greatpeopleinside.com\/fi\/#organization\",\"name\":\"Great People Inside\",\"url\":\"https:\/\/greatpeopleinside.com\/fi\/\",\"sameAs\":[\"https:\/\/www.facebook.com\/GreatPeopleInside\/\",\"https:\/\/www.linkedin.com\/company\/great-people-inside\",\"https:\/\/www.youtube.com\/channel\/UCl7ZmOYj1DTHUUA8sa0idLg\"],\"logo\":{\"@type\":\"ImageObject\",\"@id\":\"https:\/\/greatpeopleinside.com\/fi\/#logo\",\"inLanguage\":\"en-US\",\"url\":\"https:\/\/greatpeopleinside.com\/fi\/wp-content\/uploads\/2016\/10\/logo-GPI_02.png\",\"width\":224,\"height\":108,\"caption\":\"Great People Inside\"},\"image\":{\"@id\":\"https:\/\/greatpeopleinside.com\/fi\/#logo\"}},{\"@type\":\"WebSite\",\"@id\":\"https:\/\/greatpeopleinside.com\/fi\/#website\",\"url\":\"https:\/\/greatpeopleinside.com\/fi\/\",\"name\":\"Great People Inside Finland\",\"description\":\"T\\u00e4ysin muokattavissa oleva arviointi - ja kehitysalusta\",\"publisher\":{\"@id\":\"https:\/\/greatpeopleinside.com\/fi\/#organization\"},\"potentialAction\":[{\"@type\":\"SearchAction\",\"target\":\"https:\/\/greatpeopleinside.com\/fi\/?s={search_term_string}\",\"query-input\":\"required name=search_term_string\"}],\"inLanguage\":\"en-US\"},{\"@type\":\"WebPage\",\"@id\":\"https:\/\/greatpeopleinside.com\/become-great-people-inside-partner\/#webpage\",\"url\":\"https:\/\/greatpeopleinside.com\/become-great-people-inside-partner\/\",\"name\":\"Become a Great People Inside partner - Great People Inside Finland\",\"isPartOf\":{\"@id\":\"https:\/\/greatpeopleinside.com\/fi\/#website\"},\"datePublished\":\"2017-05-11T21:54:11+00:00\",\"dateModified\":\"2020-10-30T09:48:25+00:00\",\"inLanguage\":\"en-US\",\"potentialAction\":[{\"@type\":\"ReadAction\",\"target\":[\"https:\/\/greatpeopleinside.com\/become-great-people-inside-partner\/\"]}]}]}<\/script>\n<!-- \/ Yoast SEO plugin. -->","_links":{"self":[{"href":"https:\/\/greatpeopleinside.com\/fi\/wp-json\/wp\/v2\/pages\/5517"}],"collection":[{"href":"https:\/\/greatpeopleinside.com\/fi\/wp-json\/wp\/v2\/pages"}],"about":[{"href":"https:\/\/greatpeopleinside.com\/fi\/wp-json\/wp\/v2\/types\/page"}],"author":[{"embeddable":true,"href":"https:\/\/greatpeopleinside.com\/fi\/wp-json\/wp\/v2\/users\/1"}],"replies":[{"embeddable":true,"href":"https:\/\/greatpeopleinside.com\/fi\/wp-json\/wp\/v2\/comments?post=5517"}],"version-history":[{"count":88,"href":"https:\/\/greatpeopleinside.com\/fi\/wp-json\/wp\/v2\/pages\/5517\/revisions"}],"predecessor-version":[{"id":7468,"href":"https:\/\/greatpeopleinside.com\/fi\/wp-json\/wp\/v2\/pages\/5517\/revisions\/7468"}],"wp:attachment":[{"href":"https:\/\/greatpeopleinside.com\/fi\/wp-json\/wp\/v2\/media?parent=5517"}],"curies":[{"name":"wp","href":"https:\/\/api.w.org\/{rel}","templated":true}]}}