{"id":2342,"date":"2016-05-17T04:18:25","date_gmt":"2016-05-17T02:18:25","guid":{"rendered":"http:\/\/greatpeopleinside.com\/work\/?page_id=2342"},"modified":"2020-12-21T10:53:48","modified_gmt":"2020-12-21T08:53:48","slug":"free-demo","status":"publish","type":"page","link":"https:\/\/greatpeopleinside.com\/fi\/free-demo\/","title":{"rendered":"free demo"},"content":{"rendered":"<div id='about'  class='avia-section main_color avia-section-huge avia-no-border-styling  avia-bg-style-scroll  avia-builder-el-0  avia-builder-el-no-sibling   container_wrap sidebar_right' style=' '  ><div class='container' ><main  role=\"main\" itemprop=\"mainContentOfPage\"  class='template-page content  av-content-small alpha units'><div class='post-entry post-entry-type-page post-entry-2342'><div class='entry-content-wrapper clearfix'>\n<div class=\"flex_column av_one_fourth  flex_column_div av-zero-column-padding first  avia-builder-el-1  el_before_av_three_fourth  avia-builder-el-first  \" style='border-radius:0px; '><div  class='avia-image-container  av-styling-  noHover  av-overlay-on-hover   avia-builder-el-2  avia-builder-el-no-sibling  avia-align-center '  itemprop=\"image\" itemscope=\"itemscope\" itemtype=\"https:\/\/schema.org\/ImageObject\"  ><div class='avia-image-container-inner'><div class='avia-image-overlay-wrap'><a href='http:\/\/greatpeopleinside.com\/' class='avia_image'  ><div class='av-image-caption-overlay'><div class='av-caption-image-overlay-bg' style='opacity:0.6; background-color:#ffffff; '><\/div><div class='av-image-caption-overlay-position'><div class='av-image-caption-overlay-center' style='color:#ffffff; '><\/div><\/div><\/div><img width=\"266\" height=\"114\" class='wp-image-2352 avia-img-lazy-loading-not-2352 avia_image' src=\"https:\/\/greatpeopleinside.com\/fi\/wp-content\/uploads\/2016\/05\/logo_GPI_01b.png\" alt='' title=''  itemprop=\"thumbnailUrl\"  \/><\/a><\/div><\/div><\/div><\/div><div class=\"flex_column av_three_fourth  flex_column_div av-zero-column-padding   avia-builder-el-3  el_after_av_one_fourth  el_before_av_hr  \" style='border-radius:0px; '><p><div  style='height:28px' class='hr hr-invisible   avia-builder-el-4  el_before_av_textblock  avia-builder-el-first '><span class='hr-inner ' ><span class='hr-inner-style'><\/span><\/span><\/div><br \/>\n<section class=\"av_textblock_section \"  itemscope=\"itemscope\" itemtype=\"https:\/\/schema.org\/CreativeWork\" ><div class='avia_textblock  av_inherit_color '  style='color:#ffffff; '  itemprop=\"text\" ><h1 style=\"text-align: center;\"><span style=\"color: #333333;\">PYYD\u00c4 ILMAINEN ESITTELY JO T\u00c4N\u00c4\u00c4N!<\/span><\/h1>\n<\/div><\/section><\/p><\/div><div  style=' margin-top:30px; margin-bottom:30px;'  class='hr hr-custom hr-center hr-icon-yes   avia-builder-el-6  el_after_av_three_fourth  el_before_av_one_half '><span class='hr-inner  inner-border-av-border-thin' style=' width:590px; max-width:45%;' ><span class='hr-inner-style'><\/span><\/span><span class='av-seperator-icon' style='color:#051521;' aria-hidden='true' data-av_icon='\ue887' data-av_iconfont='entypo-fontello'><\/span><span class='hr-inner  inner-border-av-border-thin' style=' width:590px; max-width:45%;' ><span class='hr-inner-style'><\/span><\/span><\/div>\n<div class=\"flex_column av_one_half  flex_column_div first  avia-builder-el-7  el_after_av_hr  el_before_av_one_half  \" style='padding:22px; background-color:#ffffff; border-radius:0px; '><section class=\"av_textblock_section \"  itemscope=\"itemscope\" itemtype=\"https:\/\/schema.org\/CreativeWork\" ><div class='avia_textblock  '   itemprop=\"text\" ><p style=\"text-align: left;\"><img loading=\"lazy\" class=\"alignnone wp-image-974 size-full\" src=\"http:\/\/greatpeopleinside.com\/wp-content\/uploads\/2014\/08\/img_0013C.png\" width=\"906\" height=\"491\" srcset=\"https:\/\/greatpeopleinside.com\/fi\/wp-content\/uploads\/2014\/08\/img_0013C.png 906w, https:\/\/greatpeopleinside.com\/fi\/wp-content\/uploads\/2014\/08\/img_0013C-300x163.png 300w, https:\/\/greatpeopleinside.com\/fi\/wp-content\/uploads\/2014\/08\/img_0013C-768x416.png 768w, https:\/\/greatpeopleinside.com\/fi\/wp-content\/uploads\/2014\/08\/img_0013C-705x382.png 705w, https:\/\/greatpeopleinside.com\/fi\/wp-content\/uploads\/2014\/08\/img_0013C-450x244.png 450w\" sizes=\"(max-width: 906px) 100vw, 906px\" \/><\/p>\n<p style=\"text-align: center;\">\n<\/div><\/section><br \/>\n<div  style='height:50px' class='hr hr-invisible   avia-builder-el-9  el_after_av_textblock  el_before_av_textblock '><span class='hr-inner ' ><span class='hr-inner-style'><\/span><\/span><\/div><br \/>\n<section class=\"av_textblock_section \"  itemscope=\"itemscope\" itemtype=\"https:\/\/schema.org\/CreativeWork\" ><div class='avia_textblock  '   itemprop=\"text\" ><p>Saat parhaiten selville miten Great People Inside auttaa sinun organisaatiotasi, kun n\u00e4et meid\u00e4t tositoimissa. Pyyd\u00e4 ILMAINEN arviointi jo t\u00e4n\u00e4\u00e4n!<\/p>\n<p>Asiantuntijatiimimme auttaa sinua:<\/p>\n<ul>\n<li>Tunnistamaan ongelma-alueet ja niiden taustalla olevat syyt<\/li>\n<li>Ymm\u00e4rt\u00e4m\u00e4\u00e4n, kuinka Great People Inside Assessments helpottaa oikeiden ty\u00f6ntekij\u00f6iden valintaa, tiimidynamiikan parantamista, myynnin lis\u00e4\u00e4mist\u00e4 ja ty\u00f6ntekij\u00f6iden suorituskyvyn parantamista.<\/li>\n<\/ul>\n<p style=\"text-align: center;\">\n<\/div><\/section><br \/>\n<div  style='height:370px' class='hr hr-invisible   avia-builder-el-11  el_after_av_textblock  el_before_av_font_icon '><span class='hr-inner ' ><span class='hr-inner-style'><\/span><\/span><\/div><br \/>\n<span  class=\"av_font_icon avia_animate_when_visible avia-icon-animate  av-icon-style-  avia-icon-pos-left \" style=\"color:#009edc; border-color:#009edc;\"><a href='http:\/\/greatpeopleinside.com\/fi'   class='av-icon-char' style='font-size:50px;line-height:50px;' aria-hidden='true' data-av_icon='\ue88f' data-av_iconfont='entypo-fontello' ><\/a><\/span><br \/>\n<section class=\"av_textblock_section \"  itemscope=\"itemscope\" itemtype=\"https:\/\/schema.org\/CreativeWork\" ><div class='avia_textblock  '  style='font-size:16px; '  itemprop=\"text\" ><p><a href=\"http:\/\/greatpeopleinside.com\/fi\">Takaisin Great People Inside &#8211; verkkosivustolle<\/a><\/p>\n<p style=\"text-align: center;\">\n<\/div><\/section><\/p><\/div><div class=\"flex_column av_one_half  flex_column_div   avia-builder-el-14  el_after_av_one_half  el_before_av_hr  \" style='padding:12px; background-color:#485a61; border-radius:4px; '><section class=\"av_textblock_section \"  itemscope=\"itemscope\" itemtype=\"https:\/\/schema.org\/CreativeWork\" ><div class='avia_textblock  av_inherit_color '  style='color:#ffffff; '  itemprop=\"text\" ><p style=\"text-align: center;\"><div role=\"form\" class=\"wpcf7\" id=\"wpcf7-f2339-o1\" lang=\"en-US\" dir=\"ltr\">\n<div class=\"screen-reader-response\"><p role=\"status\" aria-live=\"polite\" aria-atomic=\"true\"><\/p> <ul><\/ul><\/div>\n<form action=\"\/fi\/wp-json\/wp\/v2\/pages\/2342#wpcf7-f2339-o1\" method=\"post\" class=\"wpcf7-form init\" novalidate=\"novalidate\" data-status=\"init\">\n<div style=\"display: none;\">\n<input type=\"hidden\" name=\"_wpcf7\" value=\"2339\" \/>\n<input type=\"hidden\" name=\"_wpcf7_version\" value=\"5.3.1\" \/>\n<input type=\"hidden\" name=\"_wpcf7_locale\" value=\"en_US\" \/>\n<input type=\"hidden\" name=\"_wpcf7_unit_tag\" value=\"wpcf7-f2339-o1\" \/>\n<input type=\"hidden\" name=\"_wpcf7_container_post\" value=\"0\" \/>\n<input type=\"hidden\" name=\"_wpcf7_posted_data_hash\" value=\"\" \/>\n<\/div>\n<p>Etunimi* (pakollinen)<br \/>\n    <span class=\"wpcf7-form-control-wrap first-name\"><input type=\"text\" name=\"first-name\" value=\"\" size=\"40\" class=\"wpcf7-form-control wpcf7-text wpcf7-validates-as-required\" aria-required=\"true\" aria-invalid=\"false\" \/><\/span> <\/p>\n<p>Sukunimi* (pakollinen)<br \/>\n    <span class=\"wpcf7-form-control-wrap last-name\"><input type=\"text\" name=\"last-name\" value=\"\" size=\"40\" class=\"wpcf7-form-control wpcf7-text wpcf7-validates-as-required\" aria-required=\"true\" aria-invalid=\"false\" \/><\/span> <\/p>\n<p>Yrityksen s\u00e4hk\u00f6postiosoite* (pakollinen)<br \/>\n    <span class=\"wpcf7-form-control-wrap your-email\"><input type=\"email\" name=\"your-email\" value=\"\" size=\"40\" class=\"wpcf7-form-control wpcf7-text wpcf7-email wpcf7-validates-as-required wpcf7-validates-as-email\" aria-required=\"true\" aria-invalid=\"false\" \/><\/span> <\/p>\n<p>Puhelinnumero* (pakollinen)<br \/>\n    <span class=\"wpcf7-form-control-wrap your-phone\"><input type=\"text\" name=\"your-phone\" value=\"\" size=\"40\" class=\"wpcf7-form-control wpcf7-text wpcf7-validates-as-required\" aria-required=\"true\" aria-invalid=\"false\" \/><\/span> <\/p>\n<p>Yrityksen nimi* (pakollinen)<br \/>\n    <span class=\"wpcf7-form-control-wrap company-name\"><input type=\"text\" name=\"company-name\" value=\"\" size=\"40\" class=\"wpcf7-form-control wpcf7-text wpcf7-validates-as-required\" aria-required=\"true\" aria-invalid=\"false\" \/><\/span> <\/p>\n<p>Teht\u00e4v\u00e4nimike* (pakollinen)<br \/>\n    <span class=\"wpcf7-form-control-wrap job-title\"><input type=\"text\" name=\"job-title\" value=\"\" size=\"40\" class=\"wpcf7-form-control wpcf7-text wpcf7-validates-as-required\" aria-required=\"true\" aria-invalid=\"false\" \/><\/span> <\/p>\n<p>Ty\u00f6ntekij\u00f6iden m\u00e4\u00e4r\u00e4 <br \/>\n     <span class=\"wpcf7-form-control-wrap menu-410\"><select name=\"menu-410\" class=\"wpcf7-form-control wpcf7-select\" aria-invalid=\"false\"><option value=\"Valitse\">Valitse<\/option><option value=\"1-50\">1-50<\/option><option value=\"51-300\">51-300<\/option><option value=\"301-1,000\">301-1,000<\/option><option value=\"1,001-5,000\">1,001-5,000<\/option><option value=\"5,001-10,000\">5,001-10,000<\/option><option value=\"10,000+\">10,000+<\/option><\/select><\/span> <\/p>\n<p>Maa* (pakollinen)<br \/>\n    <span class=\"wpcf7-form-control-wrap country\"><input type=\"text\" name=\"country\" value=\"\" size=\"40\" class=\"wpcf7-form-control wpcf7-text wpcf7-validates-as-required\" aria-required=\"true\" aria-invalid=\"false\" \/><\/span> <\/p>\n<p>Mik\u00e4 lauseista kuvaa parhaiten ty\u00f6voimatarpeitasi?<br \/>\n    <span class=\"wpcf7-form-control-wrap menu-159\"><select name=\"menu-159\" class=\"wpcf7-form-control wpcf7-select\" aria-invalid=\"false\"><option value=\"Valitse\">Valitse<\/option><option value=\"Palkkaan paljon ihmisi\u00e4\">Palkkaan paljon ihmisi\u00e4<\/option><option value=\"Uudelleenj\u00e4rjestelyj\u00e4 suorituskyvyn takaamiseksi\">Uudelleenj\u00e4rjestelyj\u00e4 suorituskyvyn takaamiseksi<\/option><option value=\"Palkkaan parempia ihmisi\u00e4\">Palkkaan parempia ihmisi\u00e4<\/option><option value=\"Investoin ihmisten kehitt\u00e4miseen\">Investoin ihmisten kehitt\u00e4miseen<\/option><option value=\"Kasvatan myynti\u00e4\">Kasvatan myynti\u00e4<\/option><option value=\"Kehit\u00e4n tiimien dynamiikkaa\">Kehit\u00e4n tiimien dynamiikkaa<\/option><\/select><\/span> <\/p>\n<p>Mik\u00e4 on suurin haasteesi liiketoiminnassa?<br \/>\n    <span class=\"wpcf7-form-control-wrap challenge\"><input type=\"text\" name=\"challenge\" value=\"\" size=\"40\" class=\"wpcf7-form-control wpcf7-text\" aria-invalid=\"false\" \/><\/span> <\/p>\n<p>Viesti<br \/>\n    <span class=\"wpcf7-form-control-wrap your-message\"><textarea name=\"your-message\" cols=\"40\" rows=\"10\" class=\"wpcf7-form-control wpcf7-textarea\" aria-invalid=\"false\"><\/textarea><\/span> <\/p>\n<p><input type=\"submit\" value=\"L\u00e4het\u00e4\" class=\"wpcf7-form-control wpcf7-submit\" \/><\/p>\n<div class=\"wpcf7-response-output\" aria-hidden=\"true\"><\/div><\/form><\/div><\/p>\n<\/div><\/section><\/div><div  style=' margin-top:30px; margin-bottom:30px;'  class='hr hr-custom hr-center hr-icon-yes   avia-builder-el-16  el_after_av_one_half  el_before_av_textblock '><span class='hr-inner  inner-border-av-border-thin' style=' width:590px; max-width:45%;' ><span class='hr-inner-style'><\/span><\/span><span class='av-seperator-icon' style='color:#051521;' aria-hidden='true' data-av_icon='\ue882' data-av_iconfont='entypo-fontello'><\/span><span class='hr-inner  inner-border-av-border-thin' style=' width:590px; max-width:45%;' ><span class='hr-inner-style'><\/span><\/span><\/div>\n<section class=\"av_textblock_section \"  itemscope=\"itemscope\" itemtype=\"https:\/\/schema.org\/CreativeWork\" ><div class='avia_textblock  av_inherit_color '  style='font-size:11px; color:#5d7485; '  itemprop=\"text\" ><p style=\"text-align: center;\"><b>Copyright \u00a9 2020 Great People Inside. All rights reserved<\/b><\/p>\n<\/div><\/section>\n<\/div><\/div><\/main><!-- close content main element --><\/div><\/div><div id='after_section_1'  class='main_color av_default_container_wrap container_wrap sidebar_right' style=' '  ><div class='container' ><div class='template-page content  av-content-small alpha units'><div class='post-entry post-entry-type-page post-entry-2342'><div class='entry-content-wrapper clearfix'>\n","protected":false},"excerpt":{"rendered":"","protected":false},"author":1,"featured_media":0,"parent":0,"menu_order":0,"comment_status":"closed","ping_status":"closed","template":"template-blank.php","meta":[],"yoast_head":"<!-- This site is optimized with the Yoast SEO plugin v15.4 - https:\/\/yoast.com\/wordpress\/plugins\/seo\/ -->\n<title>free demo - Great People Inside Finland<\/title>\n<meta name=\"robots\" content=\"index, follow, max-snippet:-1, max-image-preview:large, max-video-preview:-1\" \/>\n<link rel=\"canonical\" href=\"https:\/\/greatpeopleinside.com\/fi\/free-demo\/\" \/>\n<meta property=\"og:locale\" content=\"en_US\" \/>\n<meta property=\"og:type\" content=\"article\" \/>\n<meta property=\"og:title\" content=\"free demo - Great People Inside Finland\" \/>\n<meta property=\"og:url\" content=\"https:\/\/greatpeopleinside.com\/fi\/free-demo\/\" \/>\n<meta property=\"og:site_name\" content=\"Great People Inside Finland\" \/>\n<meta property=\"article:publisher\" content=\"https:\/\/www.facebook.com\/GreatPeopleInside\/\" \/>\n<meta property=\"article:modified_time\" content=\"2020-12-21T08:53:48+00:00\" \/>\n<meta property=\"og:image\" content=\"http:\/\/greatpeopleinside.com\/wp-content\/uploads\/2014\/08\/img_0013C.png\" \/>\n<meta name=\"twitter:card\" content=\"summary\" \/>\n<meta name=\"twitter:label1\" content=\"Written by\">\n\t<meta name=\"twitter:data1\" content=\"great people inside\">\n\t<meta name=\"twitter:label2\" content=\"Est. reading time\">\n\t<meta name=\"twitter:data2\" content=\"4 minutes\">\n<script type=\"application\/ld+json\" class=\"yoast-schema-graph\">{\"@context\":\"https:\/\/schema.org\",\"@graph\":[{\"@type\":\"Organization\",\"@id\":\"https:\/\/greatpeopleinside.com\/fi\/#organization\",\"name\":\"Great People Inside\",\"url\":\"https:\/\/greatpeopleinside.com\/fi\/\",\"sameAs\":[\"https:\/\/www.facebook.com\/GreatPeopleInside\/\",\"https:\/\/www.linkedin.com\/company\/great-people-inside\",\"https:\/\/www.youtube.com\/channel\/UCl7ZmOYj1DTHUUA8sa0idLg\"],\"logo\":{\"@type\":\"ImageObject\",\"@id\":\"https:\/\/greatpeopleinside.com\/fi\/#logo\",\"inLanguage\":\"en-US\",\"url\":\"https:\/\/greatpeopleinside.com\/fi\/wp-content\/uploads\/2016\/10\/logo-GPI_02.png\",\"width\":224,\"height\":108,\"caption\":\"Great People Inside\"},\"image\":{\"@id\":\"https:\/\/greatpeopleinside.com\/fi\/#logo\"}},{\"@type\":\"WebSite\",\"@id\":\"https:\/\/greatpeopleinside.com\/fi\/#website\",\"url\":\"https:\/\/greatpeopleinside.com\/fi\/\",\"name\":\"Great People Inside Finland\",\"description\":\"T\\u00e4ysin muokattavissa oleva arviointi - ja kehitysalusta\",\"publisher\":{\"@id\":\"https:\/\/greatpeopleinside.com\/fi\/#organization\"},\"potentialAction\":[{\"@type\":\"SearchAction\",\"target\":\"https:\/\/greatpeopleinside.com\/fi\/?s={search_term_string}\",\"query-input\":\"required name=search_term_string\"}],\"inLanguage\":\"en-US\"},{\"@type\":\"ImageObject\",\"@id\":\"https:\/\/greatpeopleinside.com\/fi\/free-demo\/#primaryimage\",\"inLanguage\":\"en-US\",\"url\":\"http:\/\/greatpeopleinside.com\/wp-content\/uploads\/2014\/08\/img_0013C.png\"},{\"@type\":\"WebPage\",\"@id\":\"https:\/\/greatpeopleinside.com\/fi\/free-demo\/#webpage\",\"url\":\"https:\/\/greatpeopleinside.com\/fi\/free-demo\/\",\"name\":\"free demo - Great People Inside Finland\",\"isPartOf\":{\"@id\":\"https:\/\/greatpeopleinside.com\/fi\/#website\"},\"primaryImageOfPage\":{\"@id\":\"https:\/\/greatpeopleinside.com\/fi\/free-demo\/#primaryimage\"},\"datePublished\":\"2016-05-17T02:18:25+00:00\",\"dateModified\":\"2020-12-21T08:53:48+00:00\",\"inLanguage\":\"en-US\",\"potentialAction\":[{\"@type\":\"ReadAction\",\"target\":[\"https:\/\/greatpeopleinside.com\/fi\/free-demo\/\"]}]}]}<\/script>\n<!-- \/ Yoast SEO plugin. -->","_links":{"self":[{"href":"https:\/\/greatpeopleinside.com\/fi\/wp-json\/wp\/v2\/pages\/2342"}],"collection":[{"href":"https:\/\/greatpeopleinside.com\/fi\/wp-json\/wp\/v2\/pages"}],"about":[{"href":"https:\/\/greatpeopleinside.com\/fi\/wp-json\/wp\/v2\/types\/page"}],"author":[{"embeddable":true,"href":"https:\/\/greatpeopleinside.com\/fi\/wp-json\/wp\/v2\/users\/1"}],"replies":[{"embeddable":true,"href":"https:\/\/greatpeopleinside.com\/fi\/wp-json\/wp\/v2\/comments?post=2342"}],"version-history":[{"count":60,"href":"https:\/\/greatpeopleinside.com\/fi\/wp-json\/wp\/v2\/pages\/2342\/revisions"}],"predecessor-version":[{"id":7626,"href":"https:\/\/greatpeopleinside.com\/fi\/wp-json\/wp\/v2\/pages\/2342\/revisions\/7626"}],"wp:attachment":[{"href":"https:\/\/greatpeopleinside.com\/fi\/wp-json\/wp\/v2\/media?parent=2342"}],"curies":[{"name":"wp","href":"https:\/\/api.w.org\/{rel}","templated":true}]}}